{"id":39250,"date":"2015-11-25T10:19:26","date_gmt":"2015-11-25T09:19:26","guid":{"rendered":"https:\/\/centcols.org\/backup\/product\/catalogue-es\/"},"modified":"2020-12-01T07:55:52","modified_gmt":"2020-12-01T06:55:52","slug":"catalogo-es","status":"publish","type":"product","link":"https:\/\/centcols.org\/backup\/it\/prodotto\/catalogo-es\/","title":{"rendered":"Catalogo dei Passi di Spagna"},"content":{"rendered":"<p>L&#8217;ultima edizione di questo catalogo repertoria pi\u00f9 di 18.000 passi, che corrispondono alla regolas del gioco del Club des Cent Cols.<\/p>\n<blockquote><p>Questo catalogo \u00e8 il riferimento dei Passi dei Spagna. Le liste annuali dei passi che avete scalato in Spagna devono fare riferimento ai codici di questo catalogo\u00a0 e non pi\u00f9 ai precedenti cataloghi parziali.<\/p><\/blockquote>\n<p>Questo catalogo \u00e8 liberamente scaricabile dai membri del Club dalla <a href=\"\/membres\/outils\/telecat.php\">pagina di download<\/a>.<\/p>\n<h3 style=\"text-align: justify;\">Potete leggere la presentazione del catalogo in una delle seguenti lingue :<\/h3>\n<ul>\n<li style=\"text-align: justify;\"><a href=\"\/documents\/catalogues\/es\/Notice-ES-2019-es.pdf\" target=\"_blank\" rel=\"noopener noreferrer\">ES\u00a0\u00a0\u00a0 Presentazione del Catassentaci\u00f3n del Cat\u00e1logo de los Puertos de Espa\u00f1a en espa\u00f1ol<\/a><\/li>\n<li style=\"text-align: justify;\"><a href=\"\/documents\/catalogues\/es\/Notice-ES-2019-ca.pdf\" target=\"_blank\" rel=\"noopener noreferrer\">CA\u00a0\u00a0\u00a0 Presentaci\u00f3 del Cat\u00e0leg de colls d\u2019Espanya en catal\u00e0<\/a><\/li>\n<li style=\"text-align: justify;\"><a href=\"\/documents\/catalogues\/es\/Notice-ES-2019-fr.pdf\" target=\"_blank\" rel=\"noopener noreferrer\">FR\u00a0\u00a0\u00a0 Pr\u00e9sentation du catalogue des cols d\u2019Espagne en fran\u00e7ais<\/a><\/li>\n<li style=\"text-align: justify;\"><a href=\"\/documents\/catalogues\/es\/Notice-ES-2019-en.pdf\" target=\"_blank\" rel=\"noopener noreferrer\">EN\u00a0\u00a0\u00a0 Presentation of the Catalogue of Spanish passes in English<\/a><\/li>\n<\/ul>\n","protected":false},"excerpt":{"rendered":"<p style=\"text-align: justify;\">Questi passi sono situati nella Spagna peninsulare, le Baleari e le Canarie.\u00a0 E&#8217; il frutto del lavro di numerosi anni di lavoro di quattro membri del\u00a0 : Graham Cutting, Alain Gillodes, Bernard Pommel e Ludger Vorberg. Hanno partecipato anche Ren\u00e9 Poty comme v\u00e9rificateur, come verificatore e Mario Labelle e Philippe Carrez per il lato tecnico.<\/p>\n<p style=\"text-align: justify;\">Vi consigliamo la versione informatica, che fornisce numerose funzioni (selezioni, ricerche, collegamenti verso carte interattive, etc) che evidentemente sono assenti nella versione cartacea.<\/p>\n<p style=\"text-align: justify;\">Scaricate un\u00a0 <a href=\"https:\/\/centcols.org\/backup\/wp-content\/uploads\/2015\/03\/ES-off-2014_exemple.xls\" target=\"_blank\" rel=\"noopener noreferrer\">campione di 50 passi<\/a> estratti dal catalogo informatico per farvi un&#8217;idea prima di acquistarlo.<\/p>\n","protected":false},"featured_media":56108,"comment_status":"closed","ping_status":"closed","template":"","meta":{"_acf_changed":false,"ub_ctt_via":"","_monsterinsights_skip_tracking":false,"_monsterinsights_sitenote_active":false,"_monsterinsights_sitenote_note":"","_monsterinsights_sitenote_category":0},"product_cat":[320,489],"product_tag":[],"acf":[],"featured_image_urls":{"full":["https:\/\/centcols.org\/backup\/wp-content\/uploads\/2015\/11\/vignette-es-1.jpg",600,600,false],"thumbnail":["https:\/\/centcols.org\/backup\/wp-content\/uploads\/2015\/11\/vignette-es-1-300x300.jpg",300,300,true],"medium":["https:\/\/centcols.org\/backup\/wp-content\/uploads\/2015\/11\/vignette-es-1-500x500.jpg",500,500,true],"medium_large":["https:\/\/centcols.org\/backup\/wp-content\/uploads\/2015\/11\/vignette-es-1.jpg",600,600,false],"large":["https:\/\/centcols.org\/backup\/wp-content\/uploads\/2015\/11\/vignette-es-1.jpg",600,600,false],"1536x1536":["https:\/\/centcols.org\/backup\/wp-content\/uploads\/2015\/11\/vignette-es-1.jpg",600,600,false],"2048x2048":["https:\/\/centcols.org\/backup\/wp-content\/uploads\/2015\/11\/vignette-es-1.jpg",600,600,false],"woocommerce_thumbnail":["https:\/\/centcols.org\/backup\/wp-content\/uploads\/2015\/11\/vignette-es-1-300x300.jpg",300,300,true],"woocommerce_single":["https:\/\/centcols.org\/backup\/wp-content\/uploads\/2015\/11\/vignette-es-1.jpg",600,600,false],"woocommerce_gallery_thumbnail":["https:\/\/centcols.org\/backup\/wp-content\/uploads\/2015\/11\/vignette-es-1-100x100.jpg",100,100,true]},"post_excerpt_stackable":"<p style=\"text-align: justify;\">Questi passi sono situati nella Spagna peninsulare, le Baleari e le Canarie.\u00a0 E&#8217; il frutto del lavro di numerosi anni di lavoro di quattro membri del\u00a0 : Graham Cutting, Alain Gillodes, Bernard Pommel e Ludger Vorberg. Hanno partecipato anche Ren\u00e9 Poty comme v\u00e9rificateur, come verificatore e Mario Labelle e Philippe Carrez per il lato tecnico.<\/p>\n<p style=\"text-align: justify;\">Vi consigliamo la versione informatica, che fornisce numerose funzioni (selezioni, ricerche, collegamenti verso carte interattive, etc) che evidentemente sono assenti nella versione cartacea.<\/p>\n<p style=\"text-align: justify;\">Scaricate un\u00a0 <a href=\"https:\/\/centcols.org\/backup\/wp-content\/uploads\/2015\/03\/ES-off-2014_exemple.xls\" target=\"_blank\" rel=\"noopener noreferrer\">campione di 50 passi<\/a> estratti dal catalogo informatico per farvi un&#8217;idea prima di acquistarlo.<\/p>\n","category_list":"","author_info":{"name":"","url":""},"comments_num":"0 commenti","featured_image_urls_v2":{"full":["https:\/\/centcols.org\/backup\/wp-content\/uploads\/2015\/11\/vignette-es-1.jpg",600,600,false],"thumbnail":["https:\/\/centcols.org\/backup\/wp-content\/uploads\/2015\/11\/vignette-es-1-300x300.jpg",300,300,true],"medium":["https:\/\/centcols.org\/backup\/wp-content\/uploads\/2015\/11\/vignette-es-1-500x500.jpg",500,500,true],"medium_large":["https:\/\/centcols.org\/backup\/wp-content\/uploads\/2015\/11\/vignette-es-1.jpg",600,600,false],"large":["https:\/\/centcols.org\/backup\/wp-content\/uploads\/2015\/11\/vignette-es-1.jpg",600,600,false],"1536x1536":["https:\/\/centcols.org\/backup\/wp-content\/uploads\/2015\/11\/vignette-es-1.jpg",600,600,false],"2048x2048":["https:\/\/centcols.org\/backup\/wp-content\/uploads\/2015\/11\/vignette-es-1.jpg",600,600,false],"woocommerce_thumbnail":["https:\/\/centcols.org\/backup\/wp-content\/uploads\/2015\/11\/vignette-es-1-300x300.jpg",300,300,true],"woocommerce_single":["https:\/\/centcols.org\/backup\/wp-content\/uploads\/2015\/11\/vignette-es-1.jpg",600,600,false],"woocommerce_gallery_thumbnail":["https:\/\/centcols.org\/backup\/wp-content\/uploads\/2015\/11\/vignette-es-1-100x100.jpg",100,100,true]},"post_excerpt_stackable_v2":"<p style=\"text-align: justify;\">Questi passi sono situati nella Spagna peninsulare, le Baleari e le Canarie.\u00a0 E&#8217; il frutto del lavro di numerosi anni di lavoro di quattro membri del\u00a0 : Graham Cutting, Alain Gillodes, Bernard Pommel e Ludger Vorberg. Hanno partecipato anche Ren\u00e9 Poty comme v\u00e9rificateur, come verificatore e Mario Labelle e Philippe Carrez per il lato tecnico.<\/p>\n<p style=\"text-align: justify;\">Vi consigliamo la versione informatica, che fornisce numerose funzioni (selezioni, ricerche, collegamenti verso carte interattive, etc) che evidentemente sono assenti nella versione cartacea.<\/p>\n<p style=\"text-align: justify;\">Scaricate un\u00a0 <a href=\"https:\/\/centcols.org\/backup\/wp-content\/uploads\/2015\/03\/ES-off-2014_exemple.xls\" target=\"_blank\" rel=\"noopener noreferrer\">campione di 50 passi<\/a> estratti dal catalogo informatico per farvi un&#8217;idea prima di acquistarlo.<\/p>\n","category_list_v2":"","author_info_v2":{"name":"","url":""},"comments_num_v2":"0 commenti","_links":{"self":[{"href":"https:\/\/centcols.org\/backup\/it\/wp-json\/wp\/v2\/product\/39250"}],"collection":[{"href":"https:\/\/centcols.org\/backup\/it\/wp-json\/wp\/v2\/product"}],"about":[{"href":"https:\/\/centcols.org\/backup\/it\/wp-json\/wp\/v2\/types\/product"}],"replies":[{"embeddable":true,"href":"https:\/\/centcols.org\/backup\/it\/wp-json\/wp\/v2\/comments?post=39250"}],"wp:featuredmedia":[{"embeddable":true,"href":"https:\/\/centcols.org\/backup\/it\/wp-json\/wp\/v2\/media\/56108"}],"wp:attachment":[{"href":"https:\/\/centcols.org\/backup\/it\/wp-json\/wp\/v2\/media?parent=39250"}],"wp:term":[{"taxonomy":"product_cat","embeddable":true,"href":"https:\/\/centcols.org\/backup\/it\/wp-json\/wp\/v2\/product_cat?post=39250"},{"taxonomy":"product_tag","embeddable":true,"href":"https:\/\/centcols.org\/backup\/it\/wp-json\/wp\/v2\/product_tag?post=39250"}],"curies":[{"name":"wp","href":"https:\/\/api.w.org\/{rel}","templated":true}]}}