{"id":41681,"date":"2015-11-17T10:49:37","date_gmt":"2015-11-17T09:49:37","guid":{"rendered":"https:\/\/centcols.org\/backup\/product\/catalogue-pt\/"},"modified":"2020-12-01T16:01:00","modified_gmt":"2020-12-01T15:01:00","slug":"catalogo-pt","status":"publish","type":"product","link":"https:\/\/centcols.org\/backup\/it\/prodotto\/catalogo-pt\/","title":{"rendered":"Catalogo dei passi del Portugal"},"content":{"rendered":"<p>Il catalogo dei passi del Portogallo \u00e8 stato elaborato da gruppo di lavoro Spagna. Permette di avere dei cataloghi che coprono tutta la penisola iberica.<\/p>\n<p>Vi \u00e8 proposto un elenco di poco pi\u00f9 di 200, tutti perfettamente rispondenti alla regola del gioco del Club des Cent Cols e il \u00ab catalogo dei passi del Portogallo \u00bb serve ormai di riferimento per la compilazione\u00a0 delle liste annuali redatte dai membri del Club.<\/p>\n<p>Questo catalogo \u00e8 gratuitamente scaricabile per i membri del club dalla\u00a0<a href=\"https:\/\/centcols.org\/backup\/membres\/outils\/telecat.php\">pagina di download<\/a>.<\/p>\n<h3>Documenti annessi al catalogo<\/h3>\n<ul>\n<li><a href=\"https:\/\/centcols.org\/backup\/documents\/catalogues\/pt\/Notice-PT-2018.pdf\" target=\"_blank\" rel=\"noopener noreferrer\">Pr\u00e9sentation du catalogue des cols du Portugal<\/a><\/li>\n<\/ul>\n","protected":false},"excerpt":{"rendered":"<p>Il catalogo dei passi del Portogallo \u00e8 stato elaborato da gruppo di lavoro Spagna. Permette di avere dei cataloghi che coprono tutta la penisola iberica. Vi \u00e8 proposto un elenco di poco pi\u00f9 di 200, tutti perfettamente rispondenti alla regola del gioco del Club des Cent Cols e il \u00ab catalogo dei passi del Portogallo [&hellip;]<\/p>\n","protected":false},"featured_media":56130,"comment_status":"closed","ping_status":"closed","template":"","meta":{"_acf_changed":false,"ub_ctt_via":"","_monsterinsights_skip_tracking":false,"_monsterinsights_sitenote_active":false,"_monsterinsights_sitenote_note":"","_monsterinsights_sitenote_category":0},"product_cat":[320,489],"product_tag":[],"acf":[],"featured_image_urls":{"full":["https:\/\/centcols.org\/backup\/wp-content\/uploads\/2015\/11\/vignette-pt-1.jpg",600,600,false],"thumbnail":["https:\/\/centcols.org\/backup\/wp-content\/uploads\/2015\/11\/vignette-pt-1-300x300.jpg",300,300,true],"medium":["https:\/\/centcols.org\/backup\/wp-content\/uploads\/2015\/11\/vignette-pt-1-500x500.jpg",500,500,true],"medium_large":["https:\/\/centcols.org\/backup\/wp-content\/uploads\/2015\/11\/vignette-pt-1.jpg",600,600,false],"large":["https:\/\/centcols.org\/backup\/wp-content\/uploads\/2015\/11\/vignette-pt-1.jpg",600,600,false],"1536x1536":["https:\/\/centcols.org\/backup\/wp-content\/uploads\/2015\/11\/vignette-pt-1.jpg",600,600,false],"2048x2048":["https:\/\/centcols.org\/backup\/wp-content\/uploads\/2015\/11\/vignette-pt-1.jpg",600,600,false],"woocommerce_thumbnail":["https:\/\/centcols.org\/backup\/wp-content\/uploads\/2015\/11\/vignette-pt-1-300x300.jpg",300,300,true],"woocommerce_single":["https:\/\/centcols.org\/backup\/wp-content\/uploads\/2015\/11\/vignette-pt-1.jpg",600,600,false],"woocommerce_gallery_thumbnail":["https:\/\/centcols.org\/backup\/wp-content\/uploads\/2015\/11\/vignette-pt-1-100x100.jpg",100,100,true]},"post_excerpt_stackable":"<p>Il catalogo dei passi del Portogallo \u00e8 stato elaborato da gruppo di lavoro Spagna. Permette di avere dei cataloghi che coprono tutta la penisola iberica. Vi \u00e8 proposto un elenco di poco pi\u00f9 di 200, tutti perfettamente rispondenti alla regola del gioco del Club des Cent Cols e il \u00ab catalogo dei passi del Portogallo \u00bb serve ormai di riferimento per la compilazione\u00a0 delle liste annuali redatte dai membri del Club. Questo catalogo \u00e8 gratuitamente scaricabile per i membri del club dalla\u00a0pagina di download. Documenti annessi al catalogo Pr\u00e9sentation du catalogue des cols du Portugal<\/p>\n","category_list":"","author_info":{"name":"","url":""},"comments_num":"0 commenti","featured_image_urls_v2":{"full":["https:\/\/centcols.org\/backup\/wp-content\/uploads\/2015\/11\/vignette-pt-1.jpg",600,600,false],"thumbnail":["https:\/\/centcols.org\/backup\/wp-content\/uploads\/2015\/11\/vignette-pt-1-300x300.jpg",300,300,true],"medium":["https:\/\/centcols.org\/backup\/wp-content\/uploads\/2015\/11\/vignette-pt-1-500x500.jpg",500,500,true],"medium_large":["https:\/\/centcols.org\/backup\/wp-content\/uploads\/2015\/11\/vignette-pt-1.jpg",600,600,false],"large":["https:\/\/centcols.org\/backup\/wp-content\/uploads\/2015\/11\/vignette-pt-1.jpg",600,600,false],"1536x1536":["https:\/\/centcols.org\/backup\/wp-content\/uploads\/2015\/11\/vignette-pt-1.jpg",600,600,false],"2048x2048":["https:\/\/centcols.org\/backup\/wp-content\/uploads\/2015\/11\/vignette-pt-1.jpg",600,600,false],"woocommerce_thumbnail":["https:\/\/centcols.org\/backup\/wp-content\/uploads\/2015\/11\/vignette-pt-1-300x300.jpg",300,300,true],"woocommerce_single":["https:\/\/centcols.org\/backup\/wp-content\/uploads\/2015\/11\/vignette-pt-1.jpg",600,600,false],"woocommerce_gallery_thumbnail":["https:\/\/centcols.org\/backup\/wp-content\/uploads\/2015\/11\/vignette-pt-1-100x100.jpg",100,100,true]},"post_excerpt_stackable_v2":"<p>Il catalogo dei passi del Portogallo \u00e8 stato elaborato da gruppo di lavoro Spagna. Permette di avere dei cataloghi che coprono tutta la penisola iberica. Vi \u00e8 proposto un elenco di poco pi\u00f9 di 200, tutti perfettamente rispondenti alla regola del gioco del Club des Cent Cols e il \u00ab catalogo dei passi del Portogallo \u00bb serve ormai di riferimento per la compilazione\u00a0 delle liste annuali redatte dai membri del Club. Questo catalogo \u00e8 gratuitamente scaricabile per i membri del club dalla\u00a0pagina di download. Documenti annessi al catalogo Pr\u00e9sentation du catalogue des cols du Portugal<\/p>\n","category_list_v2":"","author_info_v2":{"name":"","url":""},"comments_num_v2":"0 commenti","_links":{"self":[{"href":"https:\/\/centcols.org\/backup\/it\/wp-json\/wp\/v2\/product\/41681"}],"collection":[{"href":"https:\/\/centcols.org\/backup\/it\/wp-json\/wp\/v2\/product"}],"about":[{"href":"https:\/\/centcols.org\/backup\/it\/wp-json\/wp\/v2\/types\/product"}],"replies":[{"embeddable":true,"href":"https:\/\/centcols.org\/backup\/it\/wp-json\/wp\/v2\/comments?post=41681"}],"wp:featuredmedia":[{"embeddable":true,"href":"https:\/\/centcols.org\/backup\/it\/wp-json\/wp\/v2\/media\/56130"}],"wp:attachment":[{"href":"https:\/\/centcols.org\/backup\/it\/wp-json\/wp\/v2\/media?parent=41681"}],"wp:term":[{"taxonomy":"product_cat","embeddable":true,"href":"https:\/\/centcols.org\/backup\/it\/wp-json\/wp\/v2\/product_cat?post=41681"},{"taxonomy":"product_tag","embeddable":true,"href":"https:\/\/centcols.org\/backup\/it\/wp-json\/wp\/v2\/product_tag?post=41681"}],"curies":[{"name":"wp","href":"https:\/\/api.w.org\/{rel}","templated":true}]}}