{"id":41685,"date":"2015-11-25T10:27:47","date_gmt":"2015-11-25T09:27:47","guid":{"rendered":"https:\/\/centcols.org\/backup\/product\/catalogue-pl\/"},"modified":"2021-11-09T21:15:24","modified_gmt":"2021-11-09T20:15:24","slug":"catalogo-pl","status":"publish","type":"product","link":"https:\/\/centcols.org\/backup\/it\/prodotto\/catalogo-pl\/","title":{"rendered":"Catalogo dei passi della Polonia"},"content":{"rendered":"<p>Il catalogo dei passi della Polonia \u00e8 apparso per la prima volta nel 2007, frutto del lavoro di Michel Raineri. In seguito \u00e8 stato rivisto da Ludger Vorberg e Mario Labelle nel 2011 e 2014. E&#8217; un elenco di oltre 600 passi che vi \u00e8 stato proposto. Tutti rispondenti alla regola del gioco del Club des Cent Cols e il\u00a0 \u00ab catalogo dei passi della Polonia \u00bb serve di riferimento per la compilazione delle liste annuali redatte dai membri del Club.<\/p>\n<p>Questo catalogo \u00e8 gratuitamente scaricabile per i membri del club dalla\u00a0<a href=\"https:\/\/centcols.org\/backup\/membres\/outils\/telecat.php\">pagina di download<\/a>.<\/p>\n<h3>Documenti annessi al catalogo<\/h3>\n<ul>\n<li><a href=\"https:\/\/centcols.org\/backup\/documents\/catalogues\/pl\/Notice-PL-2014.pdf\" target=\"_blank\" rel=\"noopener noreferrer\">Pr\u00e9sentation du catalogue des cols de Pologne<\/a><\/li>\n<li><a href=\"https:\/\/centcols.org\/backup\/documents\/catalogues\/pl\/Exemple-PL.xls\" rel=\"noopener\">Fichier avec exemples<\/a><\/li>\n<\/ul>\n<p>&nbsp;<\/p>\n","protected":false},"excerpt":{"rendered":"<p>Il catalogo dei passi della Polonia \u00e8 apparso per la prima volta nel 2007, frutto del lavoro di Michel Raineri. In seguito \u00e8 stato rivisto da Ludger Vorberg e Mario Labelle nel 2011 e 2014. E&#8217; un elenco di oltre 600 passi che vi \u00e8 stato proposto. Tutti rispondenti alla regola del gioco del Club [&hellip;]<\/p>\n","protected":false},"featured_media":56160,"comment_status":"closed","ping_status":"closed","template":"","meta":{"_acf_changed":false,"ub_ctt_via":"","_monsterinsights_skip_tracking":false,"_monsterinsights_sitenote_active":false,"_monsterinsights_sitenote_note":"","_monsterinsights_sitenote_category":0},"product_cat":[320,489],"product_tag":[],"acf":[],"featured_image_urls":{"full":["https:\/\/centcols.org\/backup\/wp-content\/uploads\/2015\/11\/vignette-pl-1.jpg",600,600,false],"thumbnail":["https:\/\/centcols.org\/backup\/wp-content\/uploads\/2015\/11\/vignette-pl-1-300x300.jpg",300,300,true],"medium":["https:\/\/centcols.org\/backup\/wp-content\/uploads\/2015\/11\/vignette-pl-1-500x500.jpg",500,500,true],"medium_large":["https:\/\/centcols.org\/backup\/wp-content\/uploads\/2015\/11\/vignette-pl-1.jpg",600,600,false],"large":["https:\/\/centcols.org\/backup\/wp-content\/uploads\/2015\/11\/vignette-pl-1.jpg",600,600,false],"1536x1536":["https:\/\/centcols.org\/backup\/wp-content\/uploads\/2015\/11\/vignette-pl-1.jpg",600,600,false],"2048x2048":["https:\/\/centcols.org\/backup\/wp-content\/uploads\/2015\/11\/vignette-pl-1.jpg",600,600,false],"woocommerce_thumbnail":["https:\/\/centcols.org\/backup\/wp-content\/uploads\/2015\/11\/vignette-pl-1-300x300.jpg",300,300,true],"woocommerce_single":["https:\/\/centcols.org\/backup\/wp-content\/uploads\/2015\/11\/vignette-pl-1.jpg",600,600,false],"woocommerce_gallery_thumbnail":["https:\/\/centcols.org\/backup\/wp-content\/uploads\/2015\/11\/vignette-pl-1-100x100.jpg",100,100,true]},"post_excerpt_stackable":"<p>Il catalogo dei passi della Polonia \u00e8 apparso per la prima volta nel 2007, frutto del lavoro di Michel Raineri. In seguito \u00e8 stato rivisto da Ludger Vorberg e Mario Labelle nel 2011 e 2014. E&#8217; un elenco di oltre 600 passi che vi \u00e8 stato proposto. Tutti rispondenti alla regola del gioco del Club des Cent Cols e il\u00a0 \u00ab catalogo dei passi della Polonia \u00bb serve di riferimento per la compilazione delle liste annuali redatte dai membri del Club. Questo catalogo \u00e8 gratuitamente scaricabile per i membri del club dalla\u00a0pagina di download. Documenti annessi al catalogo Pr\u00e9sentation du&hellip;<\/p>\n","category_list":"","author_info":{"name":"","url":""},"comments_num":"0 commenti","featured_image_urls_v2":{"full":["https:\/\/centcols.org\/backup\/wp-content\/uploads\/2015\/11\/vignette-pl-1.jpg",600,600,false],"thumbnail":["https:\/\/centcols.org\/backup\/wp-content\/uploads\/2015\/11\/vignette-pl-1-300x300.jpg",300,300,true],"medium":["https:\/\/centcols.org\/backup\/wp-content\/uploads\/2015\/11\/vignette-pl-1-500x500.jpg",500,500,true],"medium_large":["https:\/\/centcols.org\/backup\/wp-content\/uploads\/2015\/11\/vignette-pl-1.jpg",600,600,false],"large":["https:\/\/centcols.org\/backup\/wp-content\/uploads\/2015\/11\/vignette-pl-1.jpg",600,600,false],"1536x1536":["https:\/\/centcols.org\/backup\/wp-content\/uploads\/2015\/11\/vignette-pl-1.jpg",600,600,false],"2048x2048":["https:\/\/centcols.org\/backup\/wp-content\/uploads\/2015\/11\/vignette-pl-1.jpg",600,600,false],"woocommerce_thumbnail":["https:\/\/centcols.org\/backup\/wp-content\/uploads\/2015\/11\/vignette-pl-1-300x300.jpg",300,300,true],"woocommerce_single":["https:\/\/centcols.org\/backup\/wp-content\/uploads\/2015\/11\/vignette-pl-1.jpg",600,600,false],"woocommerce_gallery_thumbnail":["https:\/\/centcols.org\/backup\/wp-content\/uploads\/2015\/11\/vignette-pl-1-100x100.jpg",100,100,true]},"post_excerpt_stackable_v2":"<p>Il catalogo dei passi della Polonia \u00e8 apparso per la prima volta nel 2007, frutto del lavoro di Michel Raineri. In seguito \u00e8 stato rivisto da Ludger Vorberg e Mario Labelle nel 2011 e 2014. E&#8217; un elenco di oltre 600 passi che vi \u00e8 stato proposto. Tutti rispondenti alla regola del gioco del Club des Cent Cols e il\u00a0 \u00ab catalogo dei passi della Polonia \u00bb serve di riferimento per la compilazione delle liste annuali redatte dai membri del Club. Questo catalogo \u00e8 gratuitamente scaricabile per i membri del club dalla\u00a0pagina di download. Documenti annessi al catalogo Pr\u00e9sentation du&hellip;<\/p>\n","category_list_v2":"","author_info_v2":{"name":"","url":""},"comments_num_v2":"0 commenti","_links":{"self":[{"href":"https:\/\/centcols.org\/backup\/it\/wp-json\/wp\/v2\/product\/41685"}],"collection":[{"href":"https:\/\/centcols.org\/backup\/it\/wp-json\/wp\/v2\/product"}],"about":[{"href":"https:\/\/centcols.org\/backup\/it\/wp-json\/wp\/v2\/types\/product"}],"replies":[{"embeddable":true,"href":"https:\/\/centcols.org\/backup\/it\/wp-json\/wp\/v2\/comments?post=41685"}],"wp:featuredmedia":[{"embeddable":true,"href":"https:\/\/centcols.org\/backup\/it\/wp-json\/wp\/v2\/media\/56160"}],"wp:attachment":[{"href":"https:\/\/centcols.org\/backup\/it\/wp-json\/wp\/v2\/media?parent=41685"}],"wp:term":[{"taxonomy":"product_cat","embeddable":true,"href":"https:\/\/centcols.org\/backup\/it\/wp-json\/wp\/v2\/product_cat?post=41685"},{"taxonomy":"product_tag","embeddable":true,"href":"https:\/\/centcols.org\/backup\/it\/wp-json\/wp\/v2\/product_tag?post=41685"}],"curies":[{"name":"wp","href":"https:\/\/api.w.org\/{rel}","templated":true}]}}