{"id":41692,"date":"2019-05-04T14:55:03","date_gmt":"2019-05-04T12:55:03","guid":{"rendered":"https:\/\/centcols.org\/backup\/product\/catalogue-pe\/"},"modified":"2021-11-09T21:19:02","modified_gmt":"2021-11-09T20:19:02","slug":"catalogo-pe","status":"publish","type":"product","link":"https:\/\/centcols.org\/backup\/it\/prodotto\/catalogo-pe\/","title":{"rendered":"Catalogo dei passi del Per\u00f9 e dell&#8217;Ecuador"},"content":{"rendered":"<p>Il catalogo dei passi del Per\u00f9 e dell&#8217;Ecuador \u00e8 stato pubblicato nel 2019. Conta circa 200 passi rispondenti alla <a href=\"https:\/\/centcols.org\/backup\/it\/regle-du-jeu\/\">Regola del Gioco<\/a> del club. Quasi tutto sono in Per\u00f9, L&#8217;Ecuador ne conta molto pochi.<\/p>\n<blockquote><p>Questo catalogo \u00e8 il riferimento dei passi del Per\u00f9 e dell&#8217;Ecuador. Le liste annuali dei passi redatte dai membri per questi paesi si devono riferire a questo documento.<\/p><\/blockquote>\n<p>Questo catalogo \u00e8 gratuitamente scaricabile per i membri del club dalla\u00a0<a href=\"https:\/\/centcols.org\/backup\/membres\/outils\/telecat.php\">pagina di download<\/a>.<\/p>\n<h3>Documento annesso al catalogo<\/h3>\n<ul>\n<li><a href=\"https:\/\/centcols.org\/backup\/documents\/catalogues\/pe\/Notice-PE-2019.pdf\" target=\"_blank\" rel=\"noopener noreferrer\">Notice du catalogue des cols du P\u00e9rou et de l&#8217;\u00c9quateur<\/a><\/li>\n<\/ul>\n","protected":false},"excerpt":{"rendered":"<p>Il catalogo dei passi del Per\u00f9 e dell&#8217;Ecuador \u00e8 stato pubblicato nel 2019. Conta circa 200 passi rispondenti alla Regola del Gioco del club. Quasi tutto sono in Per\u00f9, L&#8217;Ecuador ne conta molto pochi. Questo catalogo \u00e8 il riferimento dei passi del Per\u00f9 e dell&#8217;Ecuador. Le liste annuali dei passi redatte dai membri per questi [&hellip;]<\/p>\n","protected":false},"featured_media":46270,"comment_status":"closed","ping_status":"closed","template":"","meta":{"_acf_changed":false,"ub_ctt_via":"","_monsterinsights_skip_tracking":false,"_monsterinsights_sitenote_active":false,"_monsterinsights_sitenote_note":"","_monsterinsights_sitenote_category":0},"product_cat":[320,487],"product_tag":[],"acf":[],"featured_image_urls":{"full":["https:\/\/centcols.org\/backup\/wp-content\/uploads\/2015\/11\/Vignette-Perou-Equateur.jpg",600,600,false],"thumbnail":["https:\/\/centcols.org\/backup\/wp-content\/uploads\/2015\/11\/Vignette-Perou-Equateur-300x300.jpg",300,300,true],"medium":["https:\/\/centcols.org\/backup\/wp-content\/uploads\/2015\/11\/Vignette-Perou-Equateur-500x500.jpg",500,500,true],"medium_large":["https:\/\/centcols.org\/backup\/wp-content\/uploads\/2015\/11\/Vignette-Perou-Equateur.jpg",600,600,false],"large":["https:\/\/centcols.org\/backup\/wp-content\/uploads\/2015\/11\/Vignette-Perou-Equateur.jpg",600,600,false],"1536x1536":["https:\/\/centcols.org\/backup\/wp-content\/uploads\/2015\/11\/Vignette-Perou-Equateur.jpg",600,600,false],"2048x2048":["https:\/\/centcols.org\/backup\/wp-content\/uploads\/2015\/11\/Vignette-Perou-Equateur.jpg",600,600,false],"woocommerce_thumbnail":["https:\/\/centcols.org\/backup\/wp-content\/uploads\/2015\/11\/Vignette-Perou-Equateur-300x300.jpg",300,300,true],"woocommerce_single":["https:\/\/centcols.org\/backup\/wp-content\/uploads\/2015\/11\/Vignette-Perou-Equateur.jpg",600,600,false],"woocommerce_gallery_thumbnail":["https:\/\/centcols.org\/backup\/wp-content\/uploads\/2015\/11\/Vignette-Perou-Equateur-100x100.jpg",100,100,true]},"post_excerpt_stackable":"<p>Il catalogo dei passi del Per\u00f9 e dell&#8217;Ecuador \u00e8 stato pubblicato nel 2019. Conta circa 200 passi rispondenti alla Regola del Gioco del club. Quasi tutto sono in Per\u00f9, L&#8217;Ecuador ne conta molto pochi. Questo catalogo \u00e8 il riferimento dei passi del Per\u00f9 e dell&#8217;Ecuador. Le liste annuali dei passi redatte dai membri per questi paesi si devono riferire a questo documento. Questo catalogo \u00e8 gratuitamente scaricabile per i membri del club dalla\u00a0pagina di download. Documento annesso al catalogo Notice du catalogue des cols du P\u00e9rou et de l&#8217;\u00c9quateur<\/p>\n","category_list":"","author_info":{"name":"","url":""},"comments_num":"0 commenti","featured_image_urls_v2":{"full":["https:\/\/centcols.org\/backup\/wp-content\/uploads\/2015\/11\/Vignette-Perou-Equateur.jpg",600,600,false],"thumbnail":["https:\/\/centcols.org\/backup\/wp-content\/uploads\/2015\/11\/Vignette-Perou-Equateur-300x300.jpg",300,300,true],"medium":["https:\/\/centcols.org\/backup\/wp-content\/uploads\/2015\/11\/Vignette-Perou-Equateur-500x500.jpg",500,500,true],"medium_large":["https:\/\/centcols.org\/backup\/wp-content\/uploads\/2015\/11\/Vignette-Perou-Equateur.jpg",600,600,false],"large":["https:\/\/centcols.org\/backup\/wp-content\/uploads\/2015\/11\/Vignette-Perou-Equateur.jpg",600,600,false],"1536x1536":["https:\/\/centcols.org\/backup\/wp-content\/uploads\/2015\/11\/Vignette-Perou-Equateur.jpg",600,600,false],"2048x2048":["https:\/\/centcols.org\/backup\/wp-content\/uploads\/2015\/11\/Vignette-Perou-Equateur.jpg",600,600,false],"woocommerce_thumbnail":["https:\/\/centcols.org\/backup\/wp-content\/uploads\/2015\/11\/Vignette-Perou-Equateur-300x300.jpg",300,300,true],"woocommerce_single":["https:\/\/centcols.org\/backup\/wp-content\/uploads\/2015\/11\/Vignette-Perou-Equateur.jpg",600,600,false],"woocommerce_gallery_thumbnail":["https:\/\/centcols.org\/backup\/wp-content\/uploads\/2015\/11\/Vignette-Perou-Equateur-100x100.jpg",100,100,true]},"post_excerpt_stackable_v2":"<p>Il catalogo dei passi del Per\u00f9 e dell&#8217;Ecuador \u00e8 stato pubblicato nel 2019. Conta circa 200 passi rispondenti alla Regola del Gioco del club. Quasi tutto sono in Per\u00f9, L&#8217;Ecuador ne conta molto pochi. Questo catalogo \u00e8 il riferimento dei passi del Per\u00f9 e dell&#8217;Ecuador. Le liste annuali dei passi redatte dai membri per questi paesi si devono riferire a questo documento. Questo catalogo \u00e8 gratuitamente scaricabile per i membri del club dalla\u00a0pagina di download. Documento annesso al catalogo Notice du catalogue des cols du P\u00e9rou et de l&#8217;\u00c9quateur<\/p>\n","category_list_v2":"","author_info_v2":{"name":"","url":""},"comments_num_v2":"0 commenti","_links":{"self":[{"href":"https:\/\/centcols.org\/backup\/it\/wp-json\/wp\/v2\/product\/41692"}],"collection":[{"href":"https:\/\/centcols.org\/backup\/it\/wp-json\/wp\/v2\/product"}],"about":[{"href":"https:\/\/centcols.org\/backup\/it\/wp-json\/wp\/v2\/types\/product"}],"replies":[{"embeddable":true,"href":"https:\/\/centcols.org\/backup\/it\/wp-json\/wp\/v2\/comments?post=41692"}],"wp:featuredmedia":[{"embeddable":true,"href":"https:\/\/centcols.org\/backup\/it\/wp-json\/wp\/v2\/media\/46270"}],"wp:attachment":[{"href":"https:\/\/centcols.org\/backup\/it\/wp-json\/wp\/v2\/media?parent=41692"}],"wp:term":[{"taxonomy":"product_cat","embeddable":true,"href":"https:\/\/centcols.org\/backup\/it\/wp-json\/wp\/v2\/product_cat?post=41692"},{"taxonomy":"product_tag","embeddable":true,"href":"https:\/\/centcols.org\/backup\/it\/wp-json\/wp\/v2\/product_tag?post=41692"}],"curies":[{"name":"wp","href":"https:\/\/api.w.org\/{rel}","templated":true}]}}