{"id":41764,"date":"2015-11-25T10:31:01","date_gmt":"2015-11-25T09:31:01","guid":{"rendered":"https:\/\/centcols.org\/backup\/product\/catalogue-tr\/"},"modified":"2020-12-01T11:16:00","modified_gmt":"2020-12-01T10:16:00","slug":"catalogo-tr","status":"publish","type":"product","link":"https:\/\/centcols.org\/backup\/it\/prodotto\/catalogo-tr\/","title":{"rendered":"Catalogo dei passi della Turchia"},"content":{"rendered":"<p>Il catalogo dei passi dell\u2019Ungheria \u00e8 il frutto del lavoro di Ren\u00e9 Poty, Christophe Guitton et Graham Cutting.<\/p>\n<p>Vi \u00e8 proposto un elenco di quasi 300 passi, tutti conformi alla <a href=\"https:\/\/centcols.org\/backup\/regle-du-jeu\/\">Regola del Gioco<\/a> del club des Cent Cols. Questo catalogo \u00e8 il riferimento dei passi della Turchia. Le liste annuali dei passi redatte dai membri per questo paese si devono riferire a questo documento..<\/p>\n<p>Questo catalogo \u00e8 gratuitamente scaricabile per i membri del club dalla\u00a0<a href=\"https:\/\/centcols.org\/backup\/membres\/outils\/telecat.php\">pagina di download<\/a>.<\/p>\n<h3>Documento annesso al catalogo<\/h3>\n<p>C\u2019est une liste de pr\u00e8s de 300 cols qui vous est propos\u00e9e. Tous r\u00e9pondent parfaitement \u00e0 la r\u00e8gle du jeu du Club des Cent Cols et le \u00ab\u00a0catalogue des cols de Turquie\u00a0\u00bb sert d\u00e9sormais de r\u00e9f\u00e9rence pour l\u2019\u00e9tablissement des listes annuelles r\u00e9dig\u00e9es par les membres du Club.<\/p>\n<p>Ce catalogue est en t\u00e9l\u00e9chargement gratuit pour les membres du club depuis la <a href=\"\/membres\/outils\/telecat.php\">page de t\u00e9l\u00e9chargement<\/a>.<\/p>\n<h3>Documents annexes au catalogue<\/h3>\n<ul>\n<li><a href=\"https:\/\/centcols.org\/backup\/documents\/catalogues\/tr\/Notice-TR-2018.pdf\" target=\"_blank\" rel=\"noopener noreferrer\">Pr\u00e9sentation du catalogue des cols de Turquie<\/a><\/li>\n<\/ul>\n","protected":false},"excerpt":{"rendered":"<p>Il catalogo dei passi dell\u2019Ungheria \u00e8 il frutto del lavoro di Ren\u00e9 Poty, Christophe Guitton et Graham Cutting. Vi \u00e8 proposto un elenco di quasi 300 passi, tutti conformi alla Regola del Gioco del club des Cent Cols. Questo catalogo \u00e8 il riferimento dei passi della Turchia. Le liste annuali dei passi redatte dai membri [&hellip;]<\/p>\n","protected":false},"featured_media":56183,"comment_status":"closed","ping_status":"closed","template":"","meta":{"_acf_changed":false,"ub_ctt_via":"","_monsterinsights_skip_tracking":false,"_monsterinsights_sitenote_active":false,"_monsterinsights_sitenote_note":"","_monsterinsights_sitenote_category":0},"product_cat":[320,488],"product_tag":[],"acf":[],"featured_image_urls":{"full":["https:\/\/centcols.org\/backup\/wp-content\/uploads\/2015\/11\/vignette-tr-1.jpg",600,600,false],"thumbnail":["https:\/\/centcols.org\/backup\/wp-content\/uploads\/2015\/11\/vignette-tr-1-300x300.jpg",300,300,true],"medium":["https:\/\/centcols.org\/backup\/wp-content\/uploads\/2015\/11\/vignette-tr-1-500x500.jpg",500,500,true],"medium_large":["https:\/\/centcols.org\/backup\/wp-content\/uploads\/2015\/11\/vignette-tr-1.jpg",600,600,false],"large":["https:\/\/centcols.org\/backup\/wp-content\/uploads\/2015\/11\/vignette-tr-1.jpg",600,600,false],"1536x1536":["https:\/\/centcols.org\/backup\/wp-content\/uploads\/2015\/11\/vignette-tr-1.jpg",600,600,false],"2048x2048":["https:\/\/centcols.org\/backup\/wp-content\/uploads\/2015\/11\/vignette-tr-1.jpg",600,600,false],"woocommerce_thumbnail":["https:\/\/centcols.org\/backup\/wp-content\/uploads\/2015\/11\/vignette-tr-1-300x300.jpg",300,300,true],"woocommerce_single":["https:\/\/centcols.org\/backup\/wp-content\/uploads\/2015\/11\/vignette-tr-1.jpg",600,600,false],"woocommerce_gallery_thumbnail":["https:\/\/centcols.org\/backup\/wp-content\/uploads\/2015\/11\/vignette-tr-1-100x100.jpg",100,100,true]},"post_excerpt_stackable":"<p>Il catalogo dei passi dell\u2019Ungheria \u00e8 il frutto del lavoro di Ren\u00e9 Poty, Christophe Guitton et Graham Cutting. Vi \u00e8 proposto un elenco di quasi 300 passi, tutti conformi alla Regola del Gioco del club des Cent Cols. Questo catalogo \u00e8 il riferimento dei passi della Turchia. Le liste annuali dei passi redatte dai membri per questo paese si devono riferire a questo documento.. Questo catalogo \u00e8 gratuitamente scaricabile per i membri del club dalla\u00a0pagina di download. Documento annesso al catalogo C\u2019est une liste de pr\u00e8s de 300 cols qui vous est propos\u00e9e. Tous r\u00e9pondent parfaitement \u00e0 la r\u00e8gle du&hellip;<\/p>\n","category_list":"","author_info":{"name":"","url":""},"comments_num":"0 commenti","featured_image_urls_v2":{"full":["https:\/\/centcols.org\/backup\/wp-content\/uploads\/2015\/11\/vignette-tr-1.jpg",600,600,false],"thumbnail":["https:\/\/centcols.org\/backup\/wp-content\/uploads\/2015\/11\/vignette-tr-1-300x300.jpg",300,300,true],"medium":["https:\/\/centcols.org\/backup\/wp-content\/uploads\/2015\/11\/vignette-tr-1-500x500.jpg",500,500,true],"medium_large":["https:\/\/centcols.org\/backup\/wp-content\/uploads\/2015\/11\/vignette-tr-1.jpg",600,600,false],"large":["https:\/\/centcols.org\/backup\/wp-content\/uploads\/2015\/11\/vignette-tr-1.jpg",600,600,false],"1536x1536":["https:\/\/centcols.org\/backup\/wp-content\/uploads\/2015\/11\/vignette-tr-1.jpg",600,600,false],"2048x2048":["https:\/\/centcols.org\/backup\/wp-content\/uploads\/2015\/11\/vignette-tr-1.jpg",600,600,false],"woocommerce_thumbnail":["https:\/\/centcols.org\/backup\/wp-content\/uploads\/2015\/11\/vignette-tr-1-300x300.jpg",300,300,true],"woocommerce_single":["https:\/\/centcols.org\/backup\/wp-content\/uploads\/2015\/11\/vignette-tr-1.jpg",600,600,false],"woocommerce_gallery_thumbnail":["https:\/\/centcols.org\/backup\/wp-content\/uploads\/2015\/11\/vignette-tr-1-100x100.jpg",100,100,true]},"post_excerpt_stackable_v2":"<p>Il catalogo dei passi dell\u2019Ungheria \u00e8 il frutto del lavoro di Ren\u00e9 Poty, Christophe Guitton et Graham Cutting. Vi \u00e8 proposto un elenco di quasi 300 passi, tutti conformi alla Regola del Gioco del club des Cent Cols. Questo catalogo \u00e8 il riferimento dei passi della Turchia. Le liste annuali dei passi redatte dai membri per questo paese si devono riferire a questo documento.. Questo catalogo \u00e8 gratuitamente scaricabile per i membri del club dalla\u00a0pagina di download. Documento annesso al catalogo C\u2019est une liste de pr\u00e8s de 300 cols qui vous est propos\u00e9e. Tous r\u00e9pondent parfaitement \u00e0 la r\u00e8gle du&hellip;<\/p>\n","category_list_v2":"","author_info_v2":{"name":"","url":""},"comments_num_v2":"0 commenti","_links":{"self":[{"href":"https:\/\/centcols.org\/backup\/it\/wp-json\/wp\/v2\/product\/41764"}],"collection":[{"href":"https:\/\/centcols.org\/backup\/it\/wp-json\/wp\/v2\/product"}],"about":[{"href":"https:\/\/centcols.org\/backup\/it\/wp-json\/wp\/v2\/types\/product"}],"replies":[{"embeddable":true,"href":"https:\/\/centcols.org\/backup\/it\/wp-json\/wp\/v2\/comments?post=41764"}],"wp:featuredmedia":[{"embeddable":true,"href":"https:\/\/centcols.org\/backup\/it\/wp-json\/wp\/v2\/media\/56183"}],"wp:attachment":[{"href":"https:\/\/centcols.org\/backup\/it\/wp-json\/wp\/v2\/media?parent=41764"}],"wp:term":[{"taxonomy":"product_cat","embeddable":true,"href":"https:\/\/centcols.org\/backup\/it\/wp-json\/wp\/v2\/product_cat?post=41764"},{"taxonomy":"product_tag","embeddable":true,"href":"https:\/\/centcols.org\/backup\/it\/wp-json\/wp\/v2\/product_tag?post=41764"}],"curies":[{"name":"wp","href":"https:\/\/api.w.org\/{rel}","templated":true}]}}