{"id":52801,"date":"2020-10-31T12:02:18","date_gmt":"2020-10-31T11:02:20","guid":{"rendered":"https:\/\/centcols.org\/backup\/?post_type=product&#038;p=52801"},"modified":"2020-12-01T11:05:12","modified_gmt":"2020-12-01T10:05:12","slug":"catalogo-al","status":"publish","type":"product","link":"https:\/\/centcols.org\/backup\/it\/prodotto\/catalogo-al\/","title":{"rendered":"Catalogo dei passi d&#8217;Albania"},"content":{"rendered":"<p>Il catalogo dei passi dell&#8217;Albania \u00e8 stato preparato da Graham Cutting e Ludger Vorberg.<br \/>\nQuello che vi \u00e8 proposto \u00e8 un elenco di oltre 1000 passi, tutti perfettamente rispondenti alla <a href=\"https:\/\/centcols.org\/backup\/it\/regola-del-gioco\/\">regola del gioco del club<\/a>.<\/p>\n<blockquote><p>Questo catalogo \u00e8 il riferimento dei passi dell&#8217;Albania. L&#8217;elenco annuale dei passi annuale che avete valicato in questo paese deve fare riferimento a questo documento.<\/p><\/blockquote>\n<p>Questo catalogo \u00e8 gratuitamente scaricabile dai membri del club dalla <a href=\"\/membres\/outils\/telecat.php\">pagina di download<\/a>.<\/p>\n<h3>Documento annesso al catalogo<\/h3>\n<ul>\n<li><a href=\"https:\/\/centcols.org\/backup\/catalogues\/al\/doc\/Notice-AL-fr.pdf\">Note al catalogo dell&#8217;Albania in francese<\/a><\/li>\n<\/ul>\n","protected":false},"excerpt":{"rendered":"<p>Il catalogo dei passi dell&#8217;Albania \u00e8 stato preparato da Graham Cutting e Ludger Vorberg. Quello che vi \u00e8 proposto \u00e8 un elenco di oltre 1000 passi, tutti perfettamente rispondenti alla regola del gioco del club. Questo catalogo \u00e8 il riferimento dei passi dell&#8217;Albania. L&#8217;elenco annuale dei passi annuale che avete valicato in questo paese deve [&hellip;]<\/p>\n","protected":false},"featured_media":52852,"comment_status":"closed","ping_status":"closed","template":"","meta":{"_acf_changed":false,"ub_ctt_via":"","_monsterinsights_skip_tracking":false,"_monsterinsights_sitenote_active":false,"_monsterinsights_sitenote_note":"","_monsterinsights_sitenote_category":0},"product_cat":[320,489],"product_tag":[],"acf":[],"featured_image_urls":{"full":["https:\/\/centcols.org\/backup\/wp-content\/uploads\/2020\/10\/vignette-al.jpg",600,600,false],"thumbnail":["https:\/\/centcols.org\/backup\/wp-content\/uploads\/2020\/10\/vignette-al-300x300.jpg",300,300,true],"medium":["https:\/\/centcols.org\/backup\/wp-content\/uploads\/2020\/10\/vignette-al-500x500.jpg",500,500,true],"medium_large":["https:\/\/centcols.org\/backup\/wp-content\/uploads\/2020\/10\/vignette-al.jpg",600,600,false],"large":["https:\/\/centcols.org\/backup\/wp-content\/uploads\/2020\/10\/vignette-al.jpg",600,600,false],"1536x1536":["https:\/\/centcols.org\/backup\/wp-content\/uploads\/2020\/10\/vignette-al.jpg",600,600,false],"2048x2048":["https:\/\/centcols.org\/backup\/wp-content\/uploads\/2020\/10\/vignette-al.jpg",600,600,false],"woocommerce_thumbnail":["https:\/\/centcols.org\/backup\/wp-content\/uploads\/2020\/10\/vignette-al-300x300.jpg",300,300,true],"woocommerce_single":["https:\/\/centcols.org\/backup\/wp-content\/uploads\/2020\/10\/vignette-al.jpg",600,600,false],"woocommerce_gallery_thumbnail":["https:\/\/centcols.org\/backup\/wp-content\/uploads\/2020\/10\/vignette-al-100x100.jpg",100,100,true]},"post_excerpt_stackable":"<p>Il catalogo dei passi dell&#8217;Albania \u00e8 stato preparato da Graham Cutting e Ludger Vorberg. Quello che vi \u00e8 proposto \u00e8 un elenco di oltre 1000 passi, tutti perfettamente rispondenti alla regola del gioco del club. Questo catalogo \u00e8 il riferimento dei passi dell&#8217;Albania. L&#8217;elenco annuale dei passi annuale che avete valicato in questo paese deve fare riferimento a questo documento. Questo catalogo \u00e8 gratuitamente scaricabile dai membri del club dalla pagina di download. Documento annesso al catalogo Note al catalogo dell&#8217;Albania in francese<\/p>\n","category_list":"","author_info":{"name":"","url":""},"comments_num":"0 commenti","featured_image_urls_v2":{"full":["https:\/\/centcols.org\/backup\/wp-content\/uploads\/2020\/10\/vignette-al.jpg",600,600,false],"thumbnail":["https:\/\/centcols.org\/backup\/wp-content\/uploads\/2020\/10\/vignette-al-300x300.jpg",300,300,true],"medium":["https:\/\/centcols.org\/backup\/wp-content\/uploads\/2020\/10\/vignette-al-500x500.jpg",500,500,true],"medium_large":["https:\/\/centcols.org\/backup\/wp-content\/uploads\/2020\/10\/vignette-al.jpg",600,600,false],"large":["https:\/\/centcols.org\/backup\/wp-content\/uploads\/2020\/10\/vignette-al.jpg",600,600,false],"1536x1536":["https:\/\/centcols.org\/backup\/wp-content\/uploads\/2020\/10\/vignette-al.jpg",600,600,false],"2048x2048":["https:\/\/centcols.org\/backup\/wp-content\/uploads\/2020\/10\/vignette-al.jpg",600,600,false],"woocommerce_thumbnail":["https:\/\/centcols.org\/backup\/wp-content\/uploads\/2020\/10\/vignette-al-300x300.jpg",300,300,true],"woocommerce_single":["https:\/\/centcols.org\/backup\/wp-content\/uploads\/2020\/10\/vignette-al.jpg",600,600,false],"woocommerce_gallery_thumbnail":["https:\/\/centcols.org\/backup\/wp-content\/uploads\/2020\/10\/vignette-al-100x100.jpg",100,100,true]},"post_excerpt_stackable_v2":"<p>Il catalogo dei passi dell&#8217;Albania \u00e8 stato preparato da Graham Cutting e Ludger Vorberg. Quello che vi \u00e8 proposto \u00e8 un elenco di oltre 1000 passi, tutti perfettamente rispondenti alla regola del gioco del club. Questo catalogo \u00e8 il riferimento dei passi dell&#8217;Albania. L&#8217;elenco annuale dei passi annuale che avete valicato in questo paese deve fare riferimento a questo documento. Questo catalogo \u00e8 gratuitamente scaricabile dai membri del club dalla pagina di download. Documento annesso al catalogo Note al catalogo dell&#8217;Albania in francese<\/p>\n","category_list_v2":"","author_info_v2":{"name":"","url":""},"comments_num_v2":"0 commenti","_links":{"self":[{"href":"https:\/\/centcols.org\/backup\/it\/wp-json\/wp\/v2\/product\/52801"}],"collection":[{"href":"https:\/\/centcols.org\/backup\/it\/wp-json\/wp\/v2\/product"}],"about":[{"href":"https:\/\/centcols.org\/backup\/it\/wp-json\/wp\/v2\/types\/product"}],"replies":[{"embeddable":true,"href":"https:\/\/centcols.org\/backup\/it\/wp-json\/wp\/v2\/comments?post=52801"}],"wp:featuredmedia":[{"embeddable":true,"href":"https:\/\/centcols.org\/backup\/it\/wp-json\/wp\/v2\/media\/52852"}],"wp:attachment":[{"href":"https:\/\/centcols.org\/backup\/it\/wp-json\/wp\/v2\/media?parent=52801"}],"wp:term":[{"taxonomy":"product_cat","embeddable":true,"href":"https:\/\/centcols.org\/backup\/it\/wp-json\/wp\/v2\/product_cat?post=52801"},{"taxonomy":"product_tag","embeddable":true,"href":"https:\/\/centcols.org\/backup\/it\/wp-json\/wp\/v2\/product_tag?post=52801"}],"curies":[{"name":"wp","href":"https:\/\/api.w.org\/{rel}","templated":true}]}}