{"id":18627,"date":"2015-04-24T14:52:22","date_gmt":"2015-04-24T12:52:22","guid":{"rendered":"http:\/\/centcols.org\/backup\/?page_id=18627"},"modified":"2023-11-13T21:55:00","modified_gmt":"2023-11-13T20:55:00","slug":"liens","status":"publish","type":"page","link":"https:\/\/centcols.org\/backup\/liens\/","title":{"rendered":"Liens amis"},"content":{"rendered":"<h2>Les sites de v\u00e9lo des membres du Club des Cent Cols<\/h2>\n<blockquote><p>Ils maintiennent un site Internet, pour eux m\u00eame ou pour leur club&#8230; Une m\u00eame passion : le v\u00e9lo !<\/p><\/blockquote>\n<p>Les listes de cols pr\u00e9sent\u00e9es sur ces sites n&#8217;engagent que leurs auteurs.<br \/>\nLe Club des Cent Cols ne cautionne aucune d&#8217;entre elles.<br \/>\nLe Club des Cent Cols publie ses propres listes de cols r\u00e9pondant \u00e0 sa r\u00e8gle du jeu.<\/p>\n<ul>\n<li><strong>Jean Philippe Battu (n\u00b0 5874) :<\/strong> <a href=\"http:\/\/jeanpba.homeip.net\/\" target=\"_blank\" rel=\"noopener noreferrer\">Le Cyclotourisme virtuel<\/a><br \/>\nNe manquez pas les pages d\u00e9di\u00e9es au Paris Brest Paris 2004, ainsi que le &#8220;coin cuisine&#8221;&#8230;<\/li>\n<li><strong>Ursula et Alain Besson (n\u00b0 7036 et n\u00b07037) :<\/strong> <a href=\"http:\/\/ursalain.blogspot.fr\/\" target=\"_blank\" rel=\"noopener noreferrer\">Voyages \u00e0 v\u00e9lo<\/a><\/li>\n<li><strong>Jacques Bonin (n\u00b0 5614) :<\/strong> <a href=\"http:\/\/sapho.pagesperso-orange.fr\/\" target=\"_blank\" rel=\"noopener noreferrer\">R\u00e9sultats sportifs et Jeux culturels<\/a><\/li>\n<li><strong>Jean Pierre Canc\u00e9 (n\u00b04778) :<\/strong> <a href=\"http:\/\/lescheminsdemusarde.fr\/\" target=\"_blank\" rel=\"noopener noreferrer\">Les chemins de musarde<\/a><\/li>\n<li><strong>Alain Darget (n\u00b01825) :<\/strong> <a href=\"http:\/\/moniqualain.over-blog.com\/\" target=\"_blank\" rel=\"noopener noreferrer\">http:\/\/moniqualain.blog.sfr.fr\/<\/a><\/li>\n<li><strong>Robert et Jo\u00eblle de Rudder (N\u00b05278 et 6642) :<\/strong> <a href=\"http:\/\/www.2rouesenliberte.fr\" target=\"_blank\" rel=\"noopener noreferrer\">www.2rouesenliberte.fr<\/a>\u00a0 V\u00e9lo-voyages en tandem<\/li>\n<li><strong>Hubert Delesalle (n\u00b07152)<\/strong> : <a href=\"http:\/\/www.randonnee-cyclo.com\/\" target=\"_blank\" rel=\"noopener noreferrer\">http:\/\/www.randonnee-cyclo.com\/<\/a>\u00a0 .Plus de 1500 sorties,\u00a0toutes r\u00e9pertori\u00e9s,\u00a0d\u00e9crites et class\u00e9es par r\u00e9gions, par types et par ann\u00e9es. Et en compl\u00e9ment son blog : <a href=\"http:\/\/jerandonne.blogspot.fr\/\" target=\"_blank\" rel=\"noopener noreferrer\">http:\/\/jerandonne.blogspot.fr\/<\/a><\/li>\n<li><strong>Baptiste Fontaine (n\u00b06965) :<\/strong> <a href=\"http:\/\/cestdurlevelo.over-blog.com\/\" target=\"_blank\" rel=\"noopener noreferrer\">C&#8217;est dur le v\u00e9lo<\/a><\/li>\n<li><strong>Guy Garcin (n\u00b02880) :<\/strong> <a href=\"http:\/\/love-velo.fr\/\" target=\"_blank\" rel=\"noopener noreferrer\">Love-velo<\/a><\/li>\n<li><strong>Alain Gillodes (n\u00b0722) :<\/strong> <a href=\"http:\/\/www.alaingillodes.fr\/\" target=\"_blank\" rel=\"noopener noreferrer\">Le site d&#8217;Alain Gillodes<\/a><\/li>\n<li><strong>Jacques Mancip (n\u00b04760) :<\/strong> <a href=\"http:\/\/passes-montagnes.fr\/\" target=\"_blank\" rel=\"noopener noreferrer\">Roses des Sables et 1000 Pertuis, cyclisme et cyclotourisme<\/a><\/li>\n<li><strong>Jerry Nilson (n\u00b05627) :<\/strong> <a href=\"http:\/\/cycloclimbing.com\/\" target=\"_blank\" rel=\"noopener noreferrer\">Cycloclimbing<\/a> Une ressource int\u00e9ressante concernant les hauts cols des Alpes et d&#8217;ailleurs.<\/li>\n<li><strong>Maurice Occelli (n\u00b0397) :<\/strong> <a href=\"http:\/\/mocc.pagesperso-orange.fr\/\" target=\"_blank\" rel=\"noopener noreferrer\">le site de Momo le cyclo<\/a><\/li>\n<li><strong>R\u00e9gis Paraz (n\u00b03225)<\/strong> : <a href=\"http:\/\/www.modachulvelo.com\" target=\"_blank\" rel=\"noopener noreferrer\">modachulvelo<\/a> c&#8217;est pas tout d&#8217;y dire faut y faire Site permettant de suivre les voyages itin\u00e9rants de R\u00e9gis Paraz<\/li>\n<li><strong>Bernard &#8220;Biki&#8221; Pommel (n\u00b03094) :<\/strong> <a href=\"http:\/\/bikithebiker.blogspot.fr\/\" target=\"_blank\" rel=\"noopener noreferrer\">le blog \u00e0 Biki<\/a><\/li>\n<li><strong>Andr\u00e9 Rudaz (n\u00b0814) :<\/strong> <a href=\"http:\/\/rudaz.magix.net\/public\/index.htm\" target=\"_blank\" rel=\"noopener noreferrer\">Bienvenue sur le site d&#8217;Andr\u00e9 Rudaz<\/a>.<\/li>\n<li><strong>Sascha Resch (n\u00b0 7702)<\/strong> : <a href=\"https:\/\/alpenvettern.de\/\" target=\"_blank\" rel=\"noopener noreferrer\">Alpenvettern<\/a><\/li>\n<li><strong>Patrick Schleppi (n\u00b05845)<\/strong> : <a href=\"http:\/\/www.schleppi.ch\/patrick\/cycle\" target=\"_blank\" rel=\"noopener noreferrer\"><span style=\"font-family: Arial;\">Les aventures \u00e0 v\u00e9lo de Patrick Schleppi : itin\u00e9raires dans les Alpes et le Jura<\/span><\/a><span style=\"font-family: Arial;\">\u00a0 (fran\u00e7ais-anglais-allemand)<\/span><\/li>\n<li><strong>Fabien Tiberghien (n\u00b06541) :<\/strong> <a href=\"http:\/\/decolsencols1.canalblog.com\/\" target=\"_blank\" rel=\"noopener noreferrer\">de cols en cols<\/a>. Fabien met \u00e0 disposition les descriptifs et les photos de ses parcours \u00e0 la conqu\u00eate des cols<\/li>\n<li><strong>Andr\u00e9 Tignon (n\u00b01583) :<\/strong> <a href=\"http:\/\/tignon.andre.free.fr\/\" target=\"_blank\" rel=\"noopener noreferrer\">Andr\u00e9 Tignon, Cent Cols 1583\u00a0<\/a><br \/>\nCyclo-reporter du Nord de France et de Belgique, invite \u00e0 visiter l&#8217;univers de son cyclotourisme. Par des reportages pr\u00e9sent\u00e9s comme des &#8220;romans-photos&#8221; il illustre la vari\u00e9t\u00e9 des pratiques cyclotouristes<\/li>\n<li><strong>Max Tissot (n\u00b06785) :\u00a0<\/strong><a href=\"http:\/\/velomaxou.com\/\" target=\"_blank\" rel=\"noopener noreferrer\">velomaxou<\/a>\u00a0 cyclo des rues, cyclo des champs, actualit\u00e9 cyclo<\/li>\n<li><strong>Patricia V\u00e9ron (n\u00b03777) :<\/strong> <a href=\"http:\/\/desroutesdesoie.homeip.net\/\" target=\"_blank\" rel=\"noopener noreferrer\">Des routes de soie<br \/>\n<\/a>D\u00e9routez-vous pour suivre le voyage \u00e0 v\u00e9lo sur les routes de la soie de Patricia V\u00e9ron, Christian Serret et Pierre-Andr\u00e9 Sonzogno&#8230; Ce site \u00e0 l&#8217;unique pr\u00e9tention de permettre de faire partager notre vagabondage sur une des nombreuses routes de la soie. Il vous permettra de suivre notre itin\u00e9raire, nos coups de coeur ou de g&#8230; Vous y d\u00e9couvrirez les participants, le mat\u00e9riel et d&#8217;autres petites informations g\u00e9n\u00e9rales sur le voyage \u00e0 v\u00e9lo. A compter d&#8217;Avril 2006, nous partons avec nos v\u00e9los de Valence, pour rejoindre Grenoble o\u00f9 nous habitons, avant de nous \u00e9loigner pendant un certain temps afin d&#8217;aller cycler vers une des Routes de la Soie&#8230;<br \/>\nFin Avril 2006, apr\u00e8s notre s\u00e9paration avec Pierre-Andr\u00e9 Sonzogno, nos itin\u00e9raires ont diverg\u00e9. Pour avoir de nos nouvelles, nous avons cr\u00e9\u00e9 un blog: <a href=\"http:\/\/bourlinguebike.over-blog.org\/\" target=\"_blank\" rel=\"noopener noreferrer\">http:\/\/bourlinguebike.over-blog.org<\/a>. Une newsletter et un petit album photo vous y attendent..<\/li>\n<li><strong>Patricia V\u00e9ron (n\u00b03777) : <\/strong><a href=\"http:\/\/avelotoutsimplement.blogspot.fr\/\" target=\"_blank\" rel=\"noopener noreferrer\">A v\u00e9lo tout simplement<\/a><strong>\u00a0<\/strong> Apr\u00e8s les routes de la soie, d\u00e9couvrir le Cap Nord, puis traverser la Russie d&#8217;Ouest en Est, avant de basculer aux USA pour traverser les Am\u00e9riques du nord au sud..<\/li>\n<li><strong>Annick (et Bruno) Versolatto (n\u00b05054) :<\/strong> <a href=\"http:\/\/www.roulmaloute.com\/\" target=\"_blank\" rel=\"noopener noreferrer\">Roul&#8217; ma loute&#8230;<\/a><br \/>\nDes voyages \u00e0 v\u00e9lo sur tous les continents, ou presque.<br \/>\nVous y trouverez entre autres l&#8217;album photos de la concentration allemande 2005 \u00e0 Wolfach en For\u00eat Noire<\/li>\n<li><strong>Eric Zammit (n\u00b07165) :<\/strong> <a href=\"https:\/\/cyclocolsensolo.wordpress.com\/\" target=\"_blank\" rel=\"noopener noreferrer\">le blog d&#8217;Eric Zammit<\/a><\/li>\n<\/ul>\n<hr \/>\n<h2>F\u00e9d\u00e9rations, Confr\u00e9ries et\u00a0 Amicales :<\/h2>\n<h3>France<\/h3>\n<ul>\n<li><a href=\"http:\/\/ffct.org\/\" target=\"_blank\" rel=\"noopener noreferrer\">F\u00e9d\u00e9ration Fran\u00e7aise de Cyclotourisme<\/a><\/li>\n<li><a href=\"http:\/\/uect.org\/\" target=\"_blank\" rel=\"noopener noreferrer\">Union Europ\u00e9enne de Cyclotourisme<\/a><\/li>\n<li><a href=\"https:\/\/uctistes.wordpress.com\/ordre-des-cols-durs\/\" target=\"_blank\" rel=\"noopener noreferrer\">Ordre des Cols Durs<\/a><\/li>\n<li><a href=\"http:\/\/www.confreriedes650.org\/\" target=\"_blank\" rel=\"noopener noreferrer\">Confr\u00e9rie des 650<\/a><\/li>\n<li><a href=\"http:\/\/www.cci.asso.fr\/\" target=\"_blank\" rel=\"noopener noreferrer\">Cyclo-Camping International<\/a><\/li>\n<li><a href=\"http:\/\/diagonales.homelinux.net\/adf\/index.php\" target=\"_blank\" rel=\"noopener noreferrer\">Diagonales de France<\/a><\/li>\n<li><a href=\"http:\/\/www.audax-uaf.com\/\" target=\"_blank\" rel=\"noopener noreferrer\">Union des Audax Fran\u00e7ais<\/a><\/li>\n<li><a href=\"http:\/\/www.audax-club-parisien.com\/FR\/\" target=\"_blank\" rel=\"noopener noreferrer\">Audax Club Parisien<\/a><\/li>\n<li><a href=\"http:\/\/www.cyclocardiaques.org\/\" target=\"_blank\" rel=\"noopener noreferrer\">Amicale des Cyclos Cardiaques<\/a><\/li>\n<li><a href=\"http:\/\/www.clubcinglesventoux.org\/fr\/\" target=\"_blank\" rel=\"noopener noreferrer\">Les Cingl\u00e9s du Mont Ventoux<\/a><\/li>\n<li><a href=\"http:\/\/www.felesducolombier.fr\/\" target=\"_blank\" rel=\"noopener noreferrer\">Les F\u00eal\u00e9s du Grand Colombier<\/a><\/li>\n<li><a href=\"http:\/\/www.cyclos-cyclotes.org\/favoris.html\" target=\"_blank\" rel=\"noopener noreferrer\">Sites cyclotouristes fran\u00e7ais<\/a> : page de liens exhaustive mais plus r\u00e9guli\u00e8rement actualis\u00e9e<\/li>\n<li><a href=\"https:\/\/fr.warmshowers.org\/\" target=\"_blank\" rel=\"noopener noreferrer\">Warmshowers<\/a> : la communaut\u00e9 Warm Showers est un syst\u00e8me d&#8217;\u00e9change gratuit d&#8217;h\u00e9bergement entre cyclo-randonneurs \u00e0 travers le monde.<\/li>\n<\/ul>\n<h3>Europe<\/h3>\n<ul>\n<li><a href=\"http:\/\/www.ocd.org.uk\/\" target=\"_blank\" rel=\"noopener noreferrer\">OCD<\/a> : Ordre des Cols Durs in the UK\u00a0 (anglais)<\/li>\n<li><a href=\"http:\/\/www.challenge-big.eu\/\" target=\"_blank\" rel=\"noopener noreferrer\">BIG <\/a>: Site du challenge BIG<\/li>\n<li><a style=\"outline: 1px dotted; outline-offset: 0px;\" href=\"http:\/\/www.ccriviera.ch\/\" target=\"_blank\" rel=\"noopener noreferrer\">Le Club Cyclotouriste de la Riviera<\/a> de notre ami Pierre-Henri Mai<\/li>\n<li><a href=\"http:\/\/www.rsf.org.uk\/index.php?option=com_xmap&amp;view=html&amp;id=1&amp;Itemid=328\" target=\"_blank\" rel=\"noopener noreferrer\">The Rough Stuff Fellowship<\/a> : cr\u00e9\u00e9e en 1955 (&#8220;long before anyone had ever heard of Marin County&#8221;) cette amicale regroupe ceux qui sortent des sentiers battus, ou du moins des routes goudronn\u00e9es (anglais)<\/li>\n<\/ul>\n<h2>Voyages<\/h2>\n<ul>\n<li>\u00a0<a href=\"http:\/\/www.trentobike.org\/byauthor\/CarstenGregersen.html\" target=\"_blank\" rel=\"noopener noreferrer\">Carsten&#8217;s Cycling Web<\/a> : Carsten Gregersen grand voyageur \u00e0 v\u00e9lo nous propose un site d\u00e9di\u00e9 au v\u00e9lo en montagne, comportant entre autre les compte rendus de ses voyages (principalement dans les Alpes) (anglais, danois)<\/li>\n<li><a href=\"http:\/\/www.trentobike.org\/\" target=\"_blank\" rel=\"noopener noreferrer\">Trento Bike Pages<\/a> : des liens sur tous les pays d&#8217;Europe, et quelques pays du Maghreb. Andreas Caranti maintient l&#8217;un des meilleurs portails consacr\u00e9 au voyage \u00e0 v\u00e9lo (anglais)<\/li>\n<li><a href=\"http:\/\/www.masterlyinactivity.com\/\" target=\"_blank\" rel=\"noopener noreferrer\">Masterlyinactivity<\/a> propose des compte rendus de voyages cyclos au Mexique, Guatemala, P\u00e9rou&#8230; (anglais)<\/li>\n<\/ul>\n<h2>\u00a0Divers :<\/h2>\n<ul>\n<li><a href=\"http:\/\/www.vtt.org\/\" target=\"_blank\" rel=\"noopener noreferrer\">VTTnet <\/a>: le grand site VTT de Roudou, Tom, et toute la bande<\/li>\n<li><a href=\"http:\/\/www.salitomania.it\/\" target=\"_blank\" rel=\"noopener noreferrer\">Salitomania <\/a>: des Cent Cols transalpins (italien)<\/li>\n<li><a href=\"http:\/\/www.trentobike.org\/byauthor\/CarstenGregersen.html\" target=\"_blank\" rel=\"noopener noreferrer\">Virtual Alps<\/a> : les cols des Alpes fran\u00e7aises et \u00e9trang\u00e8res\u00a0 (anglais)<\/li>\n<li>Incontournable site d&#8217;une personnalit\u00e9 du cyclisme : <a href=\"http:\/\/sheldonbrown.com\/home.html\" target=\"_blank\" rel=\"noopener noreferrer\">Sheldon Brown<\/a>. Ne manquez pas la <a href=\"http:\/\/sheldonbrown.com\/real-man.html\" target=\"_blank\" rel=\"noopener noreferrer\">selle pour les hommes, les vrais<\/a>&#8230;<\/li>\n<li>L\u2019<a href=\"http:\/\/lpe-asso.org\/notre-association\/\">association Ligne de Partage\u00a0<\/a> a pour objet de d\u00e9velopper toutes activit\u00e9s en lien avec la ligne de partage des eaux entre l\u2019oc\u00e9an Atlantique et la mer M\u00e9diterran\u00e9e (dite \u00ab\u00a0ligne A\/M\u00a0\u00bb) qui traverse 9 pays,\u00a0de la Tch\u00e9quie au Maroc.<br \/>\n<a href=\"https:\/\/centcols.org\/backup\/association-ligne-de-partage-et-club-des-100-cols\/\" target=\"_blank\" rel=\"noopener noreferrer\">Voir aussi Association ligne de partage des eaux et Club des Cent Cols<\/a><\/li>\n<\/ul>\n<h3><\/h3>\n<hr \/>\n<p>Un ajout, une modification ? Ecrivez aux Cent Cols : <a href=\"&#109;ai&#108;&#116;o:inf&#111;&#64;&#99;e&#110;&#116;&#99;&#111;&#108;&#115;.ne&#116;\">&#105;&#110;fo&#64;&#99;e&#110;t&#99;o&#108;&#115;.n&#101;t<\/a><\/p>\n","protected":false},"excerpt":{"rendered":"<p>Les sites de v\u00e9lo des membres du Club des Cent Cols Ils maintiennent un site Internet, pour eux m\u00eame ou pour leur club&#8230; Une m\u00eame passion : le v\u00e9lo ! Les listes de cols pr\u00e9sent\u00e9es sur ces sites n&#8217;engagent que leurs auteurs. Le Club des Cent Cols ne cautionne aucune d&#8217;entre elles. Le Club des [&hellip;]<\/p>\n","protected":false},"author":2001,"featured_media":0,"parent":0,"menu_order":0,"comment_status":"closed","ping_status":"closed","template":"","meta":{"_acf_changed":false,"ub_ctt_via":"","_monsterinsights_skip_tracking":false,"_monsterinsights_sitenote_active":false,"_monsterinsights_sitenote_note":"","_monsterinsights_sitenote_category":0,"footnotes":""},"acf":[],"featured_image_urls":{"full":"","thumbnail":"","medium":"","medium_large":"","large":"","1536x1536":"","2048x2048":"","woocommerce_thumbnail":"","woocommerce_single":"","woocommerce_gallery_thumbnail":""},"post_excerpt_stackable":"<p>Les sites de v\u00e9lo des membres du Club des Cent Cols Ils maintiennent un site Internet, pour eux m\u00eame ou pour leur club&#8230; Une m\u00eame passion : le v\u00e9lo ! Les listes de cols pr\u00e9sent\u00e9es sur ces sites n&#8217;engagent que leurs auteurs. Le Club des Cent Cols ne cautionne aucune d&#8217;entre elles. Le Club des Cent Cols publie ses propres listes de cols r\u00e9pondant \u00e0 sa r\u00e8gle du jeu. Jean Philippe Battu (n\u00b0 5874) : Le Cyclotourisme virtuel Ne manquez pas les pages d\u00e9di\u00e9es au Paris Brest Paris 2004, ainsi que le &#8220;coin cuisine&#8221;&#8230; Ursula et Alain Besson (n\u00b0 7036\u2026<\/p>\n","category_list":"","author_info":{"name":"Webmestre","url":"https:\/\/centcols.org\/backup\/author\/webmestre\/"},"comments_num":"0 commentaire","featured_image_urls_v2":{"full":"","thumbnail":"","medium":"","medium_large":"","large":"","1536x1536":"","2048x2048":"","woocommerce_thumbnail":"","woocommerce_single":"","woocommerce_gallery_thumbnail":""},"post_excerpt_stackable_v2":"<p>Les sites de v\u00e9lo des membres du Club des Cent Cols Ils maintiennent un site Internet, pour eux m\u00eame ou pour leur club&#8230; Une m\u00eame passion : le v\u00e9lo ! Les listes de cols pr\u00e9sent\u00e9es sur ces sites n&#8217;engagent que leurs auteurs. Le Club des Cent Cols ne cautionne aucune d&#8217;entre elles. Le Club des Cent Cols publie ses propres listes de cols r\u00e9pondant \u00e0 sa r\u00e8gle du jeu. Jean Philippe Battu (n\u00b0 5874) : Le Cyclotourisme virtuel Ne manquez pas les pages d\u00e9di\u00e9es au Paris Brest Paris 2004, ainsi que le &#8220;coin cuisine&#8221;&#8230; Ursula et Alain Besson (n\u00b0 7036\u2026<\/p>\n","category_list_v2":"","author_info_v2":{"name":"Webmestre","url":"https:\/\/centcols.org\/backup\/author\/webmestre\/"},"comments_num_v2":"0 commentaire","featured_image_src":null,"_links":{"self":[{"href":"https:\/\/centcols.org\/backup\/wp-json\/wp\/v2\/pages\/18627"}],"collection":[{"href":"https:\/\/centcols.org\/backup\/wp-json\/wp\/v2\/pages"}],"about":[{"href":"https:\/\/centcols.org\/backup\/wp-json\/wp\/v2\/types\/page"}],"author":[{"embeddable":true,"href":"https:\/\/centcols.org\/backup\/wp-json\/wp\/v2\/users\/2001"}],"replies":[{"embeddable":true,"href":"https:\/\/centcols.org\/backup\/wp-json\/wp\/v2\/comments?post=18627"}],"version-history":[{"count":0,"href":"https:\/\/centcols.org\/backup\/wp-json\/wp\/v2\/pages\/18627\/revisions"}],"wp:attachment":[{"href":"https:\/\/centcols.org\/backup\/wp-json\/wp\/v2\/media?parent=18627"}],"curies":[{"name":"wp","href":"https:\/\/api.w.org\/{rel}","templated":true}]}}