{"id":19699,"date":"2015-04-24T15:55:51","date_gmt":"2015-04-24T13:55:51","guid":{"rendered":"http:\/\/centcols.org\/backup\/?page_id=19699"},"modified":"2023-12-19T15:56:42","modified_gmt":"2023-12-19T14:56:42","slug":"boite-a-outils","status":"publish","type":"page","link":"https:\/\/centcols.org\/backup\/boite-a-outils\/","title":{"rendered":"Bo\u00eete \u00e0 outils"},"content":{"rendered":"<h2>Photos<\/h2>\n<ul>\n<li><a href=\"https:\/\/centcols.org\/backup\/photos-membres\/\" rel=\"noopener\">Instructions pour l&#8217;envoi des photos des membres<\/a><\/li>\n<li><a href=\"https:\/\/centcols.org\/backup\/photos-de-cols\/\" rel=\"noopener\">Instructions pour l&#8217;envoi des photos de cols<\/a><\/li>\n<\/ul>\n<h2>Modes d&#8217;emploi informatiques<\/h2>\n<ul>\n<li><a href=\"https:\/\/centcols.org\/backup\/mot-de-passe-section-membres\/\">Obtenir un mot de passe pour acc\u00e9der \u00e0 la section membres<\/a><\/li>\n<li><a href=\"\/guide-ccway\/\">Guide d&#8217;utilisation de ccWay<\/a><\/li>\n<li><a href=\"\/video-ballens-2021\">Banque de donn\u00e9es des cols, d\u00e9claration en ligne et brevets (vid\u00e9o)<\/a><\/li>\n<li>Pour la d\u00e9claration en ligne des cols: un <a href=\"\/tuto-declaration-cols\/\">bref tutoriel<\/a> et des <a href=\"\/declaration-en-ligne\/\">instructions d\u00e9taill\u00e9es<\/a><\/li>\n<li>Et aussi: <a href=\"\/double-declaration\/\">comment \u00e9viter ou corriger la &#8220;double d\u00e9claration&#8221; de cols<\/a><\/li>\n<li>Guides d&#8217;utilisation des fichiers <a href=\"https:\/\/centcols.org\/backup\/guide-fichiers-gpx\/\">GPX<\/a>, <a href=\"https:\/\/centcols.org\/backup\/guide-fichiers-kmz\/\">KMZ<\/a> et <a href=\"https:\/\/centcols.org\/backup\/guide-fichiers-carto\/\">Carto Exploreur<\/a><\/li>\n<li><a href=\"\/exportation-cols-openrunner\/\">Exportation des cols gravis vers un compte OpenRunner<\/a><\/li>\n<li><a href=\"https:\/\/centcols.org\/backup\/configurer-messagerie-pour-flux-rss\/\">Configurer un logiciel de messagerie pour acc\u00e9der automatiquement aux mises \u00e0 jour du site gr\u00e2ce au flux RSS<\/a><\/li>\n<li><a href=\"https:\/\/centcols.org\/backup\/messagerie-orange-empecher-indesirables\">Messagerie Orange : emp\u00eacher les messages Cent Cols d&#8217;aller en ind\u00e9sirables<\/a><\/li>\n<\/ul>\n<h2>Catalogues de cols et mises \u00e0 jour<\/h2>\n<ul>\n<li><a href=\"\/filtrage-catalogue\/\">Possibilit\u00e9s de filtrage des catalogues de cols<\/a><\/li>\n<li><a href=\"https:\/\/centcols.org\/backup\/outil-mise-a-jour\/\">Outil de mise \u00e0 jour des catalogues personnalis\u00e9s<\/a> (Christophe Aug\u00e9)<\/li>\n<li><a href=\"\/liens-office\/\">R\u00e9solution des probl\u00e8mes de liens sous Office<\/a><\/li>\n<\/ul>\n<h2>Cartes et GPS<\/h2>\n<ul>\n<li><a href=\"https:\/\/centcols.org\/backup\/des-calques-pour-vos-gps-marcel-goll\/\">Des &#8220;calques&#8221; pour vos GPS<\/a> (Marcell Goll)<\/li>\n<li><a href=\"https:\/\/centcols.org\/backup\/gestion-des-points-dinteret\/\">Gestion des points d&#8217;int\u00e9r\u00eat (POI) personnalis\u00e9s sur les GPS Garmin<\/a> (Bernard Lepin et Marcel Goll)<\/li>\n<li><a href=\"https:\/\/centcols.org\/backup\/tuto-garmin-connect\/\">Cr\u00e9er un parcours avec le logiciel Garmin Connect<\/a> (Olivier Letoublon)<\/li>\n<li><a href=\"https:\/\/centcols.org\/backup\/coord-utm\/\">Guide des coordonn\u00e9es UTM<\/a> (Patrick Schleppi)<\/li>\n<\/ul>\n<h2>Lexiques<\/h2>\n<ul>\n<li><a href=\"https:\/\/centcols.org\/backup\/libre_service\/dialecte_alsacien.htm\">Dialecte alsacien<\/a> (Michel De Br\u00e9bisson)<\/li>\n<li><a href=\"http:\/\/www.sheldonbrown.com\/fren-eng.html\">Le dictionnaire fran\u00e7ais\/anglais des termes du v\u00e9lo<\/a> (anglais)<\/li>\n<\/ul>\n<h2>Divers<\/h2>\n<ul>\n<li><a class=\"iframe-fancybox\" href=\"https:\/\/centcols.org\/backup\/wp-content\/uploads\/2015\/03\/dossier-grimpees-france.pdf\">Dossier grimp\u00e9es &#8211; France<\/a> (PDF de 2,5 Mo) (Guy Bodoin)<\/li>\n<li>Sommaire g\u00e9n\u00e9ral des articles parus dans la revue (Marc Liaudon) format : <a href=\"https:\/\/centcols.org\/backup\/wp-content\/uploads\/2015\/03\/sommaire_revues.mdb\" target=\"_blank\" rel=\"noopener noreferrer\">Access<\/a> format : <a href=\"https:\/\/centcols.org\/backup\/wp-content\/uploads\/2015\/03\/sommaire_revues.xls\" target=\"_blank\" rel=\"noopener noreferrer\">Excel<\/a><\/li>\n<\/ul>\n","protected":false},"excerpt":{"rendered":"<p>Photos Instructions pour l&#8217;envoi des photos des membres Instructions pour l&#8217;envoi des photos de cols Modes d&#8217;emploi informatiques Obtenir un mot de passe pour acc\u00e9der \u00e0 la section membres Guide d&#8217;utilisation de ccWay Banque de donn\u00e9es des cols, d\u00e9claration en ligne et brevets (vid\u00e9o) Pour la d\u00e9claration en ligne des cols: un bref tutoriel et [&hellip;]<\/p>\n","protected":false},"author":17,"featured_media":0,"parent":0,"menu_order":0,"comment_status":"closed","ping_status":"closed","template":"","meta":{"_acf_changed":false,"ub_ctt_via":"","_monsterinsights_skip_tracking":false,"_monsterinsights_sitenote_active":false,"_monsterinsights_sitenote_note":"","_monsterinsights_sitenote_category":0,"footnotes":""},"acf":[],"featured_image_urls":{"full":"","thumbnail":"","medium":"","medium_large":"","large":"","1536x1536":"","2048x2048":"","woocommerce_thumbnail":"","woocommerce_single":"","woocommerce_gallery_thumbnail":""},"post_excerpt_stackable":"<p>Photos Instructions pour l&#8217;envoi des photos des membres Instructions pour l&#8217;envoi des photos de cols Modes d&#8217;emploi informatiques Obtenir un mot de passe pour acc\u00e9der \u00e0 la section membres Guide d&#8217;utilisation de ccWay Banque de donn\u00e9es des cols, d\u00e9claration en ligne et brevets (vid\u00e9o) Pour la d\u00e9claration en ligne des cols: un bref tutoriel et des instructions d\u00e9taill\u00e9es Et aussi: comment \u00e9viter ou corriger la &#8220;double d\u00e9claration&#8221; de cols Guides d&#8217;utilisation des fichiers GPX, KMZ et Carto Exploreur Exportation des cols gravis vers un compte OpenRunner Configurer un logiciel de messagerie pour acc\u00e9der automatiquement aux mises \u00e0 jour du site\u2026<\/p>\n","category_list":"","author_info":{"name":"R\u00e9gis Paraz","url":"https:\/\/centcols.org\/backup\/author\/3225\/"},"comments_num":"0 commentaire","featured_image_urls_v2":{"full":"","thumbnail":"","medium":"","medium_large":"","large":"","1536x1536":"","2048x2048":"","woocommerce_thumbnail":"","woocommerce_single":"","woocommerce_gallery_thumbnail":""},"post_excerpt_stackable_v2":"<p>Photos Instructions pour l&#8217;envoi des photos des membres Instructions pour l&#8217;envoi des photos de cols Modes d&#8217;emploi informatiques Obtenir un mot de passe pour acc\u00e9der \u00e0 la section membres Guide d&#8217;utilisation de ccWay Banque de donn\u00e9es des cols, d\u00e9claration en ligne et brevets (vid\u00e9o) Pour la d\u00e9claration en ligne des cols: un bref tutoriel et des instructions d\u00e9taill\u00e9es Et aussi: comment \u00e9viter ou corriger la &#8220;double d\u00e9claration&#8221; de cols Guides d&#8217;utilisation des fichiers GPX, KMZ et Carto Exploreur Exportation des cols gravis vers un compte OpenRunner Configurer un logiciel de messagerie pour acc\u00e9der automatiquement aux mises \u00e0 jour du site\u2026<\/p>\n","category_list_v2":"","author_info_v2":{"name":"R\u00e9gis Paraz","url":"https:\/\/centcols.org\/backup\/author\/3225\/"},"comments_num_v2":"0 commentaire","featured_image_src":null,"_links":{"self":[{"href":"https:\/\/centcols.org\/backup\/wp-json\/wp\/v2\/pages\/19699"}],"collection":[{"href":"https:\/\/centcols.org\/backup\/wp-json\/wp\/v2\/pages"}],"about":[{"href":"https:\/\/centcols.org\/backup\/wp-json\/wp\/v2\/types\/page"}],"author":[{"embeddable":true,"href":"https:\/\/centcols.org\/backup\/wp-json\/wp\/v2\/users\/17"}],"replies":[{"embeddable":true,"href":"https:\/\/centcols.org\/backup\/wp-json\/wp\/v2\/comments?post=19699"}],"version-history":[{"count":0,"href":"https:\/\/centcols.org\/backup\/wp-json\/wp\/v2\/pages\/19699\/revisions"}],"wp:attachment":[{"href":"https:\/\/centcols.org\/backup\/wp-json\/wp\/v2\/media?parent=19699"}],"curies":[{"name":"wp","href":"https:\/\/api.w.org\/{rel}","templated":true}]}}