{"id":20745,"date":"2015-05-05T09:34:48","date_gmt":"2015-05-05T07:34:48","guid":{"rendered":"http:\/\/centcols.org\/backup\/?page_id=20745"},"modified":"2015-05-05T12:09:45","modified_gmt":"2015-05-05T10:09:45","slug":"par-numeros","status":"publish","type":"page","link":"https:\/\/centcols.org\/backup\/par-numeros\/","title":{"rendered":"Par num\u00e9ros"},"content":{"rendered":"<h2>TOPO 1<\/h2>\n<h3>A &#8211; VOSGES<\/h3>\n<ol>\n<li>VOSGES &#8211; Raon l&#8217;\u00c9tape &#8211; p:12<\/li>\n<li>VOSGES &#8211; Ballon d&#8217;Alsace &#8211; p:14<\/li>\n<\/ol>\n<h3>\u00a0B &#8211; ARDECHE<\/h3>\n<ol>\n<li>HAUTE ARDECHE &#8211; Tour du Tanargue &#8211; p:16<\/li>\n<li>ARDECHE &#8211; Vesseaux L&#8217;Escrinet &#8211; p:17<\/li>\n<\/ol>\n<h3>C &#8211; PREALPES<\/h3>\n<ol>\n<li>DEVOLUY &#8211; Veynes &#8211; p:19<\/li>\n<li>GAPENCAIS &#8211; Montmaur &#8211; p:20<\/li>\n<li>DIOIS &#8211; Saint Nazaire le D\u00e9sert &#8211; p:21<\/li>\n<li>BARONNIES &#8211; Buis &#8211; p:22<\/li>\n<li>CHARTREUSE &#8211; Outh\u00e9ran &#8211; p:23<\/li>\n<\/ol>\n<h3>D &#8211; ALPES<\/h3>\n<h3>a) SAVOIE &#8211; DAUPHINE<\/h3>\n<ol>\n<li>HAUTE SAVOIE &#8211; Massif des Bornes &#8211; p:24<\/li>\n<li>TARENTAISE &#8211; La Plagne &#8211; p:25<\/li>\n<li>VANOISE &#8211; Courchevel &#8211; p:26<\/li>\n<li>OISANS &#8211; Emparis &#8211; p:27<\/li>\n<li>OISANS &#8211; Jandri &#8211; p:28<\/li>\n<li>MAURIENNE &#8211; Mont Cenis &#8211; p:29<\/li>\n<\/ol>\n<h3>b) BRIANCONNAIS &#8211; QUEYRAS<\/h3>\n<ol>\n<li>BRIANCONNAIS &#8211; Vall\u00e9e \u00c9troite &#8211; p:30<\/li>\n<li>BRIANCONNAIS &#8211; Cervieres &#8211; p:31<\/li>\n<li>QUEYRAS &#8211; Bramousse &#8211; p:32<\/li>\n<li>QUEYRAS &#8211; Furfande &#8211; p:33<\/li>\n<li>QUEYRAS &#8211; St V\u00e9ran &#8211; p:34<\/li>\n<\/ol>\n<h3>c) ALPES DU SUD<\/h3>\n<ol>\n<li>UBAYE &#8211; Larche &#8211; p:35<\/li>\n<li>PIEMONT &#8211; Demonte &#8211; p:36<\/li>\n<li>MERCANTOUR &#8211; Mont Saint Sauveur &#8211; p:37<\/li>\n<li>VESUBIE &#8211; Lombarde &#8211; p:38<\/li>\n<li>TINEE &#8211; Auron &#8211; p:39<\/li>\n<\/ol>\n<h3>E &#8211; PYR\u00c9N\u00c9ES<\/h3>\n<p>&nbsp;<\/p>\n<ol>\n<li>PYR\u00c9N\u00c9ES &#8211; Pays Basque &#8211; p:40<\/li>\n<li>PYR\u00c9N\u00c9ES ORIENTALES &#8211; Perthus &#8211; p:41<\/li>\n<li>PYR\u00c9N\u00c9ES ORIENTALES &#8211; Canigou &#8211; p:42<\/li>\n<\/ol>\n<hr \/>\n<h2>TOPO 2<\/h2>\n<h3>\u00a0A &#8211; VOSGES<\/h3>\n<ol>\n<li>VOSGES &#8211; La Bresse &#8211; p:10<\/li>\n<li>VOSGES &#8211; Sainte Marie aux Mines &#8211; p:12<\/li>\n<\/ol>\n<h3>B &#8211; PREALPES<\/h3>\n<ol>\n<li>VERCORS &#8211; Les Coulmes &#8211; p:14<\/li>\n<li>VERCORS &#8211; Saint Julien &#8211; p:15<\/li>\n<li>BUECH &#8211; D\u00e9voluy &#8211; p:17<\/li>\n<li>BUECH &#8211; Dolomites fran\u00e7aises &#8211; p:18<\/li>\n<li>BUECH &#8211; Saint Genis &#8211; p:20<\/li>\n<li>BUECH &#8211; Serres &#8211; p:21<\/li>\n<\/ol>\n<p>&nbsp;<\/p>\n<h3>C &#8211; ALPES<\/h3>\n<p>&nbsp;<\/p>\n<h3>a) \u00a0SAVOIE -DAUPHINE<\/h3>\n<ol>\n<li>HAUTE SAVOIE &#8211; Massif des Bornes &#8211; p:22<\/li>\n<li>BAUGES &#8211; Tour de l&#8217;Arcalod &#8211; p:23<\/li>\n<li>BAUGES &#8211; Aillon &#8211; p:24<\/li>\n<li>TARENTAISE &#8211; Les Arcs &#8211; p:25<\/li>\n<li>LES ROUSSES\u00a0 &#8211; Tour de l&#8217;Ouillon &#8211; p:26<\/li>\n<\/ol>\n<p><strong>b) \u00a0ALPES DU SUD<\/strong><\/p>\n<ol>\n<li>UBAYE &#8211; Viraysse &#8211; p:28<\/li>\n<li>UBAYE &#8211; Bonette &#8211; p:29<\/li>\n<li>HAUTE TINEE &#8211; Saint Delmas le Selvage &#8211; p:30<\/li>\n<li>MENTONNAIS\u00a0 &#8211; Sainte Agn\u00e8s &#8211; p:31<\/li>\n<li>VAR &#8211; Massif de l&#8217;Esterel &#8211; p:32<\/li>\n<li>VAR &#8211; Massif des Maures &#8211; p:34<\/li>\n<li>ITALIE &#8211; Ligurie &#8211; p:35<\/li>\n<\/ol>\n<p><strong>c) \u00a0DOLOMITES<\/strong><\/p>\n<ol>\n<li>DOLOMITES &#8211; Vall\u00e9e di Fraele &#8211; p:37<\/li>\n<li>DOLOMITES &#8211; Brenner &#8211; p:38<\/li>\n<li>DOLOMITES &#8211; Tre cime &#8211; p:39<\/li>\n<\/ol>\n<p>&nbsp;<\/p>\n<h3>D &#8211; PYR\u00c9N\u00c9ES<\/h3>\n<p>&nbsp;<\/p>\n<ol>\n<li>PAYS-BASQUE &#8211; Iraty &#8211; p:40<\/li>\n<li>PAYS-BASQUE &#8211; Nive &#8211; p:41<\/li>\n<li>PAYS-BASQUE &#8211; Navarre &#8211; p:42<\/li>\n<li>PYR\u00c9N\u00c9ES CENTRALES &#8211; Couserans-St Lary &#8211; p:44<\/li>\n<li>PYR\u00c9N\u00c9ES CENTRALES &#8211; Couserans-Araing &#8211; p:45<\/li>\n<li>PYR\u00c9N\u00c9ES CENTRALES &#8211; Couserans-Port d&#8217;Aula &#8211; p:46<\/li>\n<li>PYR\u00c9N\u00c9ES CENTRALES &#8211; Comminges-Luchon &#8211; p:47<\/li>\n<li>PYR\u00c9N\u00c9ES CENTRALES &#8211; Haute Ari\u00e8ge &#8211; p:48<\/li>\n<li>PYR\u00c9N\u00c9ES CENTRALES &#8211; Andorre &#8211; p:49<\/li>\n<\/ol>\n<hr \/>\n<h2>TOPO 3<\/h2>\n<h3>A &#8211; VOSGES<\/h3>\n<p>&nbsp;<\/p>\n<ol>\n<li>VOSGES &#8211; A la d\u00e9couverte du Petit Ballon &#8211; p:6-7<\/li>\n<li>VOSGES &#8211; A la d\u00e9couverte du Grand Ballon &#8211; p:8-9<\/li>\n<\/ol>\n<p>&nbsp;<\/p>\n<h3>B &#8211; PREALPES<\/h3>\n<p>&nbsp;<\/p>\n<ol>\n<li>VERCORS &#8211; De St Jean en Royans \u00e0 Vassieux &#8211; p:12-13<\/li>\n<li>VERCORS &#8211; Sur les cr\u00eates de Vassieux &#8211; p:14-15<\/li>\n<li>VERCORS &#8211; De Vassieux \u00e0 St Jean en Royans &#8211; p:16-17<\/li>\n<li>VERCORS &#8211; Tour des Gorges d&#8217;Ombl\u00e8ze &#8211; p:20<\/li>\n<li>DIOIS &#8211; Au pays de la Gervanne &#8211; p:18-19<\/li>\n<\/ol>\n<p>&nbsp;<\/p>\n<h3>C &#8211; MASSIF-CENTRAL<\/h3>\n<p>&nbsp;<\/p>\n<ol>\n<li>AUVERGNE &#8211; Tour du Sancy &#8211; p:21<\/li>\n<li>CEVENNES &#8211; Circuit des Drailles &#8211; p:22-23<\/li>\n<li>LANGUEDOC &#8211; Montagne de Marcou &#8211; p:26-27<\/li>\n<li>LANGUEDOC &#8211; Circuit des &#8220;D\u00e9couvertes&#8221; &#8211; p:25<\/li>\n<li>LANGUEDOC &#8211; Parc Naturel R\u00e9gional du Haut Languedoc &#8211; p:28-29<\/li>\n<li>LANGUEDOC &#8211; D\u00e9couverte de l&#8217;Espinouse et du Caroux &#8211; p:30-31<\/li>\n<\/ol>\n<p>&nbsp;<\/p>\n<h3>D &#8211; <u>ALPES<\/u><\/h3>\n<p>&nbsp;<\/p>\n<h3>a) SAVOIE<\/h3>\n<ol>\n<li>CHABLAIS &#8211; Tour du pays d&#8217;Oche &#8211; p:32<\/li>\n<li>CHABLAIS &#8211; Dans le Val d&#8217;Abondance &#8211; p:33<\/li>\n<li>CHABLAIS &#8211; Balade franco-suisse &#8211; p:34<\/li>\n<li>CHABLAIS &#8211; Tour des Grands Vans &#8211; p:35<\/li>\n<li>BEAUFORTIN &#8211; Tour du Grand Cretet &#8211; p:36<\/li>\n<li>TARENTAISE &#8211; Circuit du Mont Jovet &#8211; p:37<\/li>\n<li>TARENTAISE &#8211; Circuit des Allues &#8211; p:38<\/li>\n<\/ol>\n<h3>b) QUEYRAS<\/h3>\n<ol>\n<li>QUEYRAS &#8211; De Mont Dauphin \u00e0 Brian\u00e7on &#8211; p:40<\/li>\n<li>QUEYRAS &#8211; Tour de la T\u00eate des Toillies &#8211; p:41<\/li>\n<li>QUEYRAS &#8211;\u00a0Montagne du Cristillan &#8211; p:44<\/li>\n<li>QUEYRAS &#8211; Dans les escartons italiens &#8211; p:42-43<\/li>\n<\/ol>\n<h3>c) VALLEE de la ROYA<\/h3>\n<ol>\n<li>ROYA &#8211; Circuit de Tende Est &#8211; p:46-47<\/li>\n<li>ROYA &#8211; Circuit de Tende Ouest &#8211; p:48<\/li>\n<li>ROYA &#8211; Circuit de l&#8217;Authion &#8211; p:49<\/li>\n<\/ol>\n<p>&nbsp;<\/p>\n<h3>E &#8211; <u>PYR\u00c9N\u00c9ES<\/u><\/h3>\n<p>&nbsp;<\/p>\n<ol>\n<li>PYR\u00c9N\u00c9ES ORIENTALES\u00a0 &#8211; Cerdagne-Puigmal &#8211; p:50<\/li>\n<li>PYR\u00c9N\u00c9ES ARIEGEOISES &#8211; Circuit cathare &#8211; p:52-53<\/li>\n<li>PYR\u00c9N\u00c9ES ARIEGEOISES &#8211; Vall\u00e9e du Biros Nord &#8211; p:54-55<\/li>\n<li>PYR\u00c9N\u00c9ES ARIEGEOISES &#8211; Vall\u00e9e du Biros Sud &#8211; p:54-55<\/li>\n<li>PYR\u00c9N\u00c9ES CENTRALES &#8211; Soulor &#8211; p:51<\/li>\n<\/ol>\n<hr \/>\n<p>&nbsp;<\/p>\n<h2>TOPO 4<\/h2>\n<p>&nbsp;<\/p>\n<h3>A &#8211; VOSGES<\/h3>\n<p>&nbsp;<\/p>\n<ol>\n<li>VOSGES &#8211; Parc Naturel R\u00e9gional (Est) &#8211; p:6-7<\/li>\n<li>VOSGES &#8211; Parc Naturel R\u00e9gional (Ouest) &#8211; p:8-9<\/li>\n<li>PALATINAT &#8211; Naturpark &#8211; p:10-11<\/li>\n<li>VOSGES &#8211; Parc Naturel R\u00e9gional (Sud) &#8211; p:12-13<\/li>\n<li>VOSGES &#8211; Autour du rocher de Dabo &#8211; p:14-15<\/li>\n<li>VOSGES &#8211; Autour du Champ du Feu &#8211; p:16-17<\/li>\n<\/ol>\n<h3>B &#8211; PREALPES<\/h3>\n<p>&nbsp;<\/p>\n<ol>\n<li>CHARTREUSE &#8211; Au dessus du Monast\u00e8re &#8211; p:18-19<\/li>\n<li>TAILLEFER &#8211; Alpe du Grand Serre &#8211; p:20<\/li>\n<li>TRIEVES &#8211; Autour de Monestier &#8211; p:23<\/li>\n<li>TRIEVES &#8211; Tour du Mont Aiguille &#8211; p:24<\/li>\n<li>TRIEVES &#8211; Sur les Hauts Plateaux &#8211; p:25<\/li>\n<li>TRIEVES &#8211; Liaison Chichilianne- Grimone &#8211; p:26<\/li>\n<li>HAUT DIOIS &#8211; Autour de Grimone (I et II) &#8211; p:28-29<\/li>\n<li>TRIEVES &#8211; Balcon de l&#8217;Obiou &#8211; p:27<\/li>\n<li>DIOIS &#8211; Pr\u00e8s de la Croix de Justin &#8211; p:30-31<\/li>\n<li>DIOIS &#8211; Au pays de Gervanne &#8211; p:32<\/li>\n<li>GARLABAN &#8211; Les sentiers de Pagnol &#8211; p:33<\/li>\n<\/ol>\n<p>&nbsp;<\/p>\n<h3>C &#8211; <u>MASSIF-CENTRAL<\/u><\/h3>\n<p>&nbsp;<\/p>\n<ol>\n<li>CEVENNES &#8211; Sur les pentes de l&#8217;Aigoual &#8211; p:34-35<\/li>\n<li>CANTAL &#8211; Promenade dans les Puys &#8211; p:36-37<\/li>\n<li>LOIRE &#8211; D\u00e9couverte des cols du Forez &#8211; p:38<\/li>\n<li>TARN &#8211; Promenade en For\u00eat de Gr\u00e9signe &#8211; p:39<\/li>\n<\/ol>\n<p>&nbsp;<\/p>\n<h3>D &#8211; ALPES<\/h3>\n<h3>a) SAVOIE<\/h3>\n<ol>\n<li>1- BEAUFORTIN &#8211; Tour de la Pierra Menta &#8211; p:40-41<\/li>\n<li>2- TARENTAISE &#8211; Vall\u00e9e de Belleville &#8211; p:44<\/li>\n<li>3- MAURIENNE &#8211; Pays d&#8217;Arves &#8211; p:42-43<\/li>\n<li>4- MAURIENNE &#8211; Valfr\u00e9jus &#8211; p:45<\/li>\n<\/ol>\n<h3>b) BRIANCONNAIS<\/h3>\n<ol>\n<li>LES CERCES &#8211; Tour des Rochilles &#8211; p:48-49<\/li>\n<li>SERRE CHEVALIER &#8211; Tour de l&#8217;Eychauda &#8211; p:50-51<\/li>\n<li>MONTGENEVRE &#8211; Balade pr\u00e8s du Chaberton &#8211; p:46<\/li>\n<li>ARGENTIERE &#8211; Au dessus de Puy St Vincent &#8211; p:47<\/li>\n<li>IZOARD &#8211; Une porte du Queyras &#8211; p:52<\/li>\n<\/ol>\n<p>&nbsp;<\/p>\n<h3>E &#8211; PYR\u00c9N\u00c9ES<\/h3>\n<ol>\n<li>PYR\u00c9N\u00c9ES ORIENTALES &#8211; Tour du Capcir &#8211; p:54-55<\/li>\n<li>PYR\u00c9N\u00c9ES CENTRALES &#8211; En Andorre &#8211; p:53<\/li>\n<li>PYR\u00c9N\u00c9ES CENTRALES &#8211; Vall\u00e9e du Nistos &#8211; p:56<\/li>\n<\/ol>\n<hr \/>\n<p>&nbsp;<\/p>\n<h1>TOPO 5<\/h1>\n<p>&nbsp;<\/p>\n<h3>A &#8211; VOSGES<\/h3>\n<p>&nbsp;<\/p>\n<p>1- VOSGES &#8211; Longemer &#8211; p:6<br \/>\n2- TERRITOIRE de BELFORT &#8211; Giromagny &#8211; p:7<\/p>\n<h3>B &#8211; <u>ALPES<\/u> (PR\u00c9ALPES)<\/h3>\n<p>&nbsp;<\/p>\n<p>3- HAUTE SAVOIE\u00a0 &#8211; Chablais, Val d&#8217;Abondance &#8211; p:8-9<br \/>\n4- HAUTE SAVOIE\u00a0 &#8211; Chablais, Samoens-Morzine &#8211; p:10<br \/>\n5- HAUTE SAVOIE\u00a0 &#8211; Cha\u00eene des Aravis &#8211; p:11<br \/>\n6- SAVOIE &#8211; Parc naturel des Bauges &#8211; p:12-13<br \/>\n7- DR\u00d4ME &#8211; Diois, sous les Trois Becs &#8211; p:14-15<br \/>\n8- DR\u00d4ME &#8211; Diois, St Nazaire le D\u00e9sert &#8211; p:16<br \/>\n9- DR\u00d4ME, HAUTES &#8211; ALPES- Diois, Valdr\u00f4me &#8211; p:17<br \/>\n10- HAUTES-ALPES &#8211; Bochaine, Lus-la-Croix Haute &#8211; p:18<br \/>\n11- HAUTES-ALPES &#8211; Pays du B\u00fcech-Bochaine &#8211; p:19<br \/>\n12- HAUTES-ALPES, ALPES de HAUTE PROVENCE, DR\u00d4ME\u00a0&#8211; Pays de Serres-vall\u00e9e du Jabron &#8211; p:20-26<br \/>\n13- DR\u00d4M &#8211; Baronnies, B\u00e9nivay sur Ollon &#8211; p:27<br \/>\n14- DR\u00d4ME &#8211; Baronnies, St Auban &#8211; p:28-29<br \/>\n15- DR\u00d4ME &#8211; Baronnies, Nyonsais \u00a0&#8211; p:30<br \/>\n16- DR\u00d4ME &#8211; Baronnies, Nyonsais &#8211;\u00a0p:31<br \/>\n17- IS\u00c8RE &#8211; Tri\u00e8ves-Valbonnais, La Salette &#8211; p:32-33<\/p>\n<h3>ALPES (massifs centraux)<\/h3>\n<p><u><br \/>\n<\/u>18- SAVOIE &#8211; Maurienne, Vall\u00e9e d&#8217;Arves &#8211; p:34<br \/>\n19- SAVOIE &#8211; Maurienne, Les Karellis &#8211; p:35<br \/>\n20- SAVOIE &#8211; Vanoise, Courchevel &#8211; p:36<br \/>\n21- ALPES de HAUTE PROVENCE &#8211; Ubaye-Parpaillon &#8211; p:37<br \/>\n22- ALPES MARITIME &#8211; Haut Cians-Valberg &#8211; p:38<br \/>\n23- ALPES MARITIMES &#8211; Tin\u00e9e &#8211; p:39<br \/>\n24- ALPES MARITIMES-ITALIE &#8211; Vall\u00e9e de la Roya-Ligurie &#8211; p:40-42<br \/>\n25- ITALIE-PIEMONT &#8211; Cr\u00eates de l&#8217;Assietta &#8211; p:43<\/p>\n<h3>PROVENCE<\/h3>\n<p>26- VAUCLUSE &#8211; Dentelles de Montmirail &#8211; p:44-45<\/p>\n<p>27- BOUCHES du RH\u00d4NE &#8211; Calanques de Cassis &#8211; p:46-47<\/p>\n<p>&nbsp;<\/p>\n<h3>CORSE<\/h3>\n<p>28- HAUTE CORSE &#8211; Cap Corse &#8211; p:48<br \/>\n29- HAUTE CORSE &#8211; Balagne Agriate &#8211; p:49<br \/>\n30- HAUTE CORSE &#8211; Balagne Agriate &#8211; p:50<\/p>\n<h3>E &#8211; PYR\u00c9N\u00c9ES<\/h3>\n<p>31- ARI\u00c8GE &#8211; Couserans, Castillon &#8211; p:50<br \/>\n32- AUDE &#8211; Pays de Sault, Escouloubre &#8211; p:52-53<br \/>\n33- ARI\u00c8GE &#8211; Pays de Sault, Qu\u00e9rigut-Le Pla &#8211; p:54-55<br \/>\n34- AUDE &#8211; Pays de Sault, Rodome sud &#8211; p:56<br \/>\n35- AUDE &#8211; Pays de Sault, Rodome nord &#8211; p:57<br \/>\n36- ARI\u00c8GE-AUDE &#8211; Pays de Sault, Espezel &#8211; p:58-59<br \/>\n37- ARI\u00c8GE-AUDE &#8211; Pays de Sault, Camurac Ouest &#8211; p:60<br \/>\n38- ARI\u00c8GE-AUDE &#8211; Pays de Sault, Camurac Est &#8211; p:61<\/p>\n<hr \/>\n<hr \/>\n<p>&nbsp;<\/p>\n<h2>TOPO 6<\/h2>\n<p>&nbsp;<\/p>\n<h3>ALPES (Pr\u00e9alpes)<\/h3>\n<p>1- HAUTE SAVOIE &#8211; Chablais, Sixt-Fer-\u00e0-Cheval &#8211; p:6<br \/>\n2- HAUTE SAVOIE &#8211; Chablais, Vall\u00e9e d&#8217;Abondance &#8211; p:7<br \/>\n3- SAVOIE &#8211; Val d&#8217;Arly-Beaufortain &#8211; p:8<br \/>\n4- SAVOIE &#8211; Beaufortin &#8211; p:9<br \/>\n5- IS\u00c8RE &#8211; Matheysine, premier circuit &#8211; p:10<br \/>\n6- IS\u00c8RE &#8211; Matheysine, deuxi\u00e8me circuit &#8211; p:11<br \/>\n7- IS\u00c8RE &#8211; Vercors-Autrans &#8211; p:12<br \/>\n8- DR\u00d4ME &#8211; Diois-Roubion &#8211; p:13<br \/>\n9- DR\u00d4ME &#8211; Diois-For\u00eat de Sao\u00fc &#8211; p:14-15<br \/>\n10- DR\u00d4ME &#8211; Diois,Luc-en-Diois &#8211; p:16<br \/>\n11- DR\u00d4ME &#8211; Diois,Luc-en-Diois &#8211; p:17<br \/>\n12- DR\u00d4ME &#8211; Diois, Pontaix &#8211; p:18<br \/>\n13- HAUTES-ALPES \u00a0&#8211; Haut Buech-B\u00f4chaine &#8211; p:19<br \/>\n14- HAUTES-ALPES \u00a0&#8211; Pays du Buech-B\u00f4chaine &#8211; p:20<br \/>\n15- DR\u00d4ME-VAUCLUSE &#8211; Provence-Baronnies &#8211; p:21<br \/>\n16- DR\u00d4ME-VAUCLUSE &#8211; Provence-Baronnies-Ventoux &#8211; p:22-23<\/p>\n<h3>ALPES de HAUTE PROVENCE-ALPES MARITIMES<\/h3>\n<p>Voyage itin\u00e9rant\u00a0\u00a0\u00a0 &#8211; pr\u00e9sentation &#8211; p:24<\/p>\n<p>Premi\u00e8re \u00e9tape\u00a0 &#8211; Digne-Digne &#8211; p:25<\/p>\n<p>Deuxi\u00e8me \u00e9tape\u00a0 &#8211; Digne-Vauveni\u00e8res &#8211; p:26<\/p>\n<p>Troisi\u00e8me \u00e9tape &#8211; Vauveni\u00e8res-Blieux &#8211; p:27<\/p>\n<p>Quatri\u00e8me \u00e9tape &#8211; Blieux-Ch\u00e2teau Garnier &#8211; p:28<\/p>\n<p>Cinqui\u00e8me \u00e9tape &#8211; Ch\u00e2teau Garnier- Roncharel &#8211; p:29<\/p>\n<p>Sixi\u00e8me \u00e9tape &#8211; Roncharel-Puget Th\u00e9niers &#8211; p:30<\/p>\n<p>Septi\u00e8me \u00e9tape &#8211; Puget-Puget &#8211; p:31-32<\/p>\n<p>&nbsp;<\/p>\n<h3>ALPES (massifs centraux)<\/h3>\n<p>1- SAVOIE &#8211; Tarentaise &#8211; p:33<br \/>\n2- SAVOIE &#8211; Haute-Maurienne &#8211; p:34<br \/>\n3- IS\u00c8RE &#8211; Oisans &#8211; p:35<br \/>\n4- ALPES de HAUTE PROVENCE &#8211; Chambeyron &#8211; p:36<br \/>\n5- ALPES MARITIMES &#8211; Tin\u00e9e-V\u00e9subie &#8211; p:37<br \/>\n6- ALPES MARITIMES &#8211; Tin\u00e9e-V\u00e9subie &#8211; p:38<\/p>\n<h3>MASSIF-CENTRAL<\/h3>\n<p>1- LOIRE &#8211; Parc naturel r\u00e9gional du Pilat &#8211; p:39<br \/>\n2- ARD\u00c8CHE &#8211; Bas Vivarais &#8211; p:40<br \/>\n3- CANTAL\u00a0 &#8211; Massif du Cantal &#8211; p:41<br \/>\n4- LOZ\u00c8RE\u00a0 &#8211; Margeride &#8211; p:42-43<br \/>\n5- H\u00c9RAULT &#8211; Haut-Languedoc, Somail &#8211; p:44<br \/>\n6- H\u00c9RAULT &#8211; Haut-Languedoc, St Pons &#8211; p:45<br \/>\n7- H\u00c9RAULT &#8211; Haut-Languedoc, Lod\u00e8ve &#8211; \u00a0p:46-47<\/p>\n<h3>PYR\u00c9N\u00c9ES<\/h3>\n<p>1- PYR\u00c9N\u00c9ES ORIENTALES\u00a0 &#8211; Alb\u00e8res, Banyuls &#8211; p:48<br \/>\n2- PYR\u00c9N\u00c9ES ORIENTALES\u00a0 &#8211; Alb\u00e8res, Banyuls &#8211; p:49<br \/>\n3- PYR\u00c9N\u00c9ES ORIENTALES\u00a0 &#8211; Alb\u00e8res, Las Illas &#8211; p:50<br \/>\n4- AUDE &#8211; Massif des Corbi\u00e8res, Bugarach &#8211; p:51<br \/>\n5- AUDE &#8211; Massif des Corbi\u00e8res, St Louis et P.- p:52<br \/>\n6- AUDE &#8211; Massif des Corbi\u00e8res, Maisons &#8211; p:53<br \/>\n7- AUDE &#8211; Massif des Corbi\u00e8res, Tuchan &#8211; p:54-55<br \/>\n8- ARI\u00c8GE &#8211; Couserans &#8211; p:56<br \/>\n9- ESPAGNE &#8211; Val d&#8217;Aran &#8211; p:57<br \/>\n10- ESPAGNE &#8211; Val d&#8217;Aran &#8211; p:58<br \/>\n11- HAUTE-GARONNE &#8211; Luchonnais &#8211; p:59<br \/>\n12- PYR\u00c9N\u00c9ES-ATLANTIQUES &#8211; B\u00e9arn &#8211; p:60<br \/>\n13- PYR\u00c9N\u00c9ES-ATLANTIQUES &#8211; B\u00e9arn-Pays Basque &#8211; p:61<\/p>\n<hr \/>\n<p>&nbsp;<\/p>\n<h2>TOPO 7<\/h2>\n<p>&nbsp;<\/p>\n<h3>FORET-NOIRE<\/h3>\n<p>BADE-WURTEMBERG &#8211; Fribourg &#8211; p:5-7<\/p>\n<h3>ALPES (Pr\u00e9alpes)<\/h3>\n<p>1- HAUTE SAVOIE \u00a0&#8211; Massif des Bornes &#8211; p:8<br \/>\n2- DROME &#8211; Diois &#8211; p:9-10<br \/>\n3- DROME et HAUTES ALPES &#8211; Diois &#8211; p:11<br \/>\n4- DROME &#8211; Baronnies &#8211; p:12-20<br \/>\n5- HAUTES ALPES \u00a0&#8211; Pays du Bu\u00ebch &#8211; p:21<br \/>\n6- ALPES DE HAUTE PROVENCE &#8211; Montagne de Lure &#8211; p:22-23<\/p>\n<h3>ALPES (massifs centraux)<\/h3>\n<p>1- VALAIS &#8211; Val d&#8217;Entremont, Val d&#8217;Anniviers &#8211; p:24-25<br \/>\n2- VALAIS-HAUTE-SAVOIE &#8211; Mont-Blanc &#8211; p:26<br \/>\n3- SAVOIE &#8211; Beaufortin &#8211; p:27-28<br \/>\n4- SAVOIE &#8211; Les Hurti\u00e8res &#8211; p:29<br \/>\n5- IS\u00c8RE &#8211; Belledonne-Sept Laux &#8211; p:30-31<br \/>\n6- HAUTES-ALPES &#8211; Brian\u00e7onnais &#8211; p:32-33<br \/>\n7- ALPES DE HAUTE PROVENCE &#8211; Pays de la Durance &#8211; p:34-35<br \/>\n8- HAUTES ALPES &#8211; Queyras et Haute Ubaye &#8211; p:36<br \/>\n9- ALPES MARITIMES &#8211; V\u00e9subie et Moyen Var &#8211; p:37-40<\/p>\n<h3>PIEMONT<\/h3>\n<p>Valcavera &#8211; p:41<\/p>\n<h3>MASSIF-CENTRAL<\/h3>\n<p>1- LOZ\u00c8RE &#8211; C\u00e9vennes &#8211; p:42-43<br \/>\n2- HAUT LANGUEDOC, H\u00c9RAULT &#8211; Monts de Lacaune &#8211; p:44-47<br \/>\n3- H\u00c9RAULT, AUDE, TARN &#8211; Montagne Noire &#8211; p:48-49<\/p>\n<h3>PYR\u00c9N\u00c9ES<\/h3>\n<p>1- PYR\u00c9N\u00c9ES ORIENTALES &#8211; Cerdagne &#8211; p:50<br \/>\n2- ANDORRE, CATALOGNE &#8211; p:51-56<br \/>\n3- ARI\u00c8GE &#8211; Vall\u00e9e d&#8217;Ax &#8211; p:57<br \/>\n4- ARI\u00c8GE &#8211; Vicdessos &#8211; p:58<br \/>\n5- ARI\u00c8GE &#8211; Haut Salat &#8211; p:59<br \/>\n6- Hte GARONNE, Htes PYR\u00c9N\u00c9ES &#8211; Luchonnais p:60<\/p>\n<hr \/>\n<p>&nbsp;<\/p>\n<h2>TOPO SUISSE<\/h2>\n<h2><\/h2>\n<h3>Canton de BERN<\/h3>\n<p>1- Gstaad pages &#8211; p:54-55<\/p>\n<h3>Canton de FRIBOURG<\/h3>\n<p>1- Ch\u00e2tel-St-Denis &#8211; p:52-53<\/p>\n<h3>Canton des GRISONS<\/h3>\n<p>1- Bivio &#8211; p:56-57<br \/>\n2- Scuol &#8211; p:58-59<br \/>\n3- Laret &#8211; p:60-61<\/p>\n<h3>Canton du VALAIS<\/h3>\n<p>1- Grimentz &#8211; p:18-19<br \/>\n2- Morgins &#8211; p:16-17<br \/>\n3- Les Crosets &#8211; p:14-15<br \/>\n4- Orsi\u00e8res &#8211; p:20-21<br \/>\n5- Lac de Taney &#8211; p:12-13<br \/>\n6- Torgon &#8211; p:10-11<br \/>\n7- Martigny 1 &#8211; p:22-23<br \/>\n8- Martigny 2 &#8211; p:24-25<br \/>\n9- Verbier &#8211; p:8-9<br \/>\n10- Vissoie &#8211; p:30-31<br \/>\n11- Brig 1 &#8211; p:26-27<br \/>\n12- Brig 2 &#8211; p:28-29<br \/>\n13- Vallorcine &#8211; p:32-33<br \/>\n14- Le Ch\u00e2telard &#8211; p:34-35<\/p>\n<h3>Canton de VAUD<\/h3>\n<p>1- Ch\u00e2teau-d\u2019Oex &#8211; p:40-41<br \/>\n2- Les Diablerets 1 &#8211; p:46-47<br \/>\n3- Les Diablerets 2 &#8211; p:48-49<br \/>\n4- Villars-sur-Ollon &#8211;\u00a0p:36-37<br \/>\n5- Les Avants &#8211; p:38-39<br \/>\n6- Barboleusaz &#8211; p:50-51<br \/>\n7- Le S\u00e9pey &#8211; p:44-45<br \/>\n8- St-Cergue &#8211; p:42-43<br \/>\n9- Bi\u00e8re &#8211; p:62<\/p>\n<h3>Canton de SCHWYTZ<\/h3>\n<p>1- Einsiedeln &#8211; p:6-7<\/p>\n<p>&nbsp;<\/p>\n<p>&nbsp;<\/p>\n<p>&nbsp;<\/p>\n","protected":false},"excerpt":{"rendered":"<p>TOPO 1 A &#8211; VOSGES VOSGES &#8211; Raon l&#8217;\u00c9tape &#8211; p:12 VOSGES &#8211; Ballon d&#8217;Alsace &#8211; p:14 \u00a0B &#8211; ARDECHE HAUTE ARDECHE &#8211; Tour du Tanargue &#8211; p:16 ARDECHE &#8211; Vesseaux L&#8217;Escrinet &#8211; p:17 C &#8211; PREALPES DEVOLUY &#8211; Veynes &#8211; p:19 GAPENCAIS &#8211; Montmaur &#8211; p:20 DIOIS &#8211; Saint Nazaire le D\u00e9sert &#8211; p:21 [&hellip;]<\/p>\n","protected":false},"author":2001,"featured_media":0,"parent":0,"menu_order":0,"comment_status":"closed","ping_status":"closed","template":"","meta":{"_acf_changed":false,"ub_ctt_via":"","_monsterinsights_skip_tracking":false,"_monsterinsights_sitenote_active":false,"_monsterinsights_sitenote_note":"","_monsterinsights_sitenote_category":0,"footnotes":""},"acf":[],"featured_image_urls":{"full":"","thumbnail":"","medium":"","medium_large":"","large":"","1536x1536":"","2048x2048":"","woocommerce_thumbnail":"","woocommerce_single":"","woocommerce_gallery_thumbnail":""},"post_excerpt_stackable":"<p>TOPO 1 A &#8211; VOSGES VOSGES &#8211; Raon l&#8217;\u00c9tape &#8211; p:12 VOSGES &#8211; Ballon d&#8217;Alsace &#8211; p:14 \u00a0B &#8211; ARDECHE HAUTE ARDECHE &#8211; Tour du Tanargue &#8211; p:16 ARDECHE &#8211; Vesseaux L&#8217;Escrinet &#8211; p:17 C &#8211; PREALPES DEVOLUY &#8211; Veynes &#8211; p:19 GAPENCAIS &#8211; Montmaur &#8211; p:20 DIOIS &#8211; Saint Nazaire le D\u00e9sert &#8211; p:21 BARONNIES &#8211; Buis &#8211; p:22 CHARTREUSE &#8211; Outh\u00e9ran &#8211; p:23 D &#8211; ALPES a) SAVOIE &#8211; DAUPHINE HAUTE SAVOIE &#8211; Massif des Bornes &#8211; p:24 TARENTAISE &#8211; La Plagne &#8211; p:25 VANOISE &#8211; Courchevel &#8211; p:26 OISANS &#8211; Emparis &#8211; p:27 OISANS &#8211; Jandri &#8211;\u2026<\/p>\n","category_list":"","author_info":{"name":"Webmestre","url":"https:\/\/centcols.org\/backup\/author\/webmestre\/"},"comments_num":"0 commentaire","featured_image_urls_v2":{"full":"","thumbnail":"","medium":"","medium_large":"","large":"","1536x1536":"","2048x2048":"","woocommerce_thumbnail":"","woocommerce_single":"","woocommerce_gallery_thumbnail":""},"post_excerpt_stackable_v2":"<p>TOPO 1 A &#8211; VOSGES VOSGES &#8211; Raon l&#8217;\u00c9tape &#8211; p:12 VOSGES &#8211; Ballon d&#8217;Alsace &#8211; p:14 \u00a0B &#8211; ARDECHE HAUTE ARDECHE &#8211; Tour du Tanargue &#8211; p:16 ARDECHE &#8211; Vesseaux L&#8217;Escrinet &#8211; p:17 C &#8211; PREALPES DEVOLUY &#8211; Veynes &#8211; p:19 GAPENCAIS &#8211; Montmaur &#8211; p:20 DIOIS &#8211; Saint Nazaire le D\u00e9sert &#8211; p:21 BARONNIES &#8211; Buis &#8211; p:22 CHARTREUSE &#8211; Outh\u00e9ran &#8211; p:23 D &#8211; ALPES a) SAVOIE &#8211; DAUPHINE HAUTE SAVOIE &#8211; Massif des Bornes &#8211; p:24 TARENTAISE &#8211; La Plagne &#8211; p:25 VANOISE &#8211; Courchevel &#8211; p:26 OISANS &#8211; Emparis &#8211; p:27 OISANS &#8211; Jandri &#8211;\u2026<\/p>\n","category_list_v2":"","author_info_v2":{"name":"Webmestre","url":"https:\/\/centcols.org\/backup\/author\/webmestre\/"},"comments_num_v2":"0 commentaire","featured_image_src":null,"_links":{"self":[{"href":"https:\/\/centcols.org\/backup\/wp-json\/wp\/v2\/pages\/20745"}],"collection":[{"href":"https:\/\/centcols.org\/backup\/wp-json\/wp\/v2\/pages"}],"about":[{"href":"https:\/\/centcols.org\/backup\/wp-json\/wp\/v2\/types\/page"}],"author":[{"embeddable":true,"href":"https:\/\/centcols.org\/backup\/wp-json\/wp\/v2\/users\/2001"}],"replies":[{"embeddable":true,"href":"https:\/\/centcols.org\/backup\/wp-json\/wp\/v2\/comments?post=20745"}],"version-history":[{"count":0,"href":"https:\/\/centcols.org\/backup\/wp-json\/wp\/v2\/pages\/20745\/revisions"}],"wp:attachment":[{"href":"https:\/\/centcols.org\/backup\/wp-json\/wp\/v2\/media?parent=20745"}],"curies":[{"name":"wp","href":"https:\/\/api.w.org\/{rel}","templated":true}]}}