{"id":20831,"date":"2015-05-20T21:15:34","date_gmt":"2015-05-20T19:15:34","guid":{"rendered":"http:\/\/centcols.org\/backup\/?page_id=20831"},"modified":"2023-02-26T17:02:23","modified_gmt":"2023-02-26T16:02:23","slug":"cols-en-vrac","status":"publish","type":"page","link":"https:\/\/centcols.org\/backup\/cols-en-vrac\/","title":{"rendered":"Cols en vrac"},"content":{"rendered":"<pre>Les cols pr\u00e9sent\u00e9s dans ces articles n'engagent que les auteurs des articles \u00e0 la date o\u00f9 ils ont \u00e9t\u00e9 \u00e9crits.<\/pre>\n<pre>Aujourd'hui, les seuls cols valides sont ceux publi\u00e9s dans les <span style=\"color: #000000;\">derniers<\/span>\u00a0catalogues du club<\/pre>\n<h2>Europe<\/h2>\n<ul>\n<li><a href=\"http:\/\/www.gsoto.easynet.co.uk\/bikerides.htm\" target=\"_blank\" rel=\"noopener\">D\u00e9tail de plusieurs cols europ\u00e9ens<\/a>\u00a0 (anglais)<\/li>\n<\/ul>\n<h3>France<\/h3>\n<ul>\n<li><a class=\"iframe-fancybox\" href=\"https:\/\/centcols.org\/backup\/libre_service\/chaberton\/chaberton.htm\">Le Mont Chaberton<\/a> (Philippe Giraudin)<\/li>\n<li><a class=\"iframe-fancybox\" href=\"https:\/\/centcols.org\/backup\/libre_service\/divers\/la_corse_muletiere.htm\">Catalogue des cols muletiers cyclables de Corse<\/a> (Bernard Giraudeau)<\/li>\n<li><a class=\"iframe-fancybox\" href=\"https:\/\/centcols.org\/backup\/libre_service\/50_cols_haut-languedoc\/50_cols_haut_languedoc.htm\">50 cols sur les routes du Haut-Languedoc<\/a> (Pierre Gasc et Ren\u00e9 Poty)<\/li>\n<li><a class=\"iframe-fancybox\" href=\"https:\/\/centcols.org\/backup\/libre_service\/redondet-champs\/redondet-champs.htm\">Cols de Redondet et cols des Champs<\/a> (Ren\u00e9 Poty)<\/li>\n<li><a class=\"iframe-fancybox\" href=\"http:\/\/centcols.net\/libre_service\/bonette\/bonette.htm\">Le col de la Bonette<\/a> (Ren\u00e9 Poty)<\/li>\n<li><a class=\"iframe-fancybox\" href=\"https:\/\/centcols.org\/backup\/libre_service\/guillestrois\/guillestrois.htm\">Le Guillestrois comme camp de base !<\/a> (Bernard Giraudeau)<\/li>\n<li><a class=\"iframe-fancybox\" href=\"https:\/\/centcols.org\/backup\/libre_service\/parpaillon\/col_du_parpaillon.htm\">Le col du Parpaillon<\/a> (Ren\u00e9 Poty)<\/li>\n<li><a class=\"iframe-fancybox\" href=\"https:\/\/centcols.org\/backup\/libre_service\/sommeiller\/col_sommeiller.htm\">Le col Sommeiller<\/a> (Thierry Perret)<\/li>\n<li><a class=\"iframe-fancybox\" href=\"https:\/\/centcols.org\/backup\/libre_service\/divers\/col_des_moises.htm\">Le col des Moises<\/a> (Michel de Br\u00e9bisson)<\/li>\n<li><a class=\"iframe-fancybox\" href=\"https:\/\/centcols.org\/backup\/libre_service\/tende\/col_de_tende.htm\">Le col de Tende<\/a> (Ren\u00e9 Poty)<\/li>\n<li><a class=\"iframe-fancybox\" href=\"https:\/\/centcols.org\/backup\/libre_service\/charmette\/col_de_charmette.htm\">Le passage de la Charmette<\/a> (Ren\u00e9 Poty)<\/li>\n<li><a class=\"iframe-fancybox\" href=\"https:\/\/centcols.org\/backup\/libre_service\/souchet\/col_du_souchet.htm\">Le col du Souchet<\/a> (Ren\u00e9 Poty)<\/li>\n<li><a class=\"iframe-fancybox\" href=\"https:\/\/centcols.org\/backup\/libre_service\/jandri\/col_du_jandri.htm\">Le col du Jandri<\/a> (Ren\u00e9 Poty)<\/li>\n<li><a class=\"iframe-fancybox\" href=\"https:\/\/centcols.org\/backup\/libre_service\/divers\/la_guerre_des_pancartes.htm\">La guerre des pancartes<\/a> (Ren\u00e9 Poty)<\/li>\n<li><a class=\"iframe-fancybox\" href=\"https:\/\/centcols.org\/backup\/libre_service\/vallon\/col_du_vallon.htm\">Le col du Vallon<\/a> (Ren\u00e9 Poty)<\/li>\n<li><a class=\"iframe-fancybox\" href=\"https:\/\/centcols.org\/backup\/libre_service\/vallee_etroite\/col_de_la_vallee_etroite.htm\">Le col de la Vall\u00e9e Etroite<\/a> (Ren\u00e9 Poty)<\/li>\n<li><a class=\"iframe-fancybox\" href=\"https:\/\/centcols.org\/backup\/libre_service\/rochilles\/col_des_rochilles.htm\">Le col des Rochilles<\/a> (Ren\u00e9 Poty)<\/li>\n<\/ul>\n<h3>\u00a0Italie<\/h3>\n<ul>\n<li><a class=\"iframe-fancybox\" href=\"https:\/\/centcols.org\/backup\/libre_service\/passo_sella\/passo_sella.htm\">Passo Sella<\/a> (Ren\u00e9 Poty)<\/li>\n<li><a class=\"iframe-fancybox\" href=\"https:\/\/centcols.org\/backup\/libre_service\/morti\/colle_dei_morti.htm\">Colle dei Morti<\/a> (Thierry Perret)<\/li>\n<li><a class=\"iframe-fancybox\" href=\"https:\/\/centcols.org\/backup\/libre_service\/agnel\/col_agnel.htm\">Le col Agnel<\/a> (Thierry Perret)<\/li>\n<li><a class=\"iframe-fancybox\" href=\"https:\/\/centcols.org\/backup\/libre_service\/colli_Euganei\/colli_euganei.htm\">D\u00e9couverte des Colli Euganei<\/a> (Bernard Chalchat)<\/li>\n<\/ul>\n<h2>Canada<\/h2>\n<ul>\n<li><a href=\"http:\/\/www.peakfinder.com\/passes\" target=\"_blank\" rel=\"noopener\">Une liste de cols des Rocheuses canadiennes<\/a> (anglais) Chaque col est accompagn\u00e9 d&#8217;une description d\u00e9taill\u00e9e (\u00e9thymologie, historique, coordonn\u00e9es, photo&#8230;)<\/li>\n<\/ul>\n","protected":false},"excerpt":{"rendered":"<p>Les cols pr\u00e9sent\u00e9s dans ces articles n&#8217;engagent que les auteurs des articles \u00e0 la date o\u00f9 ils ont \u00e9t\u00e9 \u00e9crits. Aujourd&#8217;hui, les seuls cols valides sont ceux publi\u00e9s dans les derniers\u00a0catalogues du club Europe D\u00e9tail de plusieurs cols europ\u00e9ens\u00a0 (anglais) France Le Mont Chaberton (Philippe Giraudin) Catalogue des cols muletiers cyclables de Corse (Bernard Giraudeau) [&hellip;]<\/p>\n","protected":false},"author":17,"featured_media":0,"parent":0,"menu_order":0,"comment_status":"closed","ping_status":"closed","template":"","meta":{"_acf_changed":false,"ub_ctt_via":"","_monsterinsights_skip_tracking":false,"_monsterinsights_sitenote_active":false,"_monsterinsights_sitenote_note":"","_monsterinsights_sitenote_category":0,"footnotes":""},"acf":[],"featured_image_urls":{"full":"","thumbnail":"","medium":"","medium_large":"","large":"","1536x1536":"","2048x2048":"","woocommerce_thumbnail":"","woocommerce_single":"","woocommerce_gallery_thumbnail":""},"post_excerpt_stackable":"<p>Les cols pr\u00e9sent\u00e9s dans ces articles n&#8217;engagent que les auteurs des articles \u00e0 la date o\u00f9 ils ont \u00e9t\u00e9 \u00e9crits. Aujourd&#8217;hui, les seuls cols valides sont ceux publi\u00e9s dans les derniers\u00a0catalogues du club Europe D\u00e9tail de plusieurs cols europ\u00e9ens\u00a0 (anglais) France Le Mont Chaberton (Philippe Giraudin) Catalogue des cols muletiers cyclables de Corse (Bernard Giraudeau) 50 cols sur les routes du Haut-Languedoc (Pierre Gasc et Ren\u00e9 Poty) Cols de Redondet et cols des Champs (Ren\u00e9 Poty) Le col de la Bonette (Ren\u00e9 Poty) Le Guillestrois comme camp de base ! (Bernard Giraudeau) Le col du Parpaillon (Ren\u00e9 Poty) Le col\u2026<\/p>\n","category_list":"","author_info":{"name":"R\u00e9gis Paraz","url":"https:\/\/centcols.org\/backup\/author\/3225\/"},"comments_num":"0 commentaire","featured_image_urls_v2":{"full":"","thumbnail":"","medium":"","medium_large":"","large":"","1536x1536":"","2048x2048":"","woocommerce_thumbnail":"","woocommerce_single":"","woocommerce_gallery_thumbnail":""},"post_excerpt_stackable_v2":"<p>Les cols pr\u00e9sent\u00e9s dans ces articles n&#8217;engagent que les auteurs des articles \u00e0 la date o\u00f9 ils ont \u00e9t\u00e9 \u00e9crits. Aujourd&#8217;hui, les seuls cols valides sont ceux publi\u00e9s dans les derniers\u00a0catalogues du club Europe D\u00e9tail de plusieurs cols europ\u00e9ens\u00a0 (anglais) France Le Mont Chaberton (Philippe Giraudin) Catalogue des cols muletiers cyclables de Corse (Bernard Giraudeau) 50 cols sur les routes du Haut-Languedoc (Pierre Gasc et Ren\u00e9 Poty) Cols de Redondet et cols des Champs (Ren\u00e9 Poty) Le col de la Bonette (Ren\u00e9 Poty) Le Guillestrois comme camp de base ! (Bernard Giraudeau) Le col du Parpaillon (Ren\u00e9 Poty) Le col\u2026<\/p>\n","category_list_v2":"","author_info_v2":{"name":"R\u00e9gis Paraz","url":"https:\/\/centcols.org\/backup\/author\/3225\/"},"comments_num_v2":"0 commentaire","featured_image_src":null,"_links":{"self":[{"href":"https:\/\/centcols.org\/backup\/wp-json\/wp\/v2\/pages\/20831"}],"collection":[{"href":"https:\/\/centcols.org\/backup\/wp-json\/wp\/v2\/pages"}],"about":[{"href":"https:\/\/centcols.org\/backup\/wp-json\/wp\/v2\/types\/page"}],"author":[{"embeddable":true,"href":"https:\/\/centcols.org\/backup\/wp-json\/wp\/v2\/users\/17"}],"replies":[{"embeddable":true,"href":"https:\/\/centcols.org\/backup\/wp-json\/wp\/v2\/comments?post=20831"}],"version-history":[{"count":0,"href":"https:\/\/centcols.org\/backup\/wp-json\/wp\/v2\/pages\/20831\/revisions"}],"wp:attachment":[{"href":"https:\/\/centcols.org\/backup\/wp-json\/wp\/v2\/media?parent=20831"}],"curies":[{"name":"wp","href":"https:\/\/api.w.org\/{rel}","templated":true}]}}