{"id":20843,"date":"2015-07-17T20:50:18","date_gmt":"2015-07-17T18:50:18","guid":{"rendered":"http:\/\/centcols.org\/backup\/?page_id=20843"},"modified":"2020-04-12T10:30:00","modified_gmt":"2020-04-12T08:30:00","slug":"flux-rss","status":"publish","type":"page","link":"https:\/\/centcols.org\/backup\/flux-rss\/","title":{"rendered":"Flux RSS"},"content":{"rendered":"<p>Un <em>flux RSS<\/em> (RSS est le sigle pour Really Simple Syndication) est un flux\u00a0 permettant \u00e0 ses abonn\u00e9s de r\u00e9cup\u00e9rer automatiquement une partie (titre ou extrait) ou la totalit\u00e9 d\u2019un article nouvellement cr\u00e9\u00e9. Les <em>flux RSS <\/em>permettent de suivre l&#8217;actualit\u00e9 d&#8217;un site sans \u00eatre oblig\u00e9 de le visiter. Le fichier RSS a la possibilit\u00e9 d&#8217;\u00eatre lu par la plupart des navigateurs web r\u00e9cents, par des applications web sp\u00e9cialis\u00e9es ou encore par des logiciels de messagerie install\u00e9s sur votre ordinateur.<\/p>\n<p>Les flux RSS peuvent \u00e9galement \u00eatre utilis\u00e9s pour effectuer des liens automatiques entre les sites.<\/p>\n<p><strong>En vous abonnant\u00a0 vous serez inform\u00e9s automatiquement et en temps r\u00e9el des\u00a0 derni\u00e8res mises \u00e0 jour du site.<\/strong><\/p>\n<h2>S&#8217;abonner dans un logiciel de messagerie<\/h2>\n<p>Copiez l&#8217;url ci-dessous pour vous abonner au flux RSS dans votre logiciel de messagerie (courriel):<\/p>\n<p>https:\/\/centcols.org\/backup\/feed\/<\/p>\n<p><a href=\"https:\/\/centcols.org\/backup\/configurer-messagerie-pour-flux-rss\/\" target=\"_blank\" rel=\"noopener noreferrer\">cliquez ici pour voir la documentation d\u00e9taill\u00e9e<\/a><\/p>\n<h2>S&#8217;abonner dans un navigateur<\/h2>\n<p>Dans la plupart des navigateurs, la fonction RSS n&#8217;est plus offerte par d\u00e9faut. Il faut donc commencer par installer une extension. Ouvrez &#8220;extensions&#8221; ou &#8220;modules compl\u00e9mentaires&#8221; ou autre formulation \u00e9quivalente dans le menu de votre navigateur et recherchez-y &#8220;rss&#8221;. Quelles extensions existent, \u00e7a d\u00e9pend du navigateur (Firefox, Chrome, Edge, Safari, Opera&#8230;) et \u00e7a change avec le temps. C&#8217;est la raison pour laquelle nous ne pouvons pas vous fournir ici un conseil plus cibl\u00e9. Faites donc votre propre recherche parmi les extensions actuelles de votre navigateur pr\u00e9f\u00e9r\u00e9. Apr\u00e8s cette installation, cliquez sur le lien ci-dessous pour vous abonner:<\/p>\n<p><a href=\"https:\/\/centcols.org\/backup\/feed\/\" target=\"_blank\" rel=\"noopener noreferrer\">https:\/\/centcols.org\/backup\/feed\/<\/a><\/p>\n<h2>S&#8217;abonner avec un logiciel sp\u00e9cifique<\/h2>\n<p>Si votre logiciel de messagerie n&#8217;offre pas la possibilit\u00e9 de s&#8217;abonner \u00e0 un flux RSS, essayez un logiciel sp\u00e9cifiquement pr\u00e9vu pour cette fonction. Nous conseillons de faire une recherche internet sur &#8220;lecteur rss pour &#8230; (ou &#8220;rss reader for &#8230;&#8221;), en rempla\u00e7ant les points de suspension par votre syst\u00e8me d&#8217;exploitation (&#8220;linux&#8221;, &#8220;windows&#8221;, &#8220;mac os&#8221;, &#8220;android&#8221;&#8230;).<\/p>\n<p>&nbsp;<\/p>\n","protected":false},"excerpt":{"rendered":"<p>Un flux RSS (RSS est le sigle pour Really Simple Syndication) est un flux\u00a0 permettant \u00e0 ses abonn\u00e9s de r\u00e9cup\u00e9rer automatiquement une partie (titre ou extrait) ou la totalit\u00e9 d\u2019un article nouvellement cr\u00e9\u00e9. Les flux RSS permettent de suivre l&#8217;actualit\u00e9 d&#8217;un site sans \u00eatre oblig\u00e9 de le visiter. Le fichier RSS a la possibilit\u00e9 d&#8217;\u00eatre [&hellip;]<\/p>\n","protected":false},"author":17,"featured_media":0,"parent":0,"menu_order":0,"comment_status":"closed","ping_status":"closed","template":"","meta":{"_acf_changed":false,"ub_ctt_via":"","_monsterinsights_skip_tracking":false,"_monsterinsights_sitenote_active":false,"_monsterinsights_sitenote_note":"","_monsterinsights_sitenote_category":0,"footnotes":""},"acf":[],"featured_image_urls":{"full":"","thumbnail":"","medium":"","medium_large":"","large":"","1536x1536":"","2048x2048":"","woocommerce_thumbnail":"","woocommerce_single":"","woocommerce_gallery_thumbnail":""},"post_excerpt_stackable":"<p>Un flux RSS (RSS est le sigle pour Really Simple Syndication) est un flux\u00a0 permettant \u00e0 ses abonn\u00e9s de r\u00e9cup\u00e9rer automatiquement une partie (titre ou extrait) ou la totalit\u00e9 d\u2019un article nouvellement cr\u00e9\u00e9. Les flux RSS permettent de suivre l&#8217;actualit\u00e9 d&#8217;un site sans \u00eatre oblig\u00e9 de le visiter. Le fichier RSS a la possibilit\u00e9 d&#8217;\u00eatre lu par la plupart des navigateurs web r\u00e9cents, par des applications web sp\u00e9cialis\u00e9es ou encore par des logiciels de messagerie install\u00e9s sur votre ordinateur. Les flux RSS peuvent \u00e9galement \u00eatre utilis\u00e9s pour effectuer des liens automatiques entre les sites. En vous abonnant\u00a0 vous serez inform\u00e9s\u2026<\/p>\n","category_list":"","author_info":{"name":"R\u00e9gis Paraz","url":"https:\/\/centcols.org\/backup\/author\/3225\/"},"comments_num":"0 commentaire","featured_image_urls_v2":{"full":"","thumbnail":"","medium":"","medium_large":"","large":"","1536x1536":"","2048x2048":"","woocommerce_thumbnail":"","woocommerce_single":"","woocommerce_gallery_thumbnail":""},"post_excerpt_stackable_v2":"<p>Un flux RSS (RSS est le sigle pour Really Simple Syndication) est un flux\u00a0 permettant \u00e0 ses abonn\u00e9s de r\u00e9cup\u00e9rer automatiquement une partie (titre ou extrait) ou la totalit\u00e9 d\u2019un article nouvellement cr\u00e9\u00e9. Les flux RSS permettent de suivre l&#8217;actualit\u00e9 d&#8217;un site sans \u00eatre oblig\u00e9 de le visiter. Le fichier RSS a la possibilit\u00e9 d&#8217;\u00eatre lu par la plupart des navigateurs web r\u00e9cents, par des applications web sp\u00e9cialis\u00e9es ou encore par des logiciels de messagerie install\u00e9s sur votre ordinateur. Les flux RSS peuvent \u00e9galement \u00eatre utilis\u00e9s pour effectuer des liens automatiques entre les sites. En vous abonnant\u00a0 vous serez inform\u00e9s\u2026<\/p>\n","category_list_v2":"","author_info_v2":{"name":"R\u00e9gis Paraz","url":"https:\/\/centcols.org\/backup\/author\/3225\/"},"comments_num_v2":"0 commentaire","featured_image_src":null,"_links":{"self":[{"href":"https:\/\/centcols.org\/backup\/wp-json\/wp\/v2\/pages\/20843"}],"collection":[{"href":"https:\/\/centcols.org\/backup\/wp-json\/wp\/v2\/pages"}],"about":[{"href":"https:\/\/centcols.org\/backup\/wp-json\/wp\/v2\/types\/page"}],"author":[{"embeddable":true,"href":"https:\/\/centcols.org\/backup\/wp-json\/wp\/v2\/users\/17"}],"replies":[{"embeddable":true,"href":"https:\/\/centcols.org\/backup\/wp-json\/wp\/v2\/comments?post=20843"}],"version-history":[{"count":0,"href":"https:\/\/centcols.org\/backup\/wp-json\/wp\/v2\/pages\/20843\/revisions"}],"wp:attachment":[{"href":"https:\/\/centcols.org\/backup\/wp-json\/wp\/v2\/media?parent=20843"}],"curies":[{"name":"wp","href":"https:\/\/api.w.org\/{rel}","templated":true}]}}