{"id":21717,"date":"2015-06-15T17:10:16","date_gmt":"2015-06-15T15:10:16","guid":{"rendered":"http:\/\/centcols.org\/backup\/?page_id=21717"},"modified":"2022-12-16T09:24:11","modified_gmt":"2022-12-16T08:24:11","slug":"liste-de-diffusion","status":"publish","type":"page","link":"https:\/\/centcols.org\/backup\/liste-de-diffusion\/","title":{"rendered":"Liste de discussion"},"content":{"rendered":"<p><span style=\"font-size: 8pt;\">D&#8217;apr\u00e8s un texte initial de R\u00e9gis Paraz, avec la complicit\u00e9 d\u2019Agn\u00e8s M\u00e9oulet-Morieux<\/span><\/p>\n<p>La liste de discussion a essentiellement pour but de permettre la communication d\u2019informations entre ses inscrits, membres du Club des Cent Cols,\u00a0 sur des sujets li\u00e9s \u00e0 notre pratique du cyclotourisme.<\/p>\n<h2>\u00a0Inscription<\/h2>\n<p>Vous \u00eates membres du Club des Cent Cols, vous pouvez rejoindre la liste de discussion\u00a0 en envoyant simplement un courriel vide<\/p>\n<p>\u00e0 l&#8217;adresse suivante : <a class=\"moz-txt-link-abbreviated mailto-link\" href=\"mailto:cent-cols+subscribe@groups.io\" target=\"_blank\" rel=\"noopener\">cent-cols+subscribe@groups.io<\/a><\/p>\n<h3>Note importante de Daniel Bossard :<\/h3>\n<div><span style=\"color: #0000ff;\"><em>Pour \u00e9viter de voir\u00a0 ses messages envoy\u00e9s par &#8220;Pr\u00e9nom Nom&#8221;,\u00a0 il faut \u00e9diter son profil. Je ne sais pas s&#8217;il y a une m\u00e9thode plus simple, mais voil\u00e0 celle que j&#8217;ai utilis\u00e9e :<\/em><\/span><\/div>\n<div><\/div>\n<div><span style=\"color: #0000ff;\"><em>\u00a0\u00a0\u00a0 &#8211; aller sur le site\u00a0<\/em><em><a style=\"color: #0000ff;\" href=\"https:\/\/groups.io\/\" target=\"_blank\" rel=\"noopener\" data-saferedirecturl=\"https:\/\/www.google.com\/url?q=https:\/\/groups.io\/&amp;source=gmail&amp;ust=1608801617766000&amp;usg=AFQjCNGltQ-_yoIhb6NZ2M4M8wTAjmJhZg\">https:\/\/groups.io<\/a><\/em><em><br \/>\n<\/em><em>\u00a0\u00a0\u00a0 &#8211; clique en haut \u00e0 droite sur &#8220;<\/em><em><strong>Log in<\/strong><\/em><em>&#8220;<\/em><em><br \/>\n<\/em><em>\u00a0\u00a0\u00a0 &#8211; saisir son adresse mail dans Email Address et cliquer sur &#8216;<\/em><em><strong>Forgot your password, or don&#8217;t have one yet?&#8221;<\/strong><\/em><em><br \/>\n<\/em><em>\u00a0\u00a0\u00a0 &#8211; un lien est envoy\u00e9 dans votre boite mail. Cliquer sur ce lien : vous \u00eates sur la page d&#8217;accueil de votre profil<\/em><em><br \/>\n<\/em><em>\u00a0\u00a0\u00a0 &#8211; cliquer \u00e0 gauche sur\u00a0 &#8220;<\/em><em><strong>Identity<\/strong><\/em><em>&#8220;<\/em><em><br \/>\n<\/em><em>\u00a0\u00a0\u00a0 &#8211; vous pouvez \u00e9diter votre profil g\u00e9n\u00e9ral (cadre du haut) et votre profil Cent Cols en cliquant sur le bouton &#8220;<\/em><em><strong>Edit<\/strong><\/em><em>&#8221; correspondant.<\/em><\/span><\/div>\n<div><\/div>\n<div><span style=\"color: #0000ff;\"><em>\u00a0\u00a0\u00a0 &#8211; c&#8217;est le profil Cent Cols qui nous int\u00e9resse : l\u00e0 vous pouvez changer votre &#8220;<\/em><em><strong>Display Name<\/strong><\/em><em>&#8220;. C&#8217;est ce nom qui apparaitra comme exp\u00e9diteur lorsque vous enverrez un message sur la liste.<\/em><\/span><\/div>\n<div><\/div>\n<div><span style=\"color: #0000ff;\"><em>\u00a0\u00a0\u00a0 &#8211; N&#8217;oubliez pas de cliquer en bas de la page sur &#8220;<\/em><em><strong>Update Group Profile<\/strong><\/em><em>&#8221; pour que vos modifications soient enregistr\u00e9es.<\/em><\/span><\/div>\n<div><\/div>\n<div><\/div>\n<p>Il vous suffira ensuite d\u2019envoyer vos messages \u00e0 : cent-cols@groups.io<\/p>\n<p>Votre premier message peut \u00eatre l\u2019occasion de vous pr\u00e9senter bri\u00e8vement (nom, pr\u00e9nom, r\u00e9gion d\u2019habitation, centres d&#8217;int\u00e9r\u00eat v\u00e9lo, autres centres d&#8217;int\u00e9r\u00eat, \u00e9ventuellement site web personnel, tout ce qui nous permettra de mieux vous conna\u00eetre).<\/p>\n<p>Les gestionnaires de la liste sont actuellement\u00a0:<\/p>\n<p>Philippe Carrez (ancien membre du Conseil d\u2019Administration du club)<\/p>\n<p>Enrico Alberini (Pr\u00e9sident en exercice)<\/p>\n<p>Vous pouvez les joindre en \u00e9crivant \u00e0\u00a0:<\/p>\n<p><a href=\"mailto:carrez.philippe@free.fr\">carrez.philippe@free.fr<\/a><\/p>\n<p><a href=\"mailto:president@centcols.net\">president@centcols.net<\/a><\/p>\n<p>Pour vous d\u00e9sinscrire, <a href=\"mailto:cent-cols+unsubscribe@groups.io\" target=\"_blank\" rel=\"noopener\">cliquez ici<\/a><\/p>\n<p>Si vous changez d\u2019adresse, veuillez annuler votre ancienne adresse et refaire une demande pour la nouvelle. L&#8217;adresse enregistr\u00e9e sur la fiche de membre est ind\u00e9pendante de l&#8217;adresse utilis\u00e9e pour la pr\u00e9sente liste. En cas de changement, il y a donc en principe lieu de modifier l&#8217;une et l&#8217;autre.<\/p>\n<p>Voir fiche de membre\u00a0: <a href=\"https:\/\/centcols.org\/backup\/membres\/th\/profilM.php\">https:\/\/centcols.org\/backup\/membres\/th\/profilM.php<\/a><\/p>\n<h2>Charte de la liste de discussion du Club des Cent Cols<\/h2>\n<p>Cette charte d\u00e9crit les conditions d\u2019utilisation de la liste de discussion du Club des Cent Cols.<\/p>\n<h3><strong>Sujets<\/strong><\/h3>\n<p>Tous les th\u00e8mes concernant les activit\u00e9s de notre club ou li\u00e9s \u00e0 la pratique du cyclotourisme en g\u00e9n\u00e9ral et au cyclotourisme de montagne en particulier peuvent \u00eatre abord\u00e9s sur cette liste de discussion.<\/p>\n<p>Par contre, tout sujet d\u2019ordre politique ou religieux en particulier, ou pouvant conduire \u00e0 la pol\u00e9mique en g\u00e9n\u00e9ral est strictement interdit.<\/p>\n<p>Il est tout \u00e0 fait possible de s\u2019\u00e9carter, parfois et parcimonieusement, de ce th\u00e8me sportif en proposant des sujets li\u00e9s \u00e0 la culture g\u00e9n\u00e9rale par exemple.<\/p>\n<p>La bonne humeur et l\u2019humour sont non seulement autoris\u00e9s mais sollicit\u00e9s, tout en respectant une \u00e9thique bas\u00e9e sur le bon go\u00fbt g\u00e9n\u00e9ralement admis.<\/p>\n<h3><strong>Comportement social<\/strong><\/h3>\n<p>Pour que cette liste reste attrayante, conviviale et int\u00e9ressante pour l\u2019ensemble de ses abonn\u00e9s, il est important de respecter un certains nombre de r\u00e8gles \u00e9l\u00e9mentaires et \u00e9videntes.<\/p>\n<p>La politesse en toute circonstance est obligatoire (Ex\u00a0: Ecrire Bonjour en d\u00e9but de courriel).<\/p>\n<p>L\u2019emploi d\u2019un ton courtois est agr\u00e9able, donc conseill\u00e9. A contrario, une attitude d\u00e9sagr\u00e9able, agressive ou injurieuse est \u00e0 proscrire.<\/p>\n<p>N\u2019ayons aucune crainte d\u2019aborder tout sujet de notre choix dans le cadre autoris\u00e9, m\u00eame s&#8217;il a probablement d\u00e9j\u00e0 \u00e9t\u00e9 abord\u00e9 ant\u00e9rieurement. La r\u00e9ponse sera toujours patiente et amicale.<\/p>\n<p>La tol\u00e9rance en tout point est fortement souhait\u00e9e.<\/p>\n<h3><strong>Aspects pratiques<\/strong><\/h3>\n<p><strong>\u00a0<\/strong>Objet du message\u00a0: veillons \u00e0 indiquer un titre explicite et court.<\/p>\n<p>Pensons \u00e0 changer l\u2019objet du message si notre r\u00e9ponse diverge sensiblement du sujet original.<\/p>\n<p>\u00c9vitons les empilements de messages et ne gardons que celui ou ceux qui pr\u00e9sentent un int\u00e9r\u00eat probant pour la poursuite de la conversation.<\/p>\n<p>Les photos, documents et fichiers annexes mis directement dans un message ne sont pas permis. Par contre, un lien vers un montage de photos, vers un site int\u00e9ressant et concernant directement notre activit\u00e9 est souhait\u00e9.<\/p>\n<p>L\u2019anonymat n\u2019est pas accept\u00e9 et en cas de pseudonyme, le nom et l\u2019adresse internet doivent appara\u00eetre dans les messages que vous envoyez \u00e0 la liste.<\/p>\n<p>Il est recommand\u00e9 de ne pas envoyer sur la liste un message \u00e0 caract\u00e8re personnel. Si vous souhaitez r\u00e9pondre \u00e0 une seule et unique personne, veillez \u00e0 supprimer l&#8217;adresse cent-cols@groups.io, et \u00e0 n&#8217;indiquer que celle du destinataire concern\u00e9.<\/p>\n<h3><strong>Int\u00e9r\u00eat du sujet\u00a0<\/strong><\/h3>\n<p>Ayons \u00e0 l\u2019esprit que tous les sujets n\u2019int\u00e9resseront pas forc\u00e9ment l\u2019ensemble des abonn\u00e9s.<\/p>\n<p>Si des courriels concernant un sujet ne suscitent pas votre int\u00e9r\u00eat, il est largement pr\u00e9f\u00e9rable de les supprimer de votre bo\u00eete de r\u00e9ception plut\u00f4t que de protester.<\/p>\n<p>Par contre, il est important aussi ne pas surcharger la liste par des courriels nombreux, redondants et qui n\u2019apportent plus d\u2019\u00e9l\u00e9ments nouveaux.<\/p>\n<p>Vous pouvez aussi proposer \u00e0 vos interlocuteurs de continuer la discussion en cours dans un groupe priv\u00e9 et entre personnes\u00a0 int\u00e9ress\u00e9es par le sujet, avant de faire part de vos conclusions sur la liste.<\/p>\n<h3><strong>Langue<\/strong><\/h3>\n<p>Libre \u00e0 chacun d\u2019utiliser la langue de son choix mais le message ne sera pas lisible par la majorit\u00e9 s\u2019il ne comporte pas aussi une version en fran\u00e7ais, langue la plus utilis\u00e9e par les abonn\u00e9s.<\/p>\n<p>La traduction du fran\u00e7ais vers une autre langue d\u2019un courriel int\u00e9ressant sera la preuve de l\u2019int\u00e9r\u00eat que nous portons \u00e0 nos amis non-francophones.<\/p>\n<h3><strong>Mod\u00e9ration<\/strong><\/h3>\n<p>Compte tenu de la limite des th\u00e8mes abordables et du comportement ad\u00e9quat \u00e0 adopter, il n\u2019est donc pas envisag\u00e9 d\u2019avoir une mod\u00e9ration en amont par les gestionnaires.<\/p>\n<p>Faire un \u00e9cart par rapport \u00e0 cette charte est envisageable par erreur. L\u2019auteur pourra alors s\u2019en excuser sur la liste d\u00e8s qu\u2019il s\u2019en aper\u00e7oit.<\/p>\n<p>Si l\u2019\u00e9cart est constat\u00e9 par un tiers, il est fortement conseill\u00e9 \u00e0 ce dernier de demander poliment des explications \u00e0 l\u2019auteur car il peut s\u2019agir d\u2019une erreur et non d\u2019une volont\u00e9 r\u00e9elle.<\/p>\n<p>Si l\u2019erreur est possible et excusable, l\u2019action nuisible et d\u00e9lib\u00e9r\u00e9e\u00a0 ne l\u2019est pas.<\/p>\n<p>Les gestionnaires seront parfois amen\u00e9s \u00e0 intervenir au cours d\u2019une discussion pour maintenir la s\u00e9r\u00e9nit\u00e9 sur cette liste et \u00e9viter ainsi les risques de &#8220;surchauffe&#8221;. Les enseignements du pass\u00e9 pr\u00e9parent l\u2019avenir\u00a0!<\/p>\n<p>La mesure suivante sera de contacter l\u2019abonn\u00e9 en faute &#8220;en perso&#8221;, afin de lui indiquer son \u00e9cart et de lui demander de ne pas le renouveler.<\/p>\n<p>En cas de r\u00e9cidive, il sera \u00e9ventuellement exclu de la liste pour une dur\u00e9e \u00e0 d\u00e9terminer selon la gravit\u00e9 de la faute et selon l\u2019appr\u00e9ciation des gestionnaires et du Conseil d\u2019Administration du Club des Cent Cols.<\/p>\n<p><strong>Les membres du Club des Cent Cols sont diss\u00e9min\u00e9s dans de nombreuses r\u00e9gions ou pays diff\u00e9rents, et la plupart ne se connaissent pas. Cette liste est souvent le seul moyen de contact entre nous. C\u2019est, de ce fait, un lien puissant qui nous relie. Il est donc extr\u00eamement important de le pr\u00e9server en ayant \u00e0 l\u2019esprit que chacun de nos courriels selon son contenu, va le renforcer ou au contraire le corroder.<\/strong><\/p>\n<p>&nbsp;<\/p>\n<p><span style=\"font-size: 12pt;\"><em>R\u00e9dig\u00e9 par Bernard Giraudeau, d&#8221;apr\u00e8s un texte initial de R\u00e9gis Paraz, avec la complicit\u00e9 d\u2019Agn\u00e8s M\u00e9oulet-Morieux<\/em><\/span><\/p>\n<div id=\"finestramailtomailModalToPopup\" style=\"z-index: 1102;\">\n<p>&nbsp;<\/p>\n<\/div>\n<div><img \/><\/div>\n<div id=\"finestramailtomailModalToPopup\" style=\"z-index: 1102;\">\n<div id=\"finestramailtomailContentPopup\">\n<div id=\"finestramailtotoClose\"><\/div>\n<div id=\"finestramailtotoModalPopup\"><\/div>\n<p>&nbsp;<\/p>\n<\/div>\n<\/div>\n<div><img \/><\/div>\n","protected":false},"excerpt":{"rendered":"<p>D&#8217;apr\u00e8s un texte initial de R\u00e9gis Paraz, avec la complicit\u00e9 d\u2019Agn\u00e8s M\u00e9oulet-Morieux La liste de discussion a essentiellement pour but de permettre la communication d\u2019informations entre ses inscrits, membres du Club des Cent Cols,\u00a0 sur des sujets li\u00e9s \u00e0 notre pratique du cyclotourisme. \u00a0Inscription Vous \u00eates membres du Club des Cent Cols, vous pouvez rejoindre [&hellip;]<\/p>\n","protected":false},"author":586,"featured_media":0,"parent":0,"menu_order":0,"comment_status":"closed","ping_status":"closed","template":"","meta":{"_acf_changed":false,"ub_ctt_via":"","_monsterinsights_skip_tracking":false,"_monsterinsights_sitenote_active":false,"_monsterinsights_sitenote_note":"","_monsterinsights_sitenote_category":0,"footnotes":""},"acf":[],"featured_image_urls":{"full":"","thumbnail":"","medium":"","medium_large":"","large":"","1536x1536":"","2048x2048":"","woocommerce_thumbnail":"","woocommerce_single":"","woocommerce_gallery_thumbnail":""},"post_excerpt_stackable":"<p>D&#8217;apr\u00e8s un texte initial de R\u00e9gis Paraz, avec la complicit\u00e9 d\u2019Agn\u00e8s M\u00e9oulet-Morieux La liste de discussion a essentiellement pour but de permettre la communication d\u2019informations entre ses inscrits, membres du Club des Cent Cols,\u00a0 sur des sujets li\u00e9s \u00e0 notre pratique du cyclotourisme. \u00a0Inscription Vous \u00eates membres du Club des Cent Cols, vous pouvez rejoindre la liste de discussion\u00a0 en envoyant simplement un courriel vide \u00e0 l&#8217;adresse suivante : cent-cols+subscribe@groups.io Note importante de Daniel Bossard : Pour \u00e9viter de voir\u00a0 ses messages envoy\u00e9s par &#8220;Pr\u00e9nom Nom&#8221;,\u00a0 il faut \u00e9diter son profil. Je ne sais pas s&#8217;il y a une m\u00e9thode\u2026<\/p>\n","category_list":"","author_info":{"name":"Bernard Giraudeau","url":"https:\/\/centcols.org\/backup\/author\/3872\/"},"comments_num":"0 commentaire","featured_image_urls_v2":{"full":"","thumbnail":"","medium":"","medium_large":"","large":"","1536x1536":"","2048x2048":"","woocommerce_thumbnail":"","woocommerce_single":"","woocommerce_gallery_thumbnail":""},"post_excerpt_stackable_v2":"<p>D&#8217;apr\u00e8s un texte initial de R\u00e9gis Paraz, avec la complicit\u00e9 d\u2019Agn\u00e8s M\u00e9oulet-Morieux La liste de discussion a essentiellement pour but de permettre la communication d\u2019informations entre ses inscrits, membres du Club des Cent Cols,\u00a0 sur des sujets li\u00e9s \u00e0 notre pratique du cyclotourisme. \u00a0Inscription Vous \u00eates membres du Club des Cent Cols, vous pouvez rejoindre la liste de discussion\u00a0 en envoyant simplement un courriel vide \u00e0 l&#8217;adresse suivante : cent-cols+subscribe@groups.io Note importante de Daniel Bossard : Pour \u00e9viter de voir\u00a0 ses messages envoy\u00e9s par &#8220;Pr\u00e9nom Nom&#8221;,\u00a0 il faut \u00e9diter son profil. Je ne sais pas s&#8217;il y a une m\u00e9thode\u2026<\/p>\n","category_list_v2":"","author_info_v2":{"name":"Bernard Giraudeau","url":"https:\/\/centcols.org\/backup\/author\/3872\/"},"comments_num_v2":"0 commentaire","featured_image_src":null,"_links":{"self":[{"href":"https:\/\/centcols.org\/backup\/wp-json\/wp\/v2\/pages\/21717"}],"collection":[{"href":"https:\/\/centcols.org\/backup\/wp-json\/wp\/v2\/pages"}],"about":[{"href":"https:\/\/centcols.org\/backup\/wp-json\/wp\/v2\/types\/page"}],"author":[{"embeddable":true,"href":"https:\/\/centcols.org\/backup\/wp-json\/wp\/v2\/users\/586"}],"replies":[{"embeddable":true,"href":"https:\/\/centcols.org\/backup\/wp-json\/wp\/v2\/comments?post=21717"}],"version-history":[{"count":0,"href":"https:\/\/centcols.org\/backup\/wp-json\/wp\/v2\/pages\/21717\/revisions"}],"wp:attachment":[{"href":"https:\/\/centcols.org\/backup\/wp-json\/wp\/v2\/media?parent=21717"}],"curies":[{"name":"wp","href":"https:\/\/api.w.org\/{rel}","templated":true}]}}