{"id":21783,"date":"2015-06-23T13:19:43","date_gmt":"2015-06-23T11:19:43","guid":{"rendered":"http:\/\/centcols.org\/backup\/?page_id=21783"},"modified":"2018-01-16T10:48:55","modified_gmt":"2018-01-16T09:48:55","slug":"petites-annonces","status":"publish","type":"page","link":"https:\/\/centcols.org\/backup\/petites-annonces\/","title":{"rendered":"Petites annonces"},"content":{"rendered":"<blockquote><p>Pour passer une annonce (r\u00e9serv\u00e9 aux membres du club) envoyez votre message \u00e0 <a href=\"ma&#105;l&#116;o:&#105;n&#102;o&#64;&#99;&#101;ntcol&#115;&#46;net\">&#105;nfo&#64;&#99;en&#116;co&#108;s.n&#101;&#116;<\/a>.<\/p><\/blockquote>\n","protected":false},"excerpt":{"rendered":"<p>Pour passer une annonce (r\u00e9serv\u00e9 aux membres du club) envoyez votre message \u00e0 .<\/p>\n","protected":false},"author":17,"featured_media":0,"parent":0,"menu_order":0,"comment_status":"closed","ping_status":"open","template":"page-annonces.php","meta":{"_acf_changed":false,"ub_ctt_via":"","_monsterinsights_skip_tracking":false,"_monsterinsights_sitenote_active":false,"_monsterinsights_sitenote_note":"","_monsterinsights_sitenote_category":0,"footnotes":""},"acf":[],"featured_image_urls":{"full":"","thumbnail":"","medium":"","medium_large":"","large":"","1536x1536":"","2048x2048":"","woocommerce_thumbnail":"","woocommerce_single":"","woocommerce_gallery_thumbnail":""},"post_excerpt_stackable":"<p>Pour passer une annonce (r\u00e9serv\u00e9 aux membres du club) envoyez votre message \u00e0 &#105;&#110;fo&#64;&#99;en&#116;c&#111;ls.n&#101;t.<\/p>\n","category_list":"","author_info":{"name":"R\u00e9gis Paraz","url":"https:\/\/centcols.org\/backup\/author\/3225\/"},"comments_num":"0 commentaire","featured_image_urls_v2":{"full":"","thumbnail":"","medium":"","medium_large":"","large":"","1536x1536":"","2048x2048":"","woocommerce_thumbnail":"","woocommerce_single":"","woocommerce_gallery_thumbnail":""},"post_excerpt_stackable_v2":"<p>Pour passer une annonce (r\u00e9serv\u00e9 aux membres du club) envoyez votre message \u00e0 &#105;nfo&#64;cent&#99;ol&#115;&#46;n&#101;t.<\/p>\n","category_list_v2":"","author_info_v2":{"name":"R\u00e9gis Paraz","url":"https:\/\/centcols.org\/backup\/author\/3225\/"},"comments_num_v2":"0 commentaire","featured_image_src":null,"_links":{"self":[{"href":"https:\/\/centcols.org\/backup\/wp-json\/wp\/v2\/pages\/21783"}],"collection":[{"href":"https:\/\/centcols.org\/backup\/wp-json\/wp\/v2\/pages"}],"about":[{"href":"https:\/\/centcols.org\/backup\/wp-json\/wp\/v2\/types\/page"}],"author":[{"embeddable":true,"href":"https:\/\/centcols.org\/backup\/wp-json\/wp\/v2\/users\/17"}],"replies":[{"embeddable":true,"href":"https:\/\/centcols.org\/backup\/wp-json\/wp\/v2\/comments?post=21783"}],"version-history":[{"count":0,"href":"https:\/\/centcols.org\/backup\/wp-json\/wp\/v2\/pages\/21783\/revisions"}],"wp:attachment":[{"href":"https:\/\/centcols.org\/backup\/wp-json\/wp\/v2\/media?parent=21783"}],"curies":[{"name":"wp","href":"https:\/\/api.w.org\/{rel}","templated":true}]}}