{"id":23587,"date":"2016-01-31T21:44:46","date_gmt":"2016-01-31T20:44:46","guid":{"rendered":"http:\/\/centcols.org\/backup\/?page_id=23587"},"modified":"2020-03-06T20:01:53","modified_gmt":"2020-03-06T19:01:53","slug":"moyens-paiement","status":"publish","type":"page","link":"https:\/\/centcols.org\/backup\/moyens-paiement\/","title":{"rendered":"Comment effectuer son r\u00e8glement au Club des Cent Cols ?"},"content":{"rendered":"<h2 style=\"text-align: center;\">Moyens de r\u00e8glement libell\u00e9s en euros \u00e0 l\u2019ordre du Club des Cent Cols<\/h2>\n<table border=\"2\">\n<tbody>\n<tr>\n<td style=\"text-align: center;\"><strong>Moyens de r\u00e8glement libell\u00e9s uniquement en euros<\/strong><\/td>\n<td style=\"text-align: center;\"><strong>Membres fran\u00e7ais<\/strong><\/td>\n<td style=\"text-align: center;\"><strong>Membres de la zone SEPA<\/strong><\/td>\n<td style=\"text-align: center;\"><strong>Membres hors SEPA<\/strong><\/td>\n<\/tr>\n<tr>\n<td style=\"text-align: center;\">Ch\u00e8que payable en France<\/td>\n<td style=\"text-align: center;\">OUI<\/td>\n<td style=\"text-align: center;\">OUI<\/td>\n<td style=\"text-align: center;\">OUI<\/td>\n<\/tr>\n<tr>\n<td style=\"text-align: center;\">Ch\u00e8que payable hors de France<\/td>\n<td style=\"text-align: center;\">NON<\/td>\n<td style=\"text-align: center;\">NON<\/td>\n<td style=\"text-align: center;\">NON<\/td>\n<\/tr>\n<tr>\n<td style=\"text-align: center;\">Mandat postal international<\/td>\n<td style=\"text-align: center;\">OUI<\/td>\n<td style=\"text-align: center;\">OUI<\/td>\n<td style=\"text-align: center;\">OUI<\/td>\n<\/tr>\n<tr>\n<td style=\"text-align: center;\">Virement &lt; \u00e0 150 euros<\/td>\n<td style=\"text-align: center;\">OUI<\/td>\n<td style=\"text-align: center;\">OUI<\/td>\n<td style=\"text-align: center;\">OUI<\/td>\n<\/tr>\n<tr>\n<td style=\"text-align: center;\">Virement &gt; \u00e0 150 euros<\/td>\n<td style=\"text-align: center;\">OUI<\/td>\n<td style=\"text-align: center;\">OUI<\/td>\n<td style=\"text-align: center;\">NON<\/td>\n<\/tr>\n<tr>\n<td style=\"text-align: center;\">Paypal<\/td>\n<td style=\"text-align: center;\">OUI<\/td>\n<td style=\"text-align: center;\">OUI<\/td>\n<td style=\"text-align: center;\">OUI<\/td>\n<\/tr>\n<\/tbody>\n<\/table>\n<p><u>Attention<\/u> : Les ordres de virement doivent obligatoirement comporter les coordonn\u00e9es bancaires du Club des Cent Cols. Vous pouvez obtenir ces derni\u00e8res sur le <a href=\"https:\/\/centcols.org\/backup\/la_boutique\/membres\/RIB.png\">relev\u00e9 d&#8217;identit\u00e9 bancaire (RIB)<\/a> du club. <em>Vous devez \u00eatre membre du club pour que le RIB s&#8217;affiche. Si vous avez.un paiement \u00e0 faire mais n&#8217;\u00eates pas (encore) membre, demandez les informations correspondantes \u00e0 l&#8217;adresse <a href=\"m&#97;&#105;&#108;&#116;o:&#116;r&#101;so&#114;ier&#64;&#99;e&#110;&#116;&#99;&#111;&#108;&#115;.&#110;&#101;t\">&#116;&#114;&#101;&#115;&#111;rie&#114;&#64;&#99;&#101;&#110;tcols&#46;n&#101;&#116;<\/a>.<br \/>\n<\/em><\/p>\n<p>Le libell\u00e9 de l\u2019ordre de virement doit imp\u00e9rativement comporter le num\u00e9ro et le nom de l\u2019adh\u00e9rent ainsi que l\u2019objet du virement.<\/p>\n<p>Si r\u00e8glement paypal : un forfait pour frais de traitement sera appliqu\u00e9.<\/p>\n<p>If payment is made by PayPal an additional amount to cover the fees paid by the Club in this case.<\/p>\n","protected":false},"excerpt":{"rendered":"<p>Moyens de r\u00e8glement libell\u00e9s en euros \u00e0 l\u2019ordre du Club des Cent Cols Moyens de r\u00e8glement libell\u00e9s uniquement en euros Membres fran\u00e7ais Membres de la zone SEPA Membres hors SEPA Ch\u00e8que payable en France OUI OUI OUI Ch\u00e8que payable hors de France NON NON NON Mandat postal international OUI OUI OUI Virement &lt; \u00e0 150 [&hellip;]<\/p>\n","protected":false},"author":17,"featured_media":0,"parent":0,"menu_order":0,"comment_status":"closed","ping_status":"closed","template":"","meta":{"_acf_changed":false,"ub_ctt_via":"","_monsterinsights_skip_tracking":false,"_monsterinsights_sitenote_active":false,"_monsterinsights_sitenote_note":"","_monsterinsights_sitenote_category":0,"footnotes":""},"acf":[],"featured_image_urls":{"full":"","thumbnail":"","medium":"","medium_large":"","large":"","1536x1536":"","2048x2048":"","woocommerce_thumbnail":"","woocommerce_single":"","woocommerce_gallery_thumbnail":""},"post_excerpt_stackable":"<p>Moyens de r\u00e8glement libell\u00e9s en euros \u00e0 l\u2019ordre du Club des Cent Cols Moyens de r\u00e8glement libell\u00e9s uniquement en euros Membres fran\u00e7ais Membres de la zone SEPA Membres hors SEPA Ch\u00e8que payable en France OUI OUI OUI Ch\u00e8que payable hors de France NON NON NON Mandat postal international OUI OUI OUI Virement &lt; \u00e0 150 euros OUI OUI OUI Virement &gt; \u00e0 150 euros OUI OUI NON Paypal OUI OUI OUI Attention : Les ordres de virement doivent obligatoirement comporter les coordonn\u00e9es bancaires du Club des Cent Cols. Vous pouvez obtenir ces derni\u00e8res sur le relev\u00e9 d&#8217;identit\u00e9 bancaire (RIB) du\u2026<\/p>\n","category_list":"","author_info":{"name":"R\u00e9gis Paraz","url":"https:\/\/centcols.org\/backup\/author\/3225\/"},"comments_num":"0 commentaire","featured_image_urls_v2":{"full":"","thumbnail":"","medium":"","medium_large":"","large":"","1536x1536":"","2048x2048":"","woocommerce_thumbnail":"","woocommerce_single":"","woocommerce_gallery_thumbnail":""},"post_excerpt_stackable_v2":"<p>Moyens de r\u00e8glement libell\u00e9s en euros \u00e0 l\u2019ordre du Club des Cent Cols Moyens de r\u00e8glement libell\u00e9s uniquement en euros Membres fran\u00e7ais Membres de la zone SEPA Membres hors SEPA Ch\u00e8que payable en France OUI OUI OUI Ch\u00e8que payable hors de France NON NON NON Mandat postal international OUI OUI OUI Virement &lt; \u00e0 150 euros OUI OUI OUI Virement &gt; \u00e0 150 euros OUI OUI NON Paypal OUI OUI OUI Attention : Les ordres de virement doivent obligatoirement comporter les coordonn\u00e9es bancaires du Club des Cent Cols. Vous pouvez obtenir ces derni\u00e8res sur le relev\u00e9 d&#8217;identit\u00e9 bancaire (RIB) du\u2026<\/p>\n","category_list_v2":"","author_info_v2":{"name":"R\u00e9gis Paraz","url":"https:\/\/centcols.org\/backup\/author\/3225\/"},"comments_num_v2":"0 commentaire","featured_image_src":null,"_links":{"self":[{"href":"https:\/\/centcols.org\/backup\/wp-json\/wp\/v2\/pages\/23587"}],"collection":[{"href":"https:\/\/centcols.org\/backup\/wp-json\/wp\/v2\/pages"}],"about":[{"href":"https:\/\/centcols.org\/backup\/wp-json\/wp\/v2\/types\/page"}],"author":[{"embeddable":true,"href":"https:\/\/centcols.org\/backup\/wp-json\/wp\/v2\/users\/17"}],"replies":[{"embeddable":true,"href":"https:\/\/centcols.org\/backup\/wp-json\/wp\/v2\/comments?post=23587"}],"version-history":[{"count":0,"href":"https:\/\/centcols.org\/backup\/wp-json\/wp\/v2\/pages\/23587\/revisions"}],"wp:attachment":[{"href":"https:\/\/centcols.org\/backup\/wp-json\/wp\/v2\/media?parent=23587"}],"curies":[{"name":"wp","href":"https:\/\/api.w.org\/{rel}","templated":true}]}}