{"id":24911,"date":"2017-02-16T13:33:48","date_gmt":"2017-02-16T12:33:48","guid":{"rendered":"http:\/\/centcols.org\/backup\/?page_id=24911"},"modified":"2020-06-14T10:04:31","modified_gmt":"2020-06-14T08:04:31","slug":"liste-des-sondages","status":"publish","type":"page","link":"https:\/\/centcols.org\/backup\/liste-des-sondages\/","title":{"rendered":"Sondages"},"content":{"rendered":"<table>\n<tbody>\n<tr>\n<td style=\"text-align: left;\"><a href=\"https:\/\/centcols.org\/backup\/sondage-entree-au-club\/\" target=\"_blank\" rel=\"noopener noreferrer\">Sondage \u00e0 propos de votre entr\u00e9e au club<\/a><\/td>\n<td style=\"text-align: center;\">\n<p><a href=\"https:\/\/centcols.org\/backup\/umfrage-uber-ihren-eintritt-zum-club-des-cent-cols\/\" target=\"_blank\" rel=\"noopener noreferrer\">Umfrage \u00fcber Ihren Eintritt zum Club des Cent Cols<\/a><\/p>\n<p>&nbsp;<\/td>\n<td style=\"text-align: right;\"><a href=\"https:\/\/centcols.org\/backup\/en\/survey-about-you-joining-the-club\/\">Survey about you joining the Club<\/a><\/td>\n<\/tr>\n<tr>\n<td style=\"text-align: right;\"><a href=\"https:\/\/centcols.org\/backup\/it\/sondaggio-adesione-club\/\">Sondaggio a riguardo della vostra adesione al club<\/a><\/td>\n<td style=\"text-align: left;\"><\/td>\n<td>\u00a0<a href=\"https:\/\/centcols.org\/backup\/enquete-over-uw-lidmaatschap-bij-de-club\/\" target=\"_blank\" rel=\"noopener noreferrer\">Enquete over uw lidmaatschap bij de Club<\/a><\/td>\n<\/tr>\n<\/tbody>\n<\/table>\n<p>&nbsp;<\/p>\n<p>&nbsp;<\/p>\n<p>&nbsp;<\/p>\n<p>&nbsp;<\/p>\n<p><strong>\u00a0<\/strong><\/p>\n","protected":false},"excerpt":{"rendered":"<p>Sondage \u00e0 propos de votre entr\u00e9e au club Umfrage \u00fcber Ihren Eintritt zum Club des Cent Cols &nbsp; Survey about you joining the Club Sondaggio a riguardo della vostra adesione al club \u00a0Enquete over uw lidmaatschap bij de Club &nbsp; &nbsp; &nbsp; &nbsp; \u00a0<\/p>\n","protected":false},"author":17,"featured_media":0,"parent":0,"menu_order":0,"comment_status":"closed","ping_status":"closed","template":"","meta":{"_acf_changed":false,"ub_ctt_via":"","_monsterinsights_skip_tracking":false,"_monsterinsights_sitenote_active":false,"_monsterinsights_sitenote_note":"","_monsterinsights_sitenote_category":0,"footnotes":""},"acf":[],"featured_image_urls":{"full":"","thumbnail":"","medium":"","medium_large":"","large":"","1536x1536":"","2048x2048":"","woocommerce_thumbnail":"","woocommerce_single":"","woocommerce_gallery_thumbnail":""},"post_excerpt_stackable":"<p>Sondage \u00e0 propos de votre entr\u00e9e au club Umfrage \u00fcber Ihren Eintritt zum Club des Cent Cols &nbsp; Survey about you joining the Club Sondaggio a riguardo della vostra adesione al club \u00a0Enquete over uw lidmaatschap bij de Club &nbsp; &nbsp; &nbsp; &nbsp; \u00a0<\/p>\n","category_list":"","author_info":{"name":"R\u00e9gis Paraz","url":"https:\/\/centcols.org\/backup\/author\/3225\/"},"comments_num":"0 commentaire","featured_image_urls_v2":{"full":"","thumbnail":"","medium":"","medium_large":"","large":"","1536x1536":"","2048x2048":"","woocommerce_thumbnail":"","woocommerce_single":"","woocommerce_gallery_thumbnail":""},"post_excerpt_stackable_v2":"<p>Sondage \u00e0 propos de votre entr\u00e9e au club Umfrage \u00fcber Ihren Eintritt zum Club des Cent Cols &nbsp; Survey about you joining the Club Sondaggio a riguardo della vostra adesione al club \u00a0Enquete over uw lidmaatschap bij de Club &nbsp; &nbsp; &nbsp; &nbsp; \u00a0<\/p>\n","category_list_v2":"","author_info_v2":{"name":"R\u00e9gis Paraz","url":"https:\/\/centcols.org\/backup\/author\/3225\/"},"comments_num_v2":"0 commentaire","featured_image_src":null,"_links":{"self":[{"href":"https:\/\/centcols.org\/backup\/wp-json\/wp\/v2\/pages\/24911"}],"collection":[{"href":"https:\/\/centcols.org\/backup\/wp-json\/wp\/v2\/pages"}],"about":[{"href":"https:\/\/centcols.org\/backup\/wp-json\/wp\/v2\/types\/page"}],"author":[{"embeddable":true,"href":"https:\/\/centcols.org\/backup\/wp-json\/wp\/v2\/users\/17"}],"replies":[{"embeddable":true,"href":"https:\/\/centcols.org\/backup\/wp-json\/wp\/v2\/comments?post=24911"}],"version-history":[{"count":0,"href":"https:\/\/centcols.org\/backup\/wp-json\/wp\/v2\/pages\/24911\/revisions"}],"wp:attachment":[{"href":"https:\/\/centcols.org\/backup\/wp-json\/wp\/v2\/media?parent=24911"}],"curies":[{"name":"wp","href":"https:\/\/api.w.org\/{rel}","templated":true}]}}