{"id":25494,"date":"2017-11-21T09:56:14","date_gmt":"2017-11-21T08:56:14","guid":{"rendered":"http:\/\/centcols.org\/backup\/?page_id=25494"},"modified":"2017-11-21T10:15:09","modified_gmt":"2017-11-21T09:15:09","slug":"documents-cols","status":"publish","type":"page","link":"https:\/\/centcols.org\/backup\/documents-cols\/","title":{"rendered":"Documents des cols"},"content":{"rendered":"<div data-canvas-width=\"72.52872\">Pour les cols figurant dans les catalogues du club (ainsi que certains cols non valid\u00e9s) un <a href=\"https:\/\/centcols.org\/backup\/util\/geo\/visuGen.php\">affichage sur cartes g\u00e9ographiques<\/a> est disponible. Pour une partie de ces cols, des photos et autres documents peuvent aussi \u00eatre affich\u00e9s sur la m\u00eame page. Si un col n&#8217;est pas encore document\u00e9 de cette mani\u00e8re, il est possible de nous <a href=\"https:\/\/centcols.org\/backup\/photos-de-cols\">envoyer vos photos et autres documents<\/a>.<\/div>\n<div data-canvas-width=\"72.52872\"><\/div>\n","protected":false},"excerpt":{"rendered":"<p>Pour les cols figurant dans les catalogues du club (ainsi que certains cols non valid\u00e9s) un affichage sur cartes g\u00e9ographiques est disponible. Pour une partie de ces cols, des photos et autres documents peuvent aussi \u00eatre affich\u00e9s sur la m\u00eame page. Si un col n&#8217;est pas encore document\u00e9 de cette mani\u00e8re, il est possible de [&hellip;]<\/p>\n","protected":false},"author":15,"featured_media":0,"parent":0,"menu_order":0,"comment_status":"closed","ping_status":"closed","template":"","meta":{"_acf_changed":false,"ub_ctt_via":"","_monsterinsights_skip_tracking":false,"_monsterinsights_sitenote_active":false,"_monsterinsights_sitenote_note":"","_monsterinsights_sitenote_category":0,"footnotes":""},"acf":[],"featured_image_urls":{"full":"","thumbnail":"","medium":"","medium_large":"","large":"","1536x1536":"","2048x2048":"","woocommerce_thumbnail":"","woocommerce_single":"","woocommerce_gallery_thumbnail":""},"post_excerpt_stackable":"<p>Pour les cols figurant dans les catalogues du club (ainsi que certains cols non valid\u00e9s) un affichage sur cartes g\u00e9ographiques est disponible. Pour une partie de ces cols, des photos et autres documents peuvent aussi \u00eatre affich\u00e9s sur la m\u00eame page. Si un col n&#8217;est pas encore document\u00e9 de cette mani\u00e8re, il est possible de nous envoyer vos photos et autres documents.<\/p>\n","category_list":"","author_info":{"name":"Patrick Schleppi","url":"https:\/\/centcols.org\/backup\/author\/5845\/"},"comments_num":"0 commentaire","featured_image_urls_v2":{"full":"","thumbnail":"","medium":"","medium_large":"","large":"","1536x1536":"","2048x2048":"","woocommerce_thumbnail":"","woocommerce_single":"","woocommerce_gallery_thumbnail":""},"post_excerpt_stackable_v2":"<p>Pour les cols figurant dans les catalogues du club (ainsi que certains cols non valid\u00e9s) un affichage sur cartes g\u00e9ographiques est disponible. Pour une partie de ces cols, des photos et autres documents peuvent aussi \u00eatre affich\u00e9s sur la m\u00eame page. Si un col n&#8217;est pas encore document\u00e9 de cette mani\u00e8re, il est possible de nous envoyer vos photos et autres documents.<\/p>\n","category_list_v2":"","author_info_v2":{"name":"Patrick Schleppi","url":"https:\/\/centcols.org\/backup\/author\/5845\/"},"comments_num_v2":"0 commentaire","featured_image_src":null,"_links":{"self":[{"href":"https:\/\/centcols.org\/backup\/wp-json\/wp\/v2\/pages\/25494"}],"collection":[{"href":"https:\/\/centcols.org\/backup\/wp-json\/wp\/v2\/pages"}],"about":[{"href":"https:\/\/centcols.org\/backup\/wp-json\/wp\/v2\/types\/page"}],"author":[{"embeddable":true,"href":"https:\/\/centcols.org\/backup\/wp-json\/wp\/v2\/users\/15"}],"replies":[{"embeddable":true,"href":"https:\/\/centcols.org\/backup\/wp-json\/wp\/v2\/comments?post=25494"}],"version-history":[{"count":0,"href":"https:\/\/centcols.org\/backup\/wp-json\/wp\/v2\/pages\/25494\/revisions"}],"wp:attachment":[{"href":"https:\/\/centcols.org\/backup\/wp-json\/wp\/v2\/media?parent=25494"}],"curies":[{"name":"wp","href":"https:\/\/api.w.org\/{rel}","templated":true}]}}