{"id":36827,"date":"2019-11-12T18:01:56","date_gmt":"2019-11-12T17:01:56","guid":{"rendered":"https:\/\/centcols.org\/backup\/?page_id=36827"},"modified":"2020-05-21T09:27:33","modified_gmt":"2020-05-21T07:27:33","slug":"annexe","status":"publish","type":"page","link":"https:\/\/centcols.org\/backup\/annexe\/","title":{"rendered":"En savoir plus sur le Club des Cent Cols"},"content":{"rendered":"\n<p><\/p>\n\n\n<p>Notre club a pour vocation de r\u00e9unir les personnes passionn\u00e9es de cyclisme en montagne et de favoriser la mise en commun des connaissances acquises sur les cols du monde entier.<\/p>\n<p><em>Nous ne sommes pas un club de comp\u00e9tition &#8211; nos membres roulent \u00e0 leur propre rythme, o\u00f9 et quand ils le souhaitent, sur les routes ou sur les sentiers de montagne, seuls ou en groupe. Certains membres grimpent moins de dix cols en un an, d\u2019autres plus d\u2019une centaine.\u00a0 Mais nous esp\u00e9rons que vous partagerez au moins notre passion pour la montagne et que vous vous r\u00e9jouirez de relever le d\u00e9fi de gravir des cols partout dans le monde.<\/em><\/p>\n<p>L\u2019appartenance \u00e0 notre club\u00a0 implique de facto une attitude amicale, conciliante et bienveillante dans les rapports entre les membres, et sans esprit de comp\u00e9tition.<\/p>\n<p>Nous souhaitons consacrer nos rubriques et nos \u00e9changes exclusivement aux cols et au cyclisme en montagne.<\/p>\n<p>Le col est une entit\u00e9 particuli\u00e8re qui r\u00e9pond \u00e0 une d\u00e9finition topographique. Ce n\u2019est jamais un sommet ou un mont et toute ascension, si longue ou difficile soit-elle, ne conduit pas obligatoirement pas \u00e0 un col. La r\u00e8gle du jeu donne une d\u00e9finition propre au Club des Cent Cols, sachant qu\u2019elle n\u2019a pas vocation \u00e0 \u00eatre universelle.<\/p>\n<p>L\u2019\u00e9tablissement de la liste annuelle de cols franchis\u00a0 se fait sur la seule bonne foi du membre. Aucun justificatif n\u2019est demand\u00e9.<\/p>\n<p>Les six articles de la <a href=\"http:\/\/centcols.net\/regle-du-jeu\/\">R\u00e8gle du Jeu<\/a> apportent clairement les renseignements utiles \u00e0 toute personne candidate \u00e0 l\u2019entr\u00e9e au Club des Cent Cols. Le document annexe de la r\u00e8gle du jeu est le prolongement explicatif de ces six articles.<\/p>\n<h2>Organisation du Club des Cent Cols<\/h2>\n<p>Notre club a pour cadre juridique la loi fran\u00e7aise de 1901 sur les associations \u00e0 but non-lucratif.<\/p>\n<p>Nous sommes affili\u00e9s \u00e0 la F\u00e9d\u00e9ration Fran\u00e7aise de Cyclotourisme (FFCT) sous le n\u00b0 6384 et nous pouvons proposer une licence \u00e0 ceux qui le souhaitent.<\/p>\n<p>Notre objectif n\u2019est pas de d\u00e9tourner des adh\u00e9sions ou des licences au d\u00e9triment d\u2019un autre club mais au contraire, nous souhaitons que nos membres restent aussi dans leur club habituel quand ils en ont un.<\/p>\n<p>Bien que d\u2019origine fran\u00e7aise savoyarde, le club n\u2019a pas d\u2019ancrage territorial fixe. Notre organisation g\u00e9n\u00e9rale a donc pour but de permettre la coh\u00e9sion, les \u00e9changes et les rencontres entre tous les membres habitant des pays diff\u00e9rents et parlant des langues diverses.<\/p>\n<p>La confr\u00e9rie est g\u00e9r\u00e9e par un conseil d\u2019administration compos\u00e9 de 3 membres minimum et 11 membres maximum, \u00e9lus par l\u2019ensemble des membres \u00e0 jour de cotisation, pour un mandat de quatre ans. Il se r\u00e9unit au moins deux fois par an.<\/p>\n<p>Ce conseil d\u2019administration est \u00e9paul\u00e9 par plusieurs dizaines d\u2019autres b\u00e9n\u00e9voles qui ont chacun une t\u00e2che essentielle \u00e0 r\u00e9aliser pour le bon fonctionnement du club.<\/p>\n<p>Parmi ceux-ci, les D\u00e9l\u00e9gu\u00e9s Territoriaux et Nationaux sont les interm\u00e9diaires entre la Confr\u00e9rie et les membres issus d\u2019une zone g\u00e9ographique particuli\u00e8re ou d\u2019un pays et ont pour r\u00f4le d\u2019animer leur zone et d\u2019apporter toute l\u2019aide utile \u00e0 chacun des membres de cette zone.<\/p>\n<p>Un groupe de travail par pays a \u00e9tabli le catalogue de tous les cols de ce pays en accord avec notre r\u00e8gle du jeu. La r\u00e9alisation de 26 catalogues nationaux diff\u00e9rents (31 pays couverts) en est le r\u00e9sultat. Des b\u00e9n\u00e9voles seront toujours les bienvenus pour la mise \u00e0 jour des\u00a0 catalogues en continuelle \u00e9volution.<\/p>\n<p>La &#8220;Revue&#8221; annuelle est l\u2019\u0153uvre d\u2019un r\u00e9dacteur en chef, d\u2019un comit\u00e9 de lecture et de nombreux auteurs proposant librement leurs articles. Elle contient aussi le &#8220;Tableau d\u2019honneur&#8221; nominatif de nos adh\u00e9rents. D\u00e9clin\u00e9 sous diff\u00e9rents crit\u00e8res particuliers, ce tableau est le reflet de la diversit\u00e9 et du dynamisme de nos membres.<\/p>\n<p>Un groupe informatique compos\u00e9 de membres comp\u00e9tents s\u2019occupe de la maintenance du site, de la cr\u00e9ation d\u2019outils informatiques de partage des donn\u00e9es concernant les membres du club et les cols de nos catalogues.<\/p>\n<p>Une boutique dispose d\u2019une ligne de v\u00eatements aux couleurs du club qui a \u00e9t\u00e9 revue en 2018. On peut \u00e9galement acqu\u00e9rir d\u2019autres objets utiles, avec le logo du Club des Cent Cols.<\/p>\n<p>Chaque membre de la confr\u00e9rie peut organiser son activit\u00e9 cycliste seul, \u00e0 sa guise et dans les lieux qu\u2019il choisit. Mais de nombreuses occasions collectives internes au club lui sont \u00e9galement propos\u00e9es.<\/p>\n<h3><a href=\"https:\/\/centcols.org\/backup\/categorie\/sejours\/\" target=\"_blank\" rel=\"noopener noreferrer\">Les s\u00e9jours<\/a> :<\/h3>\n<p>Nous organisons ainsi trois s\u00e9jours annuels sur les diff\u00e9rents massifs montagneux d\u2019Europe occidentale, au printemps, en \u00e9t\u00e9 et en automne. A la fin du s\u00e9jour d\u2019\u00e9t\u00e9, un rassemblement international permet \u00e0 tous les membres pr\u00e9sents de se retrouver pour quelques bons mots et le pot de l\u2019amiti\u00e9. Le s\u00e9jour d\u2019automne est le s\u00e9jour qui correspond \u00e0 l\u2019organisation de l\u2019Assembl\u00e9e G\u00e9n\u00e9rale en novembre. Parall\u00e8lement, de nombreux rassemblements r\u00e9gionaux sont organis\u00e9s tout au long de l\u2019ann\u00e9e dans diff\u00e9rentes r\u00e9gions ou pays.<\/p>\n<h3><a href=\"https:\/\/centcols.org\/backup\/categorie\/rassemblements\/\" target=\"_blank\" rel=\"noopener noreferrer\">Les rencontres r\u00e9gionales<\/a> :<\/h3>\n<p>A l&#8217;initiative d\u2019animateurs r\u00e9gionaux ou de membres du club, de nombreux rassemblements r\u00e9gionaux sont organis\u00e9s tout au long de l&#8217;ann\u00e9e dans diff\u00e9rentes r\u00e9gions ou pays. Ils permettent aux membres locaux o\u00f9 \u00e0 ceux qui sont de passage de se rencontrer. Ces rassemblements sont ouverts aussi aux cyclos int\u00e9ress\u00e9s par notre club.<\/p>\n<h3><a href=\"https:\/\/centcols.org\/backup\/categorie\/randonnees-permanentes\/\" target=\"_blank\" rel=\"noopener noreferrer\">Les randonn\u00e9es permanentes<\/a> :<\/h3>\n<p>Ce sont des parcours trac\u00e9s dans une r\u00e9gion ou un pays et ob\u00e9issent \u00e0 une r\u00e8gle du jeu: traverser au moins 100 cols sur un parcours choisi par l\u2019auteur. Il en existe 17 \u00e0 ce jour. Le participant organise la r\u00e9alisation de la randonn\u00e9e permanente \u00e0 sa guise tout en respectant la r\u00e8gle du jeu des randonn\u00e9es permanentes.<\/p>\n<h3>Les Brevets :<\/h3>\n<p>Pour obtenir un brevet, le jeu consiste \u00e0 gravir tous les cols routiers d\u2019un d\u00e9partement, d\u2019un l\u00e4nder, d\u2019un canton ou d\u2019une province quel que soit le nombre de cols. Un brevet national par pays est \u00e9galement d\u00e9cern\u00e9. ( Ces brevets sont en cours d&#8217;\u00e9laboration et le lien sera actif d\u00e8s qu&#8217;ils seront mis en place.)<\/p>\n<h3><a href=\"https:\/\/centcols.org\/backup\/categorie\/challenges\/\" target=\"_blank\" rel=\"noopener noreferrer\">Les challenges<\/a> :<\/h3>\n<p>Ce sont des incitations \u00e0 voyager, propos\u00e9es par un membre du Club des Cent Cols sur un th\u00e8me particulier et diff\u00e9rent pour chaque challenge.<\/p>\n<p>Les randonn\u00e9es permanentes, les brevets et les challenges sont ouverts aux non-membres de la confr\u00e9rie et sont un excellent moyen de la rejoindre.<\/p>","protected":false},"excerpt":{"rendered":"<p>Notre club a pour vocation de r\u00e9unir les personnes passionn\u00e9es de cyclisme en montagne et de favoriser la mise en commun des connaissances acquises sur les cols du monde entier. Nous ne sommes pas un club de comp\u00e9tition &#8211; nos membres roulent \u00e0 leur propre rythme, o\u00f9 et quand ils le souhaitent, sur les routes [&hellip;]<\/p>\n","protected":false},"author":2001,"featured_media":0,"parent":0,"menu_order":0,"comment_status":"closed","ping_status":"closed","template":"","meta":{"_acf_changed":false,"ub_ctt_via":"","_monsterinsights_skip_tracking":false,"_monsterinsights_sitenote_active":false,"_monsterinsights_sitenote_note":"","_monsterinsights_sitenote_category":0,"footnotes":""},"acf":[],"featured_image_urls":{"full":"","thumbnail":"","medium":"","medium_large":"","large":"","1536x1536":"","2048x2048":"","woocommerce_thumbnail":"","woocommerce_single":"","woocommerce_gallery_thumbnail":""},"post_excerpt_stackable":"<p>Notre club a pour vocation de r\u00e9unir les personnes passionn\u00e9es de cyclisme en montagne et de favoriser la mise en commun des connaissances acquises sur les cols du monde entier. Nous ne sommes pas un club de comp\u00e9tition &#8211; nos membres roulent \u00e0 leur propre rythme, o\u00f9 et quand ils le souhaitent, sur les routes ou sur les sentiers de montagne, seuls ou en groupe. Certains membres grimpent moins de dix cols en un an, d\u2019autres plus d\u2019une centaine.\u00a0 Mais nous esp\u00e9rons que vous partagerez au moins notre passion pour la montagne et que vous vous r\u00e9jouirez de relever le\u2026<\/p>\n","category_list":"","author_info":{"name":"Webmestre","url":"https:\/\/centcols.org\/backup\/author\/webmestre\/"},"comments_num":"0 commentaire","featured_image_urls_v2":{"full":"","thumbnail":"","medium":"","medium_large":"","large":"","1536x1536":"","2048x2048":"","woocommerce_thumbnail":"","woocommerce_single":"","woocommerce_gallery_thumbnail":""},"post_excerpt_stackable_v2":"<p>Notre club a pour vocation de r\u00e9unir les personnes passionn\u00e9es de cyclisme en montagne et de favoriser la mise en commun des connaissances acquises sur les cols du monde entier. Nous ne sommes pas un club de comp\u00e9tition &#8211; nos membres roulent \u00e0 leur propre rythme, o\u00f9 et quand ils le souhaitent, sur les routes ou sur les sentiers de montagne, seuls ou en groupe. Certains membres grimpent moins de dix cols en un an, d\u2019autres plus d\u2019une centaine.\u00a0 Mais nous esp\u00e9rons que vous partagerez au moins notre passion pour la montagne et que vous vous r\u00e9jouirez de relever le\u2026<\/p>\n","category_list_v2":"","author_info_v2":{"name":"Webmestre","url":"https:\/\/centcols.org\/backup\/author\/webmestre\/"},"comments_num_v2":"0 commentaire","featured_image_src":null,"_links":{"self":[{"href":"https:\/\/centcols.org\/backup\/wp-json\/wp\/v2\/pages\/36827"}],"collection":[{"href":"https:\/\/centcols.org\/backup\/wp-json\/wp\/v2\/pages"}],"about":[{"href":"https:\/\/centcols.org\/backup\/wp-json\/wp\/v2\/types\/page"}],"author":[{"embeddable":true,"href":"https:\/\/centcols.org\/backup\/wp-json\/wp\/v2\/users\/2001"}],"replies":[{"embeddable":true,"href":"https:\/\/centcols.org\/backup\/wp-json\/wp\/v2\/comments?post=36827"}],"version-history":[{"count":0,"href":"https:\/\/centcols.org\/backup\/wp-json\/wp\/v2\/pages\/36827\/revisions"}],"wp:attachment":[{"href":"https:\/\/centcols.org\/backup\/wp-json\/wp\/v2\/media?parent=36827"}],"curies":[{"name":"wp","href":"https:\/\/api.w.org\/{rel}","templated":true}]}}