{"id":40501,"date":"2020-03-18T08:07:54","date_gmt":"2020-03-18T07:07:54","guid":{"rendered":"https:\/\/centcols.org\/backup\/?page_id=40501"},"modified":"2023-11-24T08:16:48","modified_gmt":"2023-11-24T07:16:48","slug":"randonner","status":"publish","type":"page","link":"https:\/\/centcols.org\/backup\/randonner\/","title":{"rendered":"Randonner"},"content":{"rendered":"\n<h2 class=\"wp-block-heading\">Nos incitations \u00e0 la d\u00e9couverte<\/h2>\n\n\n\n<h3 class=\"kt-adv-heading40501_612f48-47 wp-block-kadence-advancedheading\" data-kb-block=\"kb-adv-heading40501_612f48-47\">Les randonn\u00e9es permanentes<\/h3>\n\n\n\n<p class=\"has-medium-font-size\">Elles sont 24 \u00e0 ce jour et elles vous invitent \u00e0 aller visiter des r\u00e9gions diff\u00e9rentes de cinq pays d\u2019Europe.<br>Le th\u00e8me commun est de gravir au moins cent cols.<br>Ouvertes aux membres et aux non-membres du Club des Cent Cols.<br><u><a href=\"https:\/\/centcols.org\/backup\/categorie\/randonnees-permanentes\/\">Tous les renseignements utiles<\/a><\/u><\/p>\n\n\n\n<h3 class=\"kt-adv-heading40501_986b72-32 wp-block-kadence-advancedheading\" data-kb-block=\"kb-adv-heading40501_986b72-32\">Les brevets<\/h3>\n\n\n\n<p class=\"has-medium-font-size\">Parcourir tous les cols routiers d\u2019un Land allemand, d\u2019un canton suisse, d\u2019une province italienne ou espagnole, d\u2019un d\u00e9partement fran\u00e7ais, par exemple, tel est le d\u00e9fi propos\u00e9 pour l\u2019obtention de ces nombreux brevets.<br>Tous les brevets locaux r\u00e9ussis d\u2019un pays permettent l\u2019obtention d\u2019un super <strong>brevet national<\/strong>.<br>Les brevets sont pour l&#8217;instant r\u00e9serv\u00e9s aux membres mais il est pr\u00e9vu une ouverture future aux non-membres. Rien ne vous emp\u00eache, comme non-membre ou aspirant, de commencer ou de continuer \u00e0 aller grimper les cols routiers et de vous inscrire plus tard.<br><a href=\"https:\/\/centcols.org\/backup\/brevets-routiers\/\">Tous les renseignements utiles<\/a><br><a href=\"https:\/\/centcols.org\/backup\/membres\/cols\/brevets.php\">Liste des brevets<\/a><\/p>\n\n\n\n<h3 class=\"kt-adv-heading40501_66e4fe-99 wp-block-kadence-advancedheading\" data-kb-block=\"kb-adv-heading40501_66e4fe-99\">Les challenges<\/h3>\n\n\n\n<p class=\"has-medium-font-size\">Sur un th\u00e8me sp\u00e9cifique choisi par chaque auteur d\u2019un challenge, ils vous emm\u00e8nent \u00e0 la rencontre de cols particuliers.<br>Ouverts aux membres et aux non-membres du Club des Cent Cols.<br><a href=\"https:\/\/centcols.org\/backup\/categorie\/challenges\/\"><u>Tous les renseignements utiles<\/u><\/a><\/p>\n\n\n\n<h3 class=\"kt-adv-heading40501_a5d87d-7f wp-block-kadence-advancedheading\" data-kb-block=\"kb-adv-heading40501_a5d87d-7f\">Les parcours des membres<\/h3>\n\n\n\n<p class=\"has-medium-font-size\">Dans cette rubrique, vous trouverez des parcours que les membres ont propos\u00e9s et que le club valide pour cr\u00e9er une collection en cours de constitution. Aucune r\u00e9gion, aucun pays n&#8217;est exclu par principe et il y en a d\u00e9j\u00e0 en Allemagne (For\u00eat-Noire), en Espagne (Catalogne, Andalousie), en France, notamment en Corse.<\/p>\n\n\n\n<p class=\"has-medium-font-size\">Ils proviennent d\u2019exp\u00e9riences sur le terrain, portent un descriptif touristique et des explications techniques sur les routes, les pistes ou les sentiers. Ils sont tr\u00e8s g\u00e9n\u00e9ralement cyclables par la grande majorit\u00e9 des cyclistes ou v\u00e9t\u00e9tistes.<\/p>\n\n\n\n<p class=\"has-medium-font-size\">&nbsp;La situation des cols est visible sur l\u2019extrait de carte et sur les documents compl\u00e9mentaires obtenus gr\u00e2ce au lien visugen.<\/p>\n\n\n\n<p class=\"has-medium-font-size\">Quelques photos des paysages ambiants et des cols agr\u00e9mentent la description de ces parcours<\/p>\n\n\n\n<p class=\"has-medium-font-size\">\u00a0<a href=\"https:\/\/centcols.org\/backup\/categorie\/parcours-des-membres\/\" title=\"\">Tous les renseignements utiles<\/a><\/p>\n\n\n\n<h3 class=\"kt-adv-heading40501_c1d556-9b wp-block-kadence-advancedheading\" data-kb-block=\"kb-adv-heading40501_c1d556-9b\">Randonner avec nos partenaires<\/h3>\n\n\n\n<p class=\"has-medium-font-size\">Dans cette rubrique, vous trouverez les traits d&#8217;union europ\u00e9ens propos\u00e9s par l&#8217;Union Europ\u00e9enne de Cyclotourisme (UECT). Ils relient&nbsp; les capitales europ\u00e9ennes entre elles.<\/p>\n\n\n\n<p class=\"has-medium-font-size\">&nbsp;Les Radiales Ibericas, sont des randonn\u00e9es permanentes propos\u00e9es par la F\u00e9d\u00e9ration Espagnole de Cyclotourisme (FECT). Elles sont trac\u00e9es en \u00e9toile depuis Madrid&nbsp;vers le pourtour de la P\u00e9ninsule Ib\u00e9rique.<\/p>\n\n\n\n<p class=\"has-medium-font-size\">Tous les renseignements utiles : <a href=\"https:\/\/centcols.org\/backup\/randonnees-partenaires\/\" target=\"_blank\" rel=\"noopener\" title=\"\">https:\/\/centcols.org\/backup\/randonnees-partenaires\/<\/a><\/p>\n","protected":false},"excerpt":{"rendered":"<p>Nos incitations \u00e0 la d\u00e9couverte Elles sont 24 \u00e0 ce jour et elles vous invitent \u00e0 aller visiter des r\u00e9gions diff\u00e9rentes de cinq pays d\u2019Europe.Le th\u00e8me commun est de gravir au moins cent cols.Ouvertes aux membres et aux non-membres du Club des Cent Cols.Tous les renseignements utiles Parcourir tous les cols routiers d\u2019un Land allemand, [&hellip;]<\/p>\n","protected":false},"author":586,"featured_media":0,"parent":0,"menu_order":0,"comment_status":"closed","ping_status":"closed","template":"","meta":{"_acf_changed":false,"ub_ctt_via":"","_monsterinsights_skip_tracking":false,"_monsterinsights_sitenote_active":false,"_monsterinsights_sitenote_note":"","_monsterinsights_sitenote_category":0,"footnotes":""},"acf":[],"featured_image_urls":{"full":"","thumbnail":"","medium":"","medium_large":"","large":"","1536x1536":"","2048x2048":"","woocommerce_thumbnail":"","woocommerce_single":"","woocommerce_gallery_thumbnail":""},"post_excerpt_stackable":"<p>Nos incitations \u00e0 la d\u00e9couverte Les randonn\u00e9es permanentes Elles sont 24 \u00e0 ce jour et elles vous invitent \u00e0 aller visiter des r\u00e9gions diff\u00e9rentes de cinq pays d\u2019Europe.Le th\u00e8me commun est de gravir au moins cent cols.Ouvertes aux membres et aux non-membres du Club des Cent Cols.Tous les renseignements utiles Les brevets Parcourir tous les cols routiers d\u2019un Land allemand, d\u2019un canton suisse, d\u2019une province italienne ou espagnole, d\u2019un d\u00e9partement fran\u00e7ais, par exemple, tel est le d\u00e9fi propos\u00e9 pour l\u2019obtention de ces nombreux brevets.Tous les brevets locaux r\u00e9ussis d\u2019un pays permettent l\u2019obtention d\u2019un super brevet national.Les brevets sont pour l&#8217;instant\u2026<\/p>\n","category_list":"","author_info":{"name":"Bernard Giraudeau","url":"https:\/\/centcols.org\/backup\/author\/3872\/"},"comments_num":"0 commentaire","featured_image_urls_v2":{"full":"","thumbnail":"","medium":"","medium_large":"","large":"","1536x1536":"","2048x2048":"","woocommerce_thumbnail":"","woocommerce_single":"","woocommerce_gallery_thumbnail":""},"post_excerpt_stackable_v2":"<p>Nos incitations \u00e0 la d\u00e9couverte Les randonn\u00e9es permanentes Elles sont 24 \u00e0 ce jour et elles vous invitent \u00e0 aller visiter des r\u00e9gions diff\u00e9rentes de cinq pays d\u2019Europe.Le th\u00e8me commun est de gravir au moins cent cols.Ouvertes aux membres et aux non-membres du Club des Cent Cols.Tous les renseignements utiles Les brevets Parcourir tous les cols routiers d\u2019un Land allemand, d\u2019un canton suisse, d\u2019une province italienne ou espagnole, d\u2019un d\u00e9partement fran\u00e7ais, par exemple, tel est le d\u00e9fi propos\u00e9 pour l\u2019obtention de ces nombreux brevets.Tous les brevets locaux r\u00e9ussis d\u2019un pays permettent l\u2019obtention d\u2019un super brevet national.Les brevets sont pour l&#8217;instant\u2026<\/p>\n","category_list_v2":"","author_info_v2":{"name":"Bernard Giraudeau","url":"https:\/\/centcols.org\/backup\/author\/3872\/"},"comments_num_v2":"0 commentaire","featured_image_src":null,"_links":{"self":[{"href":"https:\/\/centcols.org\/backup\/wp-json\/wp\/v2\/pages\/40501"}],"collection":[{"href":"https:\/\/centcols.org\/backup\/wp-json\/wp\/v2\/pages"}],"about":[{"href":"https:\/\/centcols.org\/backup\/wp-json\/wp\/v2\/types\/page"}],"author":[{"embeddable":true,"href":"https:\/\/centcols.org\/backup\/wp-json\/wp\/v2\/users\/586"}],"replies":[{"embeddable":true,"href":"https:\/\/centcols.org\/backup\/wp-json\/wp\/v2\/comments?post=40501"}],"version-history":[{"count":0,"href":"https:\/\/centcols.org\/backup\/wp-json\/wp\/v2\/pages\/40501\/revisions"}],"wp:attachment":[{"href":"https:\/\/centcols.org\/backup\/wp-json\/wp\/v2\/media?parent=40501"}],"curies":[{"name":"wp","href":"https:\/\/api.w.org\/{rel}","templated":true}]}}