{"id":43353,"date":"2020-05-16T16:34:13","date_gmt":"2020-05-16T14:34:13","guid":{"rendered":"https:\/\/centcols.org\/backup\/?page_id=43353"},"modified":"2023-02-06T12:53:50","modified_gmt":"2023-02-06T11:53:50","slug":"catalogues-des-cols","status":"publish","type":"page","link":"https:\/\/centcols.org\/backup\/catalogues-des-cols\/","title":{"rendered":"Catalogues de cols"},"content":{"rendered":"\n<p>Les catalogues de cols fournis officiellement par le Club des Cent Cols sont tous conformes \u00e0 sa\u00a0<a href=\"https:\/\/centcols.org\/backup\/regle-du-jeu\/\">r\u00e8gle du jeu<\/a>. Cela implique que les listes annuelles de cols grimp\u00e9s qui sont soumises par les membres doivent s\u2019y r\u00e9f\u00e9rer. Les catalogues sont mis \u00e0 jour plus ou moins r\u00e9guli\u00e8rement, souvent annuellement. <\/p>\n\n\n\n<blockquote class=\"wp-block-quote is-layout-flow wp-block-quote-is-layout-flow\"><p>Les membres du Club des Cent Cols \u00e0 jour de cotisation peuvent t\u00e9l\u00e9charger la derni\u00e8re version de chaque catalogue via la section membres ou directement <a href=\"https:\/\/centcols.org\/backup\/membres\/outils\/telecat.php\" target=\"_blank\" rel=\"noreferrer noopener\"><strong>en cliquant ici<\/strong><\/a>. Plus de d\u00e9tails sur la nouvelle base de donn\u00e9es des cols et les nouveaux catalogues sont disponible dans la&nbsp;<a href=\"https:\/\/centcols.org\/backup\/wp-content\/uploads\/2020\/10\/InfoCataloguesBD.pdf\">lettre d\u2019informations du 29 octobre 2020<\/a>.<\/p><\/blockquote>\n\n\n\n<p>La vente de catalogues \u00e0 des personnes qui ne sont pas membres du Club des Cent Cols se fait sous forme de fichiers PDF. Ces catalogues PDF ne contiennent pas toutes les donn\u00e9es des cols mais seulement leurs principales variables.<br>Cette vente permet aux futurs adh\u00e9rents d\u2019\u00e9tablir leur liste de cols reconnus par le Club avant leur adh\u00e9sion conform\u00e9ment au r\u00e8glement de la Confr\u00e9rie.<\/p>\n\n\n\n<p>Pour voir la gamme compl\u00e8te de notre offre ou pour acheter des catalogues de cols, visitez la <a href=\"https:\/\/centcols.org\/backup\/boutique\/\">boutique<\/a> et ses <a href=\"https:\/\/centcols.org\/backup\/categorie-produit\/catalogues-de-cols\/\">catalogues de cols<\/a>.<\/p>\n\n\n\n<p>Chaque catalogue est accompagn\u00e9 par sa propre notice. La plupart des rubriques et des colonnes dans nos catalogues sont communes et normalis\u00e9es. Afin de ne pas r\u00e9p\u00e9ter les m\u00eames informations dans chaque notice vous trouverez <a href=\"\/documents\/catalogues\/_commun\/Manuel_d_utilisation_des_catalogues.pdf\" target=\"_blank\" rel=\"noreferrer noopener\">ici<\/a> les explications et le manuel d&#8217;utilisation des rubriques standards ou universelles ou les en-t\u00eates de colonnes de nos catalogues. Vous pouvez aussi trouvez <a href=\"\/documents\/catalogues\/_commun\/Guide_g\u00e9n\u00e9ral_des_catalogues_et_des_notices_du_Club_des_Cent Cols.pdf\" target=\"_blank\" rel=\"noreferrer noopener\">ici<\/a> un guide plus g\u00e9n\u00e9ral des informations que l&#8217;on peut typiquement trouver dans les catalogues et dans les notices et comment ces informations sont \u00e9labor\u00e9es.<\/p>\n\n\n\n<p>Finalement, \u00e0 la date de d\u00e9but 2023, on indique <a href=\"\/documents\/catalogues\/_commun\/Tableau_Global_Catalogues_2023.pdf\" target=\"_blank\" rel=\"noreferrer noopener\">ici<\/a> une vue d&#8217;ensemble du nombre de cols par pays.<\/p>\n","protected":false},"excerpt":{"rendered":"<p>Les catalogues de cols fournis officiellement par le Club des Cent Cols sont tous conformes \u00e0 sa\u00a0r\u00e8gle du jeu. Cela implique que les listes annuelles de cols grimp\u00e9s qui sont soumises par les membres doivent s\u2019y r\u00e9f\u00e9rer. Les catalogues sont mis \u00e0 jour plus ou moins r\u00e9guli\u00e8rement, souvent annuellement. Les membres du Club des Cent [&hellip;]<\/p>\n","protected":false},"author":69,"featured_media":0,"parent":0,"menu_order":0,"comment_status":"closed","ping_status":"closed","template":"","meta":{"_acf_changed":false,"ub_ctt_via":"","_monsterinsights_skip_tracking":false,"_monsterinsights_sitenote_active":false,"_monsterinsights_sitenote_note":"","_monsterinsights_sitenote_category":0,"footnotes":""},"acf":[],"featured_image_urls":{"full":"","thumbnail":"","medium":"","medium_large":"","large":"","1536x1536":"","2048x2048":"","woocommerce_thumbnail":"","woocommerce_single":"","woocommerce_gallery_thumbnail":""},"post_excerpt_stackable":"<p>Les catalogues de cols fournis officiellement par le Club des Cent Cols sont tous conformes \u00e0 sa\u00a0r\u00e8gle du jeu. Cela implique que les listes annuelles de cols grimp\u00e9s qui sont soumises par les membres doivent s\u2019y r\u00e9f\u00e9rer. Les catalogues sont mis \u00e0 jour plus ou moins r\u00e9guli\u00e8rement, souvent annuellement. Les membres du Club des Cent Cols \u00e0 jour de cotisation peuvent t\u00e9l\u00e9charger la derni\u00e8re version de chaque catalogue via la section membres ou directement en cliquant ici. Plus de d\u00e9tails sur la nouvelle base de donn\u00e9es des cols et les nouveaux catalogues sont disponible dans la&nbsp;lettre d\u2019informations du 29 octobre\u2026<\/p>\n","category_list":"","author_info":{"name":"Enrico Alberini","url":"https:\/\/centcols.org\/backup\/author\/5065\/"},"comments_num":"0 commentaire","featured_image_urls_v2":{"full":"","thumbnail":"","medium":"","medium_large":"","large":"","1536x1536":"","2048x2048":"","woocommerce_thumbnail":"","woocommerce_single":"","woocommerce_gallery_thumbnail":""},"post_excerpt_stackable_v2":"<p>Les catalogues de cols fournis officiellement par le Club des Cent Cols sont tous conformes \u00e0 sa\u00a0r\u00e8gle du jeu. Cela implique que les listes annuelles de cols grimp\u00e9s qui sont soumises par les membres doivent s\u2019y r\u00e9f\u00e9rer. Les catalogues sont mis \u00e0 jour plus ou moins r\u00e9guli\u00e8rement, souvent annuellement. Les membres du Club des Cent Cols \u00e0 jour de cotisation peuvent t\u00e9l\u00e9charger la derni\u00e8re version de chaque catalogue via la section membres ou directement en cliquant ici. Plus de d\u00e9tails sur la nouvelle base de donn\u00e9es des cols et les nouveaux catalogues sont disponible dans la&nbsp;lettre d\u2019informations du 29 octobre\u2026<\/p>\n","category_list_v2":"","author_info_v2":{"name":"Enrico Alberini","url":"https:\/\/centcols.org\/backup\/author\/5065\/"},"comments_num_v2":"0 commentaire","featured_image_src":null,"_links":{"self":[{"href":"https:\/\/centcols.org\/backup\/wp-json\/wp\/v2\/pages\/43353"}],"collection":[{"href":"https:\/\/centcols.org\/backup\/wp-json\/wp\/v2\/pages"}],"about":[{"href":"https:\/\/centcols.org\/backup\/wp-json\/wp\/v2\/types\/page"}],"author":[{"embeddable":true,"href":"https:\/\/centcols.org\/backup\/wp-json\/wp\/v2\/users\/69"}],"replies":[{"embeddable":true,"href":"https:\/\/centcols.org\/backup\/wp-json\/wp\/v2\/comments?post=43353"}],"version-history":[{"count":0,"href":"https:\/\/centcols.org\/backup\/wp-json\/wp\/v2\/pages\/43353\/revisions"}],"wp:attachment":[{"href":"https:\/\/centcols.org\/backup\/wp-json\/wp\/v2\/media?parent=43353"}],"curies":[{"name":"wp","href":"https:\/\/api.w.org\/{rel}","templated":true}]}}