{"id":45798,"date":"2020-07-05T10:11:39","date_gmt":"2020-07-05T08:11:39","guid":{"rendered":"https:\/\/centcols.org\/backup\/?page_id=45798"},"modified":"2022-03-03T17:00:13","modified_gmt":"2022-03-03T16:00:13","slug":"dossier-presse","status":"publish","type":"page","link":"https:\/\/centcols.org\/backup\/dossier-presse\/","title":{"rendered":"Dossier de presse"},"content":{"rendered":"<p style=\"text-align: left;\">Dossier de presse \u00e9labor\u00e9 par Denis Chouquet-Stringer, CC 6183 &nbsp; | &nbsp; <a href=\"\/documents\/dossier-presse.pdf\" target=\"_blank\" rel=\"noopener noreferrer\">Pleine page<\/a> &nbsp; | &nbsp; <a href=\"\/documents\/dossier-presse.pdf\" download=\"\">T\u00e9l\u00e9charger PDF<\/a> &nbsp; | &nbsp; <a href=\"\/it\/dossier-di-stampa\/\">it<\/a> &nbsp; | &nbsp; <a href=\"\/en\/press-pack\/\">en<\/a> &nbsp; | &nbsp; <a href=\"\/pressemappe\/\">de<\/a> &nbsp; | &nbsp; <a href=\"\/archivo-prensa\/\">es<\/a> &nbsp; | &nbsp; <a href=\"\/persdossier\/\">nl<\/a><\/p>\n<p><embed src=\"\/documents\/dossier-presse.pdf\" type=\"application\/pdf\" width=\"800\" height=\"800\"><\/p>\n","protected":false},"excerpt":{"rendered":"<p>Dossier de presse \u00e9labor\u00e9 par Denis Chouquet-Stringer, CC 6183 &nbsp; | &nbsp; Pleine page &nbsp; | &nbsp; T\u00e9l\u00e9charger PDF &nbsp; | &nbsp; it &nbsp; | &nbsp; en &nbsp; | &nbsp; de &nbsp; | &nbsp; es &nbsp; | &nbsp; nl<\/p>\n","protected":false},"author":147,"featured_media":0,"parent":0,"menu_order":0,"comment_status":"closed","ping_status":"closed","template":"","meta":{"_acf_changed":false,"ub_ctt_via":"","_monsterinsights_skip_tracking":false,"_monsterinsights_sitenote_active":false,"_monsterinsights_sitenote_note":"","_monsterinsights_sitenote_category":0,"footnotes":""},"acf":[],"featured_image_urls":{"full":"","thumbnail":"","medium":"","medium_large":"","large":"","1536x1536":"","2048x2048":"","woocommerce_thumbnail":"","woocommerce_single":"","woocommerce_gallery_thumbnail":""},"post_excerpt_stackable":"<p>Dossier de presse \u00e9labor\u00e9 par Denis Chouquet-Stringer, CC 6183 &nbsp; | &nbsp; Pleine page &nbsp; | &nbsp; T\u00e9l\u00e9charger PDF &nbsp; | &nbsp; it &nbsp; | &nbsp; en &nbsp; | &nbsp; de &nbsp; | &nbsp; es &nbsp; | &nbsp; nl<\/p>\n","category_list":"","author_info":{"name":"Guy Harl\u00e9","url":"https:\/\/centcols.org\/backup\/author\/5193\/"},"comments_num":"0 commentaire","featured_image_urls_v2":{"full":"","thumbnail":"","medium":"","medium_large":"","large":"","1536x1536":"","2048x2048":"","woocommerce_thumbnail":"","woocommerce_single":"","woocommerce_gallery_thumbnail":""},"post_excerpt_stackable_v2":"<p>Dossier de presse \u00e9labor\u00e9 par Denis Chouquet-Stringer, CC 6183 &nbsp; | &nbsp; Pleine page &nbsp; | &nbsp; T\u00e9l\u00e9charger PDF &nbsp; | &nbsp; it &nbsp; | &nbsp; en &nbsp; | &nbsp; de &nbsp; | &nbsp; es &nbsp; | &nbsp; nl<\/p>\n","category_list_v2":"","author_info_v2":{"name":"Guy Harl\u00e9","url":"https:\/\/centcols.org\/backup\/author\/5193\/"},"comments_num_v2":"0 commentaire","featured_image_src":null,"_links":{"self":[{"href":"https:\/\/centcols.org\/backup\/wp-json\/wp\/v2\/pages\/45798"}],"collection":[{"href":"https:\/\/centcols.org\/backup\/wp-json\/wp\/v2\/pages"}],"about":[{"href":"https:\/\/centcols.org\/backup\/wp-json\/wp\/v2\/types\/page"}],"author":[{"embeddable":true,"href":"https:\/\/centcols.org\/backup\/wp-json\/wp\/v2\/users\/147"}],"replies":[{"embeddable":true,"href":"https:\/\/centcols.org\/backup\/wp-json\/wp\/v2\/comments?post=45798"}],"version-history":[{"count":0,"href":"https:\/\/centcols.org\/backup\/wp-json\/wp\/v2\/pages\/45798\/revisions"}],"wp:attachment":[{"href":"https:\/\/centcols.org\/backup\/wp-json\/wp\/v2\/media?parent=45798"}],"curies":[{"name":"wp","href":"https:\/\/api.w.org\/{rel}","templated":true}]}}