{"id":50,"date":"2015-03-11T14:04:20","date_gmt":"2015-03-11T13:04:20","guid":{"rendered":"http:\/\/centcols.org\/backup\/?page_id=50"},"modified":"2023-02-06T17:35:49","modified_gmt":"2023-02-06T16:35:49","slug":"regle-du-jeu","status":"publish","type":"page","link":"https:\/\/centcols.org\/backup\/regle-du-jeu\/","title":{"rendered":"R\u00e8gle du jeu"},"content":{"rendered":"<blockquote>\n<p style=\"text-align: justify;\">Seule la version originale de la r\u00e8gle du jeu en fran\u00e7ais sert de r\u00e9f\u00e9rence.<br \/>\nLes traductions dans d&#8217;autres langues ne sont donn\u00e9es qu&#8217;\u00e0 titre indicatif.<\/p>\n<\/blockquote>\n<h2 style=\"text-align: justify;\">\u00a0 <a title=\"Spielregel\" href=\"https:\/\/centcols.org\/backup\/spielregel\/\">Spielregel<\/a>\u00a0 \u00a0 <a href=\"https:\/\/centcols.org\/backup\/regla-del-juego\/\">Regla del juego<\/a><\/h2>\n<h2 style=\"text-align: justify;\">Article 1<\/h2>\n<p style=\"text-align: justify;\">Pour entrer au Club des Cent Cols, il faut avoir franchi \u00e0 bicyclette au moins cent cols diff\u00e9rents, dont cinq cols \u00e0 plus de 2000 m pour chaque centaine propos\u00e9e.<\/p>\n<h2 style=\"text-align: justify;\">Article 2<\/h2>\n<h3 style=\"text-align: justify;\">Sont pris en compte :<\/h3>\n<ul style=\"text-align: justify;\">\n<li>les cols inscrits dans les catalogues du Club des Cent Cols \u00e0 la date de leur derni\u00e8re mise \u00e0 jour.<\/li>\n<\/ul>\n<p style=\"text-align: justify;\">Les monts et les sommets, les d\u00e9fil\u00e9s et les fonds de vall\u00e9e ne sont pas comptabilis\u00e9s.<\/p>\n<h2 style=\"text-align: justify;\">Article 3<\/h2>\n<p style=\"text-align: justify;\">Les candidats ainsi que les membres inscrits au Club des Cent Cols n\u2019ont pas \u00e0 apporter la preuve de leur franchissement des cols. Le Club fait confiance \u00e0 la sinc\u00e9rit\u00e9 des d\u00e9clarations.<\/p>\n<h2 style=\"text-align: justify;\">Article 4<\/h2>\n<p>Le Club se r\u00e9serve le droit de refuser un col cr\u00e9\u00e9 (nomm\u00e9) sans authenticit\u00e9 historique dans le but d\u2019attirer des cyclistes\u00a0 Autrement nous pourrions dire que le \u00ab\u00a0Jeu\u00a0\u00bb serait fauss\u00e9. En revanche, la recherche de la nomination de cols dans les usages et la tradition locale, et dont peuvent t\u00e9moigner des documents, est pleinement encourag\u00e9e.<\/p>\n<h2 style=\"text-align: justify;\">Article 5<\/h2>\n<p style=\"text-align: justify;\">Chaque ann\u00e9e, un rassemblement estival est organis\u00e9 au sommet d\u2019un col que le Club souhaite mettre en valeur.<\/p>\n<h2 style=\"text-align: justify;\">Article 6<\/h2>\n<p style=\"text-align: justify;\">L\u2019envoi de la premi\u00e8re liste tient lieu d\u2019engagement \u00e0 respecter la pr\u00e9sente r\u00e8gle du jeu. Les modalit\u00e9s d\u2019inscriptions sont les suivantes :<\/p>\n<h3 style=\"text-align: justify;\">Premi\u00e8re inscription<\/h3>\n<p style=\"text-align: justify;\">Les candidats au Club des Cent Cols peuvent, \u00e0 tout moment, adresser la liste des cols diff\u00e9rents franchis dans leur carri\u00e8re cycliste. Une inscription de 20 \u20ac (actualisable) permet au nouveau soci\u00e9taire de recevoir :<\/p>\n<ul style=\"text-align: justify;\">\n<li>son dipl\u00f4me &#8220;Cent Cols&#8221; num\u00e9rot\u00e9 et personnalis\u00e9<\/li>\n<li>la m\u00e9daille du Club<\/li>\n<li>la revue de l\u2019ann\u00e9e du Club<\/li>\n<li>le bulletin annuel &#8220;Infos Cent Cols&#8221;<\/li>\n<\/ul>\n<p>La correspondance, la liste de cols et la cotisation sont \u00e0 adresser au responsable des nouveaux membres\u00a0 (<a href=\"&#109;&#97;ilto&#58;i&#110;&#115;&#99;&#114;i&#112;&#116;&#105;o&#110;s&#64;&#99;&#101;&#110;&#116;c&#111;&#108;&#115;&#46;&#110;et\">&#105;nscrip&#116;i&#111;ns&#64;&#99;&#101;ntco&#108;s.&#110;&#101;t<\/a>).<\/p>\n<h3 style=\"text-align: justify;\">Renouvellement d\u2019adh\u00e9sion<\/h3>\n<p style=\"text-align: justify;\">Chaque ann\u00e9e, entre le 1<sup>er<\/sup> octobre et le 31 janvier, les membres adressent la liste des nouveaux cols franchis dans la saison \u00e0 leur <a href=\"https:\/\/centcols.org\/backup\/contact\/\" target=\"_blank\" rel=\"noopener noreferrer\">d\u00e9l\u00e9gu\u00e9 national ou territorial <\/a>accompagn\u00e9e de leur cotisation. Cette cotisation de 15 \u20ac minimum (actualisable) permet d\u2019\u00eatre inscrit au tableau d\u2019honneur dans la revue annuelle et de participer \u00e0 la vie du Club et <span class=\"content_editable\">la <\/span> possibilit\u00e9 de t\u00e9l\u00e9charger gratuitement tous les catalogues en format Excel.<\/p>\n<p style=\"text-align: justify;\">En d\u00e9rogation \u00e0 la r\u00e8gle g\u00e9n\u00e9rale, le ratio de 5 cols \u00e0 +2000m par centaine n\u2019est pas appliqu\u00e9 aux adh\u00e9rents \u00e2g\u00e9s de 70 ans et plus.<\/p>\n<p style=\"text-align: justify;\">Ces listes sont v\u00e9rifi\u00e9es par des d\u00e9l\u00e9gu\u00e9s territoriaux ou nationaux afin de constater leur conformit\u00e9 \u00e0 la r\u00e8gle du jeu.<\/p>\n<p>L\u2019adresse du responsable des nouveaux membres, et celles des d\u00e9l\u00e9gu\u00e9s nationaux et territoriaux se trouvent dans les pages de la revue annuelle et sur le site internet du club.<\/p>\n<h2 style=\"text-align: justify;\">Document annexe \u00e0 la r\u00e8gle du jeu<\/h2>\n<h2 style=\"text-align: justify;\">Article 1<\/h2>\n<h3 style=\"text-align: justify;\">Commentaires :<\/h3>\n<p style=\"text-align: justify;\">Par bicyclette on entend tout engin m\u00fb par la seule force musculaire, le plus souvent il s\u2019agit d\u2019un deux-roues, les tricycles sont admis.<br \/>\nL\u2019usage de moyens de (re)mont\u00e9e m\u00e9canique est exclu.<br \/>\nIl est admis de compter un col franchi en descente.<br \/>\nLes cols muletiers sont admis au m\u00eame titre que les cols routiers.<br \/>\nLes cols d\u2019approche difficile peuvent \u00eatre franchis partiellement \u00e0 pied, avec poussage (voire portage) du v\u00e9lo.<br \/>\nCent cols diff\u00e9rents : un m\u00eame col n\u2019est comptabilis\u00e9 qu\u2019une fois, m\u00eame s\u2019il a \u00e9t\u00e9 franchi \u00e0 de multiples reprises, et par des versants diff\u00e9rents.<br \/>\nAucune altitude minimale n\u2019est impos\u00e9e.<br \/>\nLes cols peuvent \u00eatre franchis dans tous pays au monde.<br \/>\nLe tableau d\u2019honneur de la revue annuelle r\u00e9capitule pour chaque adh\u00e9rent le nombre total de cols cumul\u00e9s et le nombre de &#8220;+ 2000 m&#8221;<br \/>\nCertains cols peuvent \u00eatre franchis par deux passages diff\u00e9rents, l\u2019un \u00e9tant le col g\u00e9ographique, l\u2019autre \u00e9tant un tunnel. Il s\u2019agit du <span style=\"text-decoration: underline;\">m\u00eame col<\/span>, franchissable par deux passages diff\u00e9rents. Chaque passage a un code unique, mais <span style=\"text-decoration: underline;\">il convient de n\u2019en d\u00e9clarer qu\u2019un seul des deux<\/span>, soit le passage g\u00e9ographique, soit le tunnel, mais pas les deux.<\/p>\n<h2 style=\"text-align: justify;\">Article 2<\/h2>\n<h3 style=\"text-align: justify;\">Commentaires :<\/h3>\n<p>Les personnes souhaitant proposer une modification d\u2019un col d\u00e9j\u00e0 pr\u00e9sent dans les catalogues ou l&#8217;insertion d\u2019un nouveau col \u00a0doivent \u00e9crire \u00e0 cols@centcols.net, en joignant les sources de r\u00e9f\u00e9rences fiables telles que d\u00e9crites ci-dessus.<\/p>\n<p style=\"text-align: justify;\">En fran\u00e7ais, le terme de &#8220;col&#8221; contient de mani\u00e8re implicite un caract\u00e8re topographique. En raison de la multitude de configurations de terrains rencontr\u00e9es, la d\u00e9finition minimale du caract\u00e8re topographique d\u2019un col retenue par le Club est la suivante : point de passage privil\u00e9gi\u00e9, impos\u00e9 par le relief, situ\u00e9 sur une ligne de partage des eaux, et autre qu\u2019un sommet. Dans la grande majorit\u00e9 des cas un col est situ\u00e9 sur une d\u00e9pression d\u2019une cr\u00eate et facilite le passage d\u2019une vall\u00e9e \u00e0 une autre.<\/p>\n<p style=\"text-align: justify;\">De nombreux intitul\u00e9s sont utilis\u00e9s en lieu et place du mot col : collet, pas, port, baisse, selle, br\u00e8che, hourquette, etc. Le catalogue des Cols de France r\u00e9pertorie la liste des intitul\u00e9s pouvant \u00eatre utilis\u00e9s pour d\u00e9signer un col. De m\u00eame les catalogues de cols par pays ou par r\u00e9gion \u00e9tablissent une liste des intitul\u00e9s apparaissant dans la toponymie locale pour d\u00e9signer un col.<\/p>\n<p style=\"text-align: justify;\">Un intitul\u00e9 ne d\u00e9signe pas syst\u00e9matiquement un col : par ex un &#8220;collet&#8221; en France, un &#8220;colle&#8221; en Italie, un &#8220;alto&#8221; en Espagne, un &#8220;H\u00f6he&#8221; en Allemagne\/Autriche, un &#8220;Egg&#8221; ou &#8220;Eck(e)&#8221; en Suisse peuvent d\u00e9signer un sommet ou une cr\u00eate au lieu d\u2019un col. De m\u00eame un &#8220;pas&#8221; ou un &#8220;pass&#8221; germanique ou britannique peuvent d\u00e9signer une gorge ou un passage particulier d\u2019une rivi\u00e8re. Dans ces cas l\u00e0, ils ne sont pas repris dans les catalogues, pour insuffisance de caract\u00e8re topographique. (voir exemple bien connu du Pas de la Case \u00e0 la fronti\u00e8re andorrane).<\/p>\n<p style=\"text-align: justify;\">&#8220;Col portant ce nom&#8221; : un col doit \u00eatre nomm\u00e9 sur une source de r\u00e9f\u00e9rences par un intitul\u00e9 g\u00e9n\u00e9rique tel qu\u2019\u00e9voqu\u00e9 ci-dessus, associ\u00e9 \u00e0 un nom sp\u00e9cifique. Exemple : Col du Tourmalet, Col de la Croix de Fer, Puerto de la Bonaigua, Passo dello Stelvio, Sustenpass, etc.<\/p>\n<p style=\"text-align: justify;\">Il peut arriver qu\u2019un col soit nomm\u00e9 par son seul intitul\u00e9. Exemple : Le Collet (FR-04-0738) ou Le Col (FR-26-0410).<\/p>\n<p style=\"text-align: justify;\">En revanche un lieu nomm\u00e9 sans intitul\u00e9 \u00e9voquant la notion de col ne sera pas retenu, quand bien m\u00eame il correspondrait au crit\u00e8re topographique. Exemple : &#8220;La Baraque&#8221; ou &#8220;La Chapelle&#8221;. De m\u00eame, un col topographique, indiqu\u00e9 sur une carte par un symbole (ex: &gt;.&lt;) mais ne disposant pas d&#8217;un nom g\u00e9n\u00e9rique (intitul\u00e9) et d&#8217;un patronyme, ne pourra pas \u00eatre retenu.<\/p>\n<p>Un lieu nomm\u00e9\u00a0 et d\u00e9sign\u00e9 sur une carte de r\u00e9f\u00e9rence ou sur un\u00a0 autre document tel qu\u2019un cadastre\u00a0 avec un intitul\u00e9 \u00e9voquant un col \u00e0 condition de pouvoir le localiser avec suffisamment de pr\u00e9cision r\u00e9pond \u00e0 la RDJ tout en respectant les exigences topographiques mentionn\u00e9es ailleurs dans cette annexe \u00e0 l&#8217;article 2<\/p>\n<p style=\"text-align: justify;\">La nomination d\u2019un col doit \u00eatre consacr\u00e9e par l\u2019usage et mentionn\u00e9e sur des sources de r\u00e9f\u00e9rences jug\u00e9es fiables par le Club. Parmi les sources de r\u00e9f\u00e9rences fiables, citons :<\/p>\n<ul style=\"text-align: justify;\">\n<li>les cartes routi\u00e8res ou topographiques \u00e9manant soit d\u2019organismes officiels, soit d\u2019\u00e9diteurs priv\u00e9s dont la comp\u00e9tence est reconnue.<\/li>\n<li>les bases de donn\u00e9es toponymiques associ\u00e9es \u00e0 une cartographie num\u00e9rique \u00e9manant des m\u00eames organismes \u00e9voqu\u00e9s ci-dessus.<\/li>\n<li>les cadastres et cartes anciennes, dont l\u2019\u00e9chelle et le graphisme permettent de situer les cols sans ambigu\u00eft\u00e9 sur le terrain.<\/li>\n<li>les panneaux sommitaux ou directionnels.<\/li>\n<li>les plans ou tableaux informatifs pos\u00e9s soit par des organismes officiels, soit par des clubs montagnards comp\u00e9tents.<\/li>\n<li>les guides \u00e9dit\u00e9s par des clubs montagnards r\u00e9put\u00e9s pour leur s\u00e9rieux et leur connaissance du terrain : clubs alpins fran\u00e7ais, italien, club vosgien, etc.<\/li>\n<\/ul>\n<p style=\"text-align: justify;\">La nomination des cols de tradition orale, ou par mention sur des guides touristiques est consid\u00e9r\u00e9e comme un premier indice, qui doit inciter \u00e0 des recherches compl\u00e9mentaires en vue de confirmer cet usage sur une des sources \u00e9voqu\u00e9es ci-dessus.<\/p>\n<p style=\"text-align: justify;\">Ne sont pas reconnus comme source de r\u00e9f\u00e9rence suffisante les parcours et les prospectus de randonn\u00e9es et\/ou de comp\u00e9titions cyclistes. Les mentions &#8220;Col du Mont Ventoux&#8221; ou &#8220;Col de l\u2019Alpe d\u2019Huez&#8221; vues sur de tels documents ne font pas pour autant de ce sommet, ni de cette station d\u2019altitude des cols au sens de notre R\u00e8gle du Jeu.<\/p>\n<p>On ne consid\u00e8re non plus comme sources suffisantes les plateformes collaboratives sur Internet (Open StreetMap, Wikipedia etc.\u2026) ni les int\u00e9grateurs d\u2019informations motiv\u00e9s essentiellement par des int\u00e9r\u00eats commerciaux plut\u00f4t que par la fourniture de donn\u00e9es v\u00e9rifiables (Google, Bing, ViaMichelin, Tom-Tom, Garmin etc. \u2026). Ces sources peuvent aussi inciter \u00e0 faire des recherches compl\u00e9mentaires pour des sources plus probantes.<\/p>\n<h2 style=\"text-align: justify;\">Article 3<\/h2>\n<h3 style=\"text-align: justify;\">Commentaire :<\/h3>\n<p style=\"text-align: justify;\">Il est pr\u00e9cis\u00e9 en particulier qu\u2019aucune photo devant les panneaux de cols n\u2019est exig\u00e9e. Les d\u00e9clarations de cols franchis sont faites sur l\u2019honneur. Les photos de cols et de paysages, les r\u00e9cits de randonn\u00e9es en montagne et de rencontres entre cyclos sont toujours appr\u00e9ci\u00e9s pour la r\u00e9daction de la revue annuelle.<\/p>\n<h2 style=\"text-align: justify;\">Article 4<\/h2>\n<h3 style=\"text-align: justify;\">Commentaire :<\/h3>\n<p style=\"text-align: justify;\">Supprim\u00e9<\/p>\n<h2 style=\"text-align: justify;\">Article 5<\/h2>\n<h3 style=\"text-align: justify;\">Commentaire :<\/h3>\n<p style=\"text-align: justify;\">Ce rassemblement estival\u00a0 a un caract\u00e8re international, il est organis\u00e9 par le Club, qui propose aux adh\u00e9rents de se retrouver dans le cadre d&#8217;un s\u00e9jour consacr\u00e9 \u00e0 la d\u00e9couverte des cols du secteur. D&#8217;autres rencontres ou rassemblements r\u00e9gionaux sont propos\u00e9es \u00e0 l&#8217;initiative des animateurs r\u00e9gionaux. L&#8217;organisation d&#8217;\u00e9v\u00e8nements locaux \u00e0 l&#8217;initiative de membres du Club est tout \u00e0 fait possible. Le calendrier, les lieux de retrouvailles et le programme succinct de ces rassemblements sont publi\u00e9s dans la revue annuelle et sur le site web du Club.<\/p>\n<h2 style=\"text-align: justify;\">Article 6<\/h2>\n<h3 style=\"text-align: justify;\">Commentaire :<\/h3>\n<p style=\"text-align: justify;\">Cet engagement suppose en particulier de pr\u00e9senter des listes de cols conformes aux catalogues de r\u00e9f\u00e9rence et \u00e0 la d\u00e9finition des cols reconnue par le Club. L&#8217;envoi des listes est une occasion privil\u00e9gi\u00e9e de transmettre au responsable des nouveaux membres\u00a0 ou aux d\u00e9l\u00e9gu\u00e9s les d\u00e9couvertes de cols susceptibles d&#8217;enrichir les catalogues.<\/p>\n<h2>Article paru dans la revue 2016<\/h2>\n<p><a href=\"https:\/\/centcols.org\/backup\/wp-content\/uploads\/2018\/11\/Revue-2016-VAE.pdf\" target=\"_blank\" rel=\"noopener noreferrer\">Lire l&#8217;article<\/a><\/p>\n<h2 style=\"text-align: justify;\">Organigramme du Club des Cent Cols<\/h2>\n<p style=\"text-align: justify;\">Le Club des Cent Cols est une association de type loi de 1901, g\u00e9r\u00e9e par un Conseil d\u2019Administration de 3 membres minimum et de 11 membres maximum, \u00e9lus pour une dur\u00e9e de 4 ans par l&#8217;ensemble des adh\u00e9rents \u00e0 jour de cotisation. Le Club est affili\u00e9 \u00e0 la FFCT sous le n\u00b0 6384, et peut proposer \u00e0 ce titre une licence f\u00e9d\u00e9rale avec assurance \u00e0 ceux de ses adh\u00e9rents qui en font la demande.<\/p>\n<p style=\"text-align: justify;\">Le Club fait appel \u00e0 un r\u00e9seau de D\u00e9l\u00e9gu\u00e9s Territoriaux et de D\u00e9l\u00e9gu\u00e9s Nationaux pour \u00e9pauler le Secr\u00e9tariat dans sa t\u00e2che de r\u00e9ception et de validation des listes annuelles de cols franchis par les adh\u00e9rents. Dans la revue annuelle, le &#8220;Tableau d&#8217;Honneur&#8221; r\u00e9capitule pour chaque adh\u00e9rent le montant de la cotisation vers\u00e9e, le nombre total cumul\u00e9 de cols franchis ainsi que le nombre de cols \u00e0 plus de 2000 m.<\/p>\n<p style=\"text-align: justify;\">Des Groupes de Travail (GT), constitu\u00e9s &#8211; en accord avec le CA &#8211; de volontaires ayant de bonnes connaissances linguistiques, et un acc\u00e8s \u00e0 la cartographie locale, \u00e9laborent les projets de catalogues de cols par pays, ainsi que leur mise \u00e0 jour p\u00e9riodique. Toute publication d&#8217;un catalogue ou d&#8217;une mise \u00e0 jour rend les publications pr\u00e9c\u00e9dentes caduques.<\/p>\n<p style=\"text-align: justify;\">Des animateurs r\u00e9gionaux ou nationaux ont pour mission d&#8217;organiser des rassemblements r\u00e9gionaux afin de faire vivre des rencontres conviviales entre membres et accueillir les nouveaux membres.<\/p>\n<p style=\"text-align: justify;\">(<a href=\"https:\/\/centcols.org\/backup\/contact\/\">Voir la rubrique Contacts<\/a>)<\/p>\n","protected":false},"excerpt":{"rendered":"<p>Seule la version originale de la r\u00e8gle du jeu en fran\u00e7ais sert de r\u00e9f\u00e9rence. Les traductions dans d&#8217;autres langues ne sont donn\u00e9es qu&#8217;\u00e0 titre indicatif. \u00a0 Spielregel\u00a0 \u00a0 Regla del juego Article 1 Pour entrer au Club des Cent Cols, il faut avoir franchi \u00e0 bicyclette au moins cent cols diff\u00e9rents, dont cinq cols \u00e0 [&hellip;]<\/p>\n","protected":false},"author":2001,"featured_media":0,"parent":0,"menu_order":0,"comment_status":"closed","ping_status":"closed","template":"","meta":{"_acf_changed":false,"ub_ctt_via":"","_monsterinsights_skip_tracking":false,"_monsterinsights_sitenote_active":false,"_monsterinsights_sitenote_note":"","_monsterinsights_sitenote_category":0,"footnotes":""},"acf":[],"featured_image_urls":{"full":"","thumbnail":"","medium":"","medium_large":"","large":"","1536x1536":"","2048x2048":"","woocommerce_thumbnail":"","woocommerce_single":"","woocommerce_gallery_thumbnail":""},"post_excerpt_stackable":"<p>Seule la version originale de la r\u00e8gle du jeu en fran\u00e7ais sert de r\u00e9f\u00e9rence. Les traductions dans d&#8217;autres langues ne sont donn\u00e9es qu&#8217;\u00e0 titre indicatif. \u00a0 Spielregel\u00a0 \u00a0 Regla del juego Article 1 Pour entrer au Club des Cent Cols, il faut avoir franchi \u00e0 bicyclette au moins cent cols diff\u00e9rents, dont cinq cols \u00e0 plus de 2000 m pour chaque centaine propos\u00e9e. Article 2 Sont pris en compte : les cols inscrits dans les catalogues du Club des Cent Cols \u00e0 la date de leur derni\u00e8re mise \u00e0 jour. Les monts et les sommets, les d\u00e9fil\u00e9s et les fonds\u2026<\/p>\n","category_list":"","author_info":{"name":"Webmestre","url":"https:\/\/centcols.org\/backup\/author\/webmestre\/"},"comments_num":"0 commentaire","featured_image_urls_v2":{"full":"","thumbnail":"","medium":"","medium_large":"","large":"","1536x1536":"","2048x2048":"","woocommerce_thumbnail":"","woocommerce_single":"","woocommerce_gallery_thumbnail":""},"post_excerpt_stackable_v2":"<p>Seule la version originale de la r\u00e8gle du jeu en fran\u00e7ais sert de r\u00e9f\u00e9rence. Les traductions dans d&#8217;autres langues ne sont donn\u00e9es qu&#8217;\u00e0 titre indicatif. \u00a0 Spielregel\u00a0 \u00a0 Regla del juego Article 1 Pour entrer au Club des Cent Cols, il faut avoir franchi \u00e0 bicyclette au moins cent cols diff\u00e9rents, dont cinq cols \u00e0 plus de 2000 m pour chaque centaine propos\u00e9e. Article 2 Sont pris en compte : les cols inscrits dans les catalogues du Club des Cent Cols \u00e0 la date de leur derni\u00e8re mise \u00e0 jour. Les monts et les sommets, les d\u00e9fil\u00e9s et les fonds\u2026<\/p>\n","category_list_v2":"","author_info_v2":{"name":"Webmestre","url":"https:\/\/centcols.org\/backup\/author\/webmestre\/"},"comments_num_v2":"0 commentaire","featured_image_src":null,"_links":{"self":[{"href":"https:\/\/centcols.org\/backup\/wp-json\/wp\/v2\/pages\/50"}],"collection":[{"href":"https:\/\/centcols.org\/backup\/wp-json\/wp\/v2\/pages"}],"about":[{"href":"https:\/\/centcols.org\/backup\/wp-json\/wp\/v2\/types\/page"}],"author":[{"embeddable":true,"href":"https:\/\/centcols.org\/backup\/wp-json\/wp\/v2\/users\/2001"}],"replies":[{"embeddable":true,"href":"https:\/\/centcols.org\/backup\/wp-json\/wp\/v2\/comments?post=50"}],"version-history":[{"count":0,"href":"https:\/\/centcols.org\/backup\/wp-json\/wp\/v2\/pages\/50\/revisions"}],"wp:attachment":[{"href":"https:\/\/centcols.org\/backup\/wp-json\/wp\/v2\/media?parent=50"}],"curies":[{"name":"wp","href":"https:\/\/api.w.org\/{rel}","templated":true}]}}