{"id":55,"date":"2015-03-11T14:05:47","date_gmt":"2015-03-11T13:05:47","guid":{"rendered":"http:\/\/centcols.org\/backup\/?page_id=55"},"modified":"2022-01-30T17:37:00","modified_gmt":"2022-01-30T16:37:00","slug":"formulaire-inscription","status":"publish","type":"page","link":"https:\/\/centcols.org\/backup\/formulaire-inscription\/","title":{"rendered":"Formulaire d&#8217;inscription"},"content":{"rendered":"\r\n<h2 class=\"wp-block-heading\">Nouveaux membres<\/h2>\r\n\r\n\r\n\r\n<p>Les nouveaux membres doivent adresser leur correspondance, leur fiche d\u2019inscription et leur premi\u00e8re liste de cols sous forme de fichier Excel o\u00f9 Calc \u00e0 :<\/p>\r\n<p><a href=\"mailto:inscriptions@centcols.net\">E-mail : <a href=\"ma&#105;&#108;t&#111;&#58;inscr&#105;&#112;&#116;&#105;o&#110;&#115;&#64;c&#101;&#110;tc&#111;&#108;&#115;&#46;&#110;&#101;&#116;\">&#105;&#110;s&#99;ri&#112;&#116;&#105;&#111;ns&#64;&#99;en&#116;&#99;&#111;&#108;&#115;&#46;net<\/a><\/a><\/p>\r\n<p>Le ch\u00e8que de cotisation est \u00e0 envoyer \u00e0\u00a0: (<em>vous pouvez \u00e9galement r\u00e9gler par PayPal depuis le site o\u00f9 par virement en demandant le RIB du Club \u00e0 l\u2019adresse email ci-dessus<\/em>)<\/p>\r\n<p><br \/>Club des Cent Cols<br \/>Nadine Giraudeau<br \/>Chemin des Agaves 2<br \/>Route des \u00celes Sanguinaires<br \/>20000 Ajaccio<br \/>FRANCE<\/p>\r\n\r\n\r\n\r\n\r\n\r\n<h3 class=\"wp-block-heading\">Formulaires d&#8217;inscription<\/h3>\r\n\r\n\r\n\r\n<p>De pr\u00e9f\u00e9rence, envoyez votre dossier sous forme de fichier informatique :\u00a0<br \/>&#8211; LibreOffice :\u00a0 <strong><a href=\"https:\/\/centcols.org\/backup\/wp-content\/uploads\/2021\/04\/fi.ods\" target=\"_blank\" rel=\"noopener noreferrer\">dossier d&#8217;inscription au format Calc<\/a>\u00a0<\/strong><br \/>&#8211; MS Office :\u00a0 <a href=\"https:\/\/centcols.org\/backup\/wp-content\/uploads\/2021\/04\/fi.xlsx\" target=\"_blank\" rel=\"noopener noreferrer\"><strong>dossier d&#8217;inscription au format Excel<\/strong><\/a><strong><br \/><\/strong>&#8211; PDF : <strong><a href=\"https:\/\/centcols.org\/backup\/wp-content\/uploads\/2021\/04\/fi-mod.pdf\" target=\"_blank\" rel=\"noopener noreferrer\">dossier d&#8217;inscription au format PDF (modifiable)<\/a><\/strong><\/p>\r\n\r\n\r\n\r\n<p>Pour une inscription \u00e0 pr\u00e9senter de fa\u00e7on manuscrite, utilisez ce document : <strong><a href=\"https:\/\/centcols.org\/backup\/wp-content\/uploads\/2021\/04\/fi.pdf\" target=\"_blank\" rel=\"noopener noreferrer\">dossier au format PDF<\/a><\/strong><br \/>Pour une liste \u00e0 pr\u00e9senter de fa\u00e7on manuscrite, utilisez ce document : <strong><a href=\"https:\/\/centcols.org\/backup\/wp-content\/uploads\/2020\/10\/Liste-cols.pdf\" target=\"_blank\" rel=\"noopener noreferrer\">liste de cols manuscrite<\/a><\/strong><\/p>\r\n\r\n\r\n\r\n<h3 class=\"wp-block-heading\">Cotisation d&#8217;entr\u00e9e<\/h3>\r\n\r\n\r\n\r\n<p>La cotisation d&#8217;entr\u00e9e au Club est de <strong>20 \u20ac<\/strong>. Il y a plusieurs possibilit\u00e9s pour payer vos cotisations. Pour plus de d\u00e9tails, voir le page concernant les <a href=\"https:\/\/centcols.org\/backup\/moyens-paiement\/\">moyens de paiement<\/a>.<br \/>Si vous d\u00e9sirez payer par PayPal, utilisez le bouton ci-dessous. Il est aussi possible de payer par ce moyen sans avoir de compte PayPal mais en utilisant une carte de cr\u00e9dit. Ce mode de paiement engendre des frais et une majoration de 1 \u20ac est demand\u00e9e (donc minimum 21 \u20ac). Veuillez bien indiquer votre nom lors du paiement.<\/p>\r\n\r\n\r\n\r\n<p>Paiement par PayPal :<\/p>\r\n<form action=\"https:\/\/www.paypal.com\/cgi-bin\/webscr\" method=\"post\" target=\"paypal\"><input name=\"cmd\" type=\"hidden\" value=\"_s-xclick\" \/> <input name=\"hosted_button_id\" type=\"hidden\" value=\"PG4YEL2ZV4XWW\" \/> <input name=\"item_name\" type=\"hidden\" value=\"Cotisation initiale (minimum 21 EUR frais compris)\" \/> <input name=\"currency_code\" type=\"hidden\" value=\"EUR\" \/> <input name=\"button_subtype\" type=\"hidden\" value=\"services\" \/> <input name=\"bn\" type=\"hidden\" value=\"PP-BuyNowBF:btn_buynowCC_LG.gif:NonHosted\" \/><input alt=\"PayPal\" name=\"submit\" src=\"https:\/\/www.paypalobjects.com\/fr_FR\/FR\/i\/btn\/btn_paynowCC_LG.gif\" type=\"image\" \/> <img loading=\"lazy\" decoding=\"async\" src=\"https:\/\/www.paypalobjects.com\/fr_FR\/i\/scr\/pixel.gif\" alt=\"\" width=\"1\" height=\"1\" border=\"0\" \/><\/form>","protected":false},"excerpt":{"rendered":"<p>Nouveaux membres Les nouveaux membres doivent adresser leur correspondance, leur fiche d\u2019inscription et leur premi\u00e8re liste de cols sous forme de fichier Excel o\u00f9 Calc \u00e0 : E-mail : Le ch\u00e8que de cotisation est \u00e0 envoyer \u00e0\u00a0: (vous pouvez \u00e9galement r\u00e9gler par PayPal depuis le site o\u00f9 par virement en demandant le RIB du Club [&hellip;]<\/p>\n","protected":false},"author":147,"featured_media":0,"parent":0,"menu_order":0,"comment_status":"closed","ping_status":"closed","template":"","meta":{"_acf_changed":false,"ub_ctt_via":"","_monsterinsights_skip_tracking":false,"_monsterinsights_sitenote_active":false,"_monsterinsights_sitenote_note":"","_monsterinsights_sitenote_category":0,"footnotes":""},"acf":[],"featured_image_urls":{"full":"","thumbnail":"","medium":"","medium_large":"","large":"","1536x1536":"","2048x2048":"","woocommerce_thumbnail":"","woocommerce_single":"","woocommerce_gallery_thumbnail":""},"post_excerpt_stackable":"<p>Nouveaux membres Les nouveaux membres doivent adresser leur correspondance, leur fiche d\u2019inscription et leur premi\u00e8re liste de cols sous forme de fichier Excel o\u00f9 Calc \u00e0 : E-mail : i&#110;scr&#105;p&#116;&#105;&#111;n&#115;&#64;&#99;&#101;&#110;&#116;&#99;&#111;&#108;s&#46;n&#101;&#116; Le ch\u00e8que de cotisation est \u00e0 envoyer \u00e0\u00a0: (vous pouvez \u00e9galement r\u00e9gler par PayPal depuis le site o\u00f9 par virement en demandant le RIB du Club \u00e0 l\u2019adresse email ci-dessus) Club des Cent ColsNadine GiraudeauChemin des Agaves 2Route des \u00celes Sanguinaires20000 AjaccioFRANCE Formulaires d&#8217;inscription De pr\u00e9f\u00e9rence, envoyez votre dossier sous forme de fichier informatique :\u00a0&#8211; LibreOffice :\u00a0 dossier d&#8217;inscription au format Calc\u00a0&#8211; MS Office :\u00a0 dossier d&#8217;inscription au format Excel&#8211;\u2026<\/p>\n","category_list":"","author_info":{"name":"Guy Harl\u00e9","url":"https:\/\/centcols.org\/backup\/author\/5193\/"},"comments_num":"0 commentaire","featured_image_urls_v2":{"full":"","thumbnail":"","medium":"","medium_large":"","large":"","1536x1536":"","2048x2048":"","woocommerce_thumbnail":"","woocommerce_single":"","woocommerce_gallery_thumbnail":""},"post_excerpt_stackable_v2":"<p>Nouveaux membres Les nouveaux membres doivent adresser leur correspondance, leur fiche d\u2019inscription et leur premi\u00e8re liste de cols sous forme de fichier Excel o\u00f9 Calc \u00e0 : E-mail : &#105;&#110;&#115;c&#114;&#105;&#112;t&#105;ons&#64;&#99;e&#110;tco&#108;s&#46;&#110;&#101;t Le ch\u00e8que de cotisation est \u00e0 envoyer \u00e0\u00a0: (vous pouvez \u00e9galement r\u00e9gler par PayPal depuis le site o\u00f9 par virement en demandant le RIB du Club \u00e0 l\u2019adresse email ci-dessus) Club des Cent ColsNadine GiraudeauChemin des Agaves 2Route des \u00celes Sanguinaires20000 AjaccioFRANCE Formulaires d&#8217;inscription De pr\u00e9f\u00e9rence, envoyez votre dossier sous forme de fichier informatique :\u00a0&#8211; LibreOffice :\u00a0 dossier d&#8217;inscription au format Calc\u00a0&#8211; MS Office :\u00a0 dossier d&#8217;inscription au format Excel&#8211;\u2026<\/p>\n","category_list_v2":"","author_info_v2":{"name":"Guy Harl\u00e9","url":"https:\/\/centcols.org\/backup\/author\/5193\/"},"comments_num_v2":"0 commentaire","featured_image_src":null,"_links":{"self":[{"href":"https:\/\/centcols.org\/backup\/wp-json\/wp\/v2\/pages\/55"}],"collection":[{"href":"https:\/\/centcols.org\/backup\/wp-json\/wp\/v2\/pages"}],"about":[{"href":"https:\/\/centcols.org\/backup\/wp-json\/wp\/v2\/types\/page"}],"author":[{"embeddable":true,"href":"https:\/\/centcols.org\/backup\/wp-json\/wp\/v2\/users\/147"}],"replies":[{"embeddable":true,"href":"https:\/\/centcols.org\/backup\/wp-json\/wp\/v2\/comments?post=55"}],"version-history":[{"count":0,"href":"https:\/\/centcols.org\/backup\/wp-json\/wp\/v2\/pages\/55\/revisions"}],"wp:attachment":[{"href":"https:\/\/centcols.org\/backup\/wp-json\/wp\/v2\/media?parent=55"}],"curies":[{"name":"wp","href":"https:\/\/api.w.org\/{rel}","templated":true}]}}