{"id":6,"date":"2013-10-04T11:37:28","date_gmt":"2013-10-04T09:37:28","guid":{"rendered":"http:\/\/centcols.org\/backup\/?page_id=6"},"modified":"2024-02-23T11:21:00","modified_gmt":"2024-02-23T10:21:00","slug":"contact","status":"publish","type":"page","link":"https:\/\/centcols.org\/backup\/contact\/","title":{"rendered":"Contact"},"content":{"rendered":"<p style=\"text-align: left;\">Pour conna\u00eetre les conditions d&#8217;inscription au Club des Cent Cols ou pour savoir comment verser sa cotisation annuelle, consultez les rubriques <a href=\"https:\/\/centcols.org\/backup\/regle-du-jeu\/\">R\u00e8gle du jeu<\/a>, <a href=\"https:\/\/centcols.org\/backup\/faq-le-club\/\" target=\"_blank\" rel=\"noopener noreferrer\">FAQ<\/a>, <a href=\"https:\/\/centcols.org\/backup\/comment-faire\/\" target=\"_blank\" rel=\"noopener noreferrer\">nous rejoindre (comment faire)<\/a>, <a href=\"https:\/\/centcols.org\/backup\/cotisation-annuelle\/\" target=\"_blank\" rel=\"noopener noreferrer\">cotisation annuelle<\/a>.<\/p>\n<blockquote>\n<h3>Coordonn\u00e9es g\u00e9n\u00e9rales<\/h3>\n<p>Les membres doivent contacter leur d\u00e9l\u00e9gu\u00e9 territorial ou national pour tout ce qui a trait \u00e0 leurs listes de cols et \u00e0 leurs cotisations.<\/p><\/blockquote>\n","protected":false},"excerpt":{"rendered":"<p>Pour conna\u00eetre les conditions d&#8217;inscription au Club des Cent Cols ou pour savoir comment verser sa cotisation annuelle, consultez les rubriques R\u00e8gle du jeu, FAQ, nous rejoindre (comment faire), cotisation annuelle. Coordonn\u00e9es g\u00e9n\u00e9rales Les membres doivent contacter leur d\u00e9l\u00e9gu\u00e9 territorial ou national pour tout ce qui a trait \u00e0 leurs listes de cols et \u00e0 [&hellip;]<\/p>\n","protected":false},"author":17,"featured_media":0,"parent":0,"menu_order":0,"comment_status":"closed","ping_status":"open","template":"","meta":{"_acf_changed":false,"ub_ctt_via":"","_monsterinsights_skip_tracking":false,"_monsterinsights_sitenote_active":false,"_monsterinsights_sitenote_note":"","_monsterinsights_sitenote_category":0,"footnotes":""},"acf":[],"featured_image_urls":{"full":"","thumbnail":"","medium":"","medium_large":"","large":"","1536x1536":"","2048x2048":"","woocommerce_thumbnail":"","woocommerce_single":"","woocommerce_gallery_thumbnail":""},"post_excerpt_stackable":"<p>Pour conna\u00eetre les conditions d&#8217;inscription au Club des Cent Cols ou pour savoir comment verser sa cotisation annuelle, consultez les rubriques R\u00e8gle du jeu, FAQ, nous rejoindre (comment faire), cotisation annuelle. Coordonn\u00e9es g\u00e9n\u00e9rales Les membres doivent contacter leur d\u00e9l\u00e9gu\u00e9 territorial ou national pour tout ce qui a trait \u00e0 leurs listes de cols et \u00e0 leurs cotisations.<\/p>\n","category_list":"","author_info":{"name":"R\u00e9gis Paraz","url":"https:\/\/centcols.org\/backup\/author\/3225\/"},"comments_num":"0 commentaire","featured_image_urls_v2":{"full":"","thumbnail":"","medium":"","medium_large":"","large":"","1536x1536":"","2048x2048":"","woocommerce_thumbnail":"","woocommerce_single":"","woocommerce_gallery_thumbnail":""},"post_excerpt_stackable_v2":"<p>Pour conna\u00eetre les conditions d&#8217;inscription au Club des Cent Cols ou pour savoir comment verser sa cotisation annuelle, consultez les rubriques R\u00e8gle du jeu, FAQ, nous rejoindre (comment faire), cotisation annuelle. Coordonn\u00e9es g\u00e9n\u00e9rales Les membres doivent contacter leur d\u00e9l\u00e9gu\u00e9 territorial ou national pour tout ce qui a trait \u00e0 leurs listes de cols et \u00e0 leurs cotisations.<\/p>\n","category_list_v2":"","author_info_v2":{"name":"R\u00e9gis Paraz","url":"https:\/\/centcols.org\/backup\/author\/3225\/"},"comments_num_v2":"0 commentaire","featured_image_src":null,"_links":{"self":[{"href":"https:\/\/centcols.org\/backup\/wp-json\/wp\/v2\/pages\/6"}],"collection":[{"href":"https:\/\/centcols.org\/backup\/wp-json\/wp\/v2\/pages"}],"about":[{"href":"https:\/\/centcols.org\/backup\/wp-json\/wp\/v2\/types\/page"}],"author":[{"embeddable":true,"href":"https:\/\/centcols.org\/backup\/wp-json\/wp\/v2\/users\/17"}],"replies":[{"embeddable":true,"href":"https:\/\/centcols.org\/backup\/wp-json\/wp\/v2\/comments?post=6"}],"version-history":[{"count":0,"href":"https:\/\/centcols.org\/backup\/wp-json\/wp\/v2\/pages\/6\/revisions"}],"wp:attachment":[{"href":"https:\/\/centcols.org\/backup\/wp-json\/wp\/v2\/media?parent=6"}],"curies":[{"name":"wp","href":"https:\/\/api.w.org\/{rel}","templated":true}]}}