{"id":60,"date":"2015-03-11T14:06:40","date_gmt":"2015-03-11T13:06:40","guid":{"rendered":"http:\/\/centcols.org\/backup\/?page_id=60"},"modified":"2023-07-28T15:29:57","modified_gmt":"2023-07-28T13:29:57","slug":"cols-non-reconnus2","status":"publish","type":"page","link":"https:\/\/centcols.org\/backup\/cols-non-reconnus2\/","title":{"rendered":"Cols non reconnus"},"content":{"rendered":"\n<p class=\"has-medium-font-size\">Quand on ouvre un catalogue des cols du Club des Cent Cols, on trouve en g\u00e9n\u00e9ral trois onglets distincts.<\/p>\n\n\n\n<p class=\"has-medium-font-size\">Le <strong>premier onglet<\/strong> est celui du copyright, la notice des droits d&#8217;auteur. Il comporte aussi un lien vers une <strong>pr\u00e9sentation <\/strong>en ligne du pays et de ses sp\u00e9cificit\u00e9s g\u00e9ographiques, notamment (mais pas seulement) en mati\u00e8re de cols.<\/p>\n\n\n\n<p class=\"has-medium-font-size\">Le <strong>second onglet<\/strong> concerne la liste des cols reconnus car ils r\u00e9pondent \u00e0 trois types de crit\u00e8res :<\/p>\n\n\n\n<ol type=\"1\">\n<li><span style=\"font-size: 20px; font-family: arial, helvetica, sans-serif;\">L\u2019aspect topographique est av\u00e9r\u00e9,<\/span><\/li>\n<li><span style=\"font-size: 20px; font-family: arial, helvetica, sans-serif;\">L\u2019intitul\u00e9 de &#8220;col&#8221;, c&#8217;est le toponyme, ou tout synonyme ou traduction, confirme que le lieu a \u00e9t\u00e9 consid\u00e9r\u00e9 comme \u00e9tant un col,<\/span><\/li>\n<li><span style=\"font-size: 20px; font-family: arial, helvetica, sans-serif;\">La source de l&#8217;intitul\u00e9 r\u00e9pond \u00e0 des crit\u00e8res de fiabilit\u00e9 reconnus.<\/span><\/li>\n<\/ol>\n\n\n\n<p class=\"has-medium-font-size\">Le<strong> troisi\u00e8me onglet <\/strong>rassemble les &#8220;Cols non-retenus&#8221;. Ce sont deux types de cols distincts\u00a0:<\/p>\n\n\n\n<ol>\n<li><span style=\"font-size: 20px; font-family: arial, helvetica, sans-serif;\">Les cols <strong>supprim\u00e9s<\/strong> : ils ont d\u00e9j\u00e0 fait partie du catalogue pour au moins une \u00e9dition, mais ont \u00e9t\u00e9 supprim\u00e9s par la suite pour diverses raisons. Ils sont identifi\u00e9s par la lettre S dans la colonne Statut des fichiers PDF.<\/span><\/li>\n<li><span style=\"font-size: 20px; font-family: arial, helvetica, sans-serif;\">Les cols <strong>refus\u00e9s<\/strong> (parfois appel\u00e9s non-retenus) : ils ont \u00e9t\u00e9 propos\u00e9s par des membres ou trouv\u00e9s par un groupe de travail, mais apr\u00e8s \u00e9tude n&#8217;ont pas \u00e9t\u00e9 retenus pour diverses raisons. Ils sont identifi\u00e9s par la lettre R dans la colonne Statut des fichiers PDF.<\/span><\/li>\n<\/ol>\n\n\n\n<p class=\"has-medium-font-size\">Parmi les raisons possibles de refus, sans exhaustivit\u00e9, on peut citer par exemple :<\/p>\n\n\n\n<ul>\n<li><span style=\"font-size: 20px; font-family: arial, helvetica, sans-serif;\">Malgr\u00e9 un toponyme reconnu pour un col, l\u2019examen topographique ne permet pas retrouver l\u2019aspect typique d&#8217;un col. Dans cette cat\u00e9gorie, on trouve souvent, par exemple, des toponymes pr\u00eatant \u00e0 confusion comme &#8220;Pas&#8221;, &#8220;Goulet&#8221;, &#8220;Seuil&#8221;, etc.<\/span><\/li>\n<li><span style=\"font-size: 20px; font-family: arial, helvetica, sans-serif;\">Au contraire, malgr\u00e9 le caract\u00e8re topographique ind\u00e9niable d\u2019un col, il existe un d\u00e9faut d\u2019intitul\u00e9 ou un intitul\u00e9 non reconnu.<\/span>\n<ul>\n<li><span style=\"font-size: 20px; font-family: arial, helvetica, sans-serif;\">Ex\u00a0:\u00a0 Croix de\u00a0??, Alto de ??<\/span><\/li>\n<\/ul>\n<\/li>\n<li><span style=\"font-size: 20px; font-family: arial, helvetica, sans-serif;\">Enfin, malgr\u00e9 un caract\u00e8re topographique et un intitul\u00e9 acceptables, c\u2019est la source elle\u2013m\u00eame qui fait d\u00e9faut.<\/span>\n<ul>\n<li><span style=\"font-size: 20px; font-family: arial, helvetica, sans-serif;\">Ex\u00a0: cartographie peu scrupuleuse, panneautage de circonstance, cr\u00e9ation \u00e0 but commercial ou promotionnel connue.<\/span><\/li>\n<\/ul>\n<\/li>\n<li><span style=\"font-size: 20px; font-family: arial, helvetica, sans-serif;\">Dans ce dernier cas, avec le temps, il peut arriver qu&#8217;un col initialement non reconnu apparaisse sur une source reconnue. Par exemple, en France, lors d&#8217;une mise \u00e0 jour des cartes IGN au 1\/25000. Alors, le col peut rejoindre la liste des cols reconnus.<\/span><\/li>\n<\/ul>\n\n\n\n<p class=\"has-medium-font-size\">La gestion de ce catalogue mondial de cols, reconnus ou non reconnus, est int\u00e9gralement faite par des b\u00e9n\u00e9voles du club des Cent Cols. Depuis presque 50 ans, un \u00e0 un, sur plus d&#8217;un million de documents, cartes papier ou en ligne, ils ont examin\u00e9 les plus de 100.000 cols cit\u00e9s dans les 2 cat\u00e9gories, et ont rempli les quelques 35 colonnes typiques d&#8217;un catalogue de cols. Vous avez bien lu : 3.500.000 donn\u00e9es ont \u00e9t\u00e9 ainsi compil\u00e9es et sont mises \u00e0 jour aussi r\u00e9guli\u00e8rement que possible.<\/p>\n\n\n\n<p class=\"has-medium-font-size\">Les principes de base de la constitution des catalogues de cols sont r\u00e9unis dans la &#8220;<a href=\"https:\/\/centcols.org\/backup\/regle-du-jeu\/\" target=\"_blank\" rel=\"noopener\" title=\"\">R\u00e8gle du jeu<\/a>&#8220;, notamment l&#8217;article 4, sans oublier les commentaires aux articles 1 et 2.<\/p>\n\n\n<p><span style=\"font-size: 20px; font-family: arial, helvetica, sans-serif;\">En pi\u00e8ces jointes par des liens, \u00a0vous trouverez des fichiers PDF contenant les cols non-reconnus de France, de Suisse et du Liechtenstein. <\/span><\/p>\n<p><span style=\"font-size: 20px; font-family: arial, helvetica, sans-serif;\">Chaque fichier PDF dispose des coordonn\u00e9es WGS84 et du lien vers les cartes interactives ainsi que du motif de la non-reconnaissance du col.<\/span><\/p>\n<h2>France<\/h2>\n<p><a href=\"\/basecols\/exportation\/mkCatPdfNR.php?cat=fr&amp;lang=fr\" target=\"new\" rel=\"noopener\"><img decoding=\"async\" src=\"\/res\/pdf.gif\" \/><br \/><\/a><\/p>\n<h2>Suisse et Liechtenstein<\/h2>\n<p><a href=\"\/basecols\/exportation\/mkCatPdfNR.php?cat=ch&amp;lang=fr\" target=\"new\" rel=\"noopener\"><img decoding=\"async\" src=\"\/res\/pdf.gif\" \/><\/a><\/p>","protected":false},"excerpt":{"rendered":"<p>Quand on ouvre un catalogue des cols du Club des Cent Cols, on trouve en g\u00e9n\u00e9ral trois onglets distincts. Le premier onglet est celui du copyright, la notice des droits d&#8217;auteur. Il comporte aussi un lien vers une pr\u00e9sentation en ligne du pays et de ses sp\u00e9cificit\u00e9s g\u00e9ographiques, notamment (mais pas seulement) en mati\u00e8re de [&hellip;]<\/p>\n","protected":false},"author":17,"featured_media":0,"parent":0,"menu_order":0,"comment_status":"closed","ping_status":"closed","template":"","meta":{"_acf_changed":false,"ub_ctt_via":"","_monsterinsights_skip_tracking":false,"_monsterinsights_sitenote_active":false,"_monsterinsights_sitenote_note":"","_monsterinsights_sitenote_category":0,"footnotes":""},"acf":[],"featured_image_urls":{"full":"","thumbnail":"","medium":"","medium_large":"","large":"","1536x1536":"","2048x2048":"","woocommerce_thumbnail":"","woocommerce_single":"","woocommerce_gallery_thumbnail":""},"post_excerpt_stackable":"<p>Quand on ouvre un catalogue des cols du Club des Cent Cols, on trouve en g\u00e9n\u00e9ral trois onglets distincts. Le premier onglet est celui du copyright, la notice des droits d&#8217;auteur. Il comporte aussi un lien vers une pr\u00e9sentation en ligne du pays et de ses sp\u00e9cificit\u00e9s g\u00e9ographiques, notamment (mais pas seulement) en mati\u00e8re de cols. Le second onglet concerne la liste des cols reconnus car ils r\u00e9pondent \u00e0 trois types de crit\u00e8res : L\u2019aspect topographique est av\u00e9r\u00e9, L\u2019intitul\u00e9 de &#8220;col&#8221;, c&#8217;est le toponyme, ou tout synonyme ou traduction, confirme que le lieu a \u00e9t\u00e9 consid\u00e9r\u00e9 comme \u00e9tant un col,\u2026<\/p>\n","category_list":"","author_info":{"name":"R\u00e9gis Paraz","url":"https:\/\/centcols.org\/backup\/author\/3225\/"},"comments_num":"0 commentaire","featured_image_urls_v2":{"full":"","thumbnail":"","medium":"","medium_large":"","large":"","1536x1536":"","2048x2048":"","woocommerce_thumbnail":"","woocommerce_single":"","woocommerce_gallery_thumbnail":""},"post_excerpt_stackable_v2":"<p>Quand on ouvre un catalogue des cols du Club des Cent Cols, on trouve en g\u00e9n\u00e9ral trois onglets distincts. Le premier onglet est celui du copyright, la notice des droits d&#8217;auteur. Il comporte aussi un lien vers une pr\u00e9sentation en ligne du pays et de ses sp\u00e9cificit\u00e9s g\u00e9ographiques, notamment (mais pas seulement) en mati\u00e8re de cols. Le second onglet concerne la liste des cols reconnus car ils r\u00e9pondent \u00e0 trois types de crit\u00e8res : L\u2019aspect topographique est av\u00e9r\u00e9, L\u2019intitul\u00e9 de &#8220;col&#8221;, c&#8217;est le toponyme, ou tout synonyme ou traduction, confirme que le lieu a \u00e9t\u00e9 consid\u00e9r\u00e9 comme \u00e9tant un col,\u2026<\/p>\n","category_list_v2":"","author_info_v2":{"name":"R\u00e9gis Paraz","url":"https:\/\/centcols.org\/backup\/author\/3225\/"},"comments_num_v2":"0 commentaire","featured_image_src":null,"_links":{"self":[{"href":"https:\/\/centcols.org\/backup\/wp-json\/wp\/v2\/pages\/60"}],"collection":[{"href":"https:\/\/centcols.org\/backup\/wp-json\/wp\/v2\/pages"}],"about":[{"href":"https:\/\/centcols.org\/backup\/wp-json\/wp\/v2\/types\/page"}],"author":[{"embeddable":true,"href":"https:\/\/centcols.org\/backup\/wp-json\/wp\/v2\/users\/17"}],"replies":[{"embeddable":true,"href":"https:\/\/centcols.org\/backup\/wp-json\/wp\/v2\/comments?post=60"}],"version-history":[{"count":0,"href":"https:\/\/centcols.org\/backup\/wp-json\/wp\/v2\/pages\/60\/revisions"}],"wp:attachment":[{"href":"https:\/\/centcols.org\/backup\/wp-json\/wp\/v2\/media?parent=60"}],"curies":[{"name":"wp","href":"https:\/\/api.w.org\/{rel}","templated":true}]}}