{"id":61,"date":"2015-03-11T14:06:48","date_gmt":"2015-03-11T13:06:48","guid":{"rendered":"http:\/\/centcols.org\/backup\/?page_id=61"},"modified":"2022-03-18T08:22:34","modified_gmt":"2022-03-18T07:22:34","slug":"ccway","status":"publish","type":"page","link":"https:\/\/centcols.org\/backup\/ccway\/","title":{"rendered":"ccWay"},"content":{"rendered":"<p><a target=\"ccway\" href=\"\/util\/geo\/ccWay\/\" rel=\"noopener\">Acc\u00e9der \u00e0 l&#8217;utilitaire ccWay<\/a><\/p>\n<p><a href=\"\/guide-ccway\/\">Guide d&#8217;utilisation de ccWay<\/a><\/p>\n<p>CcWay est un utilitaire Web sur le site du Club des Cent Cols qui extrait un groupe de cols (parfois appel\u00e9 nuage de points) depuis les catalogues Cent Cols suivant les crit\u00e8res de votre choix, et qui produit en sortie plusieurs types de fichiers de g\u00e9olocalisation courants. Vous pouvez ensuite utiliser les fichiers sortants dans vos logiciels de g\u00e9olocalisation pr\u00e9f\u00e9r\u00e9s, comme Google Earth, MapSource, Carto Exploreur et de nombreux autres.<\/p>\n<p>CcWay n&#8217;est pas sp\u00e9cifiquement destin\u00e9 aux utilisateurs d&#8217;appareils GPS. Les fichiers issus de ccWay sont utilisables pour planifier sur fonds cartographiques vos sorties et voyages, pour avoir une vue 3D d&#8217;un groupe de cols sur Google Earth, et pour de nombreuses autres utilisations limit\u00e9es uniquement par votre imagination. Bien entendu certains fichiers produits par CcWay peuvent \u00eatre utilis\u00e9s pour charger les cols extraits sur votre GPS, via l&#8217;utilitaire sp\u00e9cifique \u00e0 votre appareil.<\/p>\n<p>CcWay peut maintenant traiter parmi d&#8217;autres, la France, la Suisse, l&#8217;Allemagne, l&#8217;Espagne et l&#8217;Italie, et s&#8217;\u00e9tendra aux autres pays catalogu\u00e9s d\u00e8s que ces catalogues auront les coordonn\u00e9es universelles requises. Vous pouvez s\u00e9lectionner les cols par niveau administratif (R\u00e9gion, D\u00e9partement, Province, Canton, Land, Etat&#8230;), par num\u00e9ro de carte, ou faire une s\u00e9lection \u00e0 la souris sur une carte interactive. Les cols ainsi obtenus peuvent \u00e9galement \u00eatre soumis \u00e0 des filtres : Cols &lt; 2000 m, cols \u2265 2000 m ou les deux; un ou plusieurs niveaux de difficult\u00e9; CcWay peut aussi diff\u00e9rencier les cols que vous avez d\u00e9j\u00e0 grimp\u00e9s de ceux qu&#8217;il vous reste \u00e0 grimper.<\/p>\n<p>Sur carte interactive, vous pouvez \u00e9galement faire des s\u00e9lections transfrontali\u00e8res, par exemple tous les cols sur les deux versants, fran\u00e7ais et espagnol, des Pyr\u00e9n\u00e9es, et produire ainsi un ensemble de cols fusionn\u00e9. Vous pouvez \u00e9galement demander \u00e0 CcWay d&#8217;extraire les cols qui se trouvent le long d&#8217;un itin\u00e9raire projet\u00e9, par exemple ci-contre \u00e0 droite sur la route des hauts cols alpins de France, de Nice \u00e0 Bourg-St.Maurice.<\/p>\n<p>CcWay fonctionne totalement en ligne. Vous n&#8217;avez pas \u00e0 lui fournir de catalogues ou \u00e0 installer un logiciel sur votre ordinateur. Bien s\u00fbr vous devez avoir install\u00e9 pr\u00e9alablement le ou les logiciels de g\u00e9olocalisation qui peuvent traiter les fichiers produits par CcWay.<\/p>\n<p>Le sch\u00e9ma graphique des fichiers produits peut \u00eatre personnalis\u00e9 par l&#8217;utilisateur.<\/p>\n<div id=\"__zsc_once\"><\/div>\n","protected":false},"excerpt":{"rendered":"<p>Acc\u00e9der \u00e0 l&#8217;utilitaire ccWay Guide d&#8217;utilisation de ccWay CcWay est un utilitaire Web sur le site du Club des Cent Cols qui extrait un groupe de cols (parfois appel\u00e9 nuage de points) depuis les catalogues Cent Cols suivant les crit\u00e8res de votre choix, et qui produit en sortie plusieurs types de fichiers de g\u00e9olocalisation courants. [&hellip;]<\/p>\n","protected":false},"author":2001,"featured_media":0,"parent":0,"menu_order":0,"comment_status":"closed","ping_status":"closed","template":"","meta":{"_acf_changed":false,"ub_ctt_via":"","_monsterinsights_skip_tracking":false,"_monsterinsights_sitenote_active":false,"_monsterinsights_sitenote_note":"","_monsterinsights_sitenote_category":0,"footnotes":""},"acf":[],"featured_image_urls":{"full":"","thumbnail":"","medium":"","medium_large":"","large":"","1536x1536":"","2048x2048":"","woocommerce_thumbnail":"","woocommerce_single":"","woocommerce_gallery_thumbnail":""},"post_excerpt_stackable":"<p>Acc\u00e9der \u00e0 l&#8217;utilitaire ccWay Guide d&#8217;utilisation de ccWay CcWay est un utilitaire Web sur le site du Club des Cent Cols qui extrait un groupe de cols (parfois appel\u00e9 nuage de points) depuis les catalogues Cent Cols suivant les crit\u00e8res de votre choix, et qui produit en sortie plusieurs types de fichiers de g\u00e9olocalisation courants. Vous pouvez ensuite utiliser les fichiers sortants dans vos logiciels de g\u00e9olocalisation pr\u00e9f\u00e9r\u00e9s, comme Google Earth, MapSource, Carto Exploreur et de nombreux autres. CcWay n&#8217;est pas sp\u00e9cifiquement destin\u00e9 aux utilisateurs d&#8217;appareils GPS. Les fichiers issus de ccWay sont utilisables pour planifier sur fonds cartographiques vos\u2026<\/p>\n","category_list":"","author_info":{"name":"Webmestre","url":"https:\/\/centcols.org\/backup\/author\/webmestre\/"},"comments_num":"0 commentaire","featured_image_urls_v2":{"full":"","thumbnail":"","medium":"","medium_large":"","large":"","1536x1536":"","2048x2048":"","woocommerce_thumbnail":"","woocommerce_single":"","woocommerce_gallery_thumbnail":""},"post_excerpt_stackable_v2":"<p>Acc\u00e9der \u00e0 l&#8217;utilitaire ccWay Guide d&#8217;utilisation de ccWay CcWay est un utilitaire Web sur le site du Club des Cent Cols qui extrait un groupe de cols (parfois appel\u00e9 nuage de points) depuis les catalogues Cent Cols suivant les crit\u00e8res de votre choix, et qui produit en sortie plusieurs types de fichiers de g\u00e9olocalisation courants. Vous pouvez ensuite utiliser les fichiers sortants dans vos logiciels de g\u00e9olocalisation pr\u00e9f\u00e9r\u00e9s, comme Google Earth, MapSource, Carto Exploreur et de nombreux autres. CcWay n&#8217;est pas sp\u00e9cifiquement destin\u00e9 aux utilisateurs d&#8217;appareils GPS. Les fichiers issus de ccWay sont utilisables pour planifier sur fonds cartographiques vos\u2026<\/p>\n","category_list_v2":"","author_info_v2":{"name":"Webmestre","url":"https:\/\/centcols.org\/backup\/author\/webmestre\/"},"comments_num_v2":"0 commentaire","featured_image_src":null,"_links":{"self":[{"href":"https:\/\/centcols.org\/backup\/wp-json\/wp\/v2\/pages\/61"}],"collection":[{"href":"https:\/\/centcols.org\/backup\/wp-json\/wp\/v2\/pages"}],"about":[{"href":"https:\/\/centcols.org\/backup\/wp-json\/wp\/v2\/types\/page"}],"author":[{"embeddable":true,"href":"https:\/\/centcols.org\/backup\/wp-json\/wp\/v2\/users\/2001"}],"replies":[{"embeddable":true,"href":"https:\/\/centcols.org\/backup\/wp-json\/wp\/v2\/comments?post=61"}],"version-history":[{"count":0,"href":"https:\/\/centcols.org\/backup\/wp-json\/wp\/v2\/pages\/61\/revisions"}],"wp:attachment":[{"href":"https:\/\/centcols.org\/backup\/wp-json\/wp\/v2\/media?parent=61"}],"curies":[{"name":"wp","href":"https:\/\/api.w.org\/{rel}","templated":true}]}}