{"id":62,"date":"2015-03-11T14:06:59","date_gmt":"2015-03-11T13:06:59","guid":{"rendered":"http:\/\/centcols.org\/backup\/?page_id=62"},"modified":"2021-06-12T15:43:27","modified_gmt":"2021-06-12T13:43:27","slug":"les-calques","status":"publish","type":"page","link":"https:\/\/centcols.org\/backup\/les-calques\/","title":{"rendered":"Les calques"},"content":{"rendered":"<p>Les calques ne sont plus mis \u00e0 jour depuis 2007. D&#8217;autres outils de g\u00e9olocalisation existent et les r\u00e9\u00e9ditions successives de cartes avec changements d&#8217;\u00e9chelle rendent\u00a0trop complexe la t\u00e2che de remise \u00e0 jour.<\/p>\n<h2>Les calques<\/h2>\n<p>Plusieurs s\u00e9ries de calques permettent soit de faciliter la planification d&#8217;itin\u00e9raires riches en cols, soit de r\u00e9v\u00e9ler tous les cols qui sont situ\u00e9s sur un itin\u00e9raire donn\u00e9.<\/p>\n<p>Un calque est une repr\u00e9sentation graphique de tous les cols situ\u00e9s sur un pli ou quadrant de carte routi\u00e8re ou topographique r\u00e9f\u00e9renc\u00e9 dans les catalogues de cols du club.\u00a0 Une fois imprim\u00e9 sur une feuille de plastique transparent de type r\u00e9troprojecteur, un calque se superpose exactement sur la partie correspondante de la carte, indiquant ainsi tous les cols qui s&#8217;y trouvent.<\/p>\n<p>Ces calques sont compl\u00e9mentaires aux cartes et aux catalogues de cols. Ils ne remplacent pas les cartes car ils ne contiennent que les points identifiant les cols. Ils ne remplacent pas les catalogues car les cols ne sont identifi\u00e9s que par leur codes &#8211; il faut donc s&#8217;y reporter pour obtenir les noms et autres d\u00e9tails des cols. Nous vous invitons vivement \u00e0 vous procurer les catalogues de cols correspondant \u00e0 ces calques en visitant notre <a href=\"https:\/\/centcols.org\/backup\/catalogues-cols\/\" target=\"_blank\" rel=\"noopener\">boutique en ligne<\/a>.<\/p>\n<p>Les calques sont mis \u00e0 jour annuellement apr\u00e8s la parution des additifs chaque printemps<\/p>\n<p>Les s\u00e9ries suivantes sont disponibles:<\/p>\n<h3>France<\/h3>\n<ul>\n<li>\n<h4><a class=\"iframe-fancybox\" href=\"\/calques\/michelin\/index.htm\" target=\"_blank\" rel=\"noopener\">Calques Michelin \u00ab traditionnels \u00bb<\/a><\/h4>\n<p><strong>Edition courante: 2008<\/strong><br \/>\nUn calque par pli de carte Michelin au 1:200 000\u00e8me (s\u00e9rie 51-90).<br \/>\nCes cartes ne sont plus disponibles dans le commerce.<br \/>\n<strong>Important<\/strong> : La derni\u00e8re \u00e9dition est l&#8217;\u00e9dition 2008. Ces calques ne sont plus mis \u00e0 jour depuis l&#8217;\u00e9dition 2009 du catalogue des cols de France.<\/li>\n<li>\n<h4><a class=\"iframe-fancybox\" href=\"\/calques\/michelin\/LOCAL\/index.htm\" target=\"_blank\" rel=\"noopener\">Calques Michelin \u00ab Local \u00bb<\/a><\/h4>\n<p><strong>Edition courante: 2008<\/strong><br \/>\nUn calque par quadrant de carte Michelin s\u00e9rie LOCAL (s\u00e9rie 301-345) \u00e0 \u00e9chelle variable 1:150 000\u00e8me, 1:175 000\u00e8me et 1:180 000\u00e8me<br \/>\nCes cartes ne sont plus disponibles dans le commerce et ont \u00e9t\u00e9 remplac\u00e9es par la s\u00e9rie \u00ab D\u00e9partements \u00bb \u00e0 \u00e9chelle unique 1:150 000\u00e8me. Lire la <a class=\"iframe-fancybox\" href=\"\/calques\/michelin\/LOCAL\/aide.htm\" target=\"_blank\" rel=\"noopener\">notice explicative<\/a>.<\/li>\n<li>\n<h4><a class=\"iframe-fancybox\" href=\"\/calques\/ign\/index.php\" target=\"_blank\" rel=\"noopener\">Calques IGN<\/a><\/h4>\n<p><strong>Edition courante: 2008<\/strong><br \/>\nUn calque par demi-quadrant de carte de promenade IGN (s\u00e9rie 01-74) au 1:100 000\u00e8me (couverture bleue).<br \/>\nCes cartes ne sont plus disponibles dans le commerce et ont \u00e9t\u00e9 remplac\u00e9es par la s\u00e9rie \u00ab TOP100 \u00bb (num\u00e9rot\u00e9e 101-176)<\/li>\n<\/ul>\n<h3>Suisse<\/h3>\n<ul>\n<li>\n<h4><a class=\"iframe-fancybox\" href=\"\/calques\/CH\/CH200\/index.htm\" target=\"_blank\" rel=\"noopener\">Calques Michelin \u00ab traditionnels \u00bb<\/a><\/h4>\n<p><strong>Edition courante: 2007<\/strong><br \/>\nUn calque par pli de carte Michelin au 1:200 000\u00e8me (s\u00e9rie 216-219).<br \/>\nCes cartes ne sont plus disponibles dans le commerce.<br \/>\n<strong>Important<\/strong> : La derni\u00e8re \u00e9dition est l&#8217;\u00e9dition 2007. Ces calques ne sont plus mis \u00e0 jour depuis l&#8217;\u00e9dition 2008 du catalogue des cols de Suisse et du Liechtenstein; voir la <a class=\"iframe-fancybox\" href=\"http:\/\/centcols.net\/calques\/CH\/CH200\/index.htm#leg\" target=\"_blank\" rel=\"noopener\">notice explicative<\/a>.<\/li>\n<li>\n<h4><a class=\"iframe-fancybox\" href=\"\/calques\/CH\/CH500\/index.htm\" target=\"_blank\" rel=\"noopener\">Calques Michelin \u00ab R\u00e9gional \u00bb<\/a><\/h4>\n<p><strong>Version courante: 2007<\/strong><br \/>\nUn calque par quadrant de carte Michelin s\u00e9rie \u00ab R\u00e9gional \u00bb (s\u00e9rie 551-553) au 1:200 000\u00e8me.<br \/>\nCes cartes remplacent l&#8217;ancienne s\u00e9rie 216-219<\/li>\n<\/ul>\n","protected":false},"excerpt":{"rendered":"<p>Les calques ne sont plus mis \u00e0 jour depuis 2007. D&#8217;autres outils de g\u00e9olocalisation existent et les r\u00e9\u00e9ditions successives de cartes avec changements d&#8217;\u00e9chelle rendent\u00a0trop complexe la t\u00e2che de remise \u00e0 jour. Les calques Plusieurs s\u00e9ries de calques permettent soit de faciliter la planification d&#8217;itin\u00e9raires riches en cols, soit de r\u00e9v\u00e9ler tous les cols qui [&hellip;]<\/p>\n","protected":false},"author":2001,"featured_media":0,"parent":0,"menu_order":0,"comment_status":"closed","ping_status":"closed","template":"","meta":{"_acf_changed":false,"ub_ctt_via":"","_monsterinsights_skip_tracking":false,"_monsterinsights_sitenote_active":false,"_monsterinsights_sitenote_note":"","_monsterinsights_sitenote_category":0,"footnotes":""},"acf":[],"featured_image_urls":{"full":"","thumbnail":"","medium":"","medium_large":"","large":"","1536x1536":"","2048x2048":"","woocommerce_thumbnail":"","woocommerce_single":"","woocommerce_gallery_thumbnail":""},"post_excerpt_stackable":"<p>Les calques ne sont plus mis \u00e0 jour depuis 2007. D&#8217;autres outils de g\u00e9olocalisation existent et les r\u00e9\u00e9ditions successives de cartes avec changements d&#8217;\u00e9chelle rendent\u00a0trop complexe la t\u00e2che de remise \u00e0 jour. Les calques Plusieurs s\u00e9ries de calques permettent soit de faciliter la planification d&#8217;itin\u00e9raires riches en cols, soit de r\u00e9v\u00e9ler tous les cols qui sont situ\u00e9s sur un itin\u00e9raire donn\u00e9. Un calque est une repr\u00e9sentation graphique de tous les cols situ\u00e9s sur un pli ou quadrant de carte routi\u00e8re ou topographique r\u00e9f\u00e9renc\u00e9 dans les catalogues de cols du club.\u00a0 Une fois imprim\u00e9 sur une feuille de plastique transparent de\u2026<\/p>\n","category_list":"","author_info":{"name":"Webmestre","url":"https:\/\/centcols.org\/backup\/author\/webmestre\/"},"comments_num":"0 commentaire","featured_image_urls_v2":{"full":"","thumbnail":"","medium":"","medium_large":"","large":"","1536x1536":"","2048x2048":"","woocommerce_thumbnail":"","woocommerce_single":"","woocommerce_gallery_thumbnail":""},"post_excerpt_stackable_v2":"<p>Les calques ne sont plus mis \u00e0 jour depuis 2007. D&#8217;autres outils de g\u00e9olocalisation existent et les r\u00e9\u00e9ditions successives de cartes avec changements d&#8217;\u00e9chelle rendent\u00a0trop complexe la t\u00e2che de remise \u00e0 jour. Les calques Plusieurs s\u00e9ries de calques permettent soit de faciliter la planification d&#8217;itin\u00e9raires riches en cols, soit de r\u00e9v\u00e9ler tous les cols qui sont situ\u00e9s sur un itin\u00e9raire donn\u00e9. Un calque est une repr\u00e9sentation graphique de tous les cols situ\u00e9s sur un pli ou quadrant de carte routi\u00e8re ou topographique r\u00e9f\u00e9renc\u00e9 dans les catalogues de cols du club.\u00a0 Une fois imprim\u00e9 sur une feuille de plastique transparent de\u2026<\/p>\n","category_list_v2":"","author_info_v2":{"name":"Webmestre","url":"https:\/\/centcols.org\/backup\/author\/webmestre\/"},"comments_num_v2":"0 commentaire","featured_image_src":null,"_links":{"self":[{"href":"https:\/\/centcols.org\/backup\/wp-json\/wp\/v2\/pages\/62"}],"collection":[{"href":"https:\/\/centcols.org\/backup\/wp-json\/wp\/v2\/pages"}],"about":[{"href":"https:\/\/centcols.org\/backup\/wp-json\/wp\/v2\/types\/page"}],"author":[{"embeddable":true,"href":"https:\/\/centcols.org\/backup\/wp-json\/wp\/v2\/users\/2001"}],"replies":[{"embeddable":true,"href":"https:\/\/centcols.org\/backup\/wp-json\/wp\/v2\/comments?post=62"}],"version-history":[{"count":0,"href":"https:\/\/centcols.org\/backup\/wp-json\/wp\/v2\/pages\/62\/revisions"}],"wp:attachment":[{"href":"https:\/\/centcols.org\/backup\/wp-json\/wp\/v2\/media?parent=62"}],"curies":[{"name":"wp","href":"https:\/\/api.w.org\/{rel}","templated":true}]}}