{"id":63646,"date":"2021-12-04T11:04:22","date_gmt":"2021-12-04T10:04:22","guid":{"rendered":"https:\/\/centcols.org\/backup\/cotisation-annuelle\/"},"modified":"2024-01-15T15:10:57","modified_gmt":"2024-01-15T14:10:57","slug":"cotisation-annuelle","status":"publish","type":"page","link":"https:\/\/centcols.org\/backup\/cotisation-annuelle\/","title":{"rendered":"Cotisation annuelle"},"content":{"rendered":"\n<h2 class=\"wp-block-heading\">Membres actifs <\/h2>\n\n\n\n<p>(renouvellement de cotisation)<\/p>\n\n\n\n<p>Entre le 1<sup>er<\/sup> octobre et le 31 janvier, les membres actifs doivent adresser leur liste et doivent communiquer leur cotisation \u00e0 leur d\u00e9l\u00e9gu\u00e9 territorial (DT) : <a href=\"https:\/\/centcols.org\/backup\/contact\/\">voir la rubrique \u00ab Contacts \u00bb<\/a>.<br>La cotisation annuelle s&#8217;applique \u00e0 l&#8217;ann\u00e9e civile, du 1er janvier au 31 d\u00e9cembre<br><br>Vous avez la possibilit\u00e9 de d\u00e9clarer les cols franchis durant la saison directement \u00e0 partir de votre espace personnel. Toutefois, vous avez toujours la possibilit\u00e9 d&#8217;envoyer cette mise \u00e0 jour \u00e0 votre d\u00e9l\u00e9gu\u00e9 territorial soit sous forme de fichier informatique ou \u00e0 d\u00e9faut sous forme de liste &#8221;papier&#8221; si vous ne ma\u00eetrisez pas l&#8217;outil informatique.<br>T\u00e9l\u00e9charger \/ imprimer la fiche de mise \u00e0 jour des cols franchis en 2021 : <strong><a href=\"\/fiche-maj-cols-fr-3\/\" title=\"\">format Excel<\/a><\/strong> (MS Office)\u00a0 \u00a0 \u00a0 \u00a0 <strong><a href=\"\/fiche-maj-cols-fr-2\/\" title=\"\">format Calc<\/a><\/strong>\u00a0 \u00a0 (LibreOffice)\u00a0 \u00a0 \u00a0 \u00a0 <strong><a href=\"\/fiche-maj-cols-fr\/\" title=\"\">format PDF<\/a><\/strong><br><strong>Les formats Excel et Calc sont ceux pr\u00e9f\u00e9r\u00e9s par vos DT. Facilitez leur travail en les utilisant !<\/strong><\/p>\n\n\n\n<p><span style=\"color: #ff0000;\"><strong><span class=\"tadv-color\" style=\"color: #cf2e2e;\">Attention : depuis le 1er juillet 2019, la cotisation annuelle des membres est fix\u00e9e \u00e0 un montant minimum de 15 \u20ac (7,50 \u20ac pour les membres associ\u00e9s).<\/span><\/strong><\/span><\/p>\n\n\n\n<p>Il y a plusieurs possibilit\u00e9s pour payer vos cotisations. Pour plus de d\u00e9tails, voir le page concernant les <a href=\"https:\/\/centcols.org\/backup\/moyens-paiement\/\">moyens de paiement<\/a>.<br>Si vous d\u00e9sirez payer par PayPal, utilisez le bouton ci-dessous. Il est aussi possible de payer par ce moyen sans avoir de compte PayPal mais en utilisant une carte de cr\u00e9dit. Ce mode de paiement engendre des frais et une majoration de 1 \u20ac est demand\u00e9e (donc minimum 16 \u20ac pour une cotisation annuelle, 8,50 \u20ac pour les membres associ\u00e9s). Veuillez bien indiquer aussi votre num\u00e9ro de membre lors du paiement.<\/p>\n\n\n\n<p>Paiement par PayPal :<\/p>\n<form action=\"https:\/\/www.paypal.com\/cgi-bin\/webscr\" method=\"post\" target=\"paypal\"><input name=\"cmd\" type=\"hidden\" value=\"_s-xclick\" \/> <input name=\"hosted_button_id\" type=\"hidden\" value=\"PG4YEL2ZV4XWW\" \/> <input name=\"lc\" type=\"hidden\" value=\"FR\" \/> <input name=\"item_name\" type=\"hidden\" value=\"Cotisation annuelle (minimum 16 EUR frais compris)\" \/> <input name=\"currency_code\" type=\"hidden\" value=\"EUR\" \/> <input name=\"button_subtype\" type=\"hidden\" value=\"services\" \/> <input name=\"bn\" type=\"hidden\" value=\"PP-BuyNowBF:btn_buynowCC_LG.gif:NonHosted\" \/> <input alt=\"PayPal\" name=\"submit\" src=\"https:\/\/www.paypalobjects.com\/fr_FR\/FR\/i\/btn\/btn_paynowCC_LG.gif\" type=\"image\" \/> <img loading=\"lazy\" decoding=\"async\" src=\"https:\/\/www.paypalobjects.com\/fr_FR\/i\/scr\/pixel.gif\" alt=\"\" width=\"1\" height=\"1\" border=\"0\" \/><\/form>\n\n\n\n<h2 class=\"wp-block-heading\">Nouveaux membres<\/h2>\n\n\n\n<p>Voyez le <a href=\"https:\/\/centcols.org\/backup\/formulaire-inscription\/\">formulaire d&#8217;inscription<\/a>.<\/p>\n","protected":false},"excerpt":{"rendered":"<p>Membres actifs (renouvellement de cotisation) Entre le 1er octobre et le 31 janvier, les membres actifs doivent adresser leur liste et doivent communiquer leur cotisation \u00e0 leur d\u00e9l\u00e9gu\u00e9 territorial (DT) : voir la rubrique \u00ab Contacts \u00bb.La cotisation annuelle s&#8217;applique \u00e0 l&#8217;ann\u00e9e civile, du 1er janvier au 31 d\u00e9cembre Vous avez la possibilit\u00e9 de d\u00e9clarer [&hellip;]<\/p>\n","protected":false},"author":69,"featured_media":0,"parent":0,"menu_order":0,"comment_status":"closed","ping_status":"closed","template":"","meta":{"_acf_changed":false,"ub_ctt_via":"","_monsterinsights_skip_tracking":false,"_monsterinsights_sitenote_active":false,"_monsterinsights_sitenote_note":"","_monsterinsights_sitenote_category":0,"footnotes":""},"acf":[],"featured_image_urls":{"full":"","thumbnail":"","medium":"","medium_large":"","large":"","1536x1536":"","2048x2048":"","woocommerce_thumbnail":"","woocommerce_single":"","woocommerce_gallery_thumbnail":""},"post_excerpt_stackable":"<p>Membres actifs (renouvellement de cotisation) Entre le 1er octobre et le 31 janvier, les membres actifs doivent adresser leur liste et doivent communiquer leur cotisation \u00e0 leur d\u00e9l\u00e9gu\u00e9 territorial (DT) : voir la rubrique \u00ab Contacts \u00bb.La cotisation annuelle s&#8217;applique \u00e0 l&#8217;ann\u00e9e civile, du 1er janvier au 31 d\u00e9cembreVous avez la possibilit\u00e9 de d\u00e9clarer les cols franchis durant la saison directement \u00e0 partir de votre espace personnel. Toutefois, vous avez toujours la possibilit\u00e9 d&#8217;envoyer cette mise \u00e0 jour \u00e0 votre d\u00e9l\u00e9gu\u00e9 territorial soit sous forme de fichier informatique ou \u00e0 d\u00e9faut sous forme de liste &#8221;papier&#8221; si vous ne ma\u00eetrisez\u2026<\/p>\n","category_list":"","author_info":{"name":"Enrico Alberini","url":"https:\/\/centcols.org\/backup\/author\/5065\/"},"comments_num":"0 commentaire","featured_image_urls_v2":{"full":"","thumbnail":"","medium":"","medium_large":"","large":"","1536x1536":"","2048x2048":"","woocommerce_thumbnail":"","woocommerce_single":"","woocommerce_gallery_thumbnail":""},"post_excerpt_stackable_v2":"<p>Membres actifs (renouvellement de cotisation) Entre le 1er octobre et le 31 janvier, les membres actifs doivent adresser leur liste et doivent communiquer leur cotisation \u00e0 leur d\u00e9l\u00e9gu\u00e9 territorial (DT) : voir la rubrique \u00ab Contacts \u00bb.La cotisation annuelle s&#8217;applique \u00e0 l&#8217;ann\u00e9e civile, du 1er janvier au 31 d\u00e9cembreVous avez la possibilit\u00e9 de d\u00e9clarer les cols franchis durant la saison directement \u00e0 partir de votre espace personnel. Toutefois, vous avez toujours la possibilit\u00e9 d&#8217;envoyer cette mise \u00e0 jour \u00e0 votre d\u00e9l\u00e9gu\u00e9 territorial soit sous forme de fichier informatique ou \u00e0 d\u00e9faut sous forme de liste &#8221;papier&#8221; si vous ne ma\u00eetrisez\u2026<\/p>\n","category_list_v2":"","author_info_v2":{"name":"Enrico Alberini","url":"https:\/\/centcols.org\/backup\/author\/5065\/"},"comments_num_v2":"0 commentaire","featured_image_src":null,"_links":{"self":[{"href":"https:\/\/centcols.org\/backup\/wp-json\/wp\/v2\/pages\/63646"}],"collection":[{"href":"https:\/\/centcols.org\/backup\/wp-json\/wp\/v2\/pages"}],"about":[{"href":"https:\/\/centcols.org\/backup\/wp-json\/wp\/v2\/types\/page"}],"author":[{"embeddable":true,"href":"https:\/\/centcols.org\/backup\/wp-json\/wp\/v2\/users\/69"}],"replies":[{"embeddable":true,"href":"https:\/\/centcols.org\/backup\/wp-json\/wp\/v2\/comments?post=63646"}],"version-history":[{"count":0,"href":"https:\/\/centcols.org\/backup\/wp-json\/wp\/v2\/pages\/63646\/revisions"}],"wp:attachment":[{"href":"https:\/\/centcols.org\/backup\/wp-json\/wp\/v2\/media?parent=63646"}],"curies":[{"name":"wp","href":"https:\/\/api.w.org\/{rel}","templated":true}]}}