{"id":63884,"date":"2022-07-22T18:17:45","date_gmt":"2022-07-22T16:17:45","guid":{"rendered":"https:\/\/centcols.org\/backup\/?page_id=63884"},"modified":"2023-01-15T14:18:58","modified_gmt":"2023-01-15T13:18:58","slug":"les-nouveaux-membres","status":"publish","type":"page","link":"https:\/\/centcols.org\/backup\/les-nouveaux-membres\/","title":{"rendered":"Les nouveaux membres"},"content":{"rendered":"\n<h3 class=\"kt-adv-heading_a40499-b9 wp-block-kadence-advancedheading\" data-kb-block=\"kb-adv-heading_a40499-b9\">De 2020 &#8211; 2021 \u00e0 2021 &#8211; 2022, d&#8217;une AG \u00e0 l&#8217;autre<\/h3>\n\n\n\n<p><a href=\"https:\/\/centcols.org\/backup\/les-nouveaux-membres-etude-2\/\">Etude comparative : tranches d&#8217;\u00e2ge, nationalit\u00e9s, vecteurs d&#8217;adh\u00e9sion<\/a><\/p>\n\n\n\n<p><\/p>\n\n\n\n<p><\/p>\n","protected":false},"excerpt":{"rendered":"<p>Etude comparative : tranches d&#8217;\u00e2ge, nationalit\u00e9s, vecteurs d&#8217;adh\u00e9sion<\/p>\n","protected":false},"author":69,"featured_media":0,"parent":0,"menu_order":0,"comment_status":"closed","ping_status":"closed","template":"","meta":{"_acf_changed":false,"ub_ctt_via":"","_monsterinsights_skip_tracking":false,"_monsterinsights_sitenote_active":false,"_monsterinsights_sitenote_note":"","_monsterinsights_sitenote_category":0,"footnotes":""},"acf":[],"featured_image_urls":{"full":"","thumbnail":"","medium":"","medium_large":"","large":"","1536x1536":"","2048x2048":"","woocommerce_thumbnail":"","woocommerce_single":"","woocommerce_gallery_thumbnail":""},"post_excerpt_stackable":"<p>De 2020 &#8211; 2021 \u00e0 2021 &#8211; 2022, d&#8217;une AG \u00e0 l&#8217;autre Etude comparative : tranches d&#8217;\u00e2ge, nationalit\u00e9s, vecteurs d&#8217;adh\u00e9sion<\/p>\n","category_list":"","author_info":{"name":"Enrico Alberini","url":"https:\/\/centcols.org\/backup\/author\/5065\/"},"comments_num":"0 commentaire","featured_image_urls_v2":{"full":"","thumbnail":"","medium":"","medium_large":"","large":"","1536x1536":"","2048x2048":"","woocommerce_thumbnail":"","woocommerce_single":"","woocommerce_gallery_thumbnail":""},"post_excerpt_stackable_v2":"<p>De 2020 &#8211; 2021 \u00e0 2021 &#8211; 2022, d&#8217;une AG \u00e0 l&#8217;autre Etude comparative : tranches d&#8217;\u00e2ge, nationalit\u00e9s, vecteurs d&#8217;adh\u00e9sion<\/p>\n","category_list_v2":"","author_info_v2":{"name":"Enrico Alberini","url":"https:\/\/centcols.org\/backup\/author\/5065\/"},"comments_num_v2":"0 commentaire","featured_image_src":null,"_links":{"self":[{"href":"https:\/\/centcols.org\/backup\/wp-json\/wp\/v2\/pages\/63884"}],"collection":[{"href":"https:\/\/centcols.org\/backup\/wp-json\/wp\/v2\/pages"}],"about":[{"href":"https:\/\/centcols.org\/backup\/wp-json\/wp\/v2\/types\/page"}],"author":[{"embeddable":true,"href":"https:\/\/centcols.org\/backup\/wp-json\/wp\/v2\/users\/69"}],"replies":[{"embeddable":true,"href":"https:\/\/centcols.org\/backup\/wp-json\/wp\/v2\/comments?post=63884"}],"version-history":[{"count":0,"href":"https:\/\/centcols.org\/backup\/wp-json\/wp\/v2\/pages\/63884\/revisions"}],"wp:attachment":[{"href":"https:\/\/centcols.org\/backup\/wp-json\/wp\/v2\/media?parent=63884"}],"curies":[{"name":"wp","href":"https:\/\/api.w.org\/{rel}","templated":true}]}}