{"id":63898,"date":"2022-07-22T18:29:01","date_gmt":"2022-07-22T16:29:01","guid":{"rendered":"https:\/\/centcols.org\/backup\/?page_id=63898"},"modified":"2023-01-15T14:28:03","modified_gmt":"2023-01-15T13:28:03","slug":"securite-a-velo","status":"publish","type":"page","link":"https:\/\/centcols.org\/backup\/securite-a-velo\/","title":{"rendered":"S\u00e9curit\u00e9 \u00e0 v\u00e9lo"},"content":{"rendered":"\n<h3 class=\"wp-block-heading\">Les \u00e9quipements de s\u00e9curit\u00e9<\/h3>\n\n\n\n<h4 class=\"kt-adv-heading_02bd42-98 wp-block-kadence-advancedheading\" data-kb-block=\"kb-adv-heading_02bd42-98\"><a href=\"https:\/\/centcols.org\/backup\/le-port-du-casque-obligatoire-a-velo\/\">Le port du casque \u00e0 v\u00e9lo<\/a><\/h4>\n\n\n\n<h3 class=\"wp-block-heading\">Les statistiques des accidents \u00e0 v\u00e9lo<\/h3>\n\n\n\n<h4 class=\"kt-adv-heading_ae2556-b3 wp-block-kadence-advancedheading\" data-kb-block=\"kb-adv-heading_ae2556-b3\"><a href=\"https:\/\/centcols.org\/backup\/wp-content\/uploads\/2022\/12\/Accidentologie-74-1.pdf\">Accidentologie en Haute-Savoie<\/a><\/h4>\n\n\n\n<p><\/p>\n","protected":false},"excerpt":{"rendered":"<p>Les \u00e9quipements de s\u00e9curit\u00e9 Les statistiques des accidents \u00e0 v\u00e9lo<\/p>\n","protected":false},"author":69,"featured_media":0,"parent":0,"menu_order":0,"comment_status":"closed","ping_status":"closed","template":"","meta":{"_acf_changed":false,"ub_ctt_via":"","_monsterinsights_skip_tracking":false,"_monsterinsights_sitenote_active":false,"_monsterinsights_sitenote_note":"","_monsterinsights_sitenote_category":0,"footnotes":""},"acf":[],"featured_image_urls":{"full":"","thumbnail":"","medium":"","medium_large":"","large":"","1536x1536":"","2048x2048":"","woocommerce_thumbnail":"","woocommerce_single":"","woocommerce_gallery_thumbnail":""},"post_excerpt_stackable":"<p>Les \u00e9quipements de s\u00e9curit\u00e9 Le port du casque \u00e0 v\u00e9lo Les statistiques des accidents \u00e0 v\u00e9lo Accidentologie en Haute-Savoie<\/p>\n","category_list":"","author_info":{"name":"Enrico Alberini","url":"https:\/\/centcols.org\/backup\/author\/5065\/"},"comments_num":"0 commentaire","featured_image_urls_v2":{"full":"","thumbnail":"","medium":"","medium_large":"","large":"","1536x1536":"","2048x2048":"","woocommerce_thumbnail":"","woocommerce_single":"","woocommerce_gallery_thumbnail":""},"post_excerpt_stackable_v2":"<p>Les \u00e9quipements de s\u00e9curit\u00e9 Le port du casque \u00e0 v\u00e9lo Les statistiques des accidents \u00e0 v\u00e9lo Accidentologie en Haute-Savoie<\/p>\n","category_list_v2":"","author_info_v2":{"name":"Enrico Alberini","url":"https:\/\/centcols.org\/backup\/author\/5065\/"},"comments_num_v2":"0 commentaire","featured_image_src":null,"_links":{"self":[{"href":"https:\/\/centcols.org\/backup\/wp-json\/wp\/v2\/pages\/63898"}],"collection":[{"href":"https:\/\/centcols.org\/backup\/wp-json\/wp\/v2\/pages"}],"about":[{"href":"https:\/\/centcols.org\/backup\/wp-json\/wp\/v2\/types\/page"}],"author":[{"embeddable":true,"href":"https:\/\/centcols.org\/backup\/wp-json\/wp\/v2\/users\/69"}],"replies":[{"embeddable":true,"href":"https:\/\/centcols.org\/backup\/wp-json\/wp\/v2\/comments?post=63898"}],"version-history":[{"count":0,"href":"https:\/\/centcols.org\/backup\/wp-json\/wp\/v2\/pages\/63898\/revisions"}],"wp:attachment":[{"href":"https:\/\/centcols.org\/backup\/wp-json\/wp\/v2\/media?parent=63898"}],"curies":[{"name":"wp","href":"https:\/\/api.w.org\/{rel}","templated":true}]}}