{"id":69843,"date":"2023-01-16T14:29:20","date_gmt":"2023-01-16T13:29:20","guid":{"rendered":"https:\/\/centcols.org\/backup\/?page_id=69843"},"modified":"2023-01-16T14:29:22","modified_gmt":"2023-01-16T13:29:22","slug":"openrunner-lenregistrement-des-cols","status":"publish","type":"page","link":"https:\/\/centcols.org\/backup\/openrunner-lenregistrement-des-cols\/","title":{"rendered":"Openrunner : l&#8217;enregistrement des cols"},"content":{"rendered":"\n<h2 class=\"kt-adv-heading_21281a-6f wp-block-kadence-advancedheading\" data-kb-block=\"kb-adv-heading_21281a-6f\">1 &#8211; Un par un, lors du tra\u00e7age d\u2019un parcours<\/h2>\n\n\n\n<p style=\"text-align: left;\"><img loading=\"lazy\" decoding=\"async\" class=\"size-full wp-image-69837 alignright\" src=\"https:\/\/centcols.org\/backup\/wp-content\/uploads\/2023\/01\/Image1.jpg\" alt=\"\" width=\"302\" height=\"289\" \/>Sur le site OpenRunner un utilisateur peut r\u00e9pertorier les cols \u00ab\u00a0gravis\u00a0\u00bb et ceux qui sont \u00e0 \u00ab\u00a0faire\u00a0\u00bb au fur et \u00e0 mesure qu\u2019il trace un parcours. Il suffit pour cela de <strong>cocher la case correspondante dans le pop-up<\/strong> d\u2019un col.<\/p>\n<p>Dans son <strong>espace personnel<\/strong> il a ainsi l\u2019ensemble des cols.<\/p>\n<p>Une fois le col franchi, il est dans l\u2019espace \u00ab\u00a0cols gravis\u00a0\u00bb.<\/p>\n<p><img loading=\"lazy\" decoding=\"async\" class=\"alignnone  wp-image-69831\" src=\"https:\/\/centcols.org\/backup\/wp-content\/uploads\/2023\/01\/Image2.jpg\" alt=\"\" width=\"414\" height=\"84\" \/><\/p>\n<p>D\u00e8s qu\u2019ils ont atteint les 100 cols dont 5 sup\u00e9rieurs \u00e0 2000 m, les <strong>nouveaux adh\u00e9rents<\/strong> peuvent alors extraire automatiquement leur liste et l\u2019envoyer pour adh\u00e9sion \u00e0 <a href=\"mailto:inscriptions@centcols.net\">inscriptions@centcols.net<\/a><\/p>\n<p><img loading=\"lazy\" decoding=\"async\" class=\" wp-image-69825 aligncenter\" src=\"https:\/\/centcols.org\/backup\/wp-content\/uploads\/2023\/01\/Image3.png\" alt=\"\" width=\"342\" height=\"120\" \/><\/p>\n<p>De leur c\u00f4t\u00e9, les <strong>membres du club<\/strong> peuvent extraire en fin d\u2019ann\u00e9e ou \u00e0 tout moment la liste des cols franchis et la soumettre \u00e0 leur D\u00e9l\u00e9gu\u00e9 Territorial.<\/p>\n\n\n\n<h2 class=\"kt-adv-heading_8c1da6-38 wp-block-kadence-advancedheading\" data-kb-block=\"kb-adv-heading_8c1da6-38\">2 &#8211; Par lot entier<\/h2>\n\n\n\n<p>Un certain nombre d\u2019utilisateurs du Club des Cent Cols ont manifest\u00e9 le besoin d\u2019importer dans leur espace personnel un <strong>lot de cols<\/strong>, voire la totalit\u00e9 des cols, qu\u2019ils ont franchis. Le Club des Cent Cols a ainsi demand\u00e9 depuis pas mal de temps \u00e0 Openrunner la possibilit\u00e9 d\u2019importer un lot de cols directement dans l\u2019espace personnel d\u2019un utilisateur.<\/p>\n\n\n\n<p>C\u2019est chose faite aujourd\u2019hui.<\/p>\n\n\n\n<p>Les cols franchis sont alors identifi\u00e9s sur l\u2019espace de tra\u00e7age des parcours dans OpenRunner par un cercle VERT.<\/p>\n\n\n\n<p>On peut donc optimiser un trac\u00e9 en recherchant un parcours passant seulement par les cols NON FAITS.<\/p>\n\n\n\n<p>Tous les utilisateurs d\u2019OpenRunner vont recevoir une information via la Newsletter de cette nouvelle fonctionnalit\u00e9.<\/p>\n\n\n\n<p>Chacun trouvera dans la Boite \u00e0 Outils la <a href=\"https:\/\/centcols.org\/backup\/exportation-cols-openrunner\/\">proc\u00e9dure \u00e0 suivre<\/a> pour constituer cette liste de cols et l\u2019importer dans son espace personnel dans OpenRunner.<\/p>\n","protected":false},"excerpt":{"rendered":"<p>Sur le site OpenRunner un utilisateur peut r\u00e9pertorier les cols \u00ab\u00a0gravis\u00a0\u00bb et ceux qui sont \u00e0 \u00ab\u00a0faire\u00a0\u00bb au fur et \u00e0 mesure qu\u2019il trace un parcours. Il suffit pour cela de cocher la case correspondante dans le pop-up d\u2019un col. Dans son espace personnel il a ainsi l\u2019ensemble des cols. Une fois le col franchi, [&hellip;]<\/p>\n","protected":false},"author":397,"featured_media":0,"parent":0,"menu_order":0,"comment_status":"closed","ping_status":"closed","template":"","meta":{"_acf_changed":false,"ub_ctt_via":"","_monsterinsights_skip_tracking":false,"_monsterinsights_sitenote_active":false,"_monsterinsights_sitenote_note":"","_monsterinsights_sitenote_category":0,"footnotes":""},"acf":[],"featured_image_urls":{"full":"","thumbnail":"","medium":"","medium_large":"","large":"","1536x1536":"","2048x2048":"","woocommerce_thumbnail":"","woocommerce_single":"","woocommerce_gallery_thumbnail":""},"post_excerpt_stackable":"<p>1 &#8211; Un par un, lors du tra\u00e7age d\u2019un parcours Sur le site OpenRunner un utilisateur peut r\u00e9pertorier les cols \u00ab\u00a0gravis\u00a0\u00bb et ceux qui sont \u00e0 \u00ab\u00a0faire\u00a0\u00bb au fur et \u00e0 mesure qu\u2019il trace un parcours. Il suffit pour cela de cocher la case correspondante dans le pop-up d\u2019un col. Dans son espace personnel il a ainsi l\u2019ensemble des cols. Une fois le col franchi, il est dans l\u2019espace \u00ab\u00a0cols gravis\u00a0\u00bb. D\u00e8s qu\u2019ils ont atteint les 100 cols dont 5 sup\u00e9rieurs \u00e0 2000 m, les nouveaux adh\u00e9rents peuvent alors extraire automatiquement leur liste et l\u2019envoyer pour adh\u00e9sion \u00e0 inscriptions@centcols.net De\u2026<\/p>\n","category_list":"","author_info":{"name":"Denis Chouquet-Stringer","url":"https:\/\/centcols.org\/backup\/author\/6183\/"},"comments_num":"0 commentaire","featured_image_urls_v2":{"full":"","thumbnail":"","medium":"","medium_large":"","large":"","1536x1536":"","2048x2048":"","woocommerce_thumbnail":"","woocommerce_single":"","woocommerce_gallery_thumbnail":""},"post_excerpt_stackable_v2":"<p>1 &#8211; Un par un, lors du tra\u00e7age d\u2019un parcours Sur le site OpenRunner un utilisateur peut r\u00e9pertorier les cols \u00ab\u00a0gravis\u00a0\u00bb et ceux qui sont \u00e0 \u00ab\u00a0faire\u00a0\u00bb au fur et \u00e0 mesure qu\u2019il trace un parcours. Il suffit pour cela de cocher la case correspondante dans le pop-up d\u2019un col. Dans son espace personnel il a ainsi l\u2019ensemble des cols. Une fois le col franchi, il est dans l\u2019espace \u00ab\u00a0cols gravis\u00a0\u00bb. D\u00e8s qu\u2019ils ont atteint les 100 cols dont 5 sup\u00e9rieurs \u00e0 2000 m, les nouveaux adh\u00e9rents peuvent alors extraire automatiquement leur liste et l\u2019envoyer pour adh\u00e9sion \u00e0 inscriptions@centcols.net De\u2026<\/p>\n","category_list_v2":"","author_info_v2":{"name":"Denis Chouquet-Stringer","url":"https:\/\/centcols.org\/backup\/author\/6183\/"},"comments_num_v2":"0 commentaire","featured_image_src":null,"_links":{"self":[{"href":"https:\/\/centcols.org\/backup\/wp-json\/wp\/v2\/pages\/69843"}],"collection":[{"href":"https:\/\/centcols.org\/backup\/wp-json\/wp\/v2\/pages"}],"about":[{"href":"https:\/\/centcols.org\/backup\/wp-json\/wp\/v2\/types\/page"}],"author":[{"embeddable":true,"href":"https:\/\/centcols.org\/backup\/wp-json\/wp\/v2\/users\/397"}],"replies":[{"embeddable":true,"href":"https:\/\/centcols.org\/backup\/wp-json\/wp\/v2\/comments?post=69843"}],"version-history":[{"count":0,"href":"https:\/\/centcols.org\/backup\/wp-json\/wp\/v2\/pages\/69843\/revisions"}],"wp:attachment":[{"href":"https:\/\/centcols.org\/backup\/wp-json\/wp\/v2\/media?parent=69843"}],"curies":[{"name":"wp","href":"https:\/\/api.w.org\/{rel}","templated":true}]}}