{"id":69852,"date":"2023-01-16T17:28:33","date_gmt":"2023-01-16T16:28:33","guid":{"rendered":"https:\/\/centcols.org\/backup\/?page_id=69852"},"modified":"2023-01-16T17:28:35","modified_gmt":"2023-01-16T16:28:35","slug":"le-partenariat-club-des-cent-cols-openrunner","status":"publish","type":"page","link":"https:\/\/centcols.org\/backup\/le-partenariat-club-des-cent-cols-openrunner\/","title":{"rendered":"Le partenariat Club des Cent Cols \u2013 OpenRunner"},"content":{"rendered":"\n<p>Le Club des Cent Cols a conclu, il y a quelques ann\u00e9es d\u00e9j\u00e0, un partenariat avec <strong>OpenRunner<\/strong>. Il consiste principalement :<\/p>\n\n\n\n<ul><li>Du c\u00f4t\u00e9 du club \u00e0 fournir la base de donn\u00e9es des cols.<\/li><li>Du c\u00f4t\u00e9 de Openrunner \u00e0 <ul><li>les publier sur son site et ses diff\u00e9rentes cartes et les tenir \u00e0 jour, <\/li><li>et promouvoir aupr\u00e8s de sa client\u00e8le les activit\u00e9s du club relatives au v\u00e9lo en montagne.<\/li><\/ul><\/li><\/ul>\n\n\n\n<p>Ce partenariat est constamment en cours d\u2019\u00e9volution.<\/p>\n\n\n\n<p>Une API d\u00e9velopp\u00e9e par les informaticiens du CCC permet \u00e0 Openrunner d\u2019implanter et tenir \u00e0 jour les donn\u00e9es relatives aux cols. Cette base de donn\u00e9es, fruit d\u2019un travail de quelques b\u00e9n\u00e9voles du club pendant presque 50 ans, a permis de recherche et valider les <strong>96.353 cols<\/strong> du monde entier dans les <strong>157 pays et territoires<\/strong> qui en comportent (93 pays et territoires n\u2019ont aucun col).<\/p>\n\n\n\n<p>Cette base de donn\u00e9es est mise \u00e0 jour partiellement tous les mois et totalement tous les ans.<\/p>\n\n\n\n<p>Pour rappel, Openrunner permet de :<\/p>\n\n\n\n<ul><li>r\u00e9aliser ses propres traces en GPX, et de les partager (ou non)<\/li><li>cr\u00e9er sa liste de traces<\/li><li>chercher des traces existantes partag\u00e9es<\/li><li>visualiser la position des cols routiers et des cols muletiers<\/li><li>distinguer les cols d\u00e9j\u00e0 franchis (par import dans openrunner de son fichier des cols franchis \u2013 cf <a href=\"https:\/\/centcols.org\/backup\/openrunner-lenregistrement-des-cols\/\">Exporter sa liste de cols<\/a> dans la gazette \/ le club \/ partenariats)<\/li><li>r\u00e9aliser une liste de cols franchis\u00a0 avec alerte quand le quota pour l\u2019adh\u00e9sion est atteint :<ul><li>se r\u00e9f\u00e9rer \u00e0 club des Cent cols sur le menu Openrunner (\u00e0 gauche),<\/li><li>concsulter le didacticiel d\u2019utilisation sur notre site : nous rejoindre et comment faire : <a href=\"https:\/\/centcols.org\/backup\/comment-faire\/\">https:\/\/centcols.org\/backup\/comment-faire\/<\/a><\/li><\/ul><\/li><\/ul>\n\n\n\n<p>D\u2019autres am\u00e9liorations sont en permanence apport\u00e9es, selon les requ\u00eates \u00e9mises par les membres du club.<\/p>\n\n\n\n<p>Une r\u00e9duction \u00e0 Openrunner est accord\u00e9e aux membres du Club des Cent Cols sur demande d\u2019un code aupr\u00e8s du <a href=\"secretaire@centcols.net\">secr\u00e9taire du club<\/a>.<\/p>\n\n\n\n<div class=\"wp-block-columns is-layout-flex wp-container-core-columns-is-layout-1 wp-block-columns-is-layout-flex\">\n<div class=\"wp-block-column is-layout-flow wp-block-column-is-layout-flow\" style=\"flex-basis:33.33%\">\n<p>Le site d&#8217;Openrunner, c&#8217;est ici :<\/p>\n<\/div>\n\n\n\n<div class=\"wp-block-column is-layout-flow wp-block-column-is-layout-flow\" style=\"flex-basis:66.66%\">\n<div class=\"wp-block-image\"><figure class=\"alignleft size-large is-resized\"><a href=\"https:\/\/www.openrunner.com\/\"><img loading=\"lazy\" decoding=\"async\" src=\"https:\/\/centcols.org\/backup\/wp-content\/uploads\/2023\/01\/OR-4.jpg\" alt=\"\" class=\"wp-image-69665\" width=\"48\" height=\"47\" srcset=\"https:\/\/centcols.org\/backup\/wp-content\/uploads\/2023\/01\/OR-4.jpg 183w, https:\/\/centcols.org\/backup\/wp-content\/uploads\/2023\/01\/OR-4-100x100.jpg 100w\" sizes=\"(max-width: 48px) 100vw, 48px\" \/><\/a><\/figure><\/div>\n\n\n\n<p><\/p>\n<\/div>\n<\/div>\n\n\n","protected":false},"excerpt":{"rendered":"<p>Le Club des Cent Cols a conclu, il y a quelques ann\u00e9es d\u00e9j\u00e0, un partenariat avec OpenRunner. Il consiste principalement : Du c\u00f4t\u00e9 du club \u00e0 fournir la base de donn\u00e9es des cols. Du c\u00f4t\u00e9 de Openrunner \u00e0 les publier sur son site et ses diff\u00e9rentes cartes et les tenir \u00e0 jour, et promouvoir aupr\u00e8s [&hellip;]<\/p>\n","protected":false},"author":397,"featured_media":0,"parent":0,"menu_order":0,"comment_status":"closed","ping_status":"closed","template":"","meta":{"_acf_changed":false,"ub_ctt_via":"","_monsterinsights_skip_tracking":false,"_monsterinsights_sitenote_active":false,"_monsterinsights_sitenote_note":"","_monsterinsights_sitenote_category":0,"footnotes":""},"acf":[],"featured_image_urls":{"full":"","thumbnail":"","medium":"","medium_large":"","large":"","1536x1536":"","2048x2048":"","woocommerce_thumbnail":"","woocommerce_single":"","woocommerce_gallery_thumbnail":""},"post_excerpt_stackable":"<p>Le Club des Cent Cols a conclu, il y a quelques ann\u00e9es d\u00e9j\u00e0, un partenariat avec OpenRunner. Il consiste principalement : Du c\u00f4t\u00e9 du club \u00e0 fournir la base de donn\u00e9es des cols.Du c\u00f4t\u00e9 de Openrunner \u00e0 les publier sur son site et ses diff\u00e9rentes cartes et les tenir \u00e0 jour, et promouvoir aupr\u00e8s de sa client\u00e8le les activit\u00e9s du club relatives au v\u00e9lo en montagne. Ce partenariat est constamment en cours d\u2019\u00e9volution. Une API d\u00e9velopp\u00e9e par les informaticiens du CCC permet \u00e0 Openrunner d\u2019implanter et tenir \u00e0 jour les donn\u00e9es relatives aux cols. Cette base de donn\u00e9es, fruit d\u2019un\u2026<\/p>\n","category_list":"","author_info":{"name":"Denis Chouquet-Stringer","url":"https:\/\/centcols.org\/backup\/author\/6183\/"},"comments_num":"0 commentaire","featured_image_urls_v2":{"full":"","thumbnail":"","medium":"","medium_large":"","large":"","1536x1536":"","2048x2048":"","woocommerce_thumbnail":"","woocommerce_single":"","woocommerce_gallery_thumbnail":""},"post_excerpt_stackable_v2":"<p>Le Club des Cent Cols a conclu, il y a quelques ann\u00e9es d\u00e9j\u00e0, un partenariat avec OpenRunner. Il consiste principalement : Du c\u00f4t\u00e9 du club \u00e0 fournir la base de donn\u00e9es des cols.Du c\u00f4t\u00e9 de Openrunner \u00e0 les publier sur son site et ses diff\u00e9rentes cartes et les tenir \u00e0 jour, et promouvoir aupr\u00e8s de sa client\u00e8le les activit\u00e9s du club relatives au v\u00e9lo en montagne. Ce partenariat est constamment en cours d\u2019\u00e9volution. Une API d\u00e9velopp\u00e9e par les informaticiens du CCC permet \u00e0 Openrunner d\u2019implanter et tenir \u00e0 jour les donn\u00e9es relatives aux cols. Cette base de donn\u00e9es, fruit d\u2019un\u2026<\/p>\n","category_list_v2":"","author_info_v2":{"name":"Denis Chouquet-Stringer","url":"https:\/\/centcols.org\/backup\/author\/6183\/"},"comments_num_v2":"0 commentaire","featured_image_src":null,"_links":{"self":[{"href":"https:\/\/centcols.org\/backup\/wp-json\/wp\/v2\/pages\/69852"}],"collection":[{"href":"https:\/\/centcols.org\/backup\/wp-json\/wp\/v2\/pages"}],"about":[{"href":"https:\/\/centcols.org\/backup\/wp-json\/wp\/v2\/types\/page"}],"author":[{"embeddable":true,"href":"https:\/\/centcols.org\/backup\/wp-json\/wp\/v2\/users\/397"}],"replies":[{"embeddable":true,"href":"https:\/\/centcols.org\/backup\/wp-json\/wp\/v2\/comments?post=69852"}],"version-history":[{"count":0,"href":"https:\/\/centcols.org\/backup\/wp-json\/wp\/v2\/pages\/69852\/revisions"}],"wp:attachment":[{"href":"https:\/\/centcols.org\/backup\/wp-json\/wp\/v2\/media?parent=69852"}],"curies":[{"name":"wp","href":"https:\/\/api.w.org\/{rel}","templated":true}]}}