{"id":70169,"date":"2023-01-27T17:16:54","date_gmt":"2023-01-27T16:16:54","guid":{"rendered":"https:\/\/centcols.org\/backup\/?page_id=70169"},"modified":"2023-11-18T03:58:11","modified_gmt":"2023-11-18T02:58:11","slug":"bcn-bpf-les-laureats-2022-du-club","status":"publish","type":"page","link":"https:\/\/centcols.org\/backup\/bcn-bpf-les-laureats-2022-du-club\/","title":{"rendered":"BCN &#8211; BPF &#8211; LES LAUREATS 2022 DU CLUB"},"content":{"rendered":"\n<p>1 membre a valid\u00e9 cette ann\u00e9e le <strong>Brevet de Cyclotourisme National<\/strong> : <strong>Alain Guillaud-Bachet<\/strong><\/p>\n\n\n\n<p>2 membres ont valid\u00e9 le <strong>Brevet des Provinces Fran\u00e7aises<\/strong> : <strong>Jacqueline <\/strong>et <strong>Michel Crouzet<\/strong><\/p>\n\n\n\n<p>9 membres ont valid\u00e9 des <strong>Brevets R\u00e9gionaux <\/strong>pour un total de <strong>78 provinces<\/strong><\/p>\n\n\n\n<p>Dans le d\u00e9tail, les r\u00e9sultats de ces <strong>81 brevets<\/strong> :<\/p>\n\n\n\n<figure class=\"wp-block-image size-large\"><img loading=\"lazy\" decoding=\"async\" width=\"1018\" height=\"770\" src=\"https:\/\/centcols.org\/backup\/wp-content\/uploads\/2023\/01\/Capture-decran-2023-01-28-093928.jpg\" alt=\"\" class=\"wp-image-70236\" srcset=\"https:\/\/centcols.org\/backup\/wp-content\/uploads\/2023\/01\/Capture-decran-2023-01-28-093928.jpg 1018w, https:\/\/centcols.org\/backup\/wp-content\/uploads\/2023\/01\/Capture-decran-2023-01-28-093928-500x378.jpg 500w, https:\/\/centcols.org\/backup\/wp-content\/uploads\/2023\/01\/Capture-decran-2023-01-28-093928-768x581.jpg 768w, https:\/\/centcols.org\/backup\/wp-content\/uploads\/2023\/01\/Capture-decran-2023-01-28-093928-600x454.jpg 600w\" sizes=\"(max-width: 1018px) 100vw, 1018px\" \/><\/figure>\n\n\n\n<p>F\u00e9licitations \u00e0 <strong>Claudine et Guy Reine<\/strong> qui, \u00e0 eux seuls, r\u00e9ussissent 60 % des brevets du Club.<\/p>\n","protected":false},"excerpt":{"rendered":"<p>1 membre a valid\u00e9 cette ann\u00e9e le Brevet de Cyclotourisme National : Alain Guillaud-Bachet 2 membres ont valid\u00e9 le Brevet des Provinces Fran\u00e7aises : Jacqueline et Michel Crouzet 9 membres ont valid\u00e9 des Brevets R\u00e9gionaux pour un total de 78 provinces Dans le d\u00e9tail, les r\u00e9sultats de ces 81 brevets : F\u00e9licitations \u00e0 Claudine et [&hellip;]<\/p>\n","protected":false},"author":397,"featured_media":0,"parent":0,"menu_order":0,"comment_status":"closed","ping_status":"closed","template":"","meta":{"_acf_changed":false,"ub_ctt_via":"","_monsterinsights_skip_tracking":false,"_monsterinsights_sitenote_active":false,"_monsterinsights_sitenote_note":"","_monsterinsights_sitenote_category":0,"footnotes":""},"acf":[],"featured_image_urls":{"full":"","thumbnail":"","medium":"","medium_large":"","large":"","1536x1536":"","2048x2048":"","woocommerce_thumbnail":"","woocommerce_single":"","woocommerce_gallery_thumbnail":""},"post_excerpt_stackable":"<p>1 membre a valid\u00e9 cette ann\u00e9e le Brevet de Cyclotourisme National : Alain Guillaud-Bachet 2 membres ont valid\u00e9 le Brevet des Provinces Fran\u00e7aises : Jacqueline et Michel Crouzet 9 membres ont valid\u00e9 des Brevets R\u00e9gionaux pour un total de 78 provinces Dans le d\u00e9tail, les r\u00e9sultats de ces 81 brevets : F\u00e9licitations \u00e0 Claudine et Guy Reine qui, \u00e0 eux seuls, r\u00e9ussissent 60 % des brevets du Club.<\/p>\n","category_list":"","author_info":{"name":"Denis Chouquet-Stringer","url":"https:\/\/centcols.org\/backup\/author\/6183\/"},"comments_num":"0 commentaire","featured_image_urls_v2":{"full":"","thumbnail":"","medium":"","medium_large":"","large":"","1536x1536":"","2048x2048":"","woocommerce_thumbnail":"","woocommerce_single":"","woocommerce_gallery_thumbnail":""},"post_excerpt_stackable_v2":"<p>1 membre a valid\u00e9 cette ann\u00e9e le Brevet de Cyclotourisme National : Alain Guillaud-Bachet 2 membres ont valid\u00e9 le Brevet des Provinces Fran\u00e7aises : Jacqueline et Michel Crouzet 9 membres ont valid\u00e9 des Brevets R\u00e9gionaux pour un total de 78 provinces Dans le d\u00e9tail, les r\u00e9sultats de ces 81 brevets : F\u00e9licitations \u00e0 Claudine et Guy Reine qui, \u00e0 eux seuls, r\u00e9ussissent 60 % des brevets du Club.<\/p>\n","category_list_v2":"","author_info_v2":{"name":"Denis Chouquet-Stringer","url":"https:\/\/centcols.org\/backup\/author\/6183\/"},"comments_num_v2":"0 commentaire","featured_image_src":null,"_links":{"self":[{"href":"https:\/\/centcols.org\/backup\/wp-json\/wp\/v2\/pages\/70169"}],"collection":[{"href":"https:\/\/centcols.org\/backup\/wp-json\/wp\/v2\/pages"}],"about":[{"href":"https:\/\/centcols.org\/backup\/wp-json\/wp\/v2\/types\/page"}],"author":[{"embeddable":true,"href":"https:\/\/centcols.org\/backup\/wp-json\/wp\/v2\/users\/397"}],"replies":[{"embeddable":true,"href":"https:\/\/centcols.org\/backup\/wp-json\/wp\/v2\/comments?post=70169"}],"version-history":[{"count":0,"href":"https:\/\/centcols.org\/backup\/wp-json\/wp\/v2\/pages\/70169\/revisions"}],"wp:attachment":[{"href":"https:\/\/centcols.org\/backup\/wp-json\/wp\/v2\/media?parent=70169"}],"curies":[{"name":"wp","href":"https:\/\/api.w.org\/{rel}","templated":true}]}}