{"id":70359,"date":"2023-02-03T15:51:43","date_gmt":"2023-02-03T14:51:43","guid":{"rendered":"https:\/\/centcols.org\/backup\/?page_id=70359"},"modified":"2023-02-07T16:21:03","modified_gmt":"2023-02-07T15:21:03","slug":"decouvrir-la-nouvelle-page-daccueil-du-site","status":"publish","type":"page","link":"https:\/\/centcols.org\/backup\/decouvrir-la-nouvelle-page-daccueil-du-site\/","title":{"rendered":"DECOUVRER LA NOUVELLE PAGE D&#8217;ACCUEIL DU SITE"},"content":{"rendered":"\r\n<p class=\"has-medium-font-size\">L\u2019objectif de cette r\u00e9organisation est d\u2019optimiser la pr\u00e9sentation des informations, sans doublons, sans informations inutiles, mais avec exhaustivit\u00e9 sur les choses importantes.<\/p>\r\n\r\n\r\n\r\n<p class=\"has-medium-font-size\">Ainsi :<\/p>\r\n\r\n\r\n\r\n<p class=\"has-medium-font-size\">Nous passons \u00e0 4 onglets au lieu de 6 :<\/p>\r\n\r\n\r\n\r\n<figure class=\"wp-block-image size-large\"><img loading=\"lazy\" decoding=\"async\" width=\"924\" height=\"100\" class=\"wp-image-70672\" src=\"https:\/\/centcols.org\/backup\/wp-content\/uploads\/2023\/02\/Capture-decran-2023-02-07-160928.jpg\" alt=\"\" srcset=\"https:\/\/centcols.org\/backup\/wp-content\/uploads\/2023\/02\/Capture-decran-2023-02-07-160928.jpg 924w, https:\/\/centcols.org\/backup\/wp-content\/uploads\/2023\/02\/Capture-decran-2023-02-07-160928-500x54.jpg 500w, https:\/\/centcols.org\/backup\/wp-content\/uploads\/2023\/02\/Capture-decran-2023-02-07-160928-768x83.jpg 768w, https:\/\/centcols.org\/backup\/wp-content\/uploads\/2023\/02\/Capture-decran-2023-02-07-160928-600x65.jpg 600w\" sizes=\"(max-width: 924px) 100vw, 924px\" \/><\/figure>\r\n\r\n\r\n\r\n<ul>\r\n<li class=\"has-medium-font-size\">L\u2019onglet \u00ab\u00a0<strong>qui sommes-nous ?\u00a0\u00bb<\/strong>\u00a0: pas de changement\r\n\r\n<\/li>\r\n<li class=\"has-medium-font-size\">L\u2019onglet \u00ab\u00a0\u00ab\u00a0<strong>\u00c0 la Une<\/strong>\u00a0\u00bb : il rassemble les derni\u00e8res nouvelles importantes du club\r\n\r\n<\/li>\r\n<li class=\"has-medium-font-size\">L\u2019onglet \u00ab\u00a0<strong>Presse<\/strong>\u00a0\u00bb : il pr\u00e9sente les derniers articles de la presse ext\u00e9rieure au club\r\n\r\n<\/li>\r\n<li class=\"has-medium-font-size\">L\u2019onglet \u00ab\u00a0<strong>La Gazette<\/strong>\u00a0\u00bb : pas de changement.<\/li>\r\n<\/ul>\r\n\r\n\r\n\r\n<p class=\"has-medium-font-size\">En dessous de ces 4 onglets, un\u00a0<strong>pied de page<\/strong>\u00a0commun \u00e0 tous.<\/p>\r\n\r\n\r\n\r\n<ul>\r\n<li class=\"has-medium-font-size\">Les\u00a0<strong>calendriers<\/strong>, qui seront mis \u00e0 jour au fur et \u00e0 mesure de l\u2019avancement dans l\u2019ann\u00e9e.<\/li>\r\n<\/ul>\r\n\r\n\r\n\r\n<figure class=\"wp-block-image size-large\"><img loading=\"lazy\" decoding=\"async\" width=\"1070\" height=\"864\" class=\"wp-image-70678\" src=\"https:\/\/centcols.org\/backup\/wp-content\/uploads\/2023\/02\/Capture-decran-2023-02-07-161206.jpg\" alt=\"\" srcset=\"https:\/\/centcols.org\/backup\/wp-content\/uploads\/2023\/02\/Capture-decran-2023-02-07-161206.jpg 1070w, https:\/\/centcols.org\/backup\/wp-content\/uploads\/2023\/02\/Capture-decran-2023-02-07-161206-500x404.jpg 500w, https:\/\/centcols.org\/backup\/wp-content\/uploads\/2023\/02\/Capture-decran-2023-02-07-161206-768x620.jpg 768w, https:\/\/centcols.org\/backup\/wp-content\/uploads\/2023\/02\/Capture-decran-2023-02-07-161206-600x484.jpg 600w\" sizes=\"(max-width: 1070px) 100vw, 1070px\" \/><\/figure>\r\n\r\n\r\n\r\n<ul>\r\n<li class=\"has-medium-font-size\">Puis, une ligne de pr\u00e9sentation de nos\u00a0<strong>partenaires<\/strong>\u00a0principaux :<\/li>\r\n<\/ul>\r\n\r\n\r\n\r\n<figure class=\"wp-block-image size-large\"><img loading=\"lazy\" decoding=\"async\" width=\"851\" height=\"241\" class=\"wp-image-70684\" src=\"https:\/\/centcols.org\/backup\/wp-content\/uploads\/2023\/02\/Capture-decran-2023-02-07-161331.jpg\" alt=\"\" srcset=\"https:\/\/centcols.org\/backup\/wp-content\/uploads\/2023\/02\/Capture-decran-2023-02-07-161331.jpg 851w, https:\/\/centcols.org\/backup\/wp-content\/uploads\/2023\/02\/Capture-decran-2023-02-07-161331-500x142.jpg 500w, https:\/\/centcols.org\/backup\/wp-content\/uploads\/2023\/02\/Capture-decran-2023-02-07-161331-768x217.jpg 768w, https:\/\/centcols.org\/backup\/wp-content\/uploads\/2023\/02\/Capture-decran-2023-02-07-161331-600x170.jpg 600w\" sizes=\"(max-width: 851px) 100vw, 851px\" \/><\/figure>\r\n\r\n\r\n\r\n<p class=\"has-medium-font-size\">Chaque logo ciblera une page de pr\u00e9sentation du partenariat, \u00e0 la fin de ces pages (non encore r\u00e9dig\u00e9es ni publi\u00e9es, \u00e7a va venir), un lien vers le site du partenaire.<\/p>\r\n\r\n\r\n\r\n<ul>\r\n<li class=\"has-medium-font-size\">Enfin une ligne visuelle des drapeaux par pays pour mettre en valeurs les\u00a0<strong>dossiers de presse<\/strong>\u00a0:<\/li>\r\n<\/ul>\r\n\r\n\r\n\r\n<figure class=\"wp-block-image size-large\"><img loading=\"lazy\" decoding=\"async\" width=\"912\" height=\"158\" class=\"wp-image-70690\" src=\"https:\/\/centcols.org\/backup\/wp-content\/uploads\/2023\/02\/Capture-decran-2023-02-07-161446.jpg\" alt=\"\" srcset=\"https:\/\/centcols.org\/backup\/wp-content\/uploads\/2023\/02\/Capture-decran-2023-02-07-161446.jpg 912w, https:\/\/centcols.org\/backup\/wp-content\/uploads\/2023\/02\/Capture-decran-2023-02-07-161446-500x87.jpg 500w, https:\/\/centcols.org\/backup\/wp-content\/uploads\/2023\/02\/Capture-decran-2023-02-07-161446-768x133.jpg 768w, https:\/\/centcols.org\/backup\/wp-content\/uploads\/2023\/02\/Capture-decran-2023-02-07-161446-600x104.jpg 600w\" sizes=\"(max-width: 912px) 100vw, 912px\" \/><\/figure>\r\n\r\n\r\n\r\n<p class=\"has-medium-font-size\">Chaque logo ciblera le dossier de presse dans la langue ad\u2019hoc, \u00e0 t\u00e9l\u00e9charger ou \u00e0 lire sur l\u2019\u00e9cran. Ils sont \u00e0 jour (en cours pour la version espagnole).<\/p>\r\n\r\n\r\n\r\n<p class=\"has-medium-font-size\">Bonne navigation \u00e0 tous sur le site des Cent Cols<\/p>\r\n","protected":false},"excerpt":{"rendered":"<p>L\u2019objectif de cette r\u00e9organisation est d\u2019optimiser la pr\u00e9sentation des informations, sans doublons, sans informations inutiles, mais avec exhaustivit\u00e9 sur les choses importantes. Ainsi : Nous passons \u00e0 4 onglets au lieu de 6 : L\u2019onglet \u00ab\u00a0qui sommes-nous ?\u00a0\u00bb\u00a0: pas de changement L\u2019onglet \u00ab\u00a0\u00ab\u00a0\u00c0 la Une\u00a0\u00bb : il rassemble les derni\u00e8res nouvelles importantes du club L\u2019onglet [&hellip;]<\/p>\n","protected":false},"author":397,"featured_media":0,"parent":0,"menu_order":0,"comment_status":"closed","ping_status":"closed","template":"","meta":{"_acf_changed":false,"ub_ctt_via":"","_monsterinsights_skip_tracking":false,"_monsterinsights_sitenote_active":false,"_monsterinsights_sitenote_note":"","_monsterinsights_sitenote_category":0,"footnotes":""},"acf":[],"featured_image_urls":{"full":"","thumbnail":"","medium":"","medium_large":"","large":"","1536x1536":"","2048x2048":"","woocommerce_thumbnail":"","woocommerce_single":"","woocommerce_gallery_thumbnail":""},"post_excerpt_stackable":"<p>L\u2019objectif de cette r\u00e9organisation est d\u2019optimiser la pr\u00e9sentation des informations, sans doublons, sans informations inutiles, mais avec exhaustivit\u00e9 sur les choses importantes. Ainsi : Nous passons \u00e0 4 onglets au lieu de 6 : L\u2019onglet \u00ab\u00a0qui sommes-nous ?\u00a0\u00bb\u00a0: pas de changement L\u2019onglet \u00ab\u00a0\u00ab\u00a0\u00c0 la Une\u00a0\u00bb : il rassemble les derni\u00e8res nouvelles importantes du club L\u2019onglet \u00ab\u00a0Presse\u00a0\u00bb : il pr\u00e9sente les derniers articles de la presse ext\u00e9rieure au club L\u2019onglet \u00ab\u00a0La Gazette\u00a0\u00bb : pas de changement. En dessous de ces 4 onglets, un\u00a0pied de page\u00a0commun \u00e0 tous. Les\u00a0calendriers, qui seront mis \u00e0 jour au fur et \u00e0 mesure de l\u2019avancement dans\u2026<\/p>\n","category_list":"","author_info":{"name":"Denis Chouquet-Stringer","url":"https:\/\/centcols.org\/backup\/author\/6183\/"},"comments_num":"0 commentaire","featured_image_urls_v2":{"full":"","thumbnail":"","medium":"","medium_large":"","large":"","1536x1536":"","2048x2048":"","woocommerce_thumbnail":"","woocommerce_single":"","woocommerce_gallery_thumbnail":""},"post_excerpt_stackable_v2":"<p>L\u2019objectif de cette r\u00e9organisation est d\u2019optimiser la pr\u00e9sentation des informations, sans doublons, sans informations inutiles, mais avec exhaustivit\u00e9 sur les choses importantes. Ainsi : Nous passons \u00e0 4 onglets au lieu de 6 : L\u2019onglet \u00ab\u00a0qui sommes-nous ?\u00a0\u00bb\u00a0: pas de changement L\u2019onglet \u00ab\u00a0\u00ab\u00a0\u00c0 la Une\u00a0\u00bb : il rassemble les derni\u00e8res nouvelles importantes du club L\u2019onglet \u00ab\u00a0Presse\u00a0\u00bb : il pr\u00e9sente les derniers articles de la presse ext\u00e9rieure au club L\u2019onglet \u00ab\u00a0La Gazette\u00a0\u00bb : pas de changement. En dessous de ces 4 onglets, un\u00a0pied de page\u00a0commun \u00e0 tous. Les\u00a0calendriers, qui seront mis \u00e0 jour au fur et \u00e0 mesure de l\u2019avancement dans\u2026<\/p>\n","category_list_v2":"","author_info_v2":{"name":"Denis Chouquet-Stringer","url":"https:\/\/centcols.org\/backup\/author\/6183\/"},"comments_num_v2":"0 commentaire","featured_image_src":null,"_links":{"self":[{"href":"https:\/\/centcols.org\/backup\/wp-json\/wp\/v2\/pages\/70359"}],"collection":[{"href":"https:\/\/centcols.org\/backup\/wp-json\/wp\/v2\/pages"}],"about":[{"href":"https:\/\/centcols.org\/backup\/wp-json\/wp\/v2\/types\/page"}],"author":[{"embeddable":true,"href":"https:\/\/centcols.org\/backup\/wp-json\/wp\/v2\/users\/397"}],"replies":[{"embeddable":true,"href":"https:\/\/centcols.org\/backup\/wp-json\/wp\/v2\/comments?post=70359"}],"version-history":[{"count":0,"href":"https:\/\/centcols.org\/backup\/wp-json\/wp\/v2\/pages\/70359\/revisions"}],"wp:attachment":[{"href":"https:\/\/centcols.org\/backup\/wp-json\/wp\/v2\/media?parent=70359"}],"curies":[{"name":"wp","href":"https:\/\/api.w.org\/{rel}","templated":true}]}}