{"id":70740,"date":"2023-02-12T15:02:31","date_gmt":"2023-02-12T14:02:31","guid":{"rendered":"https:\/\/centcols.org\/backup\/?page_id=70740"},"modified":"2023-02-12T15:31:58","modified_gmt":"2023-02-12T14:31:58","slug":"un-coup-doeil-sur-les-fonctionnalites-de-veloenfrance","status":"publish","type":"page","link":"https:\/\/centcols.org\/backup\/un-coup-doeil-sur-les-fonctionnalites-de-veloenfrance\/","title":{"rendered":"Un coup d\u2019\u0153il sur les fonctionnalit\u00e9s de Veloenfrance"},"content":{"rendered":"\n<h4 class=\"kt-adv-heading_45d5a0-ae wp-block-kadence-advancedheading\" data-kb-block=\"kb-adv-heading_45d5a0-ae\"><strong>Veloenfrance<\/strong>, c\u2019est un site de la FFCT =&gt; <a href=\"https:\/\/veloenfrance.fr\/\"><span class=\"tadv-color\" style=\"color: #0693e3;\">https:\/\/veloenfrance.fr\/<\/span><\/a><\/h4>\n\n\n\n<p class=\"has-medium-font-size\"><span style=\"font-family: arial, helvetica, sans-serif; font-size: 20px;\">Il a r\u00e9cemment beaucoup \u00e9volu\u00e9 et il propose maintenant une multitude de renseignements et de fonctionnalit\u00e9s diverses pour les cyclotouristes et les randonneurs. Le Club des Cent Cols est partenaire de la FFCT et participe \u00e0 l\u2019am\u00e9lioration des qualit\u00e9s de veloenfrance.<\/span><\/p>\n\n\n\n<p class=\"has-medium-font-size\">1 &#8211; Le tropisme des membres du Club des Cent Cols va tout naturellement <strong><u>vers les cols. <\/u><\/strong>\u00a0Dans <strong>veloenfrance,<\/strong> on peut d\u00e9couvrir la position de plus de 12.000 cols routiers ou muletiers cyclables \u00e0 100 % situ\u00e9s dans 10 pays europ\u00e9ens.<\/p>\n\n\n\n<p class=\"has-medium-font-size\">Pour cela, il y a deux possibilit\u00e9s&nbsp;:<\/p>\n\n\n\n<ul>\n<li><span style=\"font-family: arial, helvetica, sans-serif; font-size: 20px;\">Cliquer sur &#8220;D\u00e9fis&#8221; dans le bandeau, puis sur &#8220;les Cent Cols&#8221; pour acc\u00e9der \u00e0 la carte des cols<\/span><\/li>\n<\/ul>\n\n\n\n<div class=\"wp-block-image\"><figure class=\"aligncenter size-large\"><img loading=\"lazy\" decoding=\"async\" width=\"605\" height=\"60\" src=\"https:\/\/centcols.org\/backup\/wp-content\/uploads\/2023\/02\/Image1.png\" alt=\"\" class=\"wp-image-70741\" srcset=\"https:\/\/centcols.org\/backup\/wp-content\/uploads\/2023\/02\/Image1.png 605w, https:\/\/centcols.org\/backup\/wp-content\/uploads\/2023\/02\/Image1-500x50.png 500w, https:\/\/centcols.org\/backup\/wp-content\/uploads\/2023\/02\/Image1-600x60.png 600w\" sizes=\"(max-width: 605px) 100vw, 605px\" \/><\/figure><\/div>\n\n\n\n<ul><li><span style=\"font-size: 20px;\">Ou cliquer sur &#8220;D\u00e9couvrir&#8221; dans la partie inf\u00e9rieure de la page d\u2019accueil<\/span><\/li><\/ul>\n\n\n\n<div class=\"wp-block-image\"><figure class=\"aligncenter size-large\"><img decoding=\"async\" src=\"https:\/\/centcols.org\/backup\/wp-content\/uploads\/2023\/02\/Image2.png\" alt=\"\" class=\"wp-image-70747\"\/><\/figure><\/div>\n\n\n\n<p class=\"has-medium-font-size\"><span style=\"font-size: 20px;\">En zoomant sur la carte, chaque col s\u2019individualise et il est alors possible de tout conna\u00eetre sur ce col en cliquant sur &#8220;Plus d\u2019infos&nbsp;&#8220;<\/span><\/p>\n\n\n\n<div class=\"wp-block-image\"><figure class=\"aligncenter size-large\"><img decoding=\"async\" src=\"https:\/\/centcols.org\/backup\/wp-content\/uploads\/2023\/02\/Image3.png\" alt=\"\" class=\"wp-image-70753\"\/><\/figure><\/div>\n\n\n\n\n\n<p class=\"has-medium-font-size\">2 &#8211; <strong><u>Les \u00a0Randonn\u00e9es Permanentes du Club des Cent Cols<\/u> <\/strong>sont aussi pr\u00e9sentes dans <strong>Veloenfrance<\/strong><\/p>\n\n\n\n<p><span style=\"font-size: 20px;\"><img loading=\"lazy\" decoding=\"async\" class=\"alignnone size-full wp-image-70759 alignright\" src=\"https:\/\/centcols.org\/backup\/wp-content\/uploads\/2023\/02\/Image4.png\" alt=\"\" width=\"314\" height=\"341\" \/>Certaines ont un trac\u00e9 lin\u00e9aire, d\u2019autres sont sous la forme d\u2019une boucle unique et d\u2019autres enfin ont plusieurs boucles s\u00e9par\u00e9es. C\u2019est pour cette raison qu\u2019il y a 24 Randonn\u00e9es permanentes mais 68 points de d\u00e9part.<\/span><\/p>\n<p><span style=\"font-size: 20px;\">Cliquer sur <strong>&#8220;Circuits&#8221;<\/strong> dans le bandeau, puis de nouveau sur <strong>&#8220;Circuits&#8221;,<\/strong> dans le filtre s\u00e9lectionner <strong>&#8220;Grands itin\u00e9raires&#8221;<\/strong> et demander <strong>&#8220;<\/strong>Randonn\u00e9es du club des Cent Cols&#8221; dans &#8220;S\u00e9lectionnez&#8221;.<\/span><\/p>\n<p><span style=\"font-size: 20px;\">En zoomant sur la carte, chaque point de d\u00e9part s\u2019individualise. En cliquant sur la borne de d\u00e9part, le trac\u00e9 de la randonn\u00e9e appara\u00eet\u00a0 ainsi que quelques renseignements divers. &#8220;Plus d\u2019infos&#8221; apporte une description plus ample du parcours.<\/span><\/p>\n<p>\u00a0<\/p>\n\n\n\n<p class=\"has-medium-font-size\">3 &#8211; Pour trouver le <strong><u>Club des Cent Cols <\/u><\/strong>dans &#8220;la liste&#8221; des &#8220;Clubs&#8221;, le plus \u00e9vident est de taper le nom du club (club des cent cols) dans la zone &#8220;rechercher&#8221; puis d\u2019ouvrir le &#8220;site web&#8221; du club  : \u00a0<\/p>\n\n\n\n<div class=\"wp-block-image\"><figure class=\"aligncenter size-large is-resized\"><img loading=\"lazy\" decoding=\"async\" src=\"https:\/\/centcols.org\/backup\/wp-content\/uploads\/2023\/02\/Image6-2.png\" alt=\"\" class=\"wp-image-70821\" width=\"367\" height=\"209\"\/><\/figure><\/div>\n\n\n\n<p class=\"has-medium-font-size\">(le lien &#8220;plus d\u2019infos&#8221; ouvre une page de g\u00e9olocalisation du club \u00e0 Annecy)<\/p>\n\n\n\n<p class=\"has-medium-font-size\">4 &#8211; <strong>Veloenfrance<\/strong> offre de nombreux autres renseignements<\/p>\n\n\n\n<ul><li><span style=\"font-size: 20px;\">En cliquant sur &#8220;<strong>Agendas<\/strong>&#8221; du bandeau, on obtient toutes les randonn\u00e9es propos\u00e9es par les clubs de la FFCT et on peut les s\u00e9lectionner par la carte ou dans la liste.<\/span><\/li><li><span style=\"font-size: 20px;\">En cliquant sur &#8220;<strong>D\u00e9fis<\/strong>&#8221; s\u2019ouvrent\u00a0:<\/span> <ul><li><span style=\"font-size: 20px;\">La position des sites des &#8220;BCN-BPF&#8221;<\/span><\/li><li><span style=\"font-size: 20px;\">Les Diagonales<\/span> <\/li><\/ul><\/li><li><span style=\"font-size: 20px;\">En cliquant sur &#8220;<strong>Voyages<\/strong>&#8221; s\u2019ouvrent\u00a0:<\/span> <ul><li><span style=\"font-size: 20px;\">Les bonnes adresses et Cycl\u2019h\u00f4tes<\/span><\/li><li><span style=\"font-size: 20px;\">Les s\u00e9jours organis\u00e9s par la FFCT<\/span> <\/li><\/ul><\/li><\/ul>\n\n\n\n<p class=\"has-medium-font-size\">4 &#8211; Une nouvelle fonctionnalit\u00e9 est propos\u00e9e sur <strong>veloenfrance\u00a0<\/strong>pour les <strong>licenci\u00e9s<\/strong> FFCT : <strong><u>tracer son propre parcours.<\/u><\/strong><\/p>\n\n\n\n<p class=\"has-medium-font-size\">Pour cela, ouvrir &#8220;circuits&#8221; et cliquer sur &#8220;Cr\u00e9er un itin\u00e9raire&#8221;. Selon votre choix (v\u00e9lo, v\u00e9lo de route, VTT), cliquer sur la carte \u00e0 des points successifs cr\u00e9era automatiquement votre itin\u00e9raire en pr\u00e9cisant distance et d\u00e9nivel\u00e9.<\/p>\n\n\n\n<p class=\"has-medium-font-size\">Plusieurs options additionnelles vous sont offertes dont celle de visualiser sur votre parcours la position des cols par &#8220;D\u00e9fis&#8221;.<\/p>\n\n\n\n<p class=\"has-medium-font-size\">Il restera \u00e0 exporter la trace gpx de votre parcours ainsi cr\u00e9\u00e9 vers le dossier de votre choix ou votre GPS pour \u00eatre exploitable sur le terrain par vous-m\u00eame.<\/p>\n\n\n\n<p class=\"has-medium-font-size\"><\/p>\n\n\n\n<p><\/p>\n","protected":false},"excerpt":{"rendered":"<p>Il a r\u00e9cemment beaucoup \u00e9volu\u00e9 et il propose maintenant une multitude de renseignements et de fonctionnalit\u00e9s diverses pour les cyclotouristes et les randonneurs. Le Club des Cent Cols est partenaire de la FFCT et participe \u00e0 l\u2019am\u00e9lioration des qualit\u00e9s de veloenfrance. 1 &#8211; Le tropisme des membres du Club des Cent Cols va tout naturellement [&hellip;]<\/p>\n","protected":false},"author":397,"featured_media":0,"parent":0,"menu_order":0,"comment_status":"closed","ping_status":"closed","template":"","meta":{"_acf_changed":false,"ub_ctt_via":"","_monsterinsights_skip_tracking":false,"_monsterinsights_sitenote_active":false,"_monsterinsights_sitenote_note":"","_monsterinsights_sitenote_category":0,"footnotes":""},"acf":[],"featured_image_urls":{"full":"","thumbnail":"","medium":"","medium_large":"","large":"","1536x1536":"","2048x2048":"","woocommerce_thumbnail":"","woocommerce_single":"","woocommerce_gallery_thumbnail":""},"post_excerpt_stackable":"<p>Veloenfrance, c\u2019est un site de la FFCT =&gt; https:\/\/veloenfrance.fr\/ Il a r\u00e9cemment beaucoup \u00e9volu\u00e9 et il propose maintenant une multitude de renseignements et de fonctionnalit\u00e9s diverses pour les cyclotouristes et les randonneurs. Le Club des Cent Cols est partenaire de la FFCT et participe \u00e0 l\u2019am\u00e9lioration des qualit\u00e9s de veloenfrance. 1 &#8211; Le tropisme des membres du Club des Cent Cols va tout naturellement vers les cols. \u00a0Dans veloenfrance, on peut d\u00e9couvrir la position de plus de 12.000 cols routiers ou muletiers cyclables \u00e0 100 % situ\u00e9s dans 10 pays europ\u00e9ens. Pour cela, il y a deux possibilit\u00e9s&nbsp;: Cliquer sur\u2026<\/p>\n","category_list":"","author_info":{"name":"Denis Chouquet-Stringer","url":"https:\/\/centcols.org\/backup\/author\/6183\/"},"comments_num":"0 commentaire","featured_image_urls_v2":{"full":"","thumbnail":"","medium":"","medium_large":"","large":"","1536x1536":"","2048x2048":"","woocommerce_thumbnail":"","woocommerce_single":"","woocommerce_gallery_thumbnail":""},"post_excerpt_stackable_v2":"<p>Veloenfrance, c\u2019est un site de la FFCT =&gt; https:\/\/veloenfrance.fr\/ Il a r\u00e9cemment beaucoup \u00e9volu\u00e9 et il propose maintenant une multitude de renseignements et de fonctionnalit\u00e9s diverses pour les cyclotouristes et les randonneurs. Le Club des Cent Cols est partenaire de la FFCT et participe \u00e0 l\u2019am\u00e9lioration des qualit\u00e9s de veloenfrance. 1 &#8211; Le tropisme des membres du Club des Cent Cols va tout naturellement vers les cols. \u00a0Dans veloenfrance, on peut d\u00e9couvrir la position de plus de 12.000 cols routiers ou muletiers cyclables \u00e0 100 % situ\u00e9s dans 10 pays europ\u00e9ens. Pour cela, il y a deux possibilit\u00e9s&nbsp;: Cliquer sur\u2026<\/p>\n","category_list_v2":"","author_info_v2":{"name":"Denis Chouquet-Stringer","url":"https:\/\/centcols.org\/backup\/author\/6183\/"},"comments_num_v2":"0 commentaire","featured_image_src":null,"_links":{"self":[{"href":"https:\/\/centcols.org\/backup\/wp-json\/wp\/v2\/pages\/70740"}],"collection":[{"href":"https:\/\/centcols.org\/backup\/wp-json\/wp\/v2\/pages"}],"about":[{"href":"https:\/\/centcols.org\/backup\/wp-json\/wp\/v2\/types\/page"}],"author":[{"embeddable":true,"href":"https:\/\/centcols.org\/backup\/wp-json\/wp\/v2\/users\/397"}],"replies":[{"embeddable":true,"href":"https:\/\/centcols.org\/backup\/wp-json\/wp\/v2\/comments?post=70740"}],"version-history":[{"count":0,"href":"https:\/\/centcols.org\/backup\/wp-json\/wp\/v2\/pages\/70740\/revisions"}],"wp:attachment":[{"href":"https:\/\/centcols.org\/backup\/wp-json\/wp\/v2\/media?parent=70740"}],"curies":[{"name":"wp","href":"https:\/\/api.w.org\/{rel}","templated":true}]}}