{"id":70978,"date":"2023-02-15T18:51:02","date_gmt":"2023-02-15T17:51:02","guid":{"rendered":"https:\/\/centcols.org\/backup\/?page_id=70978"},"modified":"2023-02-15T19:18:42","modified_gmt":"2023-02-15T18:18:42","slug":"les-catalogues-evoluent-maintenant-en-temps-reel","status":"publish","type":"page","link":"https:\/\/centcols.org\/backup\/les-catalogues-evoluent-maintenant-en-temps-reel\/","title":{"rendered":"Les catalogues \u00e9voluent maintenant en temps r\u00e9el"},"content":{"rendered":"\n<p class=\"has-medium-font-size\">Si vous vous souvenez de plusieurs lettres d&#8217;informations et des pr\u00e9sentations aux A.G.s nous avons soulign\u00e9 que l&#8217;un des avantages de la <strong>base de donn\u00e9es des col<\/strong>s qui h\u00e9b\u00e9rge tous nos catalogues \u00e9tait de pouvoir <strong>mettre \u00e0 jour les donn\u00e9es<\/strong> plus r\u00e9guli\u00e8rement. Finis les catalogues annuels avec des modifications ou des nouveaut\u00e9s souvent vieilles de 12 mois ou plus.<\/p>\n\n\n\n<p class=\"has-medium-font-size\">Maintenant on commence \u00e0 entrer dans la phase de modifications plus dynamiques et plus r\u00e9actives.<\/p>\n\n\n\n<p class=\"has-medium-font-size\">Si vous avez regard\u00e9 r\u00e9cemment la page de t\u00e9l\u00e9chargements des catalogues vous pouvez remarquer que plusieurs pays ont des &#8220;dates de r\u00e9f\u00e9rence&#8221; (derni\u00e8re date de mise-\u00e0-jour) de f\u00e9vrier 2023.<\/p>\n\n\n\n<p class=\"has-medium-font-size\">Pour le moment \u00e7a concerne essentiellement des modifications d&#8217;acc\u00e8s \/ de cotations. Les GTs ont maintenant la possibilit\u00e9 de mettre \u00e0 jour eux-m\u00eames, sans passer par une proc\u00e9dure informatique plus lourde, les acc\u00e8s, les sources et quelques informations cartographiques. Les changements sont effectu\u00e9s dans la base de donn\u00e9es, et par cons\u00e9quent dans les catalogues t\u00e9l\u00e9chargeables, instantan\u00e9ment. En cas de changements de rev\u00eatement (muletier &#8211;&gt; routier ou l&#8217;inverse) les modifications sont repercut\u00e9es tout de suite aussi dans les cols list\u00e9s dans les brevets. Nous avons commenc\u00e9 par tester et ensuite d&#8217;effectuer les modifications pour les catalogues de l&#8217;Espagne et de l&#8217;Italie mais cette proc\u00e9dure pourrait concerner n&#8217;importe quel pays. Les \u00e9tudes plus lourdes de nouveaux cols resteront \u00e0 fr\u00e9quence p\u00e9riodique pour le moment.<\/p>\n\n\n\n<p class=\"has-medium-font-size\">Avec des donn\u00e9es qui peuvent bouger tout le temps (comme n&#8217;importe autre base de donn\u00e9es, comme celle de l&#8217;IGN par exemple) il faut <strong>s&#8217;habituer et adapter un peu ses coutumes<\/strong>. Peut-\u00eatre t\u00e9l\u00e9charger de nouveau le catalogue en question quand on part \u00e0 l&#8217;\u00e9tranger; ou t\u00e9l\u00e9charger le catalogue de son pays de r\u00e9sidence tous les 1-2 mois. A chacun de voir ce qui convient le mieux.<\/p>\n\n\n\n<p class=\"has-medium-font-size\">Je change un peu de sujet pour parler des catalogues mondiaux qui concerne nos grands voyageurs.<\/p>\n\n\n\n<p class=\"has-medium-font-size\">Ayant termin\u00e9 les nouveaux catalogues du monde entier nous avons travaill\u00e9 un peu sur la documentation si vous \u00eates curieux ou voulez en savoir plus. Chaque catalogue est accompagn\u00e9 par sa propre notice qui, au minimum, explique les termes g\u00e9n\u00e9riques retenus et les cartes utilis\u00e9es. Pour les pays avec plus de 100 cols la notice est g\u00e9n\u00e9ralement un peu plus d\u00e9velopp\u00e9e et peut aller jusqu&#8217;\u00e0 30 pages.<\/p>\n\n\n\n<p class=\"has-medium-font-size\">Afin d&#8217;\u00e9viter de r\u00e9p\u00e9ter les m\u00eames explications partout (par exemple les d\u00e9finitions de &#8220;Type&#8221; et de &#8220;Diff&#8221;) nous avons \u00e9labor\u00e9 un manuel g\u00e9n\u00e9ral d&#8217;utilisation des rubriques universelles de nos catalogues que vous pouvez trouver sur la page d&#8217;introduction des catalogues et par le lien ci-dessous :<\/p>\n\n\n\n<p class=\"has-medium-font-size\"><a href=\"https:\/\/centcols.org\/backup\/documents\/catalogues\/_commun\/Manuel_d_utilisation_des_catalogues.pdf\">https:\/\/centcols.org\/backup\/documents\/catalogues\/_commun\/Manuel_d_utilisation_des_catalogues.pdf<\/a><\/p>\n\n\n\n<p class=\"has-medium-font-size\">Sur la m\u00eame page vous pouvez aussi trouver:<\/p>\n\n\n\n<ul>\n<li><span style=\"font-size: 20px; font-family: arial, helvetica, sans-serif;\">une <a href=\"https:\/\/centcols.org\/backup\/documents\/catalogues\/_commun\/Tableau_Global_Catalogues_2023.pdf\">vue d&#8217;ensemble du nombre de cols par pays<\/a><\/span><\/li>\n<\/ul>\n\n\n\n<ul>\n<li><span style=\"font-size: 20px; font-family: arial, helvetica, sans-serif;\">un <a href=\"https:\/\/centcols.org\/backup\/documents\/catalogues\/_commun\/Guide_g%C3%A9n%C3%A9ral_des_catalogues_et_des_notices_du_Club_des_Cent%20Cols.pdf\">guide g\u00e9n\u00e9ral du contenu des notices et des catalogues<\/a><\/span><\/li>\n<\/ul>\n\n\n\n<p class=\"has-medium-font-size\">Enfin, si vous \u00eates passionn\u00e9 comme moi par les langues et par la toponymie (les noms des lieux), vous pouvez trouver un nouvel article dans la section du site &#8220;Cols\/Toponymie&#8221;<\/p>\n\n\n\n<p class=\"has-medium-font-size\"><a href=\"https:\/\/centcols.org\/backup\/toponymie-des-cols-mondiaux\/\">https:\/\/centcols.org\/backup\/toponymie-des-cols-mondiaux\/<\/a><\/p>\n\n\n\n<p class=\"has-medium-font-size\">Un descriptif des noms mondiaux qui peuvent \u00e9voquer la notion de col vient rejoindre les articles dans cette section sur la France (Michel de Brebisson) et sur la Suisse (Christian Bingelli) ainsi que les notices assez d\u00e9velopp\u00e9es sur ce sujet de l&#8217;Espagne, de l&#8217;Italie et du Royaume-Uni.<\/p>\n\n\n\n<p class=\"has-medium-font-size\">En liens dans cet article vous trouverez:<\/p>\n\n\n\n<ul>\n<li><a href=\"https:\/\/centcols.org\/backup\/documents\/catalogues\/_commun\/Intitul%C3%A9s_mondiaux-V01.pdf\"><span style=\"font-size: 20px; font-family: arial, helvetica, sans-serif;\">la liste de intitul\u00e9s principaux retenus par pays (plus de 500 en tout!)<\/span><\/a><\/li>\n<\/ul>\n\n\n\n<p class=\"has-medium-font-size\">et la <a href=\"https:\/\/centcols.org\/backup\/documents\/catalogues\/_commun\/ISO_Language_Codes.pdf\">liste des codes ISO des 78 langues<\/a> concern\u00e9es:<\/p>\n\n\n\n<p>&nbsp;<\/p>\n\n\n\n<p class=\"has-medium-font-size\">Bonne lecture si vous avez un peu de temps libre avant le vrai d\u00e9but de la saison cycliste.<\/p>\n\n\n\n<p class=\"has-text-align-right has-medium-font-size\">Graham Cutting<br>F\u00e9vrier 2023<\/p>\n","protected":false},"excerpt":{"rendered":"<p>Si vous vous souvenez de plusieurs lettres d&#8217;informations et des pr\u00e9sentations aux A.G.s nous avons soulign\u00e9 que l&#8217;un des avantages de la base de donn\u00e9es des cols qui h\u00e9b\u00e9rge tous nos catalogues \u00e9tait de pouvoir mettre \u00e0 jour les donn\u00e9es plus r\u00e9guli\u00e8rement. Finis les catalogues annuels avec des modifications ou des nouveaut\u00e9s souvent vieilles de [&hellip;]<\/p>\n","protected":false},"author":107,"featured_media":0,"parent":0,"menu_order":0,"comment_status":"closed","ping_status":"closed","template":"","meta":{"_acf_changed":false,"ub_ctt_via":"","_monsterinsights_skip_tracking":false,"_monsterinsights_sitenote_active":false,"_monsterinsights_sitenote_note":"","_monsterinsights_sitenote_category":0,"footnotes":""},"acf":[],"featured_image_urls":{"full":"","thumbnail":"","medium":"","medium_large":"","large":"","1536x1536":"","2048x2048":"","woocommerce_thumbnail":"","woocommerce_single":"","woocommerce_gallery_thumbnail":""},"post_excerpt_stackable":"<p>Si vous vous souvenez de plusieurs lettres d&#8217;informations et des pr\u00e9sentations aux A.G.s nous avons soulign\u00e9 que l&#8217;un des avantages de la base de donn\u00e9es des cols qui h\u00e9b\u00e9rge tous nos catalogues \u00e9tait de pouvoir mettre \u00e0 jour les donn\u00e9es plus r\u00e9guli\u00e8rement. Finis les catalogues annuels avec des modifications ou des nouveaut\u00e9s souvent vieilles de 12 mois ou plus. Maintenant on commence \u00e0 entrer dans la phase de modifications plus dynamiques et plus r\u00e9actives. Si vous avez regard\u00e9 r\u00e9cemment la page de t\u00e9l\u00e9chargements des catalogues vous pouvez remarquer que plusieurs pays ont des &#8220;dates de r\u00e9f\u00e9rence&#8221; (derni\u00e8re date de mise-\u00e0-jour)\u2026<\/p>\n","category_list":"","author_info":{"name":"Graham Cutting","url":"https:\/\/centcols.org\/backup\/author\/4927\/"},"comments_num":"0 commentaire","featured_image_urls_v2":{"full":"","thumbnail":"","medium":"","medium_large":"","large":"","1536x1536":"","2048x2048":"","woocommerce_thumbnail":"","woocommerce_single":"","woocommerce_gallery_thumbnail":""},"post_excerpt_stackable_v2":"<p>Si vous vous souvenez de plusieurs lettres d&#8217;informations et des pr\u00e9sentations aux A.G.s nous avons soulign\u00e9 que l&#8217;un des avantages de la base de donn\u00e9es des cols qui h\u00e9b\u00e9rge tous nos catalogues \u00e9tait de pouvoir mettre \u00e0 jour les donn\u00e9es plus r\u00e9guli\u00e8rement. Finis les catalogues annuels avec des modifications ou des nouveaut\u00e9s souvent vieilles de 12 mois ou plus. Maintenant on commence \u00e0 entrer dans la phase de modifications plus dynamiques et plus r\u00e9actives. Si vous avez regard\u00e9 r\u00e9cemment la page de t\u00e9l\u00e9chargements des catalogues vous pouvez remarquer que plusieurs pays ont des &#8220;dates de r\u00e9f\u00e9rence&#8221; (derni\u00e8re date de mise-\u00e0-jour)\u2026<\/p>\n","category_list_v2":"","author_info_v2":{"name":"Graham Cutting","url":"https:\/\/centcols.org\/backup\/author\/4927\/"},"comments_num_v2":"0 commentaire","featured_image_src":null,"_links":{"self":[{"href":"https:\/\/centcols.org\/backup\/wp-json\/wp\/v2\/pages\/70978"}],"collection":[{"href":"https:\/\/centcols.org\/backup\/wp-json\/wp\/v2\/pages"}],"about":[{"href":"https:\/\/centcols.org\/backup\/wp-json\/wp\/v2\/types\/page"}],"author":[{"embeddable":true,"href":"https:\/\/centcols.org\/backup\/wp-json\/wp\/v2\/users\/107"}],"replies":[{"embeddable":true,"href":"https:\/\/centcols.org\/backup\/wp-json\/wp\/v2\/comments?post=70978"}],"version-history":[{"count":0,"href":"https:\/\/centcols.org\/backup\/wp-json\/wp\/v2\/pages\/70978\/revisions"}],"wp:attachment":[{"href":"https:\/\/centcols.org\/backup\/wp-json\/wp\/v2\/media?parent=70978"}],"curies":[{"name":"wp","href":"https:\/\/api.w.org\/{rel}","templated":true}]}}