{"id":71062,"date":"2023-02-19T18:45:12","date_gmt":"2023-02-19T17:45:12","guid":{"rendered":"https:\/\/centcols.org\/backup\/?page_id=71062"},"modified":"2023-02-20T15:13:55","modified_gmt":"2023-02-20T14:13:55","slug":"les-traits-dunions-europeens-tue","status":"publish","type":"page","link":"https:\/\/centcols.org\/backup\/les-traits-dunions-europeens-tue\/","title":{"rendered":"Les traits d&#8217;unions europ\u00e9ens (TUE)"},"content":{"rendered":"\n<div class=\"wp-block-columns is-layout-flex wp-container-core-columns-is-layout-2 wp-block-columns-is-layout-flex\">\n<div class=\"wp-block-column is-layout-flow wp-block-column-is-layout-flow\" style=\"flex-basis:50%\">\n<p class=\"has-medium-font-size\">Les traits d&#8217;unions europ\u00e9ens, organis\u00e9s conjointemment par l&#8217;ASPTT St-Quentin et l&#8217;Union Europ\u00e9enne de cyclcotourisme (UECT) consistent \u00e0 relier, dans un sens ou dans l&#8217;autre, Paris aux capitales de l&#8217;Union Europ\u00e9enne, plus largement aux capitales de l&#8217;Europe, voire de relier les capitales ente elles.<\/p>\n\n\n\n<p class=\"has-medium-font-size\">La premi\u00e8re liaison fut Paris &#8211; Luxembourg en 1983.<\/p>\n\n\n\n<p class=\"has-medium-font-size\">Les points de contr\u00f4les sont espac\u00e9s, les routes, aussi tranquilles et touristiques que possible \u00e9vitent les grandes villes et ont toutes \u00e9t\u00e9 reconnues \u00e0 bicyclette.<\/p>\n\n\n\n<p class=\"has-medium-font-size\">Les fanatiques de v\u00e9lo, les amateurs de grand air, ceux d\u00e9sireux d&#8217;\u00e9chapper aux contraintes de la vie pollu\u00e9e, qui veulent visiter l&#8217;Europe de fa\u00e7on sportive mais sans chronom\u00e8tre, pour visiter, admirer, faire des rencontres, \u00e9changer avec les habitants, partager des valeurs d&#8217;amiti\u00e9 et de solidarit\u00e9 ont constitu\u00e9 le flot des 3893 TUE homologu\u00e9s depuis la cr\u00e9ation.<\/p>\n\n\n\n<div class=\"wp-block-image\"><figure class=\"aligncenter size-large\"><img loading=\"lazy\" decoding=\"async\" width=\"501\" height=\"355\" src=\"https:\/\/centcols.org\/backup\/wp-content\/uploads\/2023\/02\/TUE.jpg\" alt=\"\" class=\"wp-image-71063\"\/><\/figure><\/div>\n\n\n\n<p><span style=\"font-size: 20px;\">En savoir plus :<\/span><\/p>\n<p><a href=\"https:\/\/uect.org\/fr\/traits-unions\/presentation\"><span style=\"font-size: 20px;\">Les traits d&#8217;Union Europ\u00e9ens de l&#8217;UECT<\/span><\/a><\/p>\n\n\n\n<p class=\"has-medium-font-size\"><a href=\"https:\/\/centcols.org\/backup\/cols-sur-tue\/\" target=\"_blank\" rel=\"noreferrer noopener\">Les cols sur les traits d&#8217;union<\/a><\/p>\n<\/div>\n\n\n\n<div class=\"wp-block-column is-layout-flow wp-block-column-is-layout-flow\" style=\"flex-basis:33.33%\">\n<div class=\"wp-block-columns is-layout-flex wp-container-core-columns-is-layout-1 wp-block-columns-is-layout-flex\">\n<div class=\"wp-block-column is-layout-flow wp-block-column-is-layout-flow\" style=\"flex-basis:100%\">\n<figure class=\"wp-block-table alignright\">\r\n<table>\r\n<tbody>\r\n<tr>\r\n<td><strong>De Paris \u00e0\u00a0<\/strong><\/td>\r\n<td style=\"text-align: right;\">\u00a0<strong>km\u00a0\u00a0<\/strong><\/td>\r\n<td style=\"text-align: center;\">\u00a0<strong>D+\u00a0<\/strong><\/td>\r\n<td><strong>Cols<\/strong><\/td>\r\n<\/tr>\r\n<tr>\r\n<td>AMSTERDAM<\/td>\r\n<td>\u00a0\u00a0\u00a0\u00a0\u00a0\u00a0\u00a0\u00a0 610\u00a0\u00a0<\/td>\r\n<td>\u00a0\u00a0\u00a0\u00a0\u00a0\u00a0\u00a0\u00a0\u00a0\u00a0\u00a0 3 100\u00a0\u00a0<\/td>\r\n<td style=\"text-align: right;\">1<\/td>\r\n<\/tr>\r\n<tr>\r\n<td>ANDORRE<\/td>\r\n<td>\u00a0\u00a0\u00a0\u00a0\u00a0\u00a0\u00a0\u00a0 996\u00a0\u00a0<\/td>\r\n<td>\u00a0\u00a0\u00a0\u00a0\u00a0\u00a0\u00a0\u00a0\u00a0 10 900\u00a0\u00a0<\/td>\r\n<td style=\"text-align: right;\">7<\/td>\r\n<\/tr>\r\n<tr>\r\n<td>ATHENES<\/td>\r\n<td>\u00a0\u00a0\u00a0\u00a0\u00a0 3 682\u00a0\u00a0<\/td>\r\n<td>\u00a0\u00a0\u00a0\u00a0\u00a0\u00a0\u00a0\u00a0\u00a0 34 900\u00a0\u00a0<\/td>\r\n<td style=\"text-align: right;\">16<\/td>\r\n<\/tr>\r\n<tr>\r\n<td>BELFAST<\/td>\r\n<td>\u00a0\u00a0\u00a0\u00a0\u00a0 1 832\u00a0\u00a0<\/td>\r\n<td>\u00a0\u00a0\u00a0\u00a0\u00a0\u00a0\u00a0\u00a0\u00a0 19 300\u00a0\u00a0<\/td>\r\n<td style=\"text-align: right;\">1<\/td>\r\n<\/tr>\r\n<tr>\r\n<td>BELGRADE<\/td>\r\n<td>\u00a0\u00a0\u00a0\u00a0\u00a0 2 182\u00a0\u00a0<\/td>\r\n<td>\u00a0\u00a0\u00a0\u00a0\u00a0\u00a0\u00a0\u00a0\u00a0 19 600\u00a0\u00a0<\/td>\r\n<td style=\"text-align: right;\">13<\/td>\r\n<\/tr>\r\n<tr>\r\n<td>BERLIN<\/td>\r\n<td>\u00a0\u00a0\u00a0\u00a0\u00a0 1 166\u00a0\u00a0<\/td>\r\n<td>\u00a0\u00a0\u00a0\u00a0\u00a0\u00a0\u00a0\u00a0\u00a0 11 400\u00a0\u00a0<\/td>\r\n<td style=\"text-align: right;\">1<\/td>\r\n<\/tr>\r\n<tr>\r\n<td>BERN<\/td>\r\n<td>\u00a0\u00a0\u00a0\u00a0\u00a0\u00a0\u00a0\u00a0 626\u00a0\u00a0<\/td>\r\n<td>\u00a0\u00a0\u00a0\u00a0\u00a0\u00a0\u00a0\u00a0\u00a0\u00a0\u00a0 6 300\u00a0\u00a0<\/td>\r\n<td style=\"text-align: right;\">5<\/td>\r\n<\/tr>\r\n<tr>\r\n<td>BONN<\/td>\r\n<td>\u00a0\u00a0\u00a0\u00a0\u00a0\u00a0\u00a0\u00a0 521\u00a0\u00a0<\/td>\r\n<td>\u00a0\u00a0\u00a0\u00a0\u00a0\u00a0\u00a0\u00a0\u00a0\u00a0\u00a0 5 900\u00a0\u00a0<\/td>\r\n<td style=\"text-align: right;\">1<\/td>\r\n<\/tr>\r\n<tr>\r\n<td>BRATISLAVA<\/td>\r\n<td>\u00a0\u00a0\u00a0\u00a0\u00a0 1 599\u00a0\u00a0<\/td>\r\n<td>\u00a0\u00a0\u00a0\u00a0\u00a0\u00a0\u00a0\u00a0\u00a0 16 800\u00a0\u00a0<\/td>\r\n<td style=\"text-align: right;\">12<\/td>\r\n<\/tr>\r\n<tr>\r\n<td>BRUXELLES<\/td>\r\n<td>\u00a0\u00a0\u00a0\u00a0\u00a0\u00a0\u00a0\u00a0 352\u00a0\u00a0<\/td>\r\n<td>\u00a0\u00a0\u00a0\u00a0\u00a0\u00a0\u00a0\u00a0\u00a0\u00a0\u00a0 2 900\u00a0\u00a0<\/td>\r\n<td style=\"text-align: right;\">1<\/td>\r\n<\/tr>\r\n<tr>\r\n<td>BUCAREST<\/td>\r\n<td>\u00a0\u00a0\u00a0\u00a0\u00a0 3 179\u00a0\u00a0<\/td>\r\n<td>\u00a0\u00a0\u00a0\u00a0\u00a0\u00a0\u00a0\u00a0\u00a0 28 600\u00a0\u00a0<\/td>\r\n<td style=\"text-align: right;\">17<\/td>\r\n<\/tr>\r\n<tr>\r\n<td>BUDAPEST<\/td>\r\n<td>\u00a0\u00a0\u00a0\u00a0\u00a0 1 776\u00a0\u00a0<\/td>\r\n<td>\u00a0\u00a0\u00a0\u00a0\u00a0\u00a0\u00a0\u00a0\u00a0 18 500\u00a0\u00a0<\/td>\r\n<td style=\"text-align: right;\">10<\/td>\r\n<\/tr>\r\n<tr>\r\n<td>COPENHAGUE<\/td>\r\n<td>\u00a0\u00a0\u00a0\u00a0\u00a0 1 453\u00a0\u00a0<\/td>\r\n<td>\u00a0\u00a0\u00a0\u00a0\u00a0\u00a0\u00a0\u00a0\u00a0 12 200\u00a0\u00a0<\/td>\r\n<td style=\"text-align: right;\">3<\/td>\r\n<\/tr>\r\n<tr>\r\n<td>DUBLIN<\/td>\r\n<td>\u00a0\u00a0\u00a0\u00a0\u00a0 1 904\u00a0\u00a0<\/td>\r\n<td>\u00a0\u00a0\u00a0\u00a0\u00a0\u00a0\u00a0\u00a0\u00a0 15 400\u00a0\u00a0<\/td>\r\n<td style=\"text-align: right;\">9<\/td>\r\n<\/tr>\r\n<tr>\r\n<td>EDIMBOURG<\/td>\r\n<td>\u00a0\u00a0\u00a0\u00a0\u00a0 1 076\u00a0\u00a0<\/td>\r\n<td>\u00a0\u00a0\u00a0\u00a0\u00a0\u00a0\u00a0\u00a0\u00a0\u00a0\u00a0 9 800\u00a0\u00a0<\/td>\r\n<td style=\"text-align: right;\">3<\/td>\r\n<\/tr>\r\n<tr>\r\n<td>LISBONNE<\/td>\r\n<td>\u00a0\u00a0\u00a0\u00a0\u00a0 2 580\u00a0\u00a0<\/td>\r\n<td>\u00a0\u00a0\u00a0\u00a0\u00a0\u00a0\u00a0\u00a0\u00a0 28 100\u00a0\u00a0<\/td>\r\n<td style=\"text-align: right;\">13<\/td>\r\n<\/tr>\r\n<tr>\r\n<td>LJUBLJANA<\/td>\r\n<td>\u00a0\u00a0\u00a0\u00a0\u00a0 1 612\u00a0\u00a0<\/td>\r\n<td>\u00a0\u00a0\u00a0\u00a0\u00a0\u00a0\u00a0\u00a0\u00a0 12 800\u00a0\u00a0<\/td>\r\n<td style=\"text-align: right;\">5<\/td>\r\n<\/tr>\r\n<tr>\r\n<td>MADRID<\/td>\r\n<td>\u00a0\u00a0\u00a0\u00a0\u00a0 1 593\u00a0\u00a0<\/td>\r\n<td>\u00a0\u00a0\u00a0\u00a0\u00a0\u00a0\u00a0\u00a0\u00a0 15 900\u00a0\u00a0<\/td>\r\n<td style=\"text-align: right;\">8<\/td>\r\n<\/tr>\r\n<tr>\r\n<td>MINSK<\/td>\r\n<td>\u00a0\u00a0\u00a0\u00a0\u00a0 2 613\u00a0\u00a0<\/td>\r\n<td>\u00a0\u00a0\u00a0\u00a0\u00a0\u00a0\u00a0\u00a0\u00a0 19 100\u00a0\u00a0<\/td>\r\n<td style=\"text-align: right;\">1<\/td>\r\n<\/tr>\r\n<tr>\r\n<td>MONACO<\/td>\r\n<td>\u00a0\u00a0\u00a0\u00a0\u00a0 1 081\u00a0\u00a0<\/td>\r\n<td>\u00a0\u00a0\u00a0\u00a0\u00a0\u00a0\u00a0\u00a0\u00a0 15 800\u00a0\u00a0<\/td>\r\n<td style=\"text-align: right;\">20<\/td>\r\n<\/tr>\r\n<tr>\r\n<td>MOSCOU<\/td>\r\n<td>\u00a0\u00a0\u00a0\u00a0\u00a0 3 668\u00a0\u00a0<\/td>\r\n<td>\u00a0\u00a0\u00a0\u00a0\u00a0\u00a0\u00a0\u00a0\u00a0 26 100\u00a0\u00a0<\/td>\r\n<td style=\"text-align: right;\">1<\/td>\r\n<\/tr>\r\n<tr>\r\n<td>OSLO<\/td>\r\n<td>\u00a0\u00a0\u00a0\u00a0\u00a0 2 540\u00a0\u00a0<\/td>\r\n<td>\u00a0\u00a0\u00a0\u00a0\u00a0\u00a0\u00a0\u00a0\u00a0 23 200\u00a0\u00a0<\/td>\r\n<td style=\"text-align: right;\">3<\/td>\r\n<\/tr>\r\n<tr>\r\n<td>PODGORICA<\/td>\r\n<td>\u00a0\u00a0\u00a0\u00a0\u00a0 2 627\u00a0\u00a0<\/td>\r\n<td>\u00a0\u00a0\u00a0\u00a0\u00a0\u00a0\u00a0\u00a0\u00a0 23 800\u00a0\u00a0<\/td>\r\n<td style=\"text-align: right;\">5<\/td>\r\n<\/tr>\r\n<tr>\r\n<td>PRAGUE<\/td>\r\n<td>\u00a0\u00a0\u00a0\u00a0\u00a0 1 227\u00a0\u00a0<\/td>\r\n<td>\u00a0\u00a0\u00a0\u00a0\u00a0\u00a0\u00a0\u00a0\u00a0 11 900\u00a0\u00a0<\/td>\r\n<td style=\"text-align: right;\">4<\/td>\r\n<\/tr>\r\n<tr>\r\n<td>PRISTINA<\/td>\r\n<td>\u00a0\u00a0\u00a0\u00a0\u00a0 2 927\u00a0\u00a0<\/td>\r\n<td>\u00a0\u00a0\u00a0\u00a0\u00a0\u00a0\u00a0\u00a0\u00a0 28 600\u00a0\u00a0<\/td>\r\n<td style=\"text-align: right;\">8<\/td>\r\n<\/tr>\r\n<tr>\r\n<td>RIGA<\/td>\r\n<td>\u00a0\u00a0\u00a0\u00a0\u00a0 2 714\u00a0\u00a0<\/td>\r\n<td>\u00a0\u00a0\u00a0\u00a0\u00a0\u00a0\u00a0\u00a0\u00a0 18 800\u00a0\u00a0<\/td>\r\n<td style=\"text-align: right;\">1<\/td>\r\n<\/tr>\r\n<tr>\r\n<td>ROME<\/td>\r\n<td>\u00a0\u00a0\u00a0\u00a0\u00a0 1 897\u00a0\u00a0<\/td>\r\n<td>\u00a0\u00a0\u00a0\u00a0\u00a0\u00a0\u00a0\u00a0\u00a0 17 900\u00a0\u00a0<\/td>\r\n<td style=\"text-align: right;\">12<\/td>\r\n<\/tr>\r\n<tr>\r\n<td>SAN MARINO<\/td>\r\n<td>\u00a0\u00a0\u00a0\u00a0\u00a0 1 433\u00a0\u00a0<\/td>\r\n<td>\u00a0\u00a0\u00a0\u00a0\u00a0\u00a0\u00a0\u00a0\u00a0 11 600\u00a0\u00a0<\/td>\r\n<td style=\"text-align: right;\">5<\/td>\r\n<\/tr>\r\n<tr>\r\n<td>SARAJEVO<\/td>\r\n<td>\u00a0\u00a0\u00a0\u00a0\u00a0 2 519\u00a0\u00a0<\/td>\r\n<td>\u00a0\u00a0\u00a0\u00a0\u00a0\u00a0\u00a0\u00a0\u00a0 22 300\u00a0\u00a0<\/td>\r\n<td style=\"text-align: right;\">6<\/td>\r\n<\/tr>\r\n<tr>\r\n<td>SKOPJE<\/td>\r\n<td>\u00a0\u00a0\u00a0\u00a0\u00a0 2 657\u00a0\u00a0<\/td>\r\n<td>\u00a0\u00a0\u00a0\u00a0\u00a0\u00a0\u00a0\u00a0\u00a0 23 900\u00a0\u00a0<\/td>\r\n<td style=\"text-align: right;\">14<\/td>\r\n<\/tr>\r\n<tr>\r\n<td>SOFIA<\/td>\r\n<td>\u00a0\u00a0\u00a0\u00a0\u00a0 2 657\u00a0\u00a0<\/td>\r\n<td>\u00a0\u00a0\u00a0\u00a0\u00a0\u00a0\u00a0\u00a0\u00a0 23 900\u00a0\u00a0<\/td>\r\n<td style=\"text-align: right;\">14<\/td>\r\n<\/tr>\r\n<tr>\r\n<td>STOCKHOLM<\/td>\r\n<td>\u00a0\u00a0\u00a0\u00a0\u00a0 2 151\u00a0\u00a0<\/td>\r\n<td>\u00a0\u00a0\u00a0\u00a0\u00a0\u00a0\u00a0\u00a0\u00a0 16 100\u00a0\u00a0<\/td>\r\n<td style=\"text-align: right;\">3<\/td>\r\n<\/tr>\r\n<tr>\r\n<td>TALLINN<\/td>\r\n<td>\u00a0\u00a0\u00a0\u00a0\u00a0 3 162\u00a0\u00a0<\/td>\r\n<td>\u00a0\u00a0\u00a0\u00a0\u00a0\u00a0\u00a0\u00a0\u00a0 20 300\u00a0\u00a0<\/td>\r\n<td style=\"text-align: right;\">1<\/td>\r\n<\/tr>\r\n<tr>\r\n<td>TIRANA<\/td>\r\n<td>\u00a0\u00a0\u00a0\u00a0\u00a0 2 837\u00a0\u00a0<\/td>\r\n<td>\u00a0\u00a0\u00a0\u00a0\u00a0\u00a0\u00a0\u00a0\u00a0 25 700\u00a0\u00a0<\/td>\r\n<td style=\"text-align: right;\">5<\/td>\r\n<\/tr>\r\n<tr>\r\n<td>VADUZ<\/td>\r\n<td>\u00a0\u00a0\u00a0\u00a0\u00a0\u00a0\u00a0\u00a0 960\u00a0\u00a0<\/td>\r\n<td>\u00a0\u00a0\u00a0\u00a0\u00a0\u00a0\u00a0\u00a0\u00a0 13 400\u00a0\u00a0<\/td>\r\n<td style=\"text-align: right;\">11<\/td>\r\n<\/tr>\r\n<tr>\r\n<td>VARSOVIE<\/td>\r\n<td>\u00a0\u00a0\u00a0\u00a0\u00a0 1 852\u00a0\u00a0<\/td>\r\n<td>\u00a0\u00a0\u00a0\u00a0\u00a0\u00a0\u00a0\u00a0\u00a0 13 900\u00a0\u00a0<\/td>\r\n<td style=\"text-align: right;\">1<\/td>\r\n<\/tr>\r\n<tr>\r\n<td>VIENNE<\/td>\r\n<td>\u00a0\u00a0\u00a0\u00a0\u00a0 1 539\u00a0\u00a0<\/td>\r\n<td>\u00a0\u00a0\u00a0\u00a0\u00a0\u00a0\u00a0\u00a0\u00a0 16 600\u00a0\u00a0<\/td>\r\n<td style=\"text-align: right;\">12<\/td>\r\n<\/tr>\r\n<tr>\r\n<td>VILNIUS<\/td>\r\n<td>\u00a0\u00a0\u00a0\u00a0\u00a0 2 377\u00a0\u00a0<\/td>\r\n<td>\u00a0\u00a0\u00a0\u00a0\u00a0\u00a0\u00a0\u00a0\u00a0 17 600\u00a0\u00a0<\/td>\r\n<td style=\"text-align: right;\">1<\/td>\r\n<\/tr>\r\n<\/tbody>\r\n<\/table>\r\n<\/figure>\n<\/div>\n<\/div>\n<\/div>\n<\/div>\n","protected":false},"excerpt":{"rendered":"<p>Les traits d&#8217;unions europ\u00e9ens, organis\u00e9s conjointemment par l&#8217;ASPTT St-Quentin et l&#8217;Union Europ\u00e9enne de cyclcotourisme (UECT) consistent \u00e0 relier, dans un sens ou dans l&#8217;autre, Paris aux capitales de l&#8217;Union Europ\u00e9enne, plus largement aux capitales de l&#8217;Europe, voire de relier les capitales ente elles. La premi\u00e8re liaison fut Paris &#8211; Luxembourg en 1983. Les points de [&hellip;]<\/p>\n","protected":false},"author":397,"featured_media":0,"parent":0,"menu_order":0,"comment_status":"closed","ping_status":"closed","template":"","meta":{"_acf_changed":false,"ub_ctt_via":"","_monsterinsights_skip_tracking":false,"_monsterinsights_sitenote_active":false,"_monsterinsights_sitenote_note":"","_monsterinsights_sitenote_category":0,"footnotes":""},"acf":[],"featured_image_urls":{"full":"","thumbnail":"","medium":"","medium_large":"","large":"","1536x1536":"","2048x2048":"","woocommerce_thumbnail":"","woocommerce_single":"","woocommerce_gallery_thumbnail":""},"post_excerpt_stackable":"<p>Les traits d&#8217;unions europ\u00e9ens, organis\u00e9s conjointemment par l&#8217;ASPTT St-Quentin et l&#8217;Union Europ\u00e9enne de cyclcotourisme (UECT) consistent \u00e0 relier, dans un sens ou dans l&#8217;autre, Paris aux capitales de l&#8217;Union Europ\u00e9enne, plus largement aux capitales de l&#8217;Europe, voire de relier les capitales ente elles. La premi\u00e8re liaison fut Paris &#8211; Luxembourg en 1983. Les points de contr\u00f4les sont espac\u00e9s, les routes, aussi tranquilles et touristiques que possible \u00e9vitent les grandes villes et ont toutes \u00e9t\u00e9 reconnues \u00e0 bicyclette. Les fanatiques de v\u00e9lo, les amateurs de grand air, ceux d\u00e9sireux d&#8217;\u00e9chapper aux contraintes de la vie pollu\u00e9e, qui veulent visiter l&#8217;Europe de\u2026<\/p>\n","category_list":"","author_info":{"name":"Denis Chouquet-Stringer","url":"https:\/\/centcols.org\/backup\/author\/6183\/"},"comments_num":"0 commentaire","featured_image_urls_v2":{"full":"","thumbnail":"","medium":"","medium_large":"","large":"","1536x1536":"","2048x2048":"","woocommerce_thumbnail":"","woocommerce_single":"","woocommerce_gallery_thumbnail":""},"post_excerpt_stackable_v2":"<p>Les traits d&#8217;unions europ\u00e9ens, organis\u00e9s conjointemment par l&#8217;ASPTT St-Quentin et l&#8217;Union Europ\u00e9enne de cyclcotourisme (UECT) consistent \u00e0 relier, dans un sens ou dans l&#8217;autre, Paris aux capitales de l&#8217;Union Europ\u00e9enne, plus largement aux capitales de l&#8217;Europe, voire de relier les capitales ente elles. La premi\u00e8re liaison fut Paris &#8211; Luxembourg en 1983. Les points de contr\u00f4les sont espac\u00e9s, les routes, aussi tranquilles et touristiques que possible \u00e9vitent les grandes villes et ont toutes \u00e9t\u00e9 reconnues \u00e0 bicyclette. Les fanatiques de v\u00e9lo, les amateurs de grand air, ceux d\u00e9sireux d&#8217;\u00e9chapper aux contraintes de la vie pollu\u00e9e, qui veulent visiter l&#8217;Europe de\u2026<\/p>\n","category_list_v2":"","author_info_v2":{"name":"Denis Chouquet-Stringer","url":"https:\/\/centcols.org\/backup\/author\/6183\/"},"comments_num_v2":"0 commentaire","featured_image_src":null,"_links":{"self":[{"href":"https:\/\/centcols.org\/backup\/wp-json\/wp\/v2\/pages\/71062"}],"collection":[{"href":"https:\/\/centcols.org\/backup\/wp-json\/wp\/v2\/pages"}],"about":[{"href":"https:\/\/centcols.org\/backup\/wp-json\/wp\/v2\/types\/page"}],"author":[{"embeddable":true,"href":"https:\/\/centcols.org\/backup\/wp-json\/wp\/v2\/users\/397"}],"replies":[{"embeddable":true,"href":"https:\/\/centcols.org\/backup\/wp-json\/wp\/v2\/comments?post=71062"}],"version-history":[{"count":0,"href":"https:\/\/centcols.org\/backup\/wp-json\/wp\/v2\/pages\/71062\/revisions"}],"wp:attachment":[{"href":"https:\/\/centcols.org\/backup\/wp-json\/wp\/v2\/media?parent=71062"}],"curies":[{"name":"wp","href":"https:\/\/api.w.org\/{rel}","templated":true}]}}