{"id":71256,"date":"2023-02-26T12:16:52","date_gmt":"2023-02-26T11:16:52","guid":{"rendered":"https:\/\/centcols.org\/backup\/?page_id=71256"},"modified":"2023-03-01T19:22:27","modified_gmt":"2023-03-01T18:22:27","slug":"liste-parcours-cent-cols-sur-or","status":"publish","type":"page","link":"https:\/\/centcols.org\/backup\/liste-parcours-cent-cols-sur-or\/","title":{"rendered":"Les parcours labellis\u00e9s Cent Cols sur Openrunner"},"content":{"rendered":"\n<p class=\"has-medium-font-size\">Dans le logiciel de cartographie OpenRunner, &nbsp;on trouve des parcours ayant un rapport plus ou moins lointain avec le Club des Cent Cols avec des&nbsp; identifiants tels que \u00ab&nbsp;100 cols&nbsp;\u00bb, \u00ab&nbsp;Cent Cols&nbsp;\u00bb et toutes les d\u00e9clinaisons imaginables. Ces parcours sont souvent d\u00e9pourvus de la moindre description, n\u2019ont aucune homog\u00e9n\u00e9it\u00e9 entre eux et peuvent m\u00eame conduire parfois \u00e0 des situations dangereuses. Ce qui est pr\u00e9judiciable \u00e0 l\u2019image du club si on fait l\u2019amalgame.<\/p>\n\n\n\n<p class=\"has-medium-font-size\">Nous avons donc d\u00e9cid\u00e9 de constituer une liste officielle de parcours du Club des Cent Cols offrant tout \u00e0 la fois <strong>une garantie d\u2019int\u00e9r\u00eats cyclistes, colistiques, touristiques et de s\u00e9curit\u00e9. <\/strong>Ces garanties sont mises en \u0153uvre par tous les \u00e9l\u00e9ments requis pour alimenter cette compilation.<\/p>\n\n\n\n<p class=\"has-medium-font-size\">Au travers de cette liste, nos <strong>objectifs<\/strong> sont&nbsp;pluriels&nbsp;:&nbsp;<\/p>\n\n\n\n<ul>\n<li><span style=\"font-size: 20px;\">Proposer \u00e0 nos membres&nbsp; des <span style=\"text-decoration: underline;\">parcours<\/span>, avec des <span style=\"text-decoration: underline;\">cols<\/span>, r\u00e9put\u00e9s <span style=\"text-decoration: underline;\">fiables<\/span> et <span style=\"text-decoration: underline;\">accessibles<\/span> au plus grand nombre.<\/span><\/li>\n<li><span style=\"font-size: 20px;\">Donner envie aux autres cyclistes d\u2019appr\u00e9hender la pratique du cyclisme&nbsp; en montagne par des parcours cyclables sur une large proportion du trac\u00e9.&nbsp;<\/span><\/li>\n<\/ul>\n\n\n\n<p class=\"has-medium-font-size\">Les parcours de cette liste \u00ab labellis\u00e9s CCC&nbsp;\u00bb doivent \u00eatre facilement rep\u00e9rables et surtout diff\u00e9renciables des trac\u00e9s bancals.&nbsp;<\/p>\n\n\n\n<p class=\"has-medium-font-size\">Pour cela&nbsp;:<\/p>\n\n\n\n<ul>\n<li><span style=\"font-size: 20px;\">Depuis la page d\u2019accueil d\u2019OpenRunner, on acc\u00e8de \u00e0 la liste compl\u00e8te des parcours homologu\u00e9s par le Club des Cent Cols en \u00e9crivant&nbsp; <strong>&#8220;club-des-cent-cols&nbsp;\u00bb<\/strong> (avec les tirets) dans <strong>&#8220;Auteur&#8221;<\/strong> puis en cliquant sur &#8220;<strong>chercher un parcours&#8221;<\/strong>.<\/span><\/li>\n<li><span style=\"font-size: 20px;\">On peut aussi trouver ces parcours homologu\u00e9s par l\u2019interm\u00e9diaire de nombreux <strong>mots cl\u00e9s<\/strong>.&nbsp;&nbsp;<\/span><\/li>\n<\/ul>\n\n\n\n<p class=\"has-medium-font-size\">On reconnaitra \u00e0 coup s\u00fbr \u00eatre en pr\u00e9sence d\u2019un <strong>parcours officiel <\/strong>du club&nbsp;:&nbsp;<\/p>\n\n\n\n<ul>\n<li><span style=\"font-size: 20px;\">Par l\u2019apparition du <strong>logo<\/strong> du club en passant la souris sur l\u2019extrait de carte ou sur la photo dans la colonne de gauche.<\/span><\/li>\n<li><span style=\"font-size: 20px;\">Par la mention syst\u00e9matique &#8220;Parcours par&nbsp;: <strong>Club des Cent Cols<\/strong>&#8221; sous le titre du parcours de la colonne de gauche<\/span><\/li>\n<li><span style=\"font-size: 20px;\">En ouvrant la fiche de ce parcours, il est possible de retrouver la <strong>liste des parcours<\/strong> du Club des Cent Cols par un lien en haut \u00e0 droite.<\/span><\/li>\n<\/ul>\n\n\n\n<p class=\"has-medium-font-size\">Les garanties d\u2019int\u00e9r\u00eat cyclo-touristique, de la r\u00e9alisation&nbsp;agr\u00e9able et de s\u00e9curit\u00e9 sont d\u00e9taill\u00e9es dans &nbsp;le contenu de la &#8220;<strong>fiche du parcours&#8221;<\/strong> obtenue depuis le titre, colonne de gauche.<\/p>\n\n\n\n<ul>\n<li><span style=\"font-size: 20px;\">L\u2019affichage du type de voies et le profil altim\u00e9trique donnent\u00a0 de nombreuses indications sur la qualit\u00e9 de la voie, sur les pourcentages des pentes et sur l\u2019altitude du point de la trace.\u00a0<\/span><\/li>\n<li><span style=\"font-size: 20px;\">La description\u00a0:<\/span>\n<ul>\n<li><span style=\"font-size: 20px;\">Donne quelques \u00e9l\u00e9ments de l\u2019int\u00e9r\u00eat touristique du parcours<\/span><\/li>\n<li><span style=\"font-size: 20px;\">Les noms, les codes et les liens visugen des cols travers\u00e9s<\/span><\/li>\n<li><span style=\"font-size: 20px;\">Pr\u00e9cise le lieu de d\u00e9part avec possibilit\u00e9 de stationnement<\/span><\/li>\n<li><span style=\"font-size: 20px;\">Emet des avis de s\u00e9curit\u00e9 ou technique sur les voies emprunt\u00e9es<\/span><\/li>\n<\/ul>\n<\/li>\n<li><span style=\"font-size: 20px;\">Le choix du calibrage de la distance totale des\u00a0 parcours routiers, Gravel ou muletiers et de la d\u00e9nivel\u00e9e positive permet de dire que ces parcours sont accessibles \u00e0 tous cyclistes pratiquants r\u00e9guliers.\u00a0<\/span><\/li>\n<\/ul>\n\n\n\n<p class=\"has-medium-font-size\">Nous avons volontairement exclu des parcours labellis\u00e9s Cent Cols les acc\u00e8s aux cols muletiers comportant du portage. Il peut y avoir des portions de poussage, restant ais\u00e9 toutefois et en fonction&nbsp; de la capacit\u00e9 de chacun (ces acc\u00e8s sont donc de types R1 parfois R2, S1 parfois S2)&nbsp;<\/p>\n\n\n\n<hr class=\"wp-block-separator\"\/>\n\n\n\n<figure class=\"wp-block-table is-style-stripes\"><table><thead><tr><th><span style=\"font-size: 20px;\">Titre du parcours<\/span><\/th><th><span style=\"font-size: 20px;\">Route, VTT, gravel<\/span><\/th><th><span style=\"font-size: 20px;\">km<\/span><\/th><th><span style=\"font-size: 20px;\">D+<\/span><\/th><th><span style=\"font-size: 20px;\">Cols<\/span><\/th><\/tr><\/thead><tbody><tr><td><span style=\"font-size: 20px;\">DE-BW Nom du Parcours3<\/span><\/td><td><span style=\"font-size: 20px;\">Route<\/span><\/td><td><span style=\"font-size: 20px;\">70<\/span><\/td><td><span style=\"font-size: 20px;\">1125<\/span><\/td><td><span style=\"font-size: 20px;\">5<\/span><\/td><\/tr><tr><td><span style=\"font-size: 20px;\"><a href=\"https:\/\/www.openrunner.com\/route-details\/16018261\">FR-06 Nom du Parcours1<\/a><\/span><\/td><td><span style=\"font-size: 20px;\">Route<\/span><\/td><td><span style=\"font-size: 20px;\">80<\/span><\/td><td><span style=\"font-size: 20px;\">1750<\/span><\/td><td><span style=\"font-size: 20px;\">6<\/span><\/td><\/tr><tr><td><span style=\"font-size: 20px;\">FR-07 Nom du Parcours2<\/span><\/td><td><span style=\"font-size: 20px;\">VTT<\/span><\/td><td><span style=\"font-size: 20px;\">50<\/span><\/td><td><span style=\"font-size: 20px;\">1430<\/span><\/td><td><span style=\"font-size: 20px;\">8<\/span><\/td><\/tr><tr><td>&nbsp;<\/td><td>&nbsp;<\/td><td>&nbsp;<\/td><td>&nbsp;<\/td><td>&nbsp;<\/td><\/tr><tr><td>&nbsp;<\/td><td>&nbsp;<\/td><td>&nbsp;<\/td><td>&nbsp;<\/td><td>&nbsp;<\/td><\/tr><tr><td>&nbsp;<\/td><td>&nbsp;<\/td><td>&nbsp;<\/td><td>&nbsp;<\/td><td>&nbsp;<\/td><\/tr><tr><td>&nbsp;<\/td><td>&nbsp;<\/td><td>&nbsp;<\/td><td>&nbsp;<\/td><td>&nbsp;<\/td><\/tr><tr><td>&nbsp;<\/td><td>&nbsp;<\/td><td>&nbsp;<\/td><td>&nbsp;<\/td><td>&nbsp;<\/td><\/tr><tr><td>&nbsp;<\/td><td>&nbsp;<\/td><td>&nbsp;<\/td><td>&nbsp;<\/td><td>&nbsp;<\/td><\/tr><tr><td>&nbsp;<\/td><td>&nbsp;<\/td><td>&nbsp;<\/td><td>&nbsp;<\/td><td>&nbsp;<\/td><\/tr><tr><td>&nbsp;<\/td><td>&nbsp;<\/td><td>&nbsp;<\/td><td>&nbsp;<\/td><td>&nbsp;<\/td><\/tr><\/tbody><\/table><\/figure>\n","protected":false},"excerpt":{"rendered":"<p>Dans le logiciel de cartographie OpenRunner, &nbsp;on trouve des parcours ayant un rapport plus ou moins lointain avec le Club des Cent Cols avec des&nbsp; identifiants tels que \u00ab&nbsp;100 cols&nbsp;\u00bb, \u00ab&nbsp;Cent Cols&nbsp;\u00bb et toutes les d\u00e9clinaisons imaginables. Ces parcours sont souvent d\u00e9pourvus de la moindre description, n\u2019ont aucune homog\u00e9n\u00e9it\u00e9 entre eux et peuvent m\u00eame conduire [&hellip;]<\/p>\n","protected":false},"author":397,"featured_media":0,"parent":0,"menu_order":0,"comment_status":"closed","ping_status":"closed","template":"","meta":{"_acf_changed":false,"ub_ctt_via":"","_monsterinsights_skip_tracking":false,"_monsterinsights_sitenote_active":false,"_monsterinsights_sitenote_note":"","_monsterinsights_sitenote_category":0,"footnotes":""},"acf":[],"featured_image_urls":{"full":"","thumbnail":"","medium":"","medium_large":"","large":"","1536x1536":"","2048x2048":"","woocommerce_thumbnail":"","woocommerce_single":"","woocommerce_gallery_thumbnail":""},"post_excerpt_stackable":"<p>Dans le logiciel de cartographie OpenRunner, &nbsp;on trouve des parcours ayant un rapport plus ou moins lointain avec le Club des Cent Cols avec des&nbsp; identifiants tels que \u00ab&nbsp;100 cols&nbsp;\u00bb, \u00ab&nbsp;Cent Cols&nbsp;\u00bb et toutes les d\u00e9clinaisons imaginables. Ces parcours sont souvent d\u00e9pourvus de la moindre description, n\u2019ont aucune homog\u00e9n\u00e9it\u00e9 entre eux et peuvent m\u00eame conduire parfois \u00e0 des situations dangereuses. Ce qui est pr\u00e9judiciable \u00e0 l\u2019image du club si on fait l\u2019amalgame. Nous avons donc d\u00e9cid\u00e9 de constituer une liste officielle de parcours du Club des Cent Cols offrant tout \u00e0 la fois une garantie d\u2019int\u00e9r\u00eats cyclistes, colistiques, touristiques et\u2026<\/p>\n","category_list":"","author_info":{"name":"Denis Chouquet-Stringer","url":"https:\/\/centcols.org\/backup\/author\/6183\/"},"comments_num":"0 commentaire","featured_image_urls_v2":{"full":"","thumbnail":"","medium":"","medium_large":"","large":"","1536x1536":"","2048x2048":"","woocommerce_thumbnail":"","woocommerce_single":"","woocommerce_gallery_thumbnail":""},"post_excerpt_stackable_v2":"<p>Dans le logiciel de cartographie OpenRunner, &nbsp;on trouve des parcours ayant un rapport plus ou moins lointain avec le Club des Cent Cols avec des&nbsp; identifiants tels que \u00ab&nbsp;100 cols&nbsp;\u00bb, \u00ab&nbsp;Cent Cols&nbsp;\u00bb et toutes les d\u00e9clinaisons imaginables. Ces parcours sont souvent d\u00e9pourvus de la moindre description, n\u2019ont aucune homog\u00e9n\u00e9it\u00e9 entre eux et peuvent m\u00eame conduire parfois \u00e0 des situations dangereuses. Ce qui est pr\u00e9judiciable \u00e0 l\u2019image du club si on fait l\u2019amalgame. Nous avons donc d\u00e9cid\u00e9 de constituer une liste officielle de parcours du Club des Cent Cols offrant tout \u00e0 la fois une garantie d\u2019int\u00e9r\u00eats cyclistes, colistiques, touristiques et\u2026<\/p>\n","category_list_v2":"","author_info_v2":{"name":"Denis Chouquet-Stringer","url":"https:\/\/centcols.org\/backup\/author\/6183\/"},"comments_num_v2":"0 commentaire","featured_image_src":null,"_links":{"self":[{"href":"https:\/\/centcols.org\/backup\/wp-json\/wp\/v2\/pages\/71256"}],"collection":[{"href":"https:\/\/centcols.org\/backup\/wp-json\/wp\/v2\/pages"}],"about":[{"href":"https:\/\/centcols.org\/backup\/wp-json\/wp\/v2\/types\/page"}],"author":[{"embeddable":true,"href":"https:\/\/centcols.org\/backup\/wp-json\/wp\/v2\/users\/397"}],"replies":[{"embeddable":true,"href":"https:\/\/centcols.org\/backup\/wp-json\/wp\/v2\/comments?post=71256"}],"version-history":[{"count":0,"href":"https:\/\/centcols.org\/backup\/wp-json\/wp\/v2\/pages\/71256\/revisions"}],"wp:attachment":[{"href":"https:\/\/centcols.org\/backup\/wp-json\/wp\/v2\/media?parent=71256"}],"curies":[{"name":"wp","href":"https:\/\/api.w.org\/{rel}","templated":true}]}}