{"id":71282,"date":"2023-02-26T19:05:47","date_gmt":"2023-02-26T18:05:47","guid":{"rendered":"https:\/\/centcols.org\/backup\/?page_id=71282"},"modified":"2023-02-26T19:05:48","modified_gmt":"2023-02-26T18:05:48","slug":"openrunner-et-le-club-des-cent-cols","status":"publish","type":"page","link":"https:\/\/centcols.org\/backup\/openrunner-et-le-club-des-cent-cols\/","title":{"rendered":"OpenRunner et le Club des Cent Cols"},"content":{"rendered":"\n<p class=\"has-medium-font-size\">OpenRunner a \u00e9t\u00e9 cr\u00e9\u00e9e en 2006 \u00e0 Annecy. Evoluant dans le domaine informatique, elle a con\u00e7u une plateforme de gestion de parcours qui permet de tracer des parcours multi-activit\u00e9s sur les fonds de cartes ad\u00e9quats, puis de les suivre sur son t\u00e9l\u00e9phone via l&#8217;application mobile qu\u2019elle a d\u00e9velopp\u00e9e, ou sur son GPS.<\/p>\n\n\n\n<p class=\"has-medium-font-size\">OpenRunner et le Club des Cent Cols ont toujours entretenu de bonnes relations bas\u00e9es sur leurs expertises respectives, l\u2019informatique et la cartographie pour Openrunner, le cyclisme en montagne et le g\u00e9o-positionnement exhaustif des cols des pays du monde entier pour le Club des Cent Cols<\/p>\n\n\n\n<p class=\"has-medium-font-size\">En 2015, les 2 entit\u00e9s ont souhait\u00e9 formaliser leur collaboration et ont sign\u00e9 un premier accord de partenariat.<\/p>\n\n\n\n<p class=\"has-medium-font-size\">4 ans plus tard, ce partenariat a \u00e9t\u00e9 renouvel\u00e9 et approfondi dans un nouvel accord. En r\u00e9sum\u00e9,<\/p>\n\n\n\n<ul>\n<li><span style=\"font-size: 20px;\">le Club des Cent Cols met \u00e0 disposition d\u2019OpenRunner sa base de donn\u00e9es des cols du monde entier, base qu\u2019il tient r\u00e9guli\u00e8rement \u00e0 jour<\/span><br \/><br \/><\/li>\n<li><span style=\"font-size: 20px;\">OpenRunner, de son c\u00f4t\u00e9,<\/span>\n<ul>\n<li><span style=\"font-size: 20px;\">fait la promotion sur son site des activit\u00e9s du club relatives au v\u00e9lo en montagne.<\/span><\/li>\n<\/ul>\n<ul>\n<li><span style=\"font-size: 20px;\">Organise pour sa client\u00e8le le suivi des cols franchis \u00e0 v\u00e9lo permettant, quand le seuil de 100 cols est atteint (dont 5 cols \u00e0 une altitude &gt;= 2.000 m), l\u2019adh\u00e9sion au Club des Cent Cols. Ainsi, OpenRunner est devenu le vecteur d\u2019adh\u00e9sion au Club des Cent Cols le plus performant.<\/span><\/li>\n<\/ul>\n<\/li>\n<\/ul>\n\n\n\n<p class=\"has-medium-font-size\">Le partenariat et les fonctionnalit\u00e9s d\u2019OpenRunner sont d\u00e9taill\u00e9s et expliqu\u00e9s dans le document suivant&nbsp;:<\/p>\n\n\n\n<figure class=\"wp-block-embed is-type-wp-embed is-provider-club-des-cent-cols wp-block-embed-club-des-cent-cols\"><div class=\"wp-block-embed__wrapper\">\n<blockquote class=\"wp-embedded-content\" data-secret=\"hgm9ShVnaN\"><a href=\"https:\/\/centcols.org\/backup\/le-partenariat-club-des-cent-cols-openrunner\/\">Le partenariat Club des Cent Cols \u2013 OpenRunner<\/a><\/blockquote><iframe class=\"wp-embedded-content\" sandbox=\"allow-scripts\" security=\"restricted\" style=\"position: absolute; clip: rect(1px, 1px, 1px, 1px);\" title=\"\u00ab\u00a0Le partenariat Club des Cent Cols \u2013 OpenRunner\u00a0\u00bb &#8212; Club des Cent Cols\" src=\"https:\/\/centcols.org\/backup\/le-partenariat-club-des-cent-cols-openrunner\/embed\/#?secret=KktUpTqqof#?secret=hgm9ShVnaN\" data-secret=\"hgm9ShVnaN\" width=\"500\" height=\"282\" frameborder=\"0\" marginwidth=\"0\" marginheight=\"0\" scrolling=\"no\"><\/iframe>\n<\/div><\/figure>\n\n\n\n<p class=\"has-medium-font-size\">Le mode d\u2019emploi pour g\u00e9rer et enregistrer ses cols gravis&nbsp;dans son propre espace personnel dans OpenRunner&nbsp;est ici<\/p>\n\n\n\n<figure class=\"wp-block-embed is-type-wp-embed is-provider-club-des-cent-cols wp-block-embed-club-des-cent-cols\"><div class=\"wp-block-embed__wrapper\">\n<blockquote class=\"wp-embedded-content\" data-secret=\"bAzJWxKNjj\"><a href=\"https:\/\/centcols.org\/backup\/openrunner-lenregistrement-des-cols\/\">Openrunner : l&#8217;enregistrement des cols<\/a><\/blockquote><iframe class=\"wp-embedded-content\" sandbox=\"allow-scripts\" security=\"restricted\" style=\"position: absolute; clip: rect(1px, 1px, 1px, 1px);\" title=\"\u00ab\u00a0Openrunner : l&#8217;enregistrement des cols\u00a0\u00bb &#8212; Club des Cent Cols\" src=\"https:\/\/centcols.org\/backup\/openrunner-lenregistrement-des-cols\/embed\/#?secret=Spui9k1YLt#?secret=bAzJWxKNjj\" data-secret=\"bAzJWxKNjj\" width=\"500\" height=\"282\" frameborder=\"0\" marginwidth=\"0\" marginheight=\"0\" scrolling=\"no\"><\/iframe>\n<\/div><\/figure>\n\n\n\n<p class=\"has-medium-font-size\">Le site d\u2019OpenRunner&nbsp;: <a href=\"https:\/\/www.openrunner.com\/\">https:\/\/www.openrunner.com\/<\/a><\/p>\n","protected":false},"excerpt":{"rendered":"<p>OpenRunner a \u00e9t\u00e9 cr\u00e9\u00e9e en 2006 \u00e0 Annecy. Evoluant dans le domaine informatique, elle a con\u00e7u une plateforme de gestion de parcours qui permet de tracer des parcours multi-activit\u00e9s sur les fonds de cartes ad\u00e9quats, puis de les suivre sur son t\u00e9l\u00e9phone via l&#8217;application mobile qu\u2019elle a d\u00e9velopp\u00e9e, ou sur son GPS. OpenRunner et le [&hellip;]<\/p>\n","protected":false},"author":586,"featured_media":0,"parent":0,"menu_order":0,"comment_status":"closed","ping_status":"closed","template":"","meta":{"_acf_changed":false,"ub_ctt_via":"","_monsterinsights_skip_tracking":false,"_monsterinsights_sitenote_active":false,"_monsterinsights_sitenote_note":"","_monsterinsights_sitenote_category":0,"footnotes":""},"acf":[],"featured_image_urls":{"full":"","thumbnail":"","medium":"","medium_large":"","large":"","1536x1536":"","2048x2048":"","woocommerce_thumbnail":"","woocommerce_single":"","woocommerce_gallery_thumbnail":""},"post_excerpt_stackable":"<p>OpenRunner a \u00e9t\u00e9 cr\u00e9\u00e9e en 2006 \u00e0 Annecy. Evoluant dans le domaine informatique, elle a con\u00e7u une plateforme de gestion de parcours qui permet de tracer des parcours multi-activit\u00e9s sur les fonds de cartes ad\u00e9quats, puis de les suivre sur son t\u00e9l\u00e9phone via l&#8217;application mobile qu\u2019elle a d\u00e9velopp\u00e9e, ou sur son GPS. OpenRunner et le Club des Cent Cols ont toujours entretenu de bonnes relations bas\u00e9es sur leurs expertises respectives, l\u2019informatique et la cartographie pour Openrunner, le cyclisme en montagne et le g\u00e9o-positionnement exhaustif des cols des pays du monde entier pour le Club des Cent Cols En 2015, les\u2026<\/p>\n","category_list":"","author_info":{"name":"Bernard Giraudeau","url":"https:\/\/centcols.org\/backup\/author\/3872\/"},"comments_num":"0 commentaire","featured_image_urls_v2":{"full":"","thumbnail":"","medium":"","medium_large":"","large":"","1536x1536":"","2048x2048":"","woocommerce_thumbnail":"","woocommerce_single":"","woocommerce_gallery_thumbnail":""},"post_excerpt_stackable_v2":"<p>OpenRunner a \u00e9t\u00e9 cr\u00e9\u00e9e en 2006 \u00e0 Annecy. Evoluant dans le domaine informatique, elle a con\u00e7u une plateforme de gestion de parcours qui permet de tracer des parcours multi-activit\u00e9s sur les fonds de cartes ad\u00e9quats, puis de les suivre sur son t\u00e9l\u00e9phone via l&#8217;application mobile qu\u2019elle a d\u00e9velopp\u00e9e, ou sur son GPS. OpenRunner et le Club des Cent Cols ont toujours entretenu de bonnes relations bas\u00e9es sur leurs expertises respectives, l\u2019informatique et la cartographie pour Openrunner, le cyclisme en montagne et le g\u00e9o-positionnement exhaustif des cols des pays du monde entier pour le Club des Cent Cols En 2015, les\u2026<\/p>\n","category_list_v2":"","author_info_v2":{"name":"Bernard Giraudeau","url":"https:\/\/centcols.org\/backup\/author\/3872\/"},"comments_num_v2":"0 commentaire","featured_image_src":null,"_links":{"self":[{"href":"https:\/\/centcols.org\/backup\/wp-json\/wp\/v2\/pages\/71282"}],"collection":[{"href":"https:\/\/centcols.org\/backup\/wp-json\/wp\/v2\/pages"}],"about":[{"href":"https:\/\/centcols.org\/backup\/wp-json\/wp\/v2\/types\/page"}],"author":[{"embeddable":true,"href":"https:\/\/centcols.org\/backup\/wp-json\/wp\/v2\/users\/586"}],"replies":[{"embeddable":true,"href":"https:\/\/centcols.org\/backup\/wp-json\/wp\/v2\/comments?post=71282"}],"version-history":[{"count":0,"href":"https:\/\/centcols.org\/backup\/wp-json\/wp\/v2\/pages\/71282\/revisions"}],"wp:attachment":[{"href":"https:\/\/centcols.org\/backup\/wp-json\/wp\/v2\/media?parent=71282"}],"curies":[{"name":"wp","href":"https:\/\/api.w.org\/{rel}","templated":true}]}}