{"id":72150,"date":"2023-04-30T18:51:52","date_gmt":"2023-04-30T16:51:52","guid":{"rendered":"https:\/\/centcols.org\/backup\/les-licences-ffct-au-club-des-cent-cols\/"},"modified":"2023-04-30T20:27:35","modified_gmt":"2023-04-30T18:27:35","slug":"les-licences-ffct-au-club-des-cent-cols","status":"publish","type":"page","link":"https:\/\/centcols.org\/backup\/les-licences-ffct-au-club-des-cent-cols\/","title":{"rendered":"Les licences FFCT au Club des Cent Cols"},"content":{"rendered":"\n<p class=\"has-medium-font-size\"><span style=\"font-size: 20px;\">Le Club des Cent Cols FFCT compte \u00e0 ce jour, 1<sup>er<\/sup> mai 2023, 116 licenci\u00e9s.<\/span><\/p>\n\n\n\n<p><span style=\"font-size: 20px;\">La comparaison du nombre de licenci\u00e9s entre 2017 et 2023 montre<\/span><\/p>\n<ul>\n<li><span style=\"font-size: 20px;\">une r\u00e9gression entre les ann\u00e9es 2017 et 2020,<\/span><\/li>\n<li><span style=\"font-size: 20px;\">puis, une inversion de la courbe en 2021 et ensuite une progression constante aujourd&#8217;hui pour atteindre 28 nouveaux licenci\u00e9s au club dont 7 nouveaux membres du club et nouveaux licenci\u00e9s \u00e0 la FFCT<\/span><\/li>\n<\/ul>\n\n\n\n<div class=\"wp-block-image\"><figure class=\"aligncenter size-large\"><img loading=\"lazy\" decoding=\"async\" width=\"593\" height=\"355\" src=\"https:\/\/centcols.org\/backup\/wp-content\/uploads\/2023\/04\/FFCT-Adherents.png\" alt=\"\" class=\"wp-image-72144\" srcset=\"https:\/\/centcols.org\/backup\/wp-content\/uploads\/2023\/04\/FFCT-Adherents.png 593w, https:\/\/centcols.org\/backup\/wp-content\/uploads\/2023\/04\/FFCT-Adherents-500x299.png 500w\" sizes=\"(max-width: 593px) 100vw, 593px\" \/><\/figure><\/div>\n\n\n\n<p><span style=\"font-size: 20px;\">La politique du Club des Cent Cols en ce domaine n\u2019a jamais \u00e9t\u00e9 de chercher \u00e0 d\u00e9baucher des membres ayant un club local pour obtenir plus de licences FFCT. Mais plut\u00f4t de<\/span><\/p>\n<ul>\n<li><span style=\"font-size: 20px;\">d\u00e9baucher des membres CCC inscrits en tant que membres individuels \u00e0 la FFCT<\/span><\/li>\n<li><span style=\"font-size: 20px;\">convaincre des membres non licenci\u00e9s FFCT de le devenir<\/span><\/li>\n<\/ul>\n\n\n\n<p><span style=\"font-size: 20px;\">C&#8217;est Herv\u00e9 Reti\u00e8re, secr\u00e9taire du Club des Cent Cols qui met en \u0153uvre cette politique \u00e0 base de relation \u00e9troite avec les membres et qui nous explique sa m\u00e9thode :<\/span><\/p>\n<ul>\n<li><span style=\"font-size: 20px;\">&#8220;Pour le transfert de licenci\u00e9s \u00ab\u00a0Membres individuels\u00a0\u00bb de la FFCT vers le Club des Cent Cols, je les ai contact\u00e9s individuellement<\/span><\/li>\n<li><span style=\"font-size: 20px;\">Certains membres m&#8217;ont demand\u00e9 un code r\u00e9duction OR alors que je constatais une absence d&#8217;appartenance \u00e0 un club sur leur fiche membre. J&#8217;en ai profit\u00e9 pour les contacter et les convaincre de se licencier au CCC avec des atouts majeurs (assurance, aspect s\u00e9curit\u00e9, prix de la licence, convivialit\u00e9 du club et aussi le combat pour conserver le troph\u00e9e Challenge de France acquis en 2022).<\/span><\/li>\n<li><span style=\"font-size: 20px;\">D&#8217;autres membres appartenaient \u00e0 un club qui s&#8217;est \u00e9teint en 2023 (non-r\u00e9affiliation du club) sont venus nous rejoindre.<\/span><\/li>\n<li><span style=\"font-size: 20px;\">Enfin, j&#8217;ai rencontr\u00e9 des membres \u00e0 Loud\u00e9ac lors du pot organis\u00e9 \u00e0 la Semaine F\u00e9d\u00e9rale, et sur les parcours. Bien souvent ils ne savaient pas qu&#8217;il y avait un club FFCT au sein de notre Confr\u00e9rie (principe\u00a0du bouche \u00e0 oreille !!!).\u00a0<\/span><\/li>\n<\/ul>\n<p><span style=\"font-size: 20px;\">Au final, le renouvellement des licenci\u00e9s 2022 a \u00e9t\u00e9 ainsi r\u00e9alis\u00e9 en enregistrant une progression de presque 30 affiliations malgr\u00e9 une perte de 5 membres (2 pour raison d&#8217;\u00e2ge, 2 pour organisation SF et une personne qui a rejoint un club local).&#8221;<\/span><\/p>\n<p>\u00a0<\/p>\n<p>&#8220;<\/p>\n","protected":false},"excerpt":{"rendered":"<p>Le Club des Cent Cols FFCT compte \u00e0 ce jour, 1er mai 2023, 116 licenci\u00e9s. La comparaison du nombre de licenci\u00e9s entre 2017 et 2023 montre une r\u00e9gression entre les ann\u00e9es 2017 et 2020, puis, une inversion de la courbe en 2021 et ensuite une progression constante aujourd&#8217;hui pour atteindre 28 nouveaux licenci\u00e9s au club [&hellip;]<\/p>\n","protected":false},"author":397,"featured_media":0,"parent":0,"menu_order":0,"comment_status":"closed","ping_status":"closed","template":"","meta":{"_acf_changed":false,"ub_ctt_via":"","_monsterinsights_skip_tracking":false,"_monsterinsights_sitenote_active":false,"_monsterinsights_sitenote_note":"","_monsterinsights_sitenote_category":0,"footnotes":""},"acf":[],"featured_image_urls":{"full":"","thumbnail":"","medium":"","medium_large":"","large":"","1536x1536":"","2048x2048":"","woocommerce_thumbnail":"","woocommerce_single":"","woocommerce_gallery_thumbnail":""},"post_excerpt_stackable":"<p>Le Club des Cent Cols FFCT compte \u00e0 ce jour, 1er mai 2023, 116 licenci\u00e9s. La comparaison du nombre de licenci\u00e9s entre 2017 et 2023 montre une r\u00e9gression entre les ann\u00e9es 2017 et 2020, puis, une inversion de la courbe en 2021 et ensuite une progression constante aujourd&#8217;hui pour atteindre 28 nouveaux licenci\u00e9s au club dont 7 nouveaux membres du club et nouveaux licenci\u00e9s \u00e0 la FFCT La politique du Club des Cent Cols en ce domaine n\u2019a jamais \u00e9t\u00e9 de chercher \u00e0 d\u00e9baucher des membres ayant un club local pour obtenir plus de licences FFCT. Mais plut\u00f4t de d\u00e9baucher\u2026<\/p>\n","category_list":"","author_info":{"name":"Denis Chouquet-Stringer","url":"https:\/\/centcols.org\/backup\/author\/6183\/"},"comments_num":"0 commentaire","featured_image_urls_v2":{"full":"","thumbnail":"","medium":"","medium_large":"","large":"","1536x1536":"","2048x2048":"","woocommerce_thumbnail":"","woocommerce_single":"","woocommerce_gallery_thumbnail":""},"post_excerpt_stackable_v2":"<p>Le Club des Cent Cols FFCT compte \u00e0 ce jour, 1er mai 2023, 116 licenci\u00e9s. La comparaison du nombre de licenci\u00e9s entre 2017 et 2023 montre une r\u00e9gression entre les ann\u00e9es 2017 et 2020, puis, une inversion de la courbe en 2021 et ensuite une progression constante aujourd&#8217;hui pour atteindre 28 nouveaux licenci\u00e9s au club dont 7 nouveaux membres du club et nouveaux licenci\u00e9s \u00e0 la FFCT La politique du Club des Cent Cols en ce domaine n\u2019a jamais \u00e9t\u00e9 de chercher \u00e0 d\u00e9baucher des membres ayant un club local pour obtenir plus de licences FFCT. Mais plut\u00f4t de d\u00e9baucher\u2026<\/p>\n","category_list_v2":"","author_info_v2":{"name":"Denis Chouquet-Stringer","url":"https:\/\/centcols.org\/backup\/author\/6183\/"},"comments_num_v2":"0 commentaire","featured_image_src":null,"_links":{"self":[{"href":"https:\/\/centcols.org\/backup\/wp-json\/wp\/v2\/pages\/72150"}],"collection":[{"href":"https:\/\/centcols.org\/backup\/wp-json\/wp\/v2\/pages"}],"about":[{"href":"https:\/\/centcols.org\/backup\/wp-json\/wp\/v2\/types\/page"}],"author":[{"embeddable":true,"href":"https:\/\/centcols.org\/backup\/wp-json\/wp\/v2\/users\/397"}],"replies":[{"embeddable":true,"href":"https:\/\/centcols.org\/backup\/wp-json\/wp\/v2\/comments?post=72150"}],"version-history":[{"count":0,"href":"https:\/\/centcols.org\/backup\/wp-json\/wp\/v2\/pages\/72150\/revisions"}],"wp:attachment":[{"href":"https:\/\/centcols.org\/backup\/wp-json\/wp\/v2\/media?parent=72150"}],"curies":[{"name":"wp","href":"https:\/\/api.w.org\/{rel}","templated":true}]}}