{"id":76272,"date":"2023-08-10T11:57:37","date_gmt":"2023-08-10T09:57:37","guid":{"rendered":"https:\/\/centcols.org\/backup\/?page_id=76272"},"modified":"2023-10-09T16:54:53","modified_gmt":"2023-10-09T14:54:53","slug":"comment-faire-2","status":"publish","type":"page","link":"https:\/\/centcols.org\/backup\/comment-faire-2\/","title":{"rendered":"Comment faire ?"},"content":{"rendered":"\n<h2>Nous Rejoindre !<\/h2>\n<p><span style=\"font-size: 12pt;\">Vous partagez notre passion pour la montagne, vous aimez franchir des cols\u00a0! \u00a0C\u2019est la vocation de notre confr\u00e9rie\u00a0!\u00a0 Nous accueillons chaleureusement les nouveaux membres, de tous \u00e2ges, de toutes nationalit\u00e9s, de tous niveaux et de toutes disciplines du cyclisme.\u00a0\u00a0 Alors, venez nous rejoindre !<\/span><\/p>\n<p><span style=\"font-size: 12pt;\">O\u00f9 en \u00eates-vous\u00a0?<\/span><\/p>\n<p><span style=\"font-size: 12pt;\">1\u00b0) Vous avez grimp\u00e9 un minimum de 100 cols <strong>diff\u00e9rents<\/strong> dont au moins 5 \u00e0 plus de 2000 m, f\u00e9licitations ! Vous \u00eates pr\u00eat \u00e0 nous rejoindre en remplissant votre bulletin d\u2019adh\u00e9sion.<\/span><\/p>\n<p><em><span style=\"color: #000000;\"><strong>Attention :\u00a0<\/strong><strong>Un col ne peut \u00eatre comptabilis\u00e9 &#8221;qu&#8217;une seule fois&#8221; (<span style=\"color: #0000ff;\">voir <a href=\"https:\/\/centcols.org\/backup\/regle-du-jeu\/\" target=\"_blank\" rel=\"noopener\">r\u00e8gle du jeu, article 1<\/a><\/span>)<\/strong><\/span><\/em><\/p>\n<p><span style=\"font-size: 12pt;\">Faites, dans un fichier excel ou calc, votre liste des cols, si possible avec leurs altitudes, et la zone administrative (exemples : comt\u00e9 britannique, canton suisse, d\u00e9partement fran\u00e7ais,\u00a0 province italienne o\u00f9 espagnole) o\u00f9 ils sont situ\u00e9s. Pour plus de facilit\u00e9, vous pouvez pour cela vous r\u00e9f\u00e9rer solutions propos\u00e9es au \u00a73.<\/span><\/p>\n<p><span style=\"font-size: 12pt;\">Puis suivez ce lien\u00a0: <a href=\"https:\/\/centcols.org\/backup\/formulaire-inscription\/\"><strong><u>formulaire d\u2019adh\u00e9sion\u00a0 <\/u><\/strong><\/a><\/span><\/p>\n<p><span style=\"font-size: 12pt;\">2\u00b0) Vous n\u2019avez pas encore atteint 100 cols, ne d\u00e9sesp\u00e9rez pas ! Pers\u00e9v\u00e9rez ! Nous sommes l\u00e0 pour vous aider !<\/span><\/p>\n<ul>\n<li><span style=\"font-size: 12pt;\">Vous pouvez nous envoyer une pr\u00e9-liste des cols que vous avez grimp\u00e9s, et nous la v\u00e9rifierons.<\/span><\/li>\n<\/ul>\n<ul>\n<li><span style=\"font-size: 12pt;\">Vous pouvez participer et vous inscrire aux : Rencontres r\u00e9gionales, <a href=\"https:\/\/centcols.org\/backup\/categorie\/randonnees-permanentes\/\" target=\"_blank\" rel=\"noopener noreferrer\">randonn\u00e9es permanentes<\/a> , brevets et\u00a0 challenges, propos\u00e9s par le Club des Cent Cols et qui \u00a0sont ouverts aux non membres. Vous pouvez \u00e9galement contacter le D\u00e9l\u00e9gu\u00e9 Territorial de votre r\u00e9gion: page <a href=\"https:\/\/centcols.org\/backup\/contact\/\"><strong><u>contact<\/u><\/strong><\/a>\u00a0du site. Il vous proposera un \u00ab Parrain \u00bb, proche de chez vous et membre du CCC qui vous aidera \u00e0 trouver et \u00e0 gravir des cols pour compl\u00e9ter votre liste.<\/span><\/li>\n<\/ul>\n<p><span style=\"font-size: 12pt;\">3\u00b0) Vous n\u2019\u00eates pas s\u00fbr que tous vos cols sont autoris\u00e9s par le Club ?Il y a plusieurs moyens de v\u00e9rifier votre liste, et de planifier vos prochains trajets.<\/span><\/p>\n<h3>Etablir votre liste \u00e0 partir de nos catalogues<\/h3>\n<p><span style=\"font-size: 12pt;\">Utilisez nos catalogues.<\/span><span style=\"font-size: 12pt;\"> Ils sont disponibles aux non-membres*, dans notre <strong><u><a href=\"https:\/\/centcols.org\/backup\/boutique\/\">boutique<\/a><br \/><\/u><\/strong><\/span><\/p>\n<table style=\"border-collapse: collapse; width: 100%;\">\n<tbody>\n<tr>\n<td style=\"width: 100%;\">\n<h3>Etablir votre liste avec Openrunner\u00a0 \u00a0 \u00a0 \u00a0 \u00a0 \u00a0 <span style=\"font-size: 12pt;\"><a href=\"https:\/\/www.openrunner.com\/\" target=\"_blank\" rel=\"noopener noreferrer\" data-wp-editing=\"1\"><img loading=\"lazy\" decoding=\"async\" class=\"alignnone wp-image-41430 size-full\" src=\"https:\/\/centcols.org\/backup\/wp-content\/uploads\/2020\/04\/logo-openrunner.png\" alt=\"\" width=\"183\" height=\"44\" \/><\/a><\/span><\/h3>\n<p><strong>Tutoriel pour \u00e9tablir la premi\u00e8re liste de cols :<br \/><\/strong><br \/>Aller sur le site : <a href=\"https:\/\/www.openrunner.com\/\" target=\"_blank\" rel=\"noopener\">https:\/\/www.openrunner.com\/<\/a><br \/>Si vous n&#8217;avez pas de compte, choisir &#8221;s&#8217;inscrire&#8221; (au coin haut droit&#8221;) :<\/p>\n<p><img loading=\"lazy\" decoding=\"async\" class=\"alignnone size-full wp-image-76368\" src=\"https:\/\/centcols.org\/backup\/wp-content\/uploads\/2023\/08\/OR15.jpg\" alt=\"\" width=\"463\" height=\"62\" \/><\/p>\n<p>Une fois le compte cr\u00e9\u00e9, connectez-vous et pour avoir acc\u00e8s \u00e0 la localisation des cols sur la carte, cliquez sur le menu &#8220;planificateur d&#8217;itin\u00e9raires&#8221;<\/p>\n<p><img loading=\"lazy\" decoding=\"async\" class=\"alignnone size-medium wp-image-76276\" src=\"https:\/\/centcols.org\/backup\/wp-content\/uploads\/2023\/08\/OR1-500x38.jpg\" alt=\"\" width=\"500\" height=\"38\" srcset=\"https:\/\/centcols.org\/backup\/wp-content\/uploads\/2023\/08\/OR1-500x38.jpg 500w, https:\/\/centcols.org\/backup\/wp-content\/uploads\/2023\/08\/OR1-768x58.jpg 768w, https:\/\/centcols.org\/backup\/wp-content\/uploads\/2023\/08\/OR1-600x45.jpg 600w, https:\/\/centcols.org\/backup\/wp-content\/uploads\/2023\/08\/OR1.jpg 892w\" sizes=\"(max-width: 500px) 100vw, 500px\" \/><\/p>\n<p>puis choisissez l&#8217;option &#8221;Cr\u00e9er&#8221;, m\u00eame si vous n&#8217;avez pas l&#8217;intention de cr\u00e9er un\u00a0 itin\u00e9raire.<\/p>\n<p><img loading=\"lazy\" decoding=\"async\" class=\"alignnone size-medium wp-image-76282\" src=\"https:\/\/centcols.org\/backup\/wp-content\/uploads\/2023\/08\/OR2-500x179.jpg\" alt=\"\" width=\"500\" height=\"179\" srcset=\"https:\/\/centcols.org\/backup\/wp-content\/uploads\/2023\/08\/OR2-500x179.jpg 500w, https:\/\/centcols.org\/backup\/wp-content\/uploads\/2023\/08\/OR2-768x275.jpg 768w, https:\/\/centcols.org\/backup\/wp-content\/uploads\/2023\/08\/OR2-600x215.jpg 600w, https:\/\/centcols.org\/backup\/wp-content\/uploads\/2023\/08\/OR2.jpg 852w\" sizes=\"(max-width: 500px) 100vw, 500px\" \/><\/p>\n<p>Une carte appara\u00eet et sur la droite de la carte, en haut, vous trouvez une\u00a0ic\u00f4ne repr\u00e9sentant une montagne. En passant la souris dessus, une notification vous indique que l&#8217;ic\u00f4ne sert \u00e0 afficher les cols :<\/p>\n<p><img loading=\"lazy\" decoding=\"async\" class=\"alignnone size-full wp-image-76300\" src=\"https:\/\/centcols.org\/backup\/wp-content\/uploads\/2023\/08\/OR4-1.jpg\" alt=\"\" width=\"222\" height=\"151\" \/><\/p>\n<p>En cliquant sur l&#8217;ic\u00f4ne, vous obtenez un \u00e9cran \u00e0 4 choix :\u00a0<\/p>\n<p><img loading=\"lazy\" decoding=\"async\" class=\"alignnone size-full wp-image-76306\" src=\"https:\/\/centcols.org\/backup\/wp-content\/uploads\/2023\/08\/OR5.jpg\" alt=\"\" width=\"483\" height=\"371\" \/><\/p>\n<p>En validant cols routiers et cols muletiers, vous affichez sur la carte tous les cols reconnus par le Club des Cent Cols, les cols routiers avec un ic\u00f4ne noir, les cols muletiers avec un ic\u00f4ne rouge :\u00a0<\/p>\n<p><img loading=\"lazy\" decoding=\"async\" class=\"alignnone size-full wp-image-76312\" src=\"https:\/\/centcols.org\/backup\/wp-content\/uploads\/2023\/08\/OR6.jpg\" alt=\"\" width=\"280\" height=\"199\" \/><\/p>\n<p>En cliquant sur le col routier de cet exemple, ici le Pas du Pr\u00e9 Coquet, vous obtenuez une nouvelle notification :<\/p>\n<p><img loading=\"lazy\" decoding=\"async\" class=\"alignnone size-full wp-image-76318\" src=\"https:\/\/centcols.org\/backup\/wp-content\/uploads\/2023\/08\/OR7.jpg\" alt=\"\" width=\"383\" height=\"294\" \/><\/p>\n<p>Cliquez pour collectionner les cols, votre collection de vos cols peut commencer !<\/p>\n<p><img loading=\"lazy\" decoding=\"async\" class=\"alignnone size-full wp-image-76324\" src=\"https:\/\/centcols.org\/backup\/wp-content\/uploads\/2023\/08\/OR8.jpg\" alt=\"\" width=\"339\" height=\"281\" \/><\/p>\n<p>Si vous cliquez sur &#8220;col gravi&#8221;, le col se cerclera de vert :\u00a0<\/p>\n<p><img loading=\"lazy\" decoding=\"async\" class=\"alignnone size-full wp-image-76330\" src=\"https:\/\/centcols.org\/backup\/wp-content\/uploads\/2023\/08\/OR9.jpg\" alt=\"\" width=\"290\" height=\"185\" \/><\/p>\n<p>Ou de bleu si vous cliquez sur &#8220;col \u00e0 faire&#8221;<\/p>\n<p><img loading=\"lazy\" decoding=\"async\" class=\"alignnone size-full wp-image-76336\" src=\"https:\/\/centcols.org\/backup\/wp-content\/uploads\/2023\/08\/OR10.jpg\" alt=\"\" width=\"249\" height=\"195\" \/><\/p>\n<p>Vous comprenez maintenant l&#8217;utilit\u00e9 des 2 coches &#8220;afficher uniquement mes cols gravis&#8221; ou &#8220;afficher uniquement mes cols planifi\u00e9s&#8221; que vous aviez rencontr\u00e9es lors de l&#8217;ouverture de l&#8217;affichage des cols :<\/p>\n<p><img loading=\"lazy\" decoding=\"async\" class=\"alignnone size-full wp-image-76306\" src=\"https:\/\/centcols.org\/backup\/wp-content\/uploads\/2023\/08\/OR5.jpg\" alt=\"\" width=\"483\" height=\"371\" \/><\/p>\n<p>Une fois que vous avez ainsi coch\u00e9 tous vos cols gravis, rendez-vous dans votre espace (au coin haut droit de votre \u00e9cran) :\u00a0<\/p>\n<p><img loading=\"lazy\" decoding=\"async\" class=\"alignnone size-medium wp-image-76342\" src=\"https:\/\/centcols.org\/backup\/wp-content\/uploads\/2023\/08\/OR11-500x256.jpg\" alt=\"\" width=\"500\" height=\"256\" srcset=\"https:\/\/centcols.org\/backup\/wp-content\/uploads\/2023\/08\/OR11-500x256.jpg 500w, https:\/\/centcols.org\/backup\/wp-content\/uploads\/2023\/08\/OR11.jpg 543w\" sizes=\"(max-width: 500px) 100vw, 500px\" \/><\/p>\n<p>Le d\u00e9tail de votre espace figure alors \u00e0 gauche de l&#8217;\u00e9cran :\u00a0<\/p>\n<p><img loading=\"lazy\" decoding=\"async\" class=\"alignnone size-full wp-image-76348\" src=\"https:\/\/centcols.org\/backup\/wp-content\/uploads\/2023\/08\/OR12.jpg\" alt=\"\" width=\"282\" height=\"468\" \/><\/p>\n<p>Cliquez sur &#8220;club des cent cols&#8221;.\u00a0<\/p>\n<p>Si vous avez atteint l&#8217;objectif de 100 cols dont 5 sup\u00e9rieurs (ou \u00e9gaux) \u00e0 2000 m, il ne vous reste plus qu&#8217;\u00e0 cliquez sur &#8220;envoyer pour validation&#8221;<\/p>\n<p><img loading=\"lazy\" decoding=\"async\" class=\"alignnone size-medium wp-image-76354\" src=\"https:\/\/centcols.org\/backup\/wp-content\/uploads\/2023\/08\/OR13-500x157.jpg\" alt=\"\" width=\"500\" height=\"157\" srcset=\"https:\/\/centcols.org\/backup\/wp-content\/uploads\/2023\/08\/OR13-500x157.jpg 500w, https:\/\/centcols.org\/backup\/wp-content\/uploads\/2023\/08\/OR13-600x188.jpg 600w, https:\/\/centcols.org\/backup\/wp-content\/uploads\/2023\/08\/OR13.jpg 725w\" sizes=\"(max-width: 500px) 100vw, 500px\" \/><\/p>\n<p>Un fichier au format csv, compatible avec excel, open office ou libre office, est alors automatiquement cr\u00e9\u00e9. Enregistrez-le :<\/p>\n<p><img loading=\"lazy\" decoding=\"async\" class=\"alignnone size-full wp-image-76360\" src=\"https:\/\/centcols.org\/backup\/wp-content\/uploads\/2023\/08\/OR14.jpg\" alt=\"\" width=\"457\" height=\"260\" \/><\/p>\n<p>C&#8217;est ce fichier qu&#8217;il faudra envoyer avec votre demande d&#8217;inscription.<\/p>\n<\/td>\n<\/tr>\n<\/tbody>\n<\/table>\n<h3>Etablir votre liste avec Ccway<\/h3>\n<p><span style=\"font-size: 12pt;\">N\u00e9cessite l&#8217;utilisation de Google Earth ou autres logiciels de cartographie (basecamp, compegps, autres&#8230;)<em>\u00a0<\/em><\/span><\/p>\n<table style=\"border-collapse: collapse; width: 100%;\">\n<tbody>\n<tr>\n<td style=\"width: 100%;\"><em>Guide rapide :<\/em><em> sur le site du Club, les non-membres cliquent sur \u00ab Cols \u00bb, puis sur \u00ab CCway \u00bb. Sur la page carte, cliquez sur le drapeau du pays d\u00e9sir\u00e9, puis assurez-vous de choisir \u00ab s\u00e9lection cartographique \u00bb, le type de col eg \u00ab col routier \u00bb, et \u00ab KML \u00bb. Cliquez pour faire un polygone sur la carte autour de la r\u00e9gion que vous voulez. Cliquez ensuite sur le bouton avec la fl\u00e8che vers le bas, et les cols correspondants devraient appara\u00eetre sur Google Earth.<\/em><\/td>\n<\/tr>\n<\/tbody>\n<\/table>\n<p><span style=\"font-size: 12pt;\">N\u2019h\u00e9sitez pas \u00e0 contacter notre secr\u00e9taire aux adh\u00e9sions, Nadine Giraudeau : <a href=\"mailto:inscriptions@centcols.net\">inscriptions@centcols.net<\/a><\/span><\/p>\n<div id=\"finestramailtomailModalToPopup\" style=\"z-index: 1102;\">\n<div id=\"finestramailtomailContentPopup\">\n<div id=\"finestramailtotoModalPopup\">\u00a0<\/div>\n<\/div>\n<\/div>\n<div><img \/><\/div>\n<p>\u00a0<\/p>\n","protected":false},"excerpt":{"rendered":"<p>Nous Rejoindre ! Vous partagez notre passion pour la montagne, vous aimez franchir des cols\u00a0! \u00a0C\u2019est la vocation de notre confr\u00e9rie\u00a0!\u00a0 Nous accueillons chaleureusement les nouveaux membres, de tous \u00e2ges, de toutes nationalit\u00e9s, de tous niveaux et de toutes disciplines du cyclisme.\u00a0\u00a0 Alors, venez nous rejoindre ! O\u00f9 en \u00eates-vous\u00a0? 1\u00b0) Vous avez grimp\u00e9 un [&hellip;]<\/p>\n","protected":false},"author":397,"featured_media":0,"parent":0,"menu_order":0,"comment_status":"closed","ping_status":"closed","template":"","meta":{"_acf_changed":false,"ub_ctt_via":"","_monsterinsights_skip_tracking":false,"_monsterinsights_sitenote_active":false,"_monsterinsights_sitenote_note":"","_monsterinsights_sitenote_category":0,"footnotes":""},"acf":[],"featured_image_urls":{"full":"","thumbnail":"","medium":"","medium_large":"","large":"","1536x1536":"","2048x2048":"","woocommerce_thumbnail":"","woocommerce_single":"","woocommerce_gallery_thumbnail":""},"post_excerpt_stackable":"<p>Nous Rejoindre ! Vous partagez notre passion pour la montagne, vous aimez franchir des cols\u00a0! \u00a0C\u2019est la vocation de notre confr\u00e9rie\u00a0!\u00a0 Nous accueillons chaleureusement les nouveaux membres, de tous \u00e2ges, de toutes nationalit\u00e9s, de tous niveaux et de toutes disciplines du cyclisme.\u00a0\u00a0 Alors, venez nous rejoindre ! O\u00f9 en \u00eates-vous\u00a0? 1\u00b0) Vous avez grimp\u00e9 un minimum de 100 cols diff\u00e9rents dont au moins 5 \u00e0 plus de 2000 m, f\u00e9licitations ! Vous \u00eates pr\u00eat \u00e0 nous rejoindre en remplissant votre bulletin d\u2019adh\u00e9sion. Attention :\u00a0Un col ne peut \u00eatre comptabilis\u00e9 &#8221;qu&#8217;une seule fois&#8221; (voir r\u00e8gle du jeu, article 1) Faites, dans\u2026<\/p>\n","category_list":"","author_info":{"name":"Denis Chouquet-Stringer","url":"https:\/\/centcols.org\/backup\/author\/6183\/"},"comments_num":"0 commentaire","featured_image_urls_v2":{"full":"","thumbnail":"","medium":"","medium_large":"","large":"","1536x1536":"","2048x2048":"","woocommerce_thumbnail":"","woocommerce_single":"","woocommerce_gallery_thumbnail":""},"post_excerpt_stackable_v2":"<p>Nous Rejoindre ! Vous partagez notre passion pour la montagne, vous aimez franchir des cols\u00a0! \u00a0C\u2019est la vocation de notre confr\u00e9rie\u00a0!\u00a0 Nous accueillons chaleureusement les nouveaux membres, de tous \u00e2ges, de toutes nationalit\u00e9s, de tous niveaux et de toutes disciplines du cyclisme.\u00a0\u00a0 Alors, venez nous rejoindre ! O\u00f9 en \u00eates-vous\u00a0? 1\u00b0) Vous avez grimp\u00e9 un minimum de 100 cols diff\u00e9rents dont au moins 5 \u00e0 plus de 2000 m, f\u00e9licitations ! Vous \u00eates pr\u00eat \u00e0 nous rejoindre en remplissant votre bulletin d\u2019adh\u00e9sion. Attention :\u00a0Un col ne peut \u00eatre comptabilis\u00e9 &#8221;qu&#8217;une seule fois&#8221; (voir r\u00e8gle du jeu, article 1) Faites, dans\u2026<\/p>\n","category_list_v2":"","author_info_v2":{"name":"Denis Chouquet-Stringer","url":"https:\/\/centcols.org\/backup\/author\/6183\/"},"comments_num_v2":"0 commentaire","featured_image_src":null,"_links":{"self":[{"href":"https:\/\/centcols.org\/backup\/wp-json\/wp\/v2\/pages\/76272"}],"collection":[{"href":"https:\/\/centcols.org\/backup\/wp-json\/wp\/v2\/pages"}],"about":[{"href":"https:\/\/centcols.org\/backup\/wp-json\/wp\/v2\/types\/page"}],"author":[{"embeddable":true,"href":"https:\/\/centcols.org\/backup\/wp-json\/wp\/v2\/users\/397"}],"replies":[{"embeddable":true,"href":"https:\/\/centcols.org\/backup\/wp-json\/wp\/v2\/comments?post=76272"}],"version-history":[{"count":0,"href":"https:\/\/centcols.org\/backup\/wp-json\/wp\/v2\/pages\/76272\/revisions"}],"wp:attachment":[{"href":"https:\/\/centcols.org\/backup\/wp-json\/wp\/v2\/media?parent=76272"}],"curies":[{"name":"wp","href":"https:\/\/api.w.org\/{rel}","templated":true}]}}