{"id":76430,"date":"2023-08-13T11:39:17","date_gmt":"2023-08-13T09:39:17","guid":{"rendered":"https:\/\/centcols.org\/backup\/?page_id=76430"},"modified":"2023-08-15T14:55:57","modified_gmt":"2023-08-15T12:55:57","slug":"faciliter-saisie-cols","status":"publish","type":"page","link":"https:\/\/centcols.org\/backup\/faciliter-saisie-cols\/","title":{"rendered":"Faciliter la saisie des cols pour les futurs adh\u00e9rents"},"content":{"rendered":"\n<p class=\"has-medium-font-size\">Vous avez grimp\u00e9 des cols, et peut \u00eatre m\u00eame plus que vous le pensez car certains n&#8217;ont pas de panneau au sommet et vous avez pu les franchir \u00e0 votre insu.<\/p>\n\n\n\n<p class=\"has-medium-font-size\">Vous avez franchi au moins 100 cols, dont 5 d&#8217;altitude sup\u00e9rieure \u00e0 2000 m, ou allez bient\u00f4t le faire ? Il est temps de penser \u00e0 adh\u00e9rer au Club des Cent Cols !<\/p>\n\n\n\n<p class=\"has-medium-font-size\">Prenez connaissance de la <a href=\"https:\/\/centcols.org\/backup\/regle-du-jeu\/\">R\u00e8gle du jeu<\/a> pour \u00eatre s\u00fbr &#8220;d&#8217;\u00eatre dans les clous&#8221; ; vous y verrez, notamment, que vous n\u2019avez aucune preuve \u00e0 apporter pour les cols franchis, votre bonne foi suffit amplement.<\/p>\n\n\n\n<p class=\"has-medium-font-size\">C&#8217;est donc parti, il vous reste juste \u00e0 constituer votre liste de cols. Dans la rubrique <a href=\"https:\/\/centcols.org\/backup\/comment-faire-2\/\" target=\"_blank\" rel=\"noopener\" title=\"\">comment faire<\/a> du site du club, on vous explique comment dresser cette liste.<\/p>\n\n\n\n<p class=\"has-medium-font-size\">Vous avez \u00e0 votre disposition plusieurs outils pour trouver vos cols, oubli\u00e9s ou non, et les lister.<\/p>\n\n\n\n<h2 class=\"kt-adv-heading_7429b2-56 wp-block-kadence-advancedheading\" data-kb-block=\"kb-adv-heading_7429b2-56\">1 &#8211; Sur le site du club (et accessibles aux non-membres)<\/h2>\n\n\n\n<h2 class=\"kt-adv-heading_f68484-43 wp-block-kadence-advancedheading\" data-kb-block=\"kb-adv-heading_f68484-43\">11 &#8211; Par l&#8217;<a href=\"https:\/\/centcols.org\/backup\/util\/geo\/ccWay\/\" target=\"_blank\" rel=\"noopener\" title=\"\">application CCway<\/a><\/h2>\n\n\n\n<p class=\"has-medium-font-size\">Vous pouvez t\u00e9l\u00e9charger un maximum de 100 cols en donn\u00e9es GPX ou KLM (quand vous serez membre du club, le nombre de cols t\u00e9l\u00e9chargeables sera illimit\u00e9).<\/p>\n\n\n\n<p class=\"has-medium-font-size\">Le fichier obtenu, une fois ouvert sur un logiciel de cartographie ou sur Google Earth, vous permet de les rep\u00e9rer.<\/p>\n\n\n\n<p class=\"has-medium-font-size\">Par exemple&nbsp;: <\/p>\n\n\n\n<div class=\"wp-block-columns is-layout-flex wp-container-core-columns-is-layout-1 wp-block-columns-is-layout-flex\">\n<div class=\"wp-block-column is-layout-flow wp-block-column-is-layout-flow\" style=\"flex-basis:50%\">\n<div class=\"wp-block-image\"><figure class=\"aligncenter size-large is-resized\"><img loading=\"lazy\" decoding=\"async\" src=\"https:\/\/centcols.org\/backup\/wp-content\/uploads\/2023\/08\/Image1.jpg\" alt=\"\" class=\"wp-image-76431\" width=\"384\" height=\"278\"\/><figcaption><strong>Extrait de cols sur Google Earth<\/strong><\/figcaption><\/figure><\/div>\n<\/div>\n\n\n\n<div class=\"wp-block-column is-layout-flow wp-block-column-is-layout-flow\" style=\"flex-basis:50%\">\n<div class=\"wp-block-image\"><figure class=\"aligncenter size-large is-resized\"><img loading=\"lazy\" decoding=\"async\" src=\"https:\/\/centcols.org\/backup\/wp-content\/uploads\/2023\/08\/Image2.jpg\" alt=\"\" class=\"wp-image-76437\" width=\"309\" height=\"281\"\/><figcaption><strong>Extrait de cols sur World Base Map dans Land<\/strong><\/figcaption><\/figure><\/div>\n<\/div>\n<\/div>\n\n\n\n<p class=\"has-medium-font-size\">C&#8217;est pratique pour voir vos cols, mais insuffisant pour construire la liste car vous n&#8217;obtenez que le code du col&nbsp;!<\/p>\n\n\n\n<p>   <\/p>\n\n\n\n<h2 class=\"kt-adv-heading_ba36ca-41 wp-block-kadence-advancedheading\" data-kb-block=\"kb-adv-heading_ba36ca-41\">12 &#8211; Par l&#8217;<a href=\"https:\/\/centcols.org\/backup\/membres\/cols\/tracecols.php\" target=\"_blank\" rel=\"noopener\" title=\"\">application &#8220;cols sur trace&#8221;<\/a><\/h2>\n\n\n\n<p class=\"has-medium-font-size\">Si vous \u00eates en possession d\u2019une trace GPX, l\u2019application&nbsp;permet&nbsp;de retrouver tous vos cols franchis, et d&#8217;en faire la liste avec le code, le nom complet et l\u2019altitude (qui peut \u00eatre diff\u00e9rente de celle du code).<\/p>\n\n\n\n<figure class=\"wp-block-image size-large\"><img loading=\"lazy\" decoding=\"async\" width=\"445\" height=\"215\" src=\"https:\/\/centcols.org\/backup\/wp-content\/uploads\/2023\/08\/Image3.jpg\" alt=\"\" class=\"wp-image-76443\"\/><\/figure>\n\n\n\n<p class=\"has-medium-font-size\">A ce stade, vous avez tout ce qu&#8217;il faut pour constituer votre liste d&#8217;adh\u00e9sion.<\/p>\n\n\n\n<p class=\"has-medium-font-size\">Accessoirement, l&#8217;application vous permet aussi d&#8217;importer le nom et le code des cols se trouvant sur la trace pour les visualiser sur un logiciel de cartographie, par exemple ici Land avec un fond de carte World Base Map :<\/p>\n\n\n\n<figure class=\"wp-block-image size-large\"><img loading=\"lazy\" decoding=\"async\" width=\"1012\" height=\"493\" src=\"https:\/\/centcols.org\/backup\/wp-content\/uploads\/2023\/08\/Image4.jpg\" alt=\"\" class=\"wp-image-76449\" srcset=\"https:\/\/centcols.org\/backup\/wp-content\/uploads\/2023\/08\/Image4.jpg 1012w, https:\/\/centcols.org\/backup\/wp-content\/uploads\/2023\/08\/Image4-500x244.jpg 500w, https:\/\/centcols.org\/backup\/wp-content\/uploads\/2023\/08\/Image4-768x374.jpg 768w, https:\/\/centcols.org\/backup\/wp-content\/uploads\/2023\/08\/Image4-600x292.jpg 600w\" sizes=\"(max-width: 1012px) 100vw, 1012px\" \/><\/figure>\n\n\n\n<h2 class=\"kt-adv-heading_1baa8c-dc wp-block-kadence-advancedheading\" data-kb-block=\"kb-adv-heading_1baa8c-dc\">2 &#8211; Gr\u00e2ce \u00e0 <a href=\"https:\/\/www.openrunner.com\/\" target=\"_blank\" rel=\"noopener\" title=\"\">OpenRunner<\/a><\/h2>\n\n\n\n<div class=\"wp-block-columns is-layout-flex wp-container-core-columns-is-layout-2 wp-block-columns-is-layout-flex\">\n<div class=\"wp-block-column is-layout-flow wp-block-column-is-layout-flow\" style=\"flex-basis:33.33%\">\n<div class=\"wp-block-image\"><figure class=\"aligncenter size-large is-resized\"><img loading=\"lazy\" decoding=\"async\" src=\"https:\/\/centcols.org\/backup\/wp-content\/uploads\/2023\/01\/OR-4.jpg\" alt=\"\" width=\"115\" height=\"113\"\/><\/figure><\/div>\n<\/div>\n\n\n\n<div class=\"wp-block-column is-layout-flow wp-block-column-is-layout-flow\" style=\"flex-basis:66.66%\">\n<p class=\"has-text-align-left has-medium-font-size\">est un site de cartographie et de gestion d&#8217;itin\u00e9raires, <br>partenaire du Club des Cent Cols<\/p>\n<\/div>\n<\/div>\n\n\n\n<p class=\"has-medium-font-size\">Sur le site du Club des Cent Cols, aller sur NOUS REJOINDRE puis COMMENT FAIRE : <a href=\"https:\/\/centcols.org\/backup\/comment-faire-2\/\">https:\/\/centcols.org\/backup\/comment-faire<\/a><\/p>\n\n\n\n<p class=\"has-medium-font-size\">L\u00e0, suivez le tutoriel ETABLIR SA LISTE AVEC OPENRUNNER.<\/p>\n\n\n\n<p class=\"has-medium-font-size\">Col par col, vous pourrez rep\u00e9rer les cols franchis et constituerez alors votre liste de cols.<\/p>\n\n\n\n<p class=\"has-medium-font-size\">Et ce sera beaucoup plus facile et rapide \u00e0 faire si vous utilisez la trace gpx obtenue par l&#8217;appli &#8220;cols sur traces&#8221; (cf plus haut \u00a7 1-1) : tous les cols seront rep\u00e9r\u00e9s sur votre trace.<\/p>\n\n\n\n<h2 class=\"kt-adv-heading_6b5bf7-26 wp-block-kadence-advancedheading\" data-kb-block=\"kb-adv-heading_6b5bf7-26\">3 &#8211; Gr\u00e2ce \u00e0 <a href=\"https:\/\/veloenfrance.fr\/defis\/cent-cols\" target=\"_blank\" rel=\"noopener\" title=\"\">VeloenFrance<\/a><\/h2>\n\n\n\n<div class=\"wp-block-columns is-layout-flex wp-container-core-columns-is-layout-3 wp-block-columns-is-layout-flex\">\n<div class=\"wp-block-column is-layout-flow wp-block-column-is-layout-flow\" style=\"flex-basis:33.33%\">\n<div class=\"wp-block-image\"><figure class=\"alignright size-large is-resized\"><img loading=\"lazy\" decoding=\"async\" src=\"https:\/\/centcols.org\/backup\/le-partenariat-club-des-cent-cols-federation-francaise-de-cyclotourisme\/image2-3-2\/\" alt=\"\" width=\"241\" height=\"67\"\/><\/figure><\/div>\n<\/div>\n\n\n\n<div class=\"wp-block-column is-layout-flow wp-block-column-is-layout-flow\" style=\"flex-basis:66.66%\">\n<p class=\"has-medium-font-size\">Veloenfrance est un site de la F\u00e9d\u00e9ration Fran\u00e7aise de Cyclotourisme<\/p>\n<\/div>\n<\/div>\n\n\n\n<p class=\"has-medium-font-size\">Si vous \u00eates un habitu\u00e9 de ce site internet,<\/p>\n\n\n\n<ul>\n<li><span style=\"font-size: 20px; font-family: arial, helvetica, sans-serif;\">en cliquant sur le logo du club positionn\u00e9 sur chaque col, vous obtenez le nom du col, son altitude et sa cat\u00e9gorie ;<\/span><\/li>\n<li><span style=\"font-size: 20px; font-family: arial, helvetica, sans-serif;\">un second clic et vous voil\u00e0 \u00e0 notre &#8220;visualiseur&#8221;\u00a0du col ; il compl\u00e8te l&#8217;information (code, cartes, photos, documents)\u00a0<\/span><\/li>\n<\/ul>\n\n\n\n<p class=\"has-medium-font-size\">Seule limite, veloenfrance ne propose que les cols routiers et les muletiers cyclables (dit R1 et S1 dans notre jargon) d&#8217;une dizaine de pays europ\u00e9ens.<\/p>\n\n\n\n<div class=\"wp-block-image\"><figure class=\"aligncenter size-large is-resized\"><img loading=\"lazy\" decoding=\"async\" src=\"https:\/\/centcols.org\/backup\/wp-content\/uploads\/2023\/08\/Image5.jpg\" alt=\"\" class=\"wp-image-76455\" width=\"612\" height=\"394\"\/><\/figure><\/div>\n\n\n\n<h2 class=\"kt-adv-heading_ffd271-c0 wp-block-kadence-advancedheading\" data-kb-block=\"kb-adv-heading_ffd271-c0\">4 &#8211; Une derni\u00e8re question ?<\/h2>\n\n\n\n<p class=\"has-medium-font-size\">Savez-vous, par exemple, o\u00f9 se trouve &#8220;Foce di Travo&#8221;, ou le &#8221; Col de la Berg\u00e8re&#8221; ou le &#8220;Col de l&#8217;Aire dei Masco&#8221; ou d\u2019autres cols tout autant confidentiels ?<\/p>\n\n\n\n<p class=\"has-medium-font-size\">Non ? Nous, c&#8217;est pareil aussi assez souvent, nos \u00e9quipes ont rep\u00e9r\u00e9 plus de 100.000 cols dans le monde, en ont valid\u00e9 presque autant et on ne les connait pas par coeur.<\/p>\n\n\n\n<p class=\"has-medium-font-size\">Alors, prenez le nom complet du col que vous cherchez, ajoutez <a href=\"http:\/\/centcols.net\" target=\"_blank\" rel=\"noreferrer noopener\">centcols.net<\/a>,&nbsp;dans une requ\u00eate d&#8217;un moteur de recherche tel Google ou Qwant. Par exemple sur Qwant :<\/p>\n\n\n\n<div class=\"wp-block-image\"><figure class=\"aligncenter size-large\"><img loading=\"lazy\" decoding=\"async\" width=\"698\" height=\"239\" src=\"https:\/\/centcols.org\/backup\/wp-content\/uploads\/2023\/08\/Image6.jpg\" alt=\"\" class=\"wp-image-76461\" srcset=\"https:\/\/centcols.org\/backup\/wp-content\/uploads\/2023\/08\/Image6.jpg 698w, https:\/\/centcols.org\/backup\/wp-content\/uploads\/2023\/08\/Image6-500x171.jpg 500w, https:\/\/centcols.org\/backup\/wp-content\/uploads\/2023\/08\/Image6-600x205.jpg 600w\" sizes=\"(max-width: 698px) 100vw, 698px\" \/><\/figure><\/div>\n\n\n\n<p class=\"has-medium-font-size\">Il y a alors de grandes chances que ce moteur de recherche vous trouve le col que vous cherchez et vous donne tous les renseignements, plus des photos, voire m\u00eame le lien vers notre visualiseur de cols : <\/p>\n\n\n\n<p class=\"has-text-align-center has-medium-font-size\"><a href=\"https:\/\/centcols.org\/backup\/util\/geo\/visu.php?code=FR-2A-0050\">https:\/\/centcols.org\/backup\/util\/geo\/visu.php?code=FR-2A-0050<\/a><\/p>\n\n\n\n<p class=\"has-medium-font-size\">Ce lien vous ouvrira la page de notre visualiseur : <\/p>\n\n\n\n<div class=\"wp-block-image\"><figure class=\"aligncenter size-large\"><img loading=\"lazy\" decoding=\"async\" width=\"817\" height=\"652\" src=\"https:\/\/centcols.org\/backup\/wp-content\/uploads\/2023\/08\/Capture-decran-2023-08-13-113348.jpg\" alt=\"\" class=\"wp-image-76467\" srcset=\"https:\/\/centcols.org\/backup\/wp-content\/uploads\/2023\/08\/Capture-decran-2023-08-13-113348.jpg 817w, https:\/\/centcols.org\/backup\/wp-content\/uploads\/2023\/08\/Capture-decran-2023-08-13-113348-500x399.jpg 500w, https:\/\/centcols.org\/backup\/wp-content\/uploads\/2023\/08\/Capture-decran-2023-08-13-113348-768x613.jpg 768w, https:\/\/centcols.org\/backup\/wp-content\/uploads\/2023\/08\/Capture-decran-2023-08-13-113348-600x479.jpg 600w\" sizes=\"(max-width: 817px) 100vw, 817px\" \/><\/figure><\/div>\n\n\n\n<p class=\"has-medium-font-size\">Si, malgr\u00e9 toutes ces explications, vous n&#8217;y arrivez pas, inutile de paniquer. Contacter la vice-pr\u00e9sidente, Nadine Giraudeau, \u00e0 <a href=\"mailto:inscriptions@centcols.net\" target=\"_blank\" rel=\"noopener\" title=\"\"><strong>inscriptions@centcols.net<\/strong><\/a>. C&#8217;est elle qui a en charge les inscriptions des nouveaux membres, et elle se fera un plaisir de vous aider.<\/p>\n","protected":false},"excerpt":{"rendered":"<p>Vous avez grimp\u00e9 des cols, et peut \u00eatre m\u00eame plus que vous le pensez car certains n&#8217;ont pas de panneau au sommet et vous avez pu les franchir \u00e0 votre insu. Vous avez franchi au moins 100 cols, dont 5 d&#8217;altitude sup\u00e9rieure \u00e0 2000 m, ou allez bient\u00f4t le faire ? Il est temps de [&hellip;]<\/p>\n","protected":false},"author":397,"featured_media":0,"parent":0,"menu_order":0,"comment_status":"closed","ping_status":"closed","template":"","meta":{"_acf_changed":false,"ub_ctt_via":"","_monsterinsights_skip_tracking":false,"_monsterinsights_sitenote_active":false,"_monsterinsights_sitenote_note":"","_monsterinsights_sitenote_category":0,"footnotes":""},"acf":[],"featured_image_urls":{"full":"","thumbnail":"","medium":"","medium_large":"","large":"","1536x1536":"","2048x2048":"","woocommerce_thumbnail":"","woocommerce_single":"","woocommerce_gallery_thumbnail":""},"post_excerpt_stackable":"<p>Vous avez grimp\u00e9 des cols, et peut \u00eatre m\u00eame plus que vous le pensez car certains n&#8217;ont pas de panneau au sommet et vous avez pu les franchir \u00e0 votre insu. Vous avez franchi au moins 100 cols, dont 5 d&#8217;altitude sup\u00e9rieure \u00e0 2000 m, ou allez bient\u00f4t le faire ? Il est temps de penser \u00e0 adh\u00e9rer au Club des Cent Cols ! Prenez connaissance de la R\u00e8gle du jeu pour \u00eatre s\u00fbr &#8220;d&#8217;\u00eatre dans les clous&#8221; ; vous y verrez, notamment, que vous n\u2019avez aucune preuve \u00e0 apporter pour les cols franchis, votre bonne foi suffit amplement. C&#8217;est\u2026<\/p>\n","category_list":"","author_info":{"name":"Denis Chouquet-Stringer","url":"https:\/\/centcols.org\/backup\/author\/6183\/"},"comments_num":"0 commentaire","featured_image_urls_v2":{"full":"","thumbnail":"","medium":"","medium_large":"","large":"","1536x1536":"","2048x2048":"","woocommerce_thumbnail":"","woocommerce_single":"","woocommerce_gallery_thumbnail":""},"post_excerpt_stackable_v2":"<p>Vous avez grimp\u00e9 des cols, et peut \u00eatre m\u00eame plus que vous le pensez car certains n&#8217;ont pas de panneau au sommet et vous avez pu les franchir \u00e0 votre insu. Vous avez franchi au moins 100 cols, dont 5 d&#8217;altitude sup\u00e9rieure \u00e0 2000 m, ou allez bient\u00f4t le faire ? Il est temps de penser \u00e0 adh\u00e9rer au Club des Cent Cols ! Prenez connaissance de la R\u00e8gle du jeu pour \u00eatre s\u00fbr &#8220;d&#8217;\u00eatre dans les clous&#8221; ; vous y verrez, notamment, que vous n\u2019avez aucune preuve \u00e0 apporter pour les cols franchis, votre bonne foi suffit amplement. C&#8217;est\u2026<\/p>\n","category_list_v2":"","author_info_v2":{"name":"Denis Chouquet-Stringer","url":"https:\/\/centcols.org\/backup\/author\/6183\/"},"comments_num_v2":"0 commentaire","featured_image_src":null,"_links":{"self":[{"href":"https:\/\/centcols.org\/backup\/wp-json\/wp\/v2\/pages\/76430"}],"collection":[{"href":"https:\/\/centcols.org\/backup\/wp-json\/wp\/v2\/pages"}],"about":[{"href":"https:\/\/centcols.org\/backup\/wp-json\/wp\/v2\/types\/page"}],"author":[{"embeddable":true,"href":"https:\/\/centcols.org\/backup\/wp-json\/wp\/v2\/users\/397"}],"replies":[{"embeddable":true,"href":"https:\/\/centcols.org\/backup\/wp-json\/wp\/v2\/comments?post=76430"}],"version-history":[{"count":0,"href":"https:\/\/centcols.org\/backup\/wp-json\/wp\/v2\/pages\/76430\/revisions"}],"wp:attachment":[{"href":"https:\/\/centcols.org\/backup\/wp-json\/wp\/v2\/media?parent=76430"}],"curies":[{"name":"wp","href":"https:\/\/api.w.org\/{rel}","templated":true}]}}