{"id":76532,"date":"2023-08-15T18:35:08","date_gmt":"2023-08-15T16:35:08","guid":{"rendered":"https:\/\/centcols.org\/backup\/?page_id=76532"},"modified":"2023-08-15T18:37:43","modified_gmt":"2023-08-15T16:37:43","slug":"recherche-info","status":"publish","type":"page","link":"https:\/\/centcols.org\/backup\/recherche-info\/","title":{"rendered":"La recherche d&#8217;une info sur le site internet du club"},"content":{"rendered":"\n<p class=\"has-medium-font-size\">Prenons un exemple : chacun a en t\u00eate l&#8217;appel lanc\u00e9&nbsp;pour les photos de membres destin\u00e9es \u00e0 animer le haut de page du site en tant que photo bandeau. Depuis presque 100 photos ont d\u00e9fil\u00e9 sur le site.<\/p>\n\n\n\n<p class=\"has-medium-font-size\">Certains, d&#8217;ailleurs, regrettent que nous n&#8217;ayons pas mis de l\u00e9gendes sur les photos, avec le lieu, l&#8217;auteur etc\u2026 En fait, on y a bien pens\u00e9, mais on n&#8217;avait pas la place tellement le bandeau est \u00e9troit, limit\u00e9 en plus vers le haut par une bande noire progressive cr\u00e9\u00e9e pour rendre lisible les menus du site ; on ne pouvait pas non plus la mettre verticale car il aurait fallu la positionner en plein milieu de la photo pour \u00eatre visible sur les portables.<\/p>\n\n\n\n<p class=\"has-medium-font-size\">On a donc imagin\u00e9 une page sp\u00e9ciale r\u00e9capitulant toutes les photos bandeau publi\u00e9es. Mais cette page, elle est o\u00f9 ? Et d&#8217;ailleurs, elle s&#8217;appelle comment ?<\/p>\n\n\n\n<p class=\"has-medium-font-size\">Vous pouvez vous dire que, s&#8217;il y a eu une publication, forc\u00e9ment La Gazette en a parl\u00e9. C&#8217;est vrai, mais comment la retrouver, il y a (d\u00e9j\u00e0 !) plus de 100 publications dans cette gazette.<\/p>\n\n\n\n<p class=\"has-medium-font-size\">Vous \u00eates donc contraint de faire une recherche sur le site. Oui, mais comment ? C&#8217;est facile : tout en haut du site, dans la bande verte, il y a un bouton de recherche :<\/p>\n\n\n\n<div class=\"wp-block-image\"><figure class=\"aligncenter size-large\"><img loading=\"lazy\" decoding=\"async\" width=\"605\" height=\"60\" src=\"https:\/\/centcols.org\/backup\/wp-content\/uploads\/2023\/08\/Image1.png\" alt=\"\" class=\"wp-image-76502\" srcset=\"https:\/\/centcols.org\/backup\/wp-content\/uploads\/2023\/08\/Image1.png 605w, https:\/\/centcols.org\/backup\/wp-content\/uploads\/2023\/08\/Image1-500x50.png 500w, https:\/\/centcols.org\/backup\/wp-content\/uploads\/2023\/08\/Image1-600x60.png 600w\" sizes=\"(max-width: 605px) 100vw, 605px\" \/><\/figure><\/div>\n\n\n\n<p class=\"has-medium-font-size\">Vous l&#8217;avez d\u00e9j\u00e0 utilis\u00e9 ? Non ? C&#8217;est le moment de le faire.<\/p>\n\n\n\n<p class=\"has-medium-font-size\">Cliquez sur la loupe, tapez &#8220;bandeau&#8221; dans la barre de recherche et cliquez sur le bouton gris de recherches :<\/p>\n\n\n\n<div class=\"wp-block-image\"><figure class=\"aligncenter size-large\"><img loading=\"lazy\" decoding=\"async\" width=\"230\" height=\"57\" src=\"https:\/\/centcols.org\/backup\/wp-content\/uploads\/2023\/08\/Image2.png\" alt=\"\" class=\"wp-image-76508\"\/><\/figure><\/div>\n\n\n\n<p class=\"has-medium-font-size\">C&#8217;est le moteur de recherche de Google qui est \u00e0 la man\u0153uvre, il va chercher sur le site propre du CCC. Il donne ainsi une vingtaine de r\u00e9sultats, en commen\u00e7ant par 3 ou 4 pubs (il faut bien vivre). Vous les sautez et tombez sur :<\/p>\n\n\n\n<div class=\"wp-block-image\"><figure class=\"aligncenter size-large\"><img loading=\"lazy\" decoding=\"async\" width=\"465\" height=\"97\" src=\"https:\/\/centcols.org\/backup\/wp-content\/uploads\/2023\/08\/Image3.png\" alt=\"\" class=\"wp-image-76514\"\/><\/figure><\/div>\n\n\n\n<p class=\"has-medium-font-size\">Mince, apparemment c&#8217;est en anglais. Ce n&#8217;est pas grave, cliquez quand m\u00eame sur le lien. Sans surprise, vous tombez donc sur une page en anglais :<\/p>\n\n\n\n<div class=\"wp-block-image\"><figure class=\"aligncenter size-large\"><img loading=\"lazy\" decoding=\"async\" width=\"420\" height=\"276\" src=\"https:\/\/centcols.org\/backup\/wp-content\/uploads\/2023\/08\/Image4.png\" alt=\"\" class=\"wp-image-76520\"\/><\/figure><\/div>\n\n\n\n<p class=\"has-medium-font-size\">Sans m\u00eame essayer de traduire quelques phrases dans la page, vous voyez tout en haut, plut\u00f4t discret, le petit drapeau fran\u00e7ais ? Cliquez dessus pour obtenir :<\/p>\n\n\n\n<div class=\"wp-block-image\"><figure class=\"aligncenter size-large\"><img loading=\"lazy\" decoding=\"async\" width=\"419\" height=\"277\" src=\"https:\/\/centcols.org\/backup\/wp-content\/uploads\/2023\/08\/Image5.png\" alt=\"\" class=\"wp-image-76526\"\/><\/figure><\/div>\n\n\n\n<p class=\"has-medium-font-size\">Voil\u00e0, c&#8217;est la page que vous cherchez.<\/p>\n\n\n\n<p class=\"has-medium-font-size\">Au passage, vous remarquez que le bandeau se renouvelle r\u00e9guli\u00e8rement. Avec quelques-unes de vos photos, ce serait pas mal aussi : il ne vous reste plus qu&#8217;\u00e0 v\u00e9rifier vos photos et \u00e0 les envoyer \u00e0 <a href=\"mailto:photo-bandeau@centcols.net\">photo-bandeau@centcols.net<\/a><\/p>\n","protected":false},"excerpt":{"rendered":"<p>Prenons un exemple : chacun a en t\u00eate l&#8217;appel lanc\u00e9&nbsp;pour les photos de membres destin\u00e9es \u00e0 animer le haut de page du site en tant que photo bandeau. Depuis presque 100 photos ont d\u00e9fil\u00e9 sur le site. Certains, d&#8217;ailleurs, regrettent que nous n&#8217;ayons pas mis de l\u00e9gendes sur les photos, avec le lieu, l&#8217;auteur etc\u2026 [&hellip;]<\/p>\n","protected":false},"author":397,"featured_media":0,"parent":0,"menu_order":0,"comment_status":"closed","ping_status":"closed","template":"","meta":{"_acf_changed":false,"ub_ctt_via":"","_monsterinsights_skip_tracking":false,"_monsterinsights_sitenote_active":false,"_monsterinsights_sitenote_note":"","_monsterinsights_sitenote_category":0,"footnotes":""},"acf":[],"featured_image_urls":{"full":"","thumbnail":"","medium":"","medium_large":"","large":"","1536x1536":"","2048x2048":"","woocommerce_thumbnail":"","woocommerce_single":"","woocommerce_gallery_thumbnail":""},"post_excerpt_stackable":"<p>Prenons un exemple : chacun a en t\u00eate l&#8217;appel lanc\u00e9&nbsp;pour les photos de membres destin\u00e9es \u00e0 animer le haut de page du site en tant que photo bandeau. Depuis presque 100 photos ont d\u00e9fil\u00e9 sur le site. Certains, d&#8217;ailleurs, regrettent que nous n&#8217;ayons pas mis de l\u00e9gendes sur les photos, avec le lieu, l&#8217;auteur etc\u2026 En fait, on y a bien pens\u00e9, mais on n&#8217;avait pas la place tellement le bandeau est \u00e9troit, limit\u00e9 en plus vers le haut par une bande noire progressive cr\u00e9\u00e9e pour rendre lisible les menus du site ; on ne pouvait pas non plus la\u2026<\/p>\n","category_list":"","author_info":{"name":"Denis Chouquet-Stringer","url":"https:\/\/centcols.org\/backup\/author\/6183\/"},"comments_num":"0 commentaire","featured_image_urls_v2":{"full":"","thumbnail":"","medium":"","medium_large":"","large":"","1536x1536":"","2048x2048":"","woocommerce_thumbnail":"","woocommerce_single":"","woocommerce_gallery_thumbnail":""},"post_excerpt_stackable_v2":"<p>Prenons un exemple : chacun a en t\u00eate l&#8217;appel lanc\u00e9&nbsp;pour les photos de membres destin\u00e9es \u00e0 animer le haut de page du site en tant que photo bandeau. Depuis presque 100 photos ont d\u00e9fil\u00e9 sur le site. Certains, d&#8217;ailleurs, regrettent que nous n&#8217;ayons pas mis de l\u00e9gendes sur les photos, avec le lieu, l&#8217;auteur etc\u2026 En fait, on y a bien pens\u00e9, mais on n&#8217;avait pas la place tellement le bandeau est \u00e9troit, limit\u00e9 en plus vers le haut par une bande noire progressive cr\u00e9\u00e9e pour rendre lisible les menus du site ; on ne pouvait pas non plus la\u2026<\/p>\n","category_list_v2":"","author_info_v2":{"name":"Denis Chouquet-Stringer","url":"https:\/\/centcols.org\/backup\/author\/6183\/"},"comments_num_v2":"0 commentaire","featured_image_src":null,"_links":{"self":[{"href":"https:\/\/centcols.org\/backup\/wp-json\/wp\/v2\/pages\/76532"}],"collection":[{"href":"https:\/\/centcols.org\/backup\/wp-json\/wp\/v2\/pages"}],"about":[{"href":"https:\/\/centcols.org\/backup\/wp-json\/wp\/v2\/types\/page"}],"author":[{"embeddable":true,"href":"https:\/\/centcols.org\/backup\/wp-json\/wp\/v2\/users\/397"}],"replies":[{"embeddable":true,"href":"https:\/\/centcols.org\/backup\/wp-json\/wp\/v2\/comments?post=76532"}],"version-history":[{"count":0,"href":"https:\/\/centcols.org\/backup\/wp-json\/wp\/v2\/pages\/76532\/revisions"}],"wp:attachment":[{"href":"https:\/\/centcols.org\/backup\/wp-json\/wp\/v2\/media?parent=76532"}],"curies":[{"name":"wp","href":"https:\/\/api.w.org\/{rel}","templated":true}]}}