{"id":22617,"date":"2015-11-16T17:26:02","date_gmt":"2015-11-16T16:26:02","guid":{"rendered":"http:\/\/centcols.org\/backup\/?post_type=product&#038;p=22617"},"modified":"2022-06-13T13:46:30","modified_gmt":"2022-06-13T11:46:30","slug":"maillot-sans-manches-ancien","status":"publish","type":"product","link":"https:\/\/centcols.org\/backup\/produit\/maillot-sans-manches-ancien\/","title":{"rendered":"Maillot sans manches (ancien)"},"content":{"rendered":"<blockquote><p>Attention les tailles des maillots sont tr\u00e8s ajust\u00e9es. Nous vous conseillons de commander la taille au-dessus de votre taille habituelle.<\/p><\/blockquote>\n","protected":false},"excerpt":{"rendered":"<p>Mati\u00e8re : IBISCO<\/p>\n<p>Bi-\u00e9lastiss et respirant, ouverture totale recouverte, 3 poches arri\u00e8res, col officier, bandes de c\u00f4t\u00e9s, \u00e9lastique silicone \u00e0 l&#8217;arri\u00e8re, bande lycra coup\u00e9e laser en bas de maillot.<\/p>\n<blockquote><p>&nbsp;<\/p><\/blockquote>\n","protected":false},"featured_media":22678,"comment_status":"closed","ping_status":"closed","template":"","meta":{"_acf_changed":false,"ub_ctt_via":"","_monsterinsights_skip_tracking":false,"_monsterinsights_sitenote_active":false,"_monsterinsights_sitenote_note":"","_monsterinsights_sitenote_category":0},"product_cat":[77],"product_tag":[],"acf":[],"featured_image_urls":{"full":["https:\/\/centcols.org\/backup\/wp-content\/uploads\/2015\/11\/maillot-sans-manches.jpg",746,553,false],"thumbnail":["https:\/\/centcols.org\/backup\/wp-content\/uploads\/2015\/11\/maillot-sans-manches-300x300.jpg",300,300,true],"medium":["https:\/\/centcols.org\/backup\/wp-content\/uploads\/2015\/11\/maillot-sans-manches-500x371.jpg",500,371,true],"medium_large":["https:\/\/centcols.org\/backup\/wp-content\/uploads\/2015\/11\/maillot-sans-manches.jpg",746,553,false],"large":["https:\/\/centcols.org\/backup\/wp-content\/uploads\/2015\/11\/maillot-sans-manches.jpg",746,553,false],"1536x1536":["https:\/\/centcols.org\/backup\/wp-content\/uploads\/2015\/11\/maillot-sans-manches.jpg",746,553,false],"2048x2048":["https:\/\/centcols.org\/backup\/wp-content\/uploads\/2015\/11\/maillot-sans-manches.jpg",746,553,false],"woocommerce_thumbnail":["https:\/\/centcols.org\/backup\/wp-content\/uploads\/2015\/11\/maillot-sans-manches-300x300.jpg",300,300,true],"woocommerce_single":["https:\/\/centcols.org\/backup\/wp-content\/uploads\/2015\/11\/maillot-sans-manches-600x445.jpg",600,445,true],"woocommerce_gallery_thumbnail":["https:\/\/centcols.org\/backup\/wp-content\/uploads\/2015\/11\/maillot-sans-manches-100x100.jpg",100,100,true]},"post_excerpt_stackable":"<p>Mati\u00e8re : IBISCO<\/p>\n<p>Bi-\u00e9lastiss et respirant, ouverture totale recouverte, 3 poches arri\u00e8res, col officier, bandes de c\u00f4t\u00e9s, \u00e9lastique silicone \u00e0 l&#8217;arri\u00e8re, bande lycra coup\u00e9e laser en bas de maillot.<\/p>\n<blockquote><p>&nbsp;<\/p><\/blockquote>\n","category_list":"","author_info":{"name":"","url":""},"comments_num":"0 commentaire","featured_image_urls_v2":{"full":["https:\/\/centcols.org\/backup\/wp-content\/uploads\/2015\/11\/maillot-sans-manches.jpg",746,553,false],"thumbnail":["https:\/\/centcols.org\/backup\/wp-content\/uploads\/2015\/11\/maillot-sans-manches-300x300.jpg",300,300,true],"medium":["https:\/\/centcols.org\/backup\/wp-content\/uploads\/2015\/11\/maillot-sans-manches-500x371.jpg",500,371,true],"medium_large":["https:\/\/centcols.org\/backup\/wp-content\/uploads\/2015\/11\/maillot-sans-manches.jpg",746,553,false],"large":["https:\/\/centcols.org\/backup\/wp-content\/uploads\/2015\/11\/maillot-sans-manches.jpg",746,553,false],"1536x1536":["https:\/\/centcols.org\/backup\/wp-content\/uploads\/2015\/11\/maillot-sans-manches.jpg",746,553,false],"2048x2048":["https:\/\/centcols.org\/backup\/wp-content\/uploads\/2015\/11\/maillot-sans-manches.jpg",746,553,false],"woocommerce_thumbnail":["https:\/\/centcols.org\/backup\/wp-content\/uploads\/2015\/11\/maillot-sans-manches-300x300.jpg",300,300,true],"woocommerce_single":["https:\/\/centcols.org\/backup\/wp-content\/uploads\/2015\/11\/maillot-sans-manches-600x445.jpg",600,445,true],"woocommerce_gallery_thumbnail":["https:\/\/centcols.org\/backup\/wp-content\/uploads\/2015\/11\/maillot-sans-manches-100x100.jpg",100,100,true]},"post_excerpt_stackable_v2":"<p>Mati\u00e8re : IBISCO<\/p>\n<p>Bi-\u00e9lastiss et respirant, ouverture totale recouverte, 3 poches arri\u00e8res, col officier, bandes de c\u00f4t\u00e9s, \u00e9lastique silicone \u00e0 l&#8217;arri\u00e8re, bande lycra coup\u00e9e laser en bas de maillot.<\/p>\n<blockquote><p>&nbsp;<\/p><\/blockquote>\n","category_list_v2":"","author_info_v2":{"name":"","url":""},"comments_num_v2":"0 commentaire","_links":{"self":[{"href":"https:\/\/centcols.org\/backup\/wp-json\/wp\/v2\/product\/22617"}],"collection":[{"href":"https:\/\/centcols.org\/backup\/wp-json\/wp\/v2\/product"}],"about":[{"href":"https:\/\/centcols.org\/backup\/wp-json\/wp\/v2\/types\/product"}],"replies":[{"embeddable":true,"href":"https:\/\/centcols.org\/backup\/wp-json\/wp\/v2\/comments?post=22617"}],"wp:featuredmedia":[{"embeddable":true,"href":"https:\/\/centcols.org\/backup\/wp-json\/wp\/v2\/media\/22678"}],"wp:attachment":[{"href":"https:\/\/centcols.org\/backup\/wp-json\/wp\/v2\/media?parent=22617"}],"wp:term":[{"taxonomy":"product_cat","embeddable":true,"href":"https:\/\/centcols.org\/backup\/wp-json\/wp\/v2\/product_cat?post=22617"},{"taxonomy":"product_tag","embeddable":true,"href":"https:\/\/centcols.org\/backup\/wp-json\/wp\/v2\/product_tag?post=22617"}],"curies":[{"name":"wp","href":"https:\/\/api.w.org\/{rel}","templated":true}]}}