{"id":22619,"date":"2015-11-16T17:27:01","date_gmt":"2015-11-16T16:27:01","guid":{"rendered":"http:\/\/centcols.org\/backup\/?post_type=product&#038;p=22619"},"modified":"2024-03-10T10:57:00","modified_gmt":"2024-03-10T09:57:00","slug":"maillot-manches-longues-ancien","status":"publish","type":"product","link":"https:\/\/centcols.org\/backup\/produit\/maillot-manches-longues-ancien\/","title":{"rendered":"Maillot \u00e0 manches longues (ancien)"},"content":{"rendered":"<blockquote><p>Attention les tailles des maillots sont tr\u00e8s ajust\u00e9es. Nous vous conseillons de commander la taille au-dessus de votre taille habituelle.<\/p><\/blockquote>\n","protected":false},"excerpt":{"rendered":"<p>Mati\u00e8re maillot : THERMOPILE lisse (int\u00e9rieur grat\u00e9), ouverture totale recouverte, 3 poches arri\u00e8res, col officier, bandes de c\u00f4t\u00e9s, \u00e9lastique silicone arri\u00e8re bas de corps pour que le maillot ne tourne pas.<\/p>\n<blockquote><p>&nbsp;<\/p><\/blockquote>\n","protected":false},"featured_media":23142,"comment_status":"closed","ping_status":"closed","template":"","meta":{"_acf_changed":false,"ub_ctt_via":"","_monsterinsights_skip_tracking":false,"_monsterinsights_sitenote_active":false,"_monsterinsights_sitenote_note":"","_monsterinsights_sitenote_category":0},"product_cat":[77],"product_tag":[],"acf":[],"featured_image_urls":{"full":["https:\/\/centcols.org\/backup\/wp-content\/uploads\/2015\/11\/image-6.jpg",800,800,false],"thumbnail":["https:\/\/centcols.org\/backup\/wp-content\/uploads\/2015\/11\/image-6-300x300.jpg",300,300,true],"medium":["https:\/\/centcols.org\/backup\/wp-content\/uploads\/2015\/11\/image-6-500x500.jpg",500,500,true],"medium_large":["https:\/\/centcols.org\/backup\/wp-content\/uploads\/2015\/11\/image-6.jpg",768,768,false],"large":["https:\/\/centcols.org\/backup\/wp-content\/uploads\/2015\/11\/image-6.jpg",800,800,false],"1536x1536":["https:\/\/centcols.org\/backup\/wp-content\/uploads\/2015\/11\/image-6.jpg",800,800,false],"2048x2048":["https:\/\/centcols.org\/backup\/wp-content\/uploads\/2015\/11\/image-6.jpg",800,800,false],"woocommerce_thumbnail":["https:\/\/centcols.org\/backup\/wp-content\/uploads\/2015\/11\/image-6-300x300.jpg",300,300,true],"woocommerce_single":["https:\/\/centcols.org\/backup\/wp-content\/uploads\/2015\/11\/image-6-600x600.jpg",600,600,true],"woocommerce_gallery_thumbnail":["https:\/\/centcols.org\/backup\/wp-content\/uploads\/2015\/11\/image-6-100x100.jpg",100,100,true]},"post_excerpt_stackable":"<p>Mati\u00e8re maillot : THERMOPILE lisse (int\u00e9rieur grat\u00e9), ouverture totale recouverte, 3 poches arri\u00e8res, col officier, bandes de c\u00f4t\u00e9s, \u00e9lastique silicone arri\u00e8re bas de corps pour que le maillot ne tourne pas.<\/p>\n<blockquote><p>&nbsp;<\/p><\/blockquote>\n","category_list":"","author_info":{"name":"","url":""},"comments_num":"0 commentaire","featured_image_urls_v2":{"full":["https:\/\/centcols.org\/backup\/wp-content\/uploads\/2015\/11\/image-6.jpg",800,800,false],"thumbnail":["https:\/\/centcols.org\/backup\/wp-content\/uploads\/2015\/11\/image-6-300x300.jpg",300,300,true],"medium":["https:\/\/centcols.org\/backup\/wp-content\/uploads\/2015\/11\/image-6-500x500.jpg",500,500,true],"medium_large":["https:\/\/centcols.org\/backup\/wp-content\/uploads\/2015\/11\/image-6.jpg",768,768,false],"large":["https:\/\/centcols.org\/backup\/wp-content\/uploads\/2015\/11\/image-6.jpg",800,800,false],"1536x1536":["https:\/\/centcols.org\/backup\/wp-content\/uploads\/2015\/11\/image-6.jpg",800,800,false],"2048x2048":["https:\/\/centcols.org\/backup\/wp-content\/uploads\/2015\/11\/image-6.jpg",800,800,false],"woocommerce_thumbnail":["https:\/\/centcols.org\/backup\/wp-content\/uploads\/2015\/11\/image-6-300x300.jpg",300,300,true],"woocommerce_single":["https:\/\/centcols.org\/backup\/wp-content\/uploads\/2015\/11\/image-6-600x600.jpg",600,600,true],"woocommerce_gallery_thumbnail":["https:\/\/centcols.org\/backup\/wp-content\/uploads\/2015\/11\/image-6-100x100.jpg",100,100,true]},"post_excerpt_stackable_v2":"<p>Mati\u00e8re maillot : THERMOPILE lisse (int\u00e9rieur grat\u00e9), ouverture totale recouverte, 3 poches arri\u00e8res, col officier, bandes de c\u00f4t\u00e9s, \u00e9lastique silicone arri\u00e8re bas de corps pour que le maillot ne tourne pas.<\/p>\n<blockquote><p>&nbsp;<\/p><\/blockquote>\n","category_list_v2":"","author_info_v2":{"name":"","url":""},"comments_num_v2":"0 commentaire","_links":{"self":[{"href":"https:\/\/centcols.org\/backup\/wp-json\/wp\/v2\/product\/22619"}],"collection":[{"href":"https:\/\/centcols.org\/backup\/wp-json\/wp\/v2\/product"}],"about":[{"href":"https:\/\/centcols.org\/backup\/wp-json\/wp\/v2\/types\/product"}],"replies":[{"embeddable":true,"href":"https:\/\/centcols.org\/backup\/wp-json\/wp\/v2\/comments?post=22619"}],"wp:featuredmedia":[{"embeddable":true,"href":"https:\/\/centcols.org\/backup\/wp-json\/wp\/v2\/media\/23142"}],"wp:attachment":[{"href":"https:\/\/centcols.org\/backup\/wp-json\/wp\/v2\/media?parent=22619"}],"wp:term":[{"taxonomy":"product_cat","embeddable":true,"href":"https:\/\/centcols.org\/backup\/wp-json\/wp\/v2\/product_cat?post=22619"},{"taxonomy":"product_tag","embeddable":true,"href":"https:\/\/centcols.org\/backup\/wp-json\/wp\/v2\/product_tag?post=22619"}],"curies":[{"name":"wp","href":"https:\/\/api.w.org\/{rel}","templated":true}]}}