{"id":22620,"date":"2015-11-16T17:27:11","date_gmt":"2015-11-16T16:27:11","guid":{"rendered":"http:\/\/centcols.org\/backup\/?post_type=product&#038;p=22620"},"modified":"2020-12-07T11:26:56","modified_gmt":"2020-12-07T10:26:56","slug":"veste-hiver-windtex","status":"publish","type":"product","link":"https:\/\/centcols.org\/backup\/produit\/veste-hiver-windtex\/","title":{"rendered":"Veste hiver WINDTEX"},"content":{"rendered":"","protected":false},"excerpt":{"rendered":"<p>Mati\u00e8re imperm\u00e9able et respirante, bandes de c\u00f4t\u00e9s et dessous de manches en Super Roubaix souple pour le confort, 4 poches arri\u00e8res dont 1 zipp\u00e9e lat\u00e9rale, ouverture totale avec rabat sous fermeture pour le froid, \u00e9lastique silicone bas de corps.<\/p>\n","protected":false},"featured_media":22696,"comment_status":"closed","ping_status":"closed","template":"","meta":{"_acf_changed":false,"ub_ctt_via":"","_monsterinsights_skip_tracking":false,"_monsterinsights_sitenote_active":false,"_monsterinsights_sitenote_note":"","_monsterinsights_sitenote_category":0},"product_cat":[77],"product_tag":[],"acf":[],"featured_image_urls":{"full":["https:\/\/centcols.org\/backup\/wp-content\/uploads\/2015\/11\/Image101.jpg",631,593,false],"thumbnail":["https:\/\/centcols.org\/backup\/wp-content\/uploads\/2015\/11\/Image101-300x300.jpg",300,300,true],"medium":["https:\/\/centcols.org\/backup\/wp-content\/uploads\/2015\/11\/Image101-500x470.jpg",500,470,true],"medium_large":["https:\/\/centcols.org\/backup\/wp-content\/uploads\/2015\/11\/Image101.jpg",631,593,false],"large":["https:\/\/centcols.org\/backup\/wp-content\/uploads\/2015\/11\/Image101.jpg",631,593,false],"1536x1536":["https:\/\/centcols.org\/backup\/wp-content\/uploads\/2015\/11\/Image101.jpg",631,593,false],"2048x2048":["https:\/\/centcols.org\/backup\/wp-content\/uploads\/2015\/11\/Image101.jpg",631,593,false],"woocommerce_thumbnail":["https:\/\/centcols.org\/backup\/wp-content\/uploads\/2015\/11\/Image101-300x300.jpg",300,300,true],"woocommerce_single":["https:\/\/centcols.org\/backup\/wp-content\/uploads\/2015\/11\/Image101-600x564.jpg",600,564,true],"woocommerce_gallery_thumbnail":["https:\/\/centcols.org\/backup\/wp-content\/uploads\/2015\/11\/Image101-100x100.jpg",100,100,true]},"post_excerpt_stackable":"<p>Mati\u00e8re imperm\u00e9able et respirante, bandes de c\u00f4t\u00e9s et dessous de manches en Super Roubaix souple pour le confort, 4 poches arri\u00e8res dont 1 zipp\u00e9e lat\u00e9rale, ouverture totale avec rabat sous fermeture pour le froid, \u00e9lastique silicone bas de corps.<\/p>\n","category_list":"","author_info":{"name":"","url":""},"comments_num":"0 commentaire","featured_image_urls_v2":{"full":["https:\/\/centcols.org\/backup\/wp-content\/uploads\/2015\/11\/Image101.jpg",631,593,false],"thumbnail":["https:\/\/centcols.org\/backup\/wp-content\/uploads\/2015\/11\/Image101-300x300.jpg",300,300,true],"medium":["https:\/\/centcols.org\/backup\/wp-content\/uploads\/2015\/11\/Image101-500x470.jpg",500,470,true],"medium_large":["https:\/\/centcols.org\/backup\/wp-content\/uploads\/2015\/11\/Image101.jpg",631,593,false],"large":["https:\/\/centcols.org\/backup\/wp-content\/uploads\/2015\/11\/Image101.jpg",631,593,false],"1536x1536":["https:\/\/centcols.org\/backup\/wp-content\/uploads\/2015\/11\/Image101.jpg",631,593,false],"2048x2048":["https:\/\/centcols.org\/backup\/wp-content\/uploads\/2015\/11\/Image101.jpg",631,593,false],"woocommerce_thumbnail":["https:\/\/centcols.org\/backup\/wp-content\/uploads\/2015\/11\/Image101-300x300.jpg",300,300,true],"woocommerce_single":["https:\/\/centcols.org\/backup\/wp-content\/uploads\/2015\/11\/Image101-600x564.jpg",600,564,true],"woocommerce_gallery_thumbnail":["https:\/\/centcols.org\/backup\/wp-content\/uploads\/2015\/11\/Image101-100x100.jpg",100,100,true]},"post_excerpt_stackable_v2":"<p>Mati\u00e8re imperm\u00e9able et respirante, bandes de c\u00f4t\u00e9s et dessous de manches en Super Roubaix souple pour le confort, 4 poches arri\u00e8res dont 1 zipp\u00e9e lat\u00e9rale, ouverture totale avec rabat sous fermeture pour le froid, \u00e9lastique silicone bas de corps.<\/p>\n","category_list_v2":"","author_info_v2":{"name":"","url":""},"comments_num_v2":"0 commentaire","_links":{"self":[{"href":"https:\/\/centcols.org\/backup\/wp-json\/wp\/v2\/product\/22620"}],"collection":[{"href":"https:\/\/centcols.org\/backup\/wp-json\/wp\/v2\/product"}],"about":[{"href":"https:\/\/centcols.org\/backup\/wp-json\/wp\/v2\/types\/product"}],"replies":[{"embeddable":true,"href":"https:\/\/centcols.org\/backup\/wp-json\/wp\/v2\/comments?post=22620"}],"wp:featuredmedia":[{"embeddable":true,"href":"https:\/\/centcols.org\/backup\/wp-json\/wp\/v2\/media\/22696"}],"wp:attachment":[{"href":"https:\/\/centcols.org\/backup\/wp-json\/wp\/v2\/media?parent=22620"}],"wp:term":[{"taxonomy":"product_cat","embeddable":true,"href":"https:\/\/centcols.org\/backup\/wp-json\/wp\/v2\/product_cat?post=22620"},{"taxonomy":"product_tag","embeddable":true,"href":"https:\/\/centcols.org\/backup\/wp-json\/wp\/v2\/product_tag?post=22620"}],"curies":[{"name":"wp","href":"https:\/\/api.w.org\/{rel}","templated":true}]}}