{"id":22622,"date":"2015-11-16T17:27:41","date_gmt":"2015-11-16T16:27:41","guid":{"rendered":"http:\/\/centcols.org\/backup\/?post_type=product&#038;p=22622"},"modified":"2024-01-08T18:46:39","modified_gmt":"2024-01-08T17:46:39","slug":"cuissard-sans-bretelles-femme-ancien","status":"publish","type":"product","link":"https:\/\/centcols.org\/backup\/produit\/cuissard-sans-bretelles-femme-ancien\/","title":{"rendered":"Cuissard court sans bretelles pour femme (ancien)"},"content":{"rendered":"","protected":false},"excerpt":{"rendered":"<p>Mati\u00e8re : Lycra DUPONT 225g<\/p>\n<p>Fond Shape Ergonomic TRS sans coutures, alv\u00e9ol\u00e9, haute densit\u00e9 \u00e0 m\u00e9moire de forme (association de 3 mousses de diff\u00e9rentes \u00e9paisseurs et densit\u00e9s), anti-bact\u00e9ries, panneaux c\u00f4t\u00e9 et arri\u00e8re personnalis\u00e9s, \u00e9lastique silicone anti-allergies bas de jambes.<\/p>\n","protected":false},"featured_media":23141,"comment_status":"closed","ping_status":"closed","template":"","meta":{"_acf_changed":false,"ub_ctt_via":"","_monsterinsights_skip_tracking":false,"_monsterinsights_sitenote_active":false,"_monsterinsights_sitenote_note":"","_monsterinsights_sitenote_category":0},"product_cat":[77],"product_tag":[],"acf":[],"featured_image_urls":{"full":["https:\/\/centcols.org\/backup\/wp-content\/uploads\/2015\/11\/image-4.jpg",800,800,false],"thumbnail":["https:\/\/centcols.org\/backup\/wp-content\/uploads\/2015\/11\/image-4-300x300.jpg",300,300,true],"medium":["https:\/\/centcols.org\/backup\/wp-content\/uploads\/2015\/11\/image-4-500x500.jpg",500,500,true],"medium_large":["https:\/\/centcols.org\/backup\/wp-content\/uploads\/2015\/11\/image-4.jpg",768,768,false],"large":["https:\/\/centcols.org\/backup\/wp-content\/uploads\/2015\/11\/image-4.jpg",800,800,false],"1536x1536":["https:\/\/centcols.org\/backup\/wp-content\/uploads\/2015\/11\/image-4.jpg",800,800,false],"2048x2048":["https:\/\/centcols.org\/backup\/wp-content\/uploads\/2015\/11\/image-4.jpg",800,800,false],"woocommerce_thumbnail":["https:\/\/centcols.org\/backup\/wp-content\/uploads\/2015\/11\/image-4-300x300.jpg",300,300,true],"woocommerce_single":["https:\/\/centcols.org\/backup\/wp-content\/uploads\/2015\/11\/image-4-600x600.jpg",600,600,true],"woocommerce_gallery_thumbnail":["https:\/\/centcols.org\/backup\/wp-content\/uploads\/2015\/11\/image-4-100x100.jpg",100,100,true]},"post_excerpt_stackable":"<p>Mati\u00e8re : Lycra DUPONT 225g<\/p>\n<p>Fond Shape Ergonomic TRS sans coutures, alv\u00e9ol\u00e9, haute densit\u00e9 \u00e0 m\u00e9moire de forme (association de 3 mousses de diff\u00e9rentes \u00e9paisseurs et densit\u00e9s), anti-bact\u00e9ries, panneaux c\u00f4t\u00e9 et arri\u00e8re personnalis\u00e9s, \u00e9lastique silicone anti-allergies bas de jambes.<\/p>\n","category_list":"","author_info":{"name":"","url":""},"comments_num":"0 commentaire","featured_image_urls_v2":{"full":["https:\/\/centcols.org\/backup\/wp-content\/uploads\/2015\/11\/image-4.jpg",800,800,false],"thumbnail":["https:\/\/centcols.org\/backup\/wp-content\/uploads\/2015\/11\/image-4-300x300.jpg",300,300,true],"medium":["https:\/\/centcols.org\/backup\/wp-content\/uploads\/2015\/11\/image-4-500x500.jpg",500,500,true],"medium_large":["https:\/\/centcols.org\/backup\/wp-content\/uploads\/2015\/11\/image-4.jpg",768,768,false],"large":["https:\/\/centcols.org\/backup\/wp-content\/uploads\/2015\/11\/image-4.jpg",800,800,false],"1536x1536":["https:\/\/centcols.org\/backup\/wp-content\/uploads\/2015\/11\/image-4.jpg",800,800,false],"2048x2048":["https:\/\/centcols.org\/backup\/wp-content\/uploads\/2015\/11\/image-4.jpg",800,800,false],"woocommerce_thumbnail":["https:\/\/centcols.org\/backup\/wp-content\/uploads\/2015\/11\/image-4-300x300.jpg",300,300,true],"woocommerce_single":["https:\/\/centcols.org\/backup\/wp-content\/uploads\/2015\/11\/image-4-600x600.jpg",600,600,true],"woocommerce_gallery_thumbnail":["https:\/\/centcols.org\/backup\/wp-content\/uploads\/2015\/11\/image-4-100x100.jpg",100,100,true]},"post_excerpt_stackable_v2":"<p>Mati\u00e8re : Lycra DUPONT 225g<\/p>\n<p>Fond Shape Ergonomic TRS sans coutures, alv\u00e9ol\u00e9, haute densit\u00e9 \u00e0 m\u00e9moire de forme (association de 3 mousses de diff\u00e9rentes \u00e9paisseurs et densit\u00e9s), anti-bact\u00e9ries, panneaux c\u00f4t\u00e9 et arri\u00e8re personnalis\u00e9s, \u00e9lastique silicone anti-allergies bas de jambes.<\/p>\n","category_list_v2":"","author_info_v2":{"name":"","url":""},"comments_num_v2":"0 commentaire","_links":{"self":[{"href":"https:\/\/centcols.org\/backup\/wp-json\/wp\/v2\/product\/22622"}],"collection":[{"href":"https:\/\/centcols.org\/backup\/wp-json\/wp\/v2\/product"}],"about":[{"href":"https:\/\/centcols.org\/backup\/wp-json\/wp\/v2\/types\/product"}],"replies":[{"embeddable":true,"href":"https:\/\/centcols.org\/backup\/wp-json\/wp\/v2\/comments?post=22622"}],"wp:featuredmedia":[{"embeddable":true,"href":"https:\/\/centcols.org\/backup\/wp-json\/wp\/v2\/media\/23141"}],"wp:attachment":[{"href":"https:\/\/centcols.org\/backup\/wp-json\/wp\/v2\/media?parent=22622"}],"wp:term":[{"taxonomy":"product_cat","embeddable":true,"href":"https:\/\/centcols.org\/backup\/wp-json\/wp\/v2\/product_cat?post=22622"},{"taxonomy":"product_tag","embeddable":true,"href":"https:\/\/centcols.org\/backup\/wp-json\/wp\/v2\/product_tag?post=22622"}],"curies":[{"name":"wp","href":"https:\/\/api.w.org\/{rel}","templated":true}]}}