{"id":22623,"date":"2015-11-16T17:28:13","date_gmt":"2015-11-16T16:28:13","guid":{"rendered":"http:\/\/centcols.org\/backup\/?post_type=product&#038;p=22623"},"modified":"2024-01-08T18:51:56","modified_gmt":"2024-01-08T17:51:56","slug":"collant-long-ancien","status":"publish","type":"product","link":"https:\/\/centcols.org\/backup\/produit\/collant-long-ancien\/","title":{"rendered":"Collant long avec bretelles (ancien)"},"content":{"rendered":"","protected":false},"excerpt":{"rendered":"<p>La mati\u00e8re SUPER ROUBAIX garde la chaleur tout en \u00e9tant respirante et souple. Bretelles tr\u00e8s souples pour le confort, plus facile pour ajuster suivant la stature, zip tr\u00e8s pratique \u00e0 l&#8217;avant et pattes sous pieds.<\/p>\n","protected":false},"featured_media":23143,"comment_status":"closed","ping_status":"closed","template":"","meta":{"_acf_changed":false,"ub_ctt_via":"","_monsterinsights_skip_tracking":false,"_monsterinsights_sitenote_active":false,"_monsterinsights_sitenote_note":"","_monsterinsights_sitenote_category":0},"product_cat":[77],"product_tag":[],"acf":[],"featured_image_urls":{"full":["https:\/\/centcols.org\/backup\/wp-content\/uploads\/2015\/11\/image-12.jpg",800,800,false],"thumbnail":["https:\/\/centcols.org\/backup\/wp-content\/uploads\/2015\/11\/image-12-300x300.jpg",300,300,true],"medium":["https:\/\/centcols.org\/backup\/wp-content\/uploads\/2015\/11\/image-12-500x500.jpg",500,500,true],"medium_large":["https:\/\/centcols.org\/backup\/wp-content\/uploads\/2015\/11\/image-12.jpg",768,768,false],"large":["https:\/\/centcols.org\/backup\/wp-content\/uploads\/2015\/11\/image-12.jpg",800,800,false],"1536x1536":["https:\/\/centcols.org\/backup\/wp-content\/uploads\/2015\/11\/image-12.jpg",800,800,false],"2048x2048":["https:\/\/centcols.org\/backup\/wp-content\/uploads\/2015\/11\/image-12.jpg",800,800,false],"woocommerce_thumbnail":["https:\/\/centcols.org\/backup\/wp-content\/uploads\/2015\/11\/image-12-300x300.jpg",300,300,true],"woocommerce_single":["https:\/\/centcols.org\/backup\/wp-content\/uploads\/2015\/11\/image-12-600x600.jpg",600,600,true],"woocommerce_gallery_thumbnail":["https:\/\/centcols.org\/backup\/wp-content\/uploads\/2015\/11\/image-12-100x100.jpg",100,100,true]},"post_excerpt_stackable":"<p>La mati\u00e8re SUPER ROUBAIX garde la chaleur tout en \u00e9tant respirante et souple. Bretelles tr\u00e8s souples pour le confort, plus facile pour ajuster suivant la stature, zip tr\u00e8s pratique \u00e0 l&#8217;avant et pattes sous pieds.<\/p>\n","category_list":"","author_info":{"name":"","url":""},"comments_num":"0 commentaire","featured_image_urls_v2":{"full":["https:\/\/centcols.org\/backup\/wp-content\/uploads\/2015\/11\/image-12.jpg",800,800,false],"thumbnail":["https:\/\/centcols.org\/backup\/wp-content\/uploads\/2015\/11\/image-12-300x300.jpg",300,300,true],"medium":["https:\/\/centcols.org\/backup\/wp-content\/uploads\/2015\/11\/image-12-500x500.jpg",500,500,true],"medium_large":["https:\/\/centcols.org\/backup\/wp-content\/uploads\/2015\/11\/image-12.jpg",768,768,false],"large":["https:\/\/centcols.org\/backup\/wp-content\/uploads\/2015\/11\/image-12.jpg",800,800,false],"1536x1536":["https:\/\/centcols.org\/backup\/wp-content\/uploads\/2015\/11\/image-12.jpg",800,800,false],"2048x2048":["https:\/\/centcols.org\/backup\/wp-content\/uploads\/2015\/11\/image-12.jpg",800,800,false],"woocommerce_thumbnail":["https:\/\/centcols.org\/backup\/wp-content\/uploads\/2015\/11\/image-12-300x300.jpg",300,300,true],"woocommerce_single":["https:\/\/centcols.org\/backup\/wp-content\/uploads\/2015\/11\/image-12-600x600.jpg",600,600,true],"woocommerce_gallery_thumbnail":["https:\/\/centcols.org\/backup\/wp-content\/uploads\/2015\/11\/image-12-100x100.jpg",100,100,true]},"post_excerpt_stackable_v2":"<p>La mati\u00e8re SUPER ROUBAIX garde la chaleur tout en \u00e9tant respirante et souple. Bretelles tr\u00e8s souples pour le confort, plus facile pour ajuster suivant la stature, zip tr\u00e8s pratique \u00e0 l&#8217;avant et pattes sous pieds.<\/p>\n","category_list_v2":"","author_info_v2":{"name":"","url":""},"comments_num_v2":"0 commentaire","_links":{"self":[{"href":"https:\/\/centcols.org\/backup\/wp-json\/wp\/v2\/product\/22623"}],"collection":[{"href":"https:\/\/centcols.org\/backup\/wp-json\/wp\/v2\/product"}],"about":[{"href":"https:\/\/centcols.org\/backup\/wp-json\/wp\/v2\/types\/product"}],"replies":[{"embeddable":true,"href":"https:\/\/centcols.org\/backup\/wp-json\/wp\/v2\/comments?post=22623"}],"wp:featuredmedia":[{"embeddable":true,"href":"https:\/\/centcols.org\/backup\/wp-json\/wp\/v2\/media\/23143"}],"wp:attachment":[{"href":"https:\/\/centcols.org\/backup\/wp-json\/wp\/v2\/media?parent=22623"}],"wp:term":[{"taxonomy":"product_cat","embeddable":true,"href":"https:\/\/centcols.org\/backup\/wp-json\/wp\/v2\/product_cat?post=22623"},{"taxonomy":"product_tag","embeddable":true,"href":"https:\/\/centcols.org\/backup\/wp-json\/wp\/v2\/product_tag?post=22623"}],"curies":[{"name":"wp","href":"https:\/\/api.w.org\/{rel}","templated":true}]}}