{"id":22630,"date":"2015-11-16T17:29:26","date_gmt":"2015-11-16T16:29:26","guid":{"rendered":"http:\/\/centcols.org\/backup\/?post_type=product&#038;p=22630"},"modified":"2023-11-18T17:07:53","modified_gmt":"2023-11-18T16:07:53","slug":"impermeable-veste","status":"publish","type":"product","link":"https:\/\/centcols.org\/backup\/produit\/impermeable-veste\/","title":{"rendered":"Veste imperm\u00e9able"},"content":{"rendered":"","protected":false},"excerpt":{"rendered":"<p>1 poche arri\u00e8re, ventilation arri\u00e8re, 100 % polyamide, ultra l\u00e9ger, respirant et imperm\u00e9able, s&#8217;accroche au v\u00e9lo dans sa poche 22&#215;11 cm &#8211; Capuche rentrant dans le col, protection pour le menton.<\/p>\n<p>&nbsp;<\/p>\n","protected":false},"featured_media":23145,"comment_status":"closed","ping_status":"closed","template":"","meta":{"_acf_changed":false,"ub_ctt_via":"","_monsterinsights_skip_tracking":false,"_monsterinsights_sitenote_active":false,"_monsterinsights_sitenote_note":"","_monsterinsights_sitenote_category":0},"product_cat":[77],"product_tag":[],"acf":[],"featured_image_urls":{"full":["https:\/\/centcols.org\/backup\/wp-content\/uploads\/2015\/11\/image-9.jpg",800,800,false],"thumbnail":["https:\/\/centcols.org\/backup\/wp-content\/uploads\/2015\/11\/image-9-300x300.jpg",300,300,true],"medium":["https:\/\/centcols.org\/backup\/wp-content\/uploads\/2015\/11\/image-9-500x500.jpg",500,500,true],"medium_large":["https:\/\/centcols.org\/backup\/wp-content\/uploads\/2015\/11\/image-9.jpg",768,768,false],"large":["https:\/\/centcols.org\/backup\/wp-content\/uploads\/2015\/11\/image-9.jpg",800,800,false],"1536x1536":["https:\/\/centcols.org\/backup\/wp-content\/uploads\/2015\/11\/image-9.jpg",800,800,false],"2048x2048":["https:\/\/centcols.org\/backup\/wp-content\/uploads\/2015\/11\/image-9.jpg",800,800,false],"woocommerce_thumbnail":["https:\/\/centcols.org\/backup\/wp-content\/uploads\/2015\/11\/image-9-300x300.jpg",300,300,true],"woocommerce_single":["https:\/\/centcols.org\/backup\/wp-content\/uploads\/2015\/11\/image-9-600x600.jpg",600,600,true],"woocommerce_gallery_thumbnail":["https:\/\/centcols.org\/backup\/wp-content\/uploads\/2015\/11\/image-9-100x100.jpg",100,100,true]},"post_excerpt_stackable":"<p>1 poche arri\u00e8re, ventilation arri\u00e8re, 100 % polyamide, ultra l\u00e9ger, respirant et imperm\u00e9able, s&#8217;accroche au v\u00e9lo dans sa poche 22&#215;11 cm &#8211; Capuche rentrant dans le col, protection pour le menton.<\/p>\n<p>&nbsp;<\/p>\n","category_list":"","author_info":{"name":"","url":""},"comments_num":"0 commentaire","featured_image_urls_v2":{"full":["https:\/\/centcols.org\/backup\/wp-content\/uploads\/2015\/11\/image-9.jpg",800,800,false],"thumbnail":["https:\/\/centcols.org\/backup\/wp-content\/uploads\/2015\/11\/image-9-300x300.jpg",300,300,true],"medium":["https:\/\/centcols.org\/backup\/wp-content\/uploads\/2015\/11\/image-9-500x500.jpg",500,500,true],"medium_large":["https:\/\/centcols.org\/backup\/wp-content\/uploads\/2015\/11\/image-9.jpg",768,768,false],"large":["https:\/\/centcols.org\/backup\/wp-content\/uploads\/2015\/11\/image-9.jpg",800,800,false],"1536x1536":["https:\/\/centcols.org\/backup\/wp-content\/uploads\/2015\/11\/image-9.jpg",800,800,false],"2048x2048":["https:\/\/centcols.org\/backup\/wp-content\/uploads\/2015\/11\/image-9.jpg",800,800,false],"woocommerce_thumbnail":["https:\/\/centcols.org\/backup\/wp-content\/uploads\/2015\/11\/image-9-300x300.jpg",300,300,true],"woocommerce_single":["https:\/\/centcols.org\/backup\/wp-content\/uploads\/2015\/11\/image-9-600x600.jpg",600,600,true],"woocommerce_gallery_thumbnail":["https:\/\/centcols.org\/backup\/wp-content\/uploads\/2015\/11\/image-9-100x100.jpg",100,100,true]},"post_excerpt_stackable_v2":"<p>1 poche arri\u00e8re, ventilation arri\u00e8re, 100 % polyamide, ultra l\u00e9ger, respirant et imperm\u00e9able, s&#8217;accroche au v\u00e9lo dans sa poche 22&#215;11 cm &#8211; Capuche rentrant dans le col, protection pour le menton.<\/p>\n<p>&nbsp;<\/p>\n","category_list_v2":"","author_info_v2":{"name":"","url":""},"comments_num_v2":"0 commentaire","_links":{"self":[{"href":"https:\/\/centcols.org\/backup\/wp-json\/wp\/v2\/product\/22630"}],"collection":[{"href":"https:\/\/centcols.org\/backup\/wp-json\/wp\/v2\/product"}],"about":[{"href":"https:\/\/centcols.org\/backup\/wp-json\/wp\/v2\/types\/product"}],"replies":[{"embeddable":true,"href":"https:\/\/centcols.org\/backup\/wp-json\/wp\/v2\/comments?post=22630"}],"wp:featuredmedia":[{"embeddable":true,"href":"https:\/\/centcols.org\/backup\/wp-json\/wp\/v2\/media\/23145"}],"wp:attachment":[{"href":"https:\/\/centcols.org\/backup\/wp-json\/wp\/v2\/media?parent=22630"}],"wp:term":[{"taxonomy":"product_cat","embeddable":true,"href":"https:\/\/centcols.org\/backup\/wp-json\/wp\/v2\/product_cat?post=22630"},{"taxonomy":"product_tag","embeddable":true,"href":"https:\/\/centcols.org\/backup\/wp-json\/wp\/v2\/product_tag?post=22630"}],"curies":[{"name":"wp","href":"https:\/\/api.w.org\/{rel}","templated":true}]}}