{"id":22675,"date":"2015-11-19T15:38:43","date_gmt":"2015-11-19T14:38:43","guid":{"rendered":"http:\/\/centcols.org\/backup\/?post_type=product&#038;p=22675"},"modified":"2024-04-19T21:40:53","modified_gmt":"2024-04-19T19:40:53","slug":"baudrier-de-securite","status":"publish","type":"product","link":"https:\/\/centcols.org\/backup\/produit\/baudrier-de-securite\/","title":{"rendered":"Baudrier de s\u00e9curit\u00e9"},"content":{"rendered":"<p>Exp\u00e9di\u00e9 par la boutique v\u00eatements<\/p>\n","protected":false},"excerpt":{"rendered":"<p>Taille unique<\/p>\n<p>Produit de s\u00e9curit\u00e9 destin\u00e9 \u00e0 accroitre la visibilit\u00e9 du cycliste.<\/p>\n<p>Cet article ne peut pas remplacer les gilets aux normes pour circulation hors agglom\u00e9ration dans des conditions de visibilit\u00e9 r\u00e9duite (cf. code de la route)<\/p>\n","protected":false},"featured_media":22680,"comment_status":"closed","ping_status":"closed","template":"","meta":{"_acf_changed":false,"ub_ctt_via":"","_monsterinsights_skip_tracking":false,"_monsterinsights_sitenote_active":false,"_monsterinsights_sitenote_note":"","_monsterinsights_sitenote_category":0},"product_cat":[78,77],"product_tag":[],"acf":[],"featured_image_urls":{"full":["https:\/\/centcols.org\/backup\/wp-content\/uploads\/2015\/11\/baudrier-securite.jpg",320,320,false],"thumbnail":["https:\/\/centcols.org\/backup\/wp-content\/uploads\/2015\/11\/baudrier-securite-300x300.jpg",300,300,true],"medium":["https:\/\/centcols.org\/backup\/wp-content\/uploads\/2015\/11\/baudrier-securite.jpg",320,320,false],"medium_large":["https:\/\/centcols.org\/backup\/wp-content\/uploads\/2015\/11\/baudrier-securite.jpg",320,320,false],"large":["https:\/\/centcols.org\/backup\/wp-content\/uploads\/2015\/11\/baudrier-securite.jpg",320,320,false],"1536x1536":["https:\/\/centcols.org\/backup\/wp-content\/uploads\/2015\/11\/baudrier-securite.jpg",320,320,false],"2048x2048":["https:\/\/centcols.org\/backup\/wp-content\/uploads\/2015\/11\/baudrier-securite.jpg",320,320,false],"woocommerce_thumbnail":["https:\/\/centcols.org\/backup\/wp-content\/uploads\/2015\/11\/baudrier-securite-300x300.jpg",300,300,true],"woocommerce_single":["https:\/\/centcols.org\/backup\/wp-content\/uploads\/2015\/11\/baudrier-securite.jpg",320,320,false],"woocommerce_gallery_thumbnail":["https:\/\/centcols.org\/backup\/wp-content\/uploads\/2015\/11\/baudrier-securite-100x100.jpg",100,100,true]},"post_excerpt_stackable":"<p>Taille unique<\/p>\n<p>Produit de s\u00e9curit\u00e9 destin\u00e9 \u00e0 accroitre la visibilit\u00e9 du cycliste.<\/p>\n<p>Cet article ne peut pas remplacer les gilets aux normes pour circulation hors agglom\u00e9ration dans des conditions de visibilit\u00e9 r\u00e9duite (cf. code de la route)<\/p>\n","category_list":"","author_info":{"name":"","url":""},"comments_num":"0 commentaire","featured_image_urls_v2":{"full":["https:\/\/centcols.org\/backup\/wp-content\/uploads\/2015\/11\/baudrier-securite.jpg",320,320,false],"thumbnail":["https:\/\/centcols.org\/backup\/wp-content\/uploads\/2015\/11\/baudrier-securite-300x300.jpg",300,300,true],"medium":["https:\/\/centcols.org\/backup\/wp-content\/uploads\/2015\/11\/baudrier-securite.jpg",320,320,false],"medium_large":["https:\/\/centcols.org\/backup\/wp-content\/uploads\/2015\/11\/baudrier-securite.jpg",320,320,false],"large":["https:\/\/centcols.org\/backup\/wp-content\/uploads\/2015\/11\/baudrier-securite.jpg",320,320,false],"1536x1536":["https:\/\/centcols.org\/backup\/wp-content\/uploads\/2015\/11\/baudrier-securite.jpg",320,320,false],"2048x2048":["https:\/\/centcols.org\/backup\/wp-content\/uploads\/2015\/11\/baudrier-securite.jpg",320,320,false],"woocommerce_thumbnail":["https:\/\/centcols.org\/backup\/wp-content\/uploads\/2015\/11\/baudrier-securite-300x300.jpg",300,300,true],"woocommerce_single":["https:\/\/centcols.org\/backup\/wp-content\/uploads\/2015\/11\/baudrier-securite.jpg",320,320,false],"woocommerce_gallery_thumbnail":["https:\/\/centcols.org\/backup\/wp-content\/uploads\/2015\/11\/baudrier-securite-100x100.jpg",100,100,true]},"post_excerpt_stackable_v2":"<p>Taille unique<\/p>\n<p>Produit de s\u00e9curit\u00e9 destin\u00e9 \u00e0 accroitre la visibilit\u00e9 du cycliste.<\/p>\n<p>Cet article ne peut pas remplacer les gilets aux normes pour circulation hors agglom\u00e9ration dans des conditions de visibilit\u00e9 r\u00e9duite (cf. code de la route)<\/p>\n","category_list_v2":"","author_info_v2":{"name":"","url":""},"comments_num_v2":"0 commentaire","_links":{"self":[{"href":"https:\/\/centcols.org\/backup\/wp-json\/wp\/v2\/product\/22675"}],"collection":[{"href":"https:\/\/centcols.org\/backup\/wp-json\/wp\/v2\/product"}],"about":[{"href":"https:\/\/centcols.org\/backup\/wp-json\/wp\/v2\/types\/product"}],"replies":[{"embeddable":true,"href":"https:\/\/centcols.org\/backup\/wp-json\/wp\/v2\/comments?post=22675"}],"wp:featuredmedia":[{"embeddable":true,"href":"https:\/\/centcols.org\/backup\/wp-json\/wp\/v2\/media\/22680"}],"wp:attachment":[{"href":"https:\/\/centcols.org\/backup\/wp-json\/wp\/v2\/media?parent=22675"}],"wp:term":[{"taxonomy":"product_cat","embeddable":true,"href":"https:\/\/centcols.org\/backup\/wp-json\/wp\/v2\/product_cat?post=22675"},{"taxonomy":"product_tag","embeddable":true,"href":"https:\/\/centcols.org\/backup\/wp-json\/wp\/v2\/product_tag?post=22675"}],"curies":[{"name":"wp","href":"https:\/\/api.w.org\/{rel}","templated":true}]}}