{"id":22911,"date":"2015-11-25T09:53:16","date_gmt":"2015-11-25T08:53:16","guid":{"rendered":"http:\/\/centcols.org\/backup\/?post_type=product&#038;p=22911"},"modified":"2024-04-07T11:50:19","modified_gmt":"2024-04-07T09:50:19","slug":"catalogue-ch","status":"publish","type":"product","link":"https:\/\/centcols.org\/backup\/produit\/catalogue-ch\/","title":{"rendered":"Catalogue des cols de Suisse et du Liechtenstein"},"content":{"rendered":"<p>Le catalogue des cols de Suisse et du Liechtenstein est le fruit du travail d\u2019une \u00e9quipe de cyclotouristes suisses:<br \/>\nPierre Mai (CC 4906), Christian Binggeli (CC 5900), Bernard Besson (CC 550), Patrick Schleppi (CC 5845), Arthur Ruchti (CC 4920), Michel Boni (CC 3848), Albert Bittel (CC 5324), Bernard Gottofrey (CC 3271).<\/p>\n<p>Le catalogue de Suisse et du Liechtenstein contient d\u00e9sormais pr\u00e8s de 3000 cols. Chaque col respecte la <a href=\"https:\/\/centcols.org\/backup\/regle-du-jeu\/\">r\u00e8gle du jeu<\/a> et est mentionn\u00e9 sur une carte ou sur un panneau.<\/p>\n<p>Ce catalogue est en t\u00e9l\u00e9chargement gratuit pour les membres du club depuis la <a href=\"\/membres\/outils\/telecat.php\">page de t\u00e9l\u00e9chargement<\/a>.<\/p>\n<h3>Documents annexes au catalogue<\/h3>\n<ul>\n<li><a href=\"\/catalogues\/notice.php?cat=ch\">Pr\u00e9sentation du catalogue des cols de Suisse et du Liechtenstein<\/a><\/li>\n<li><a href=\"https:\/\/centcols.org\/backup\/documents\/catalogues\/ch\/OFT100K.jpg\" target=\"_blank\" rel=\"noopener noreferrer\">Tableau d&#8217;assemblage des cartes OFT au 1:100&#8217;000<\/a><\/li>\n<li><a href=\"https:\/\/centcols.org\/backup\/documents\/catalogues\/ch\/OFT50K.jpg\" target=\"_blank\" rel=\"noopener noreferrer\">Tableau d&#8217;assemblage des cartes OFT au 1:50&#8217;000<\/a><\/li>\n<li><a href=\"https:\/\/centcols.org\/backup\/documents\/catalogues\/ch\/OFT25K.jpg\" target=\"_blank\" rel=\"noopener noreferrer\">Tableau d&#8217;assemblage des cartes OFT au 1:25&#8217;000<\/a><\/li>\n<li><a href=\"https:\/\/centcols.org\/backup\/documents\/catalogues\/ch\/Intitules-CH-2016.xls\" rel=\"noopener\">Tableau des intitul\u00e9s du catalogue des cols de Suisse et du Liechtenstein<\/a><\/li>\n<li><a href=\"https:\/\/centcols.org\/backup\/documents\/catalogues\/ch\/Cantons-CH-2016.xls\" rel=\"noopener\">Tableau des cols par canton<\/a><\/li>\n<li><a href=\"https:\/\/centcols.org\/backup\/cols-non-reconnus\/\" target=\"_blank\" rel=\"noopener noreferrer\">Liste des cols non reconnus<\/a><\/li>\n<li><a href=\"https:\/\/centcols.org\/backup\/documents\/catalogues\/ch\/Exemple-CH.xls\" rel=\"noopener\">Extrait du catalogue comme \u00e9chantillon<\/a><\/li>\n<\/ul>\n","protected":false},"excerpt":{"rendered":"<p>Le catalogue des cols de Suisse et du Liechtenstein est le fruit du travail d\u2019une \u00e9quipe de cyclotouristes suisses: Pierre Mai (CC 4906), Christian Binggeli (CC 5900), Bernard Besson (CC 550), Patrick Schleppi (CC 5845), Arthur Ruchti (CC 4920), Michel Boni (CC 3848), Albert Bittel (CC 5324), Bernard Gottofrey (CC 3271). Le catalogue de Suisse [&hellip;]<\/p>\n","protected":false},"featured_media":46301,"comment_status":"closed","ping_status":"closed","template":"","meta":{"_acf_changed":false,"ub_ctt_via":"","_monsterinsights_skip_tracking":false,"_monsterinsights_sitenote_active":false,"_monsterinsights_sitenote_note":"","_monsterinsights_sitenote_category":0},"product_cat":[75,481],"product_tag":[],"acf":[],"featured_image_urls":{"full":["https:\/\/centcols.org\/backup\/wp-content\/uploads\/2015\/11\/Vignette-Suisse.jpg",600,600,false],"thumbnail":["https:\/\/centcols.org\/backup\/wp-content\/uploads\/2015\/11\/Vignette-Suisse-300x300.jpg",300,300,true],"medium":["https:\/\/centcols.org\/backup\/wp-content\/uploads\/2015\/11\/Vignette-Suisse-500x500.jpg",500,500,true],"medium_large":["https:\/\/centcols.org\/backup\/wp-content\/uploads\/2015\/11\/Vignette-Suisse.jpg",600,600,false],"large":["https:\/\/centcols.org\/backup\/wp-content\/uploads\/2015\/11\/Vignette-Suisse.jpg",600,600,false],"1536x1536":["https:\/\/centcols.org\/backup\/wp-content\/uploads\/2015\/11\/Vignette-Suisse.jpg",600,600,false],"2048x2048":["https:\/\/centcols.org\/backup\/wp-content\/uploads\/2015\/11\/Vignette-Suisse.jpg",600,600,false],"woocommerce_thumbnail":["https:\/\/centcols.org\/backup\/wp-content\/uploads\/2015\/11\/Vignette-Suisse-300x300.jpg",300,300,true],"woocommerce_single":["https:\/\/centcols.org\/backup\/wp-content\/uploads\/2015\/11\/Vignette-Suisse.jpg",600,600,false],"woocommerce_gallery_thumbnail":["https:\/\/centcols.org\/backup\/wp-content\/uploads\/2015\/11\/Vignette-Suisse-100x100.jpg",100,100,true]},"post_excerpt_stackable":"<p>Le catalogue des cols de Suisse et du Liechtenstein est le fruit du travail d\u2019une \u00e9quipe de cyclotouristes suisses: Pierre Mai (CC 4906), Christian Binggeli (CC 5900), Bernard Besson (CC 550), Patrick Schleppi (CC 5845), Arthur Ruchti (CC 4920), Michel Boni (CC 3848), Albert Bittel (CC 5324), Bernard Gottofrey (CC 3271). Le catalogue de Suisse et du Liechtenstein contient d\u00e9sormais pr\u00e8s de 3000 cols. Chaque col respecte la r\u00e8gle du jeu et est mentionn\u00e9 sur une carte ou sur un panneau. Ce catalogue est en t\u00e9l\u00e9chargement gratuit pour les membres du club depuis la page de t\u00e9l\u00e9chargement. Documents annexes au\u2026<\/p>\n","category_list":"","author_info":{"name":"","url":""},"comments_num":"0 commentaire","featured_image_urls_v2":{"full":["https:\/\/centcols.org\/backup\/wp-content\/uploads\/2015\/11\/Vignette-Suisse.jpg",600,600,false],"thumbnail":["https:\/\/centcols.org\/backup\/wp-content\/uploads\/2015\/11\/Vignette-Suisse-300x300.jpg",300,300,true],"medium":["https:\/\/centcols.org\/backup\/wp-content\/uploads\/2015\/11\/Vignette-Suisse-500x500.jpg",500,500,true],"medium_large":["https:\/\/centcols.org\/backup\/wp-content\/uploads\/2015\/11\/Vignette-Suisse.jpg",600,600,false],"large":["https:\/\/centcols.org\/backup\/wp-content\/uploads\/2015\/11\/Vignette-Suisse.jpg",600,600,false],"1536x1536":["https:\/\/centcols.org\/backup\/wp-content\/uploads\/2015\/11\/Vignette-Suisse.jpg",600,600,false],"2048x2048":["https:\/\/centcols.org\/backup\/wp-content\/uploads\/2015\/11\/Vignette-Suisse.jpg",600,600,false],"woocommerce_thumbnail":["https:\/\/centcols.org\/backup\/wp-content\/uploads\/2015\/11\/Vignette-Suisse-300x300.jpg",300,300,true],"woocommerce_single":["https:\/\/centcols.org\/backup\/wp-content\/uploads\/2015\/11\/Vignette-Suisse.jpg",600,600,false],"woocommerce_gallery_thumbnail":["https:\/\/centcols.org\/backup\/wp-content\/uploads\/2015\/11\/Vignette-Suisse-100x100.jpg",100,100,true]},"post_excerpt_stackable_v2":"<p>Le catalogue des cols de Suisse et du Liechtenstein est le fruit du travail d\u2019une \u00e9quipe de cyclotouristes suisses: Pierre Mai (CC 4906), Christian Binggeli (CC 5900), Bernard Besson (CC 550), Patrick Schleppi (CC 5845), Arthur Ruchti (CC 4920), Michel Boni (CC 3848), Albert Bittel (CC 5324), Bernard Gottofrey (CC 3271). Le catalogue de Suisse et du Liechtenstein contient d\u00e9sormais pr\u00e8s de 3000 cols. Chaque col respecte la r\u00e8gle du jeu et est mentionn\u00e9 sur une carte ou sur un panneau. Ce catalogue est en t\u00e9l\u00e9chargement gratuit pour les membres du club depuis la page de t\u00e9l\u00e9chargement. Documents annexes au\u2026<\/p>\n","category_list_v2":"","author_info_v2":{"name":"","url":""},"comments_num_v2":"0 commentaire","_links":{"self":[{"href":"https:\/\/centcols.org\/backup\/wp-json\/wp\/v2\/product\/22911"}],"collection":[{"href":"https:\/\/centcols.org\/backup\/wp-json\/wp\/v2\/product"}],"about":[{"href":"https:\/\/centcols.org\/backup\/wp-json\/wp\/v2\/types\/product"}],"replies":[{"embeddable":true,"href":"https:\/\/centcols.org\/backup\/wp-json\/wp\/v2\/comments?post=22911"}],"wp:featuredmedia":[{"embeddable":true,"href":"https:\/\/centcols.org\/backup\/wp-json\/wp\/v2\/media\/46301"}],"wp:attachment":[{"href":"https:\/\/centcols.org\/backup\/wp-json\/wp\/v2\/media?parent=22911"}],"wp:term":[{"taxonomy":"product_cat","embeddable":true,"href":"https:\/\/centcols.org\/backup\/wp-json\/wp\/v2\/product_cat?post=22911"},{"taxonomy":"product_tag","embeddable":true,"href":"https:\/\/centcols.org\/backup\/wp-json\/wp\/v2\/product_tag?post=22911"}],"curies":[{"name":"wp","href":"https:\/\/api.w.org\/{rel}","templated":true}]}}